{"id":14963,"date":"2020-10-26T09:34:48","date_gmt":"2020-10-26T08:34:48","guid":{"rendered":""},"modified":"2024-09-27T16:24:17","modified_gmt":"2024-09-27T14:24:17","slug":"%d0%bb%d1%96%d0%b3%d0%b0-%d1%87%d0%b5%d0%bc%d0%bf%d1%96%d0%be%d0%bd%d1%96%d0%b2-2021-online","status":"publish","type":"page","link":"https:\/\/www.flyspot.com\/uk\/%d0%bd%d0%b0%d1%88%d1%96-%d0%b2%d0%b8%d0%b7%d0%bd%d0%b0%d1%87%d0%bd%d1%96-%d0%bf%d0%b0%d0%bc%d1%8f%d1%82%d0%ba%d0%b8\/%d1%82%d1%83%d0%bd%d0%b5%d0%bb%d1%8c-flyspot\/%d0%bf%d1%80%d0%be%d0%bf%d0%be%d0%b7%d0%b8%d1%86%d1%96%d1%8f-%d0%b4%d0%bb%d1%8f-%d0%bf%d1%80%d0%be%d1%84%d0%b5%d1%81%d1%96%d0%be%d0%bd%d0%b0%d0%bb%d1%96%d0%b2\/%d0%b7%d0%bc%d0%b0%d0%b3%d0%b0%d0%bd%d0%bd%d1%8f-flyspot\/%d0%bb%d1%96%d0%b3%d0%b0-%d1%87%d0%b5%d0%bc%d0%bf%d1%96%d0%be%d0%bd%d1%96%d0%b2-2021-online\/","title":{"rendered":"\u041b\u0456\u0433\u0430 \u0447\u0435\u043c\u043f\u0456\u043e\u043d\u0456\u0432 2023\/2024"},"content":{"rendered":"\n<p><\/p>\n\n\n<div id=\"form-popup-block_b2cd696011e62fd7ccb074337fa88c65\" class=\"form-popup-block\" data-timeout=\"\">\r\n  <div class=\"row container\">\r\n    <div>\r\n            <div class=\"wpforms-container wpforms-container-save-resume\" id=\"wpforms-5515\"><form id=\"wpforms-form-5515\" class=\"wpforms-validate wpforms-form\" data-formid=\"5515\" method=\"post\" enctype=\"multipart\/form-data\" action=\"\/uk\/wp-json\/wp\/v2\/pages\/14963?wpforms_form_id=5515\" data-token=\"452f0fe09432420973a393f63621de07\" data-token-time=\"1775422811\"><div class=\"wpforms-head-container\"><div class=\"wpforms-title\">\u041b\u0456\u0433\u0430 \u0447\u0435\u043c\u043f\u0456\u043e\u043d\u0456\u0432<\/div><\/div><noscript class=\"wpforms-error-noscript\">\u0414\u043b\u044f \u0437\u0430\u043f\u043e\u0432\u043d\u0435\u043d\u043d\u044f \u0446\u0456\u0454\u0457 \u0444\u043e\u0440\u043c\u0438 \u0443\u0432\u0456\u043c\u043a\u043d\u0456\u0442\u044c JavaScript \u0443 \u0431\u0440\u0430\u0443\u0437\u0435\u0440\u0456.<\/noscript><div class=\"wpforms-field-container\"><div id=\"wpforms-5515-field_1-container\" class=\"wpforms-field wpforms-field-select wpforms-field-select-style-classic\" data-field-id=\"1\"><label class=\"wpforms-field-label\" for=\"wpforms-5515-field_1\">\u0412\u0438\u0434\u0430\u043d\u043d\u044f <span class=\"wpforms-required-label\">*<\/span><\/label><select id=\"wpforms-5515-field_1\" class=\"wpforms-field-medium wpforms-field-required\" name=\"wpforms[fields][1]\" required=\"required\"><option value=\"15.03.2024 \u0441\u0442\u0430\u0446\u0456\u043e\u043d\u0430\u0440\u043d\u0438\u0439, Flyspot \u0412\u0430\u0440\u0448\u0430\u0432\u0430\"  class=\"choice-7 depth-1\"  >15.03.2024 \u0441\u0442\u0430\u0446\u0456\u043e\u043d\u0430\u0440\u043d\u0438\u0439, Flyspot \u0412\u0430\u0440\u0448\u0430\u0432\u0430<\/option><option value=\"26.04.2024 \u0441\u0442\u0430\u0446\u0456\u043e\u043d\u0430\u0440\u043d\u0438\u0439, Flyspot \u041a\u0430\u0442\u043e\u0432\u0456\u0446\u0435\"  class=\"choice-8 depth-1\"  >26.04.2024 \u0441\u0442\u0430\u0446\u0456\u043e\u043d\u0430\u0440\u043d\u0438\u0439, Flyspot \u041a\u0430\u0442\u043e\u0432\u0456\u0446\u0435<\/option><\/select><\/div><div id=\"wpforms-5515-field_2-container\" class=\"wpforms-field wpforms-field-text\" data-field-id=\"2\"><label class=\"wpforms-field-label\" for=\"wpforms-5515-field_2\">\u041d\u0430\u0437\u0432\u0430 \u043a\u043e\u043c\u0430\u043d\u0434\u0438 <span class=\"wpforms-required-label\">*<\/span><\/label><input type=\"text\" id=\"wpforms-5515-field_2\" class=\"wpforms-field-medium wpforms-field-required\" name=\"wpforms[fields][2]\" required><\/div><div id=\"wpforms-5515-field_3-container\" class=\"wpforms-field wpforms-field-select wpforms-conditional-trigger wpforms-field-select-style-classic\" data-field-id=\"3\"><label class=\"wpforms-field-label\" for=\"wpforms-5515-field_3\">\u0412\u0438\u0431\u0435\u0440\u0456\u0442\u044c \u043a\u0430\u0442\u0435\u0433\u043e\u0440\u0456\u044e<\/label><select id=\"wpforms-5515-field_3\" class=\"wpforms-field-medium\" name=\"wpforms[fields][3]\"><option value=\"4-\u0441\u043c\u0443\u0433\u043e\u0432\u0438\u0439 AAA\"  class=\"choice-1 depth-1\"  >4-\u0441\u043c\u0443\u0433\u043e\u0432\u0438\u0439 AAA<\/option><option value=\"4-\u0441\u0442\u043e\u0440\u043e\u043d\u043d\u0456\u0439 \u0410\u0410\"  class=\"choice-7 depth-1\"  >4-\u0441\u0442\u043e\u0440\u043e\u043d\u043d\u0456\u0439 \u0410\u0410<\/option><option value=\"4-\u0441\u043c\u0443\u0433\u043e\u0432\u0438\u0439 A\"  class=\"choice-6 depth-1\"  >4-\u0441\u043c\u0443\u0433\u043e\u0432\u0438\u0439 A<\/option><option value=\"4-way ROOKIE\"  class=\"choice-5 depth-1\"  >4-way ROOKIE<\/option><option value=\"2-\u0441\u0442\u043e\u0440\u043e\u043d\u043d\u0456\u0439 \u0440\u043e\u0437\u0448\u0438\u0440\u0435\u043d\u0438\u0439\"  class=\"choice-4 depth-1\"  >2-\u0441\u0442\u043e\u0440\u043e\u043d\u043d\u0456\u0439 \u0440\u043e\u0437\u0448\u0438\u0440\u0435\u043d\u0438\u0439<\/option><option value=\"4-\u0441\u043c\u0443\u0433\u043e\u0432\u0438\u0439 VFS\"  class=\"choice-2 depth-1\"  >4-\u0441\u043c\u0443\u0433\u043e\u0432\u0438\u0439 VFS<\/option><\/select><\/div><div id=\"wpforms-5515-field_4-container\" class=\"wpforms-field wpforms-field-text\" data-field-id=\"4\"><label class=\"wpforms-field-label\" for=\"wpforms-5515-field_4\">\u041a\u0430\u043f\u0456\u0442\u0430\u043d \u043a\u043e\u043c\u0430\u043d\u0434\u0438<\/label><input type=\"text\" id=\"wpforms-5515-field_4\" class=\"wpforms-field-medium\" name=\"wpforms[fields][4]\" ><\/div><div id=\"wpforms-5515-field_5-container\" class=\"wpforms-field wpforms-field-select wpforms-field-select-style-classic\" data-field-id=\"5\"><label class=\"wpforms-field-label\" for=\"wpforms-5515-field_5\">\u0424\u0443\u0442\u0431\u043e\u043b\u043a\u0430 (\u0440\u043e\u0437\u043c\u0456\u0440 \u0444\u0443\u0442\u0431\u043e\u043b\u043a\u0438) <span class=\"wpforms-required-label\">*<\/span><\/label><select id=\"wpforms-5515-field_5\" class=\"wpforms-field-medium wpforms-field-required\" name=\"wpforms[fields][5]\" required=\"required\"><option value=\"X S\"  class=\"choice-1 depth-1\"  >X S<\/option><option value=\"S\"  class=\"choice-2 depth-1\"  >S<\/option><option value=\"M\"  class=\"choice-7 depth-1\"  >M<\/option><option value=\"L\"  class=\"choice-6 depth-1\"  >L<\/option><option value=\"X L\"  class=\"choice-5 depth-1\"  >X L<\/option><option value=\"X X L\"  class=\"choice-4 depth-1\"  >X X L<\/option><\/select><\/div><div id=\"wpforms-5515-field_6-container\" class=\"wpforms-field wpforms-field-text\" data-field-id=\"6\"><label class=\"wpforms-field-label\" for=\"wpforms-5515-field_6\">\u0427\u043b\u0435\u043d \u043a\u043e\u043c\u0430\u043d\u0434\u0438 <span class=\"wpforms-required-label\">*<\/span><\/label><input type=\"text\" id=\"wpforms-5515-field_6\" class=\"wpforms-field-medium wpforms-field-required\" name=\"wpforms[fields][6]\" required><\/div><div id=\"wpforms-5515-field_7-container\" class=\"wpforms-field wpforms-field-select wpforms-field-select-style-classic\" data-field-id=\"7\"><label class=\"wpforms-field-label\" for=\"wpforms-5515-field_7\">\u0424\u0443\u0442\u0431\u043e\u043b\u043a\u0430 (\u0440\u043e\u0437\u043c\u0456\u0440 \u0444\u0443\u0442\u0431\u043e\u043b\u043a\u0438) <span class=\"wpforms-required-label\">*<\/span><\/label><select id=\"wpforms-5515-field_7\" class=\"wpforms-field-medium wpforms-field-required\" name=\"wpforms[fields][7]\" required=\"required\"><option value=\"X S\"  class=\"choice-1 depth-1\"  >X S<\/option><option value=\"S\"  class=\"choice-2 depth-1\"  >S<\/option><option value=\"M\"  class=\"choice-7 depth-1\"  >M<\/option><option value=\"L\"  class=\"choice-6 depth-1\"  >L<\/option><option value=\"X L\"  class=\"choice-5 depth-1\"  >X L<\/option><option value=\"X X L\"  class=\"choice-4 depth-1\"  >X X L<\/option><\/select><\/div><div id=\"wpforms-5515-field_12-container\" class=\"wpforms-field wpforms-field-text wpforms-conditional-field wpforms-conditional-show\" data-field-id=\"12\" style=\"display:none;\"><label class=\"wpforms-field-label\" for=\"wpforms-5515-field_12\">\u0427\u043b\u0435\u043d \u043a\u043e\u043c\u0430\u043d\u0434\u0438 <span class=\"wpforms-required-label\">*<\/span><\/label><input type=\"text\" id=\"wpforms-5515-field_12\" class=\"wpforms-field-medium wpforms-field-required\" name=\"wpforms[fields][12]\" required><\/div><div id=\"wpforms-5515-field_11-container\" class=\"wpforms-field wpforms-field-select wpforms-conditional-field wpforms-conditional-show wpforms-field-select-style-classic\" data-field-id=\"11\" style=\"display:none;\"><label class=\"wpforms-field-label\" for=\"wpforms-5515-field_11\">\u0424\u0443\u0442\u0431\u043e\u043b\u043a\u0430 (\u0440\u043e\u0437\u043c\u0456\u0440 \u0444\u0443\u0442\u0431\u043e\u043b\u043a\u0438) <span class=\"wpforms-required-label\">*<\/span><\/label><select id=\"wpforms-5515-field_11\" class=\"wpforms-field-medium wpforms-field-required\" name=\"wpforms[fields][11]\" required=\"required\"><option value=\"X S\"  class=\"choice-1 depth-1\"  >X S<\/option><option value=\"S\"  class=\"choice-2 depth-1\"  >S<\/option><option value=\"M\"  class=\"choice-7 depth-1\"  >M<\/option><option value=\"L\"  class=\"choice-6 depth-1\"  >L<\/option><option value=\"X L\"  class=\"choice-5 depth-1\"  >X L<\/option><option value=\"X X L\"  class=\"choice-4 depth-1\"  >X X L<\/option><\/select><\/div><div id=\"wpforms-5515-field_13-container\" class=\"wpforms-field wpforms-field-text wpforms-conditional-field wpforms-conditional-show\" data-field-id=\"13\" style=\"display:none;\"><label class=\"wpforms-field-label\" for=\"wpforms-5515-field_13\">\u0427\u043b\u0435\u043d \u043a\u043e\u043c\u0430\u043d\u0434\u0438 <span class=\"wpforms-required-label\">*<\/span><\/label><input type=\"text\" id=\"wpforms-5515-field_13\" class=\"wpforms-field-medium wpforms-field-required\" name=\"wpforms[fields][13]\" required><\/div><div id=\"wpforms-5515-field_14-container\" class=\"wpforms-field wpforms-field-select wpforms-conditional-field wpforms-conditional-show wpforms-field-select-style-classic\" data-field-id=\"14\" style=\"display:none;\"><label class=\"wpforms-field-label\" for=\"wpforms-5515-field_14\">\u0424\u0443\u0442\u0431\u043e\u043b\u043a\u0430 (\u0440\u043e\u0437\u043c\u0456\u0440 \u0444\u0443\u0442\u0431\u043e\u043b\u043a\u0438) <span class=\"wpforms-required-label\">*<\/span><\/label><select id=\"wpforms-5515-field_14\" class=\"wpforms-field-medium wpforms-field-required\" name=\"wpforms[fields][14]\" required=\"required\"><option value=\"X S\"  class=\"choice-1 depth-1\"  >X S<\/option><option value=\"S\"  class=\"choice-2 depth-1\"  >S<\/option><option value=\"M\"  class=\"choice-7 depth-1\"  >M<\/option><option value=\"L\"  class=\"choice-6 depth-1\"  >L<\/option><option value=\"X L\"  class=\"choice-5 depth-1\"  >X L<\/option><option value=\"X X L\"  class=\"choice-4 depth-1\"  >X X L<\/option><\/select><\/div><div id=\"wpforms-5515-field_15-container\" class=\"wpforms-field wpforms-field-email\" data-field-id=\"15\"><label class=\"wpforms-field-label\" for=\"wpforms-5515-field_15\">Email <span class=\"wpforms-required-label\">*<\/span><\/label><input type=\"email\" id=\"wpforms-5515-field_15\" class=\"wpforms-field-medium wpforms-field-required\" name=\"wpforms[fields][15]\" spellcheck=\"false\" required><\/div><div id=\"wpforms-5515-field_17-container\" class=\"wpforms-field wpforms-field-phone\" data-field-id=\"17\"><label class=\"wpforms-field-label\" for=\"wpforms-5515-field_17\">\u0422\u0435\u043b\u0435\u0444\u043e\u043d <span class=\"wpforms-required-label\">*<\/span><\/label><input type=\"tel\" id=\"wpforms-5515-field_17\" class=\"wpforms-field-medium wpforms-field-required\" data-rule-int-phone-field=\"true\" name=\"wpforms[fields][17]\" aria-label=\"\u0422\u0435\u043b\u0435\u0444\u043e\u043d\" required><\/div><div id=\"wpforms-5515-field_19-container\" class=\"wpforms-field wpforms-field-file-upload\" data-field-id=\"19\"><label class=\"wpforms-field-label\" for=\"wpforms-5515-field_19\">\u0424\u043e\u0442\u043e <span class=\"wpforms-required-label\">*<\/span><\/label><div\n\t\tclass=\"wpforms-uploader wpforms-field-required\"\n\t\tdata-field-id=\"19\"\n\t\tdata-form-id=\"5515\"\n\t\tdata-input-name=\"wpforms_5515_19\"\n\t\tdata-extensions=\"jpg,jpeg,jpe,png,gif,mov,qt,avif,avi,mpeg,mpg,mpe,3gp,3gpp,3g2,3gp2,mid,midi,pdf,doc,docx,docm,pot,pps,ppt,pptx,pptm,odt,ppsx,ppsm,xla,xls,xlt,xlw,xlsx,xlsm,xlsb,key,mp3,m4a,m4b,ogg,oga,flac,wav,x-wav,mp4,m4v,webm,ogv,zip,gz,gzip,csv\"\n\t\tdata-max-size=\"5242880\"\n\t\tdata-max-file-number=\"1\"\n\t\tdata-post-max-size=\"20480000\"\n\t\tdata-max-parallel-uploads=\"4\"\n\t\tdata-parallel-uploads=\"true\"\n\t\tdata-file-chunk-size=\"2097152\">\n\t<div class=\"dz-message\">\n\t\t<svg  viewBox=\"0 0 640 640\" focusable=\"false\" data-icon=\"inbox\" width=\"50px\" height=\"50px\" fill=\"currentColor\" aria-hidden=\"true\">\n\t\t\t<path d=\"M352 173.3L352 384C352 401.7 337.7 416 320 416C302.3 416 288 401.7 288 384L288 173.3L246.6 214.7C234.1 227.2 213.8 227.2 201.3 214.7C188.8 202.2 188.8 181.9 201.3 169.4L297.3 73.4C309.8 60.9 330.1 60.9 342.6 73.4L438.6 169.4C451.1 181.9 451.1 202.2 438.6 214.7C426.1 227.2 405.8 227.2 393.3 214.7L352 173.3zM320 464C364.2 464 400 428.2 400 384L480 384C515.3 384 544 412.7 544 448L544 480C544 515.3 515.3 544 480 544L160 544C124.7 544 96 515.3 96 480L96 448C96 412.7 124.7 384 160 384L240 384C240 428.2 275.8 464 320 464zM464 488C477.3 488 488 477.3 488 464C488 450.7 477.3 440 464 440C450.7 440 440 450.7 440 464C440 477.3 450.7 488 464 488z\"\/>\n\t\t<\/svg>\n\n\t\t<span class=\"modern-title\">\n\t\t\t\t\t\t\tDrag &amp; Drop Files, \t\t\t\t<span>Choose Files to Upload<\/span>\n\t\t\t\t\t<\/span>\n\n\t\t\t<\/div>\n<\/div>\n\n<input\n\t\ttype=\"text\"\n\t\tautocomplete=\"off\"\n\t\treadonly\n\t\tclass=\"dropzone-input\"\n\t\tstyle=\"position:absolute!important;clip:rect(0,0,0,0)!important;height:1px!important;width:1px!important;border:0!important;overflow:hidden!important;padding:0!important;margin:0!important;\"\n\t\tid=\"wpforms-5515-field_19\"\n\t\tname=\"wpforms_5515_19\" required\t\tvalue=\"\">\n<\/div><div id=\"wpforms-5515-field_18-container\" class=\"wpforms-field wpforms-field-checkbox\" data-field-id=\"18\"><label class=\"wpforms-field-label wpforms-label-hide\">\u0437\u0433\u043e\u0434\u0438 <span class=\"wpforms-required-label\">*<\/span><\/label><ul id=\"wpforms-5515-field_18\" class=\"wpforms-field-required\"><li class=\"choice-1 depth-1\"><input type=\"checkbox\" id=\"wpforms-5515-field_18_1\" name=\"wpforms[fields][18][]\" value=\"\u042f \u0434\u0430\u044e \u0437\u0433\u043e\u0434\u0443 \u043d\u0430 \u043e\u0431\u0440\u043e\u0431\u043a\u0443 \u0434\u0430\u043d\u0438\u0445, \u043d\u0430\u0434\u0430\u043d\u0438\u0445 \u0443 \u0444\u043e\u0440\u043c\u0456, \u044f\u043a \u0437\u0430\u0437\u043d\u0430\u0447\u0435\u043d\u043e \u043d\u0438\u0436\u0447\u0435.\" required ><label class=\"wpforms-field-label-inline\" for=\"wpforms-5515-field_18_1\">\u042f \u0434\u0430\u044e \u0437\u0433\u043e\u0434\u0443 \u043d\u0430 \u043e\u0431\u0440\u043e\u0431\u043a\u0443 \u0434\u0430\u043d\u0438\u0445, \u043d\u0430\u0434\u0430\u043d\u0438\u0445 \u0443 \u0444\u043e\u0440\u043c\u0456, \u044f\u043a \u0437\u0430\u0437\u043d\u0430\u0447\u0435\u043d\u043e \u043d\u0438\u0436\u0447\u0435. <span class=\"wpforms-required-label\">*<\/span><\/label><\/li><\/ul><div class=\"wpforms-field-description wpforms-disclaimer-description\">\u0410\u0434\u043c\u0456\u043d\u0456\u0441\u0442\u0440\u0430\u0442\u043e\u0440\u043e\u043c \u043f\u0435\u0440\u0441\u043e\u043d\u0430\u043b\u044c\u043d\u0438\u0445 \u0434\u0430\u043d\u0438\u0445 \u0454 AEROTUNEL Sp\u00f3\u0142ka z ograniczon\u0105 odpowiedzialno\u015bci\u0105, \u0437 \u043c\u0456\u0441\u0446\u0435\u0437\u043d\u0430\u0445\u043e\u0434\u0436\u0435\u043d\u043d\u044f\u043c \u0443 \u0412\u0430\u0440\u0448\u0430\u0432\u0456, 00-090, Al. \u0421\u043e\u043b\u0456\u0434\u0430\u0440\u043d\u043e\u0441\u0442\u0456 75\/26, \u0432\u043d\u0435\u0441\u0435\u043d\u0438\u0439 \u0434\u043e \u041d\u0430\u0446\u0456\u043e\u043d\u0430\u043b\u044c\u043d\u043e\u0433\u043e \u0441\u0443\u0434\u043e\u0432\u043e\u0433\u043e \u0440\u0435\u0454\u0441\u0442\u0440\u0443, \u044f\u043a\u0438\u0439 \u0432\u0435\u0434\u0435\u0442\u044c\u0441\u044f \u041e\u043a\u0440\u0443\u0436\u043d\u0438\u043c \u0441\u0443\u0434\u043e\u043c \u043c. \u0432\u0443\u043b. \u0412\u0430\u0440\u0448\u0430\u0432\u0430, XII \u0415\u043a\u043e\u043d\u043e\u043c\u0456\u0447\u043d\u0438\u0439 \u0432\u0456\u0434\u0434\u0456\u043b \u041d\u0430\u0446\u0456\u043e\u043d\u0430\u043b\u044c\u043d\u043e\u0433\u043e \u0441\u0443\u0434\u043e\u0432\u043e\u0433\u043e \u0440\u0435\u0454\u0441\u0442\u0440\u0443 \u043f\u0456\u0434 \u043d\u043e\u043c\u0435\u0440\u043e\u043c KRS 0000587608, NIP: 5252533508, e-mail: recepcja@flyspot.com (&#8220;\u0410\u0435\u0440\u043e\u0442\u0443\u043d\u0435\u043b\u044c&#8221;). \u041f\u0435\u0440\u0441\u043e\u043d\u0430\u043b\u044c\u043d\u0456 \u0434\u0430\u043d\u0456 \u0431\u0443\u0434\u0443\u0442\u044c \u043e\u0431\u0440\u043e\u0431\u043b\u044f\u0442\u0438\u0441\u044f \u043a\u043e\u043c\u043f\u0430\u043d\u0456\u0454\u044e &#8220;\u0410\u0435\u0440\u043e\u0442\u0443\u043d\u0435\u043b\u044c&#8221; \u0437 \u043c\u0435\u0442\u043e\u044e, \u043d\u0435\u043e\u0431\u0445\u0456\u0434\u043d\u043e\u044e \u0434\u043b\u044f \u0432\u0438\u043a\u043e\u043d\u0430\u043d\u043d\u044f \u0434\u043e\u0433\u043e\u0432\u043e\u0440\u0443, \u0456 \u0437 \u0446\u0456\u0454\u044e \u0436 \u043c\u0435\u0442\u043e\u044e \u043c\u043e\u0436\u0443\u0442\u044c \u0431\u0443\u0442\u0438 \u043f\u0435\u0440\u0435\u0434\u0430\u043d\u0456 \u0441\u043f\u0456\u0432\u043f\u0440\u0430\u0446\u044e\u044e\u0447\u0438\u043c \u043e\u0440\u0433\u0430\u043d\u0456\u0437\u0430\u0446\u0456\u044f\u043c (\u0441\u0443\u0431\u043f\u0456\u0434\u0440\u044f\u0434\u043d\u0438\u043a\u0430\u043c &#8220;\u0410\u0435\u0440\u043e\u0442\u0443\u043d\u0435\u043b\u044c&#8221;). \u041f\u0435\u0440\u0441\u043e\u043d\u0430\u043b\u044c\u043d\u0456 \u0434\u0430\u043d\u0456 \u0437\u0431\u0435\u0440\u0456\u0433\u0430\u0442\u0438\u043c\u0443\u0442\u044c\u0441\u044f \u043f\u0440\u043e\u0442\u044f\u0433\u043e\u043c \u043f\u0435\u0440\u0456\u043e\u0434\u0443 \u0432\u0438\u043a\u043e\u043d\u0430\u043d\u043d\u044f \u0434\u043e\u0433\u043e\u0432\u043e\u0440\u0443 \u0442\u0430 6 \u043c\u0456\u0441\u044f\u0446\u0456\u0432 \u043f\u0456\u0441\u043b\u044f \u0439\u043e\u0433\u043e \u0437\u0430\u043a\u0456\u043d\u0447\u0435\u043d\u043d\u044f, \u044f\u043a\u0449\u043e \u0442\u0456\u043b\u044c\u043a\u0438 \u0434\u043e\u0432\u0448\u0438\u0439 \u0442\u0435\u0440\u043c\u0456\u043d \u0437\u0431\u0435\u0440\u0456\u0433\u0430\u043d\u043d\u044f \u043f\u0435\u0440\u0441\u043e\u043d\u0430\u043b\u044c\u043d\u0438\u0445 \u0434\u0430\u043d\u0438\u0445 \u043d\u0435 \u0432\u0438\u043c\u0430\u0433\u0430\u0454\u0442\u044c\u0441\u044f \u0437\u0430\u043a\u043e\u043d\u043e\u0434\u0430\u0432\u0441\u0442\u0432\u043e\u043c, \u0437\u043e\u043a\u0440\u0435\u043c\u0430, \u0434\u043b\u044f \u0432\u0435\u0434\u0435\u043d\u043d\u044f \u0431\u0443\u0445\u0433\u0430\u043b\u0442\u0435\u0440\u0441\u044c\u043a\u043e\u0433\u043e \u043e\u0431\u043b\u0456\u043a\u0443. \u041d\u0430\u0434\u0430\u043d\u043d\u044f \u041f\u0435\u0440\u0441\u043e\u043d\u0430\u043b\u044c\u043d\u0438\u0445 \u0434\u0430\u043d\u0438\u0445 \u0454 \u0434\u043e\u0431\u0440\u043e\u0432\u0456\u043b\u044c\u043d\u0438\u043c, \u0445\u043e\u0447\u0430 \u0456 \u043d\u0435\u043e\u0431\u0445\u0456\u0434\u043d\u0438\u043c \u0434\u043b\u044f \u0443\u043a\u043b\u0430\u0434\u0435\u043d\u043d\u044f \u0442\u0430 \u0432\u0438\u043a\u043e\u043d\u0430\u043d\u043d\u044f \u0434\u043e\u0433\u043e\u0432\u043e\u0440\u0443 \u0437 Aerotunel. \u0423 \u043c\u0435\u0436\u0430\u0445 \u0442\u0430 \u0432\u0456\u0434\u043f\u043e\u0432\u0456\u0434\u043d\u043e \u0434\u043e \u0447\u0438\u043d\u043d\u043e\u0433\u043e \u0437\u0430\u043a\u043e\u043d\u043e\u0434\u0430\u0432\u0441\u0442\u0432\u0430 \u0432\u0438 \u043c\u0430\u0454\u0442\u0435 \u043f\u0440\u0430\u0432\u043e \u0432\u0438\u043c\u0430\u0433\u0430\u0442\u0438 \u0432\u0456\u0434 \u0410\u0435\u0440\u043e\u0442\u0443\u043d\u0435\u043b \u0434\u043e\u0441\u0442\u0443\u043f\u0443 \u0434\u043e \u0432\u0430\u0448\u0438\u0445 \u041f\u0435\u0440\u0441\u043e\u043d\u0430\u043b\u044c\u043d\u0438\u0445 \u0434\u0430\u043d\u0438\u0445, \u0457\u0445 \u0432\u0438\u043f\u0440\u0430\u0432\u043b\u0435\u043d\u043d\u044f, \u0432\u0438\u0434\u0430\u043b\u0435\u043d\u043d\u044f \u0430\u0431\u043e \u043e\u0431\u043c\u0435\u0436\u0435\u043d\u043d\u044f \u043e\u0431\u0440\u043e\u0431\u043a\u0438, \u043f\u0440\u0430\u0432\u043e \u043d\u0430 \u0437\u0430\u043f\u0435\u0440\u0435\u0447\u0435\u043d\u043d\u044f, \u0430 \u0442\u0430\u043a\u043e\u0436 \u043f\u0440\u0430\u0432\u043e \u043d\u0430 \u043f\u0435\u0440\u0435\u043d\u0435\u0441\u0435\u043d\u043d\u044f \u0434\u0430\u043d\u0438\u0445 \u0442\u0430 \u043f\u043e\u0434\u0430\u043d\u043d\u044f \u0441\u043a\u0430\u0440\u0433\u0438 \u0434\u043e \u043d\u0430\u0433\u043b\u044f\u0434\u043e\u0432\u043e\u0433\u043e \u043e\u0440\u0433\u0430\u043d\u0443.<\/div><\/div><\/div><!-- .wpforms-field-container --><div class=\"wpforms-recaptcha-container wpforms-is-recaptcha wpforms-is-recaptcha-type-invisible\" ><div class=\"g-recaptcha\" data-sitekey=\"6LcNArsZAAAAAI4sqwOCDPKEkSUv03HXLyvphClI\" data-size=\"invisible\"><\/div><\/div><div class=\"wpforms-submit-container\" ><input type=\"hidden\" name=\"wpforms[id]\" value=\"5515\"><input type=\"hidden\" name=\"page_title\" value=\"\"><input type=\"hidden\" name=\"page_url\" value=\"https:\/\/www.flyspot.com\/uk\/wp-json\/wp\/v2\/pages\/14963\"><input type=\"hidden\" name=\"url_referer\" value=\"\"><button type=\"submit\" name=\"wpforms[submit]\" id=\"wpforms-submit-5515\" class=\"wpforms-submit\" data-alt-text=\"\u0412\u0456\u0434\u043f\u0440\u0430\u0432\u043b\u044f\u044e...\" data-submit-text=\"\u041d\u0430\u0434\u0456\u0441\u043b\u0430\u0442\u0438\" aria-live=\"assertive\" value=\"wpforms-submit\">\u041d\u0430\u0434\u0456\u0441\u043b\u0430\u0442\u0438<\/button><\/div><\/form><\/div>  <!-- .wpforms-container -->      <a class=\"close-form-popup\" href=\"#\">\u0417\u0430\u043a\u0440\u0438\u0439 <svg xmlns=\"http:\/\/www.w3.org\/2000\/svg\" width=\"23\" height=\"23\" viewBox=\"0 0 23 23\"><g><g><g><path fill=\"none\" stroke=\"#9ca0a3\" stroke-linejoin=\"round\" stroke-miterlimit=\"50\" stroke-width=\"\" d=\"M22 1L1 22\"><\/path><\/g><g><path fill=\"none\" stroke=\"#9ca0a3\" stroke-linejoin=\"round\" stroke-miterlimit=\"50\" stroke-width=\"\" d=\"M22 22L1 1\"><\/path><\/g><\/g><\/g><\/svg><\/a>\r\n    <\/div>\r\n  <\/div>\r\n<\/div><!-- block -->\r\n\n\n\n<p><\/p>\n","protected":false},"excerpt":{"rendered":"","protected":false},"author":1,"featured_media":7446,"parent":12471,"menu_order":2,"comment_status":"closed","ping_status":"closed","template":"template-zawody.php","meta":{"_acf_changed":false,"footnotes":""},"class_list":["post-14963","page","type-page","status-publish","has-post-thumbnail","hentry"],"acf":[],"_links":{"self":[{"href":"https:\/\/www.flyspot.com\/uk\/wp-json\/wp\/v2\/pages\/14963","targetHints":{"allow":["GET"]}}],"collection":[{"href":"https:\/\/www.flyspot.com\/uk\/wp-json\/wp\/v2\/pages"}],"about":[{"href":"https:\/\/www.flyspot.com\/uk\/wp-json\/wp\/v2\/types\/page"}],"author":[{"embeddable":true,"href":"https:\/\/www.flyspot.com\/uk\/wp-json\/wp\/v2\/users\/1"}],"replies":[{"embeddable":true,"href":"https:\/\/www.flyspot.com\/uk\/wp-json\/wp\/v2\/comments?post=14963"}],"version-history":[{"count":5,"href":"https:\/\/www.flyspot.com\/uk\/wp-json\/wp\/v2\/pages\/14963\/revisions"}],"predecessor-version":[{"id":31284,"href":"https:\/\/www.flyspot.com\/uk\/wp-json\/wp\/v2\/pages\/14963\/revisions\/31284"}],"up":[{"embeddable":true,"href":"https:\/\/www.flyspot.com\/uk\/wp-json\/wp\/v2\/pages\/12471"}],"wp:featuredmedia":[{"embeddable":true,"href":"https:\/\/www.flyspot.com\/uk\/wp-json\/wp\/v2\/media\/7446"}],"wp:attachment":[{"href":"https:\/\/www.flyspot.com\/uk\/wp-json\/wp\/v2\/media?parent=14963"}],"curies":[{"name":"wp","href":"https:\/\/api.w.org\/{rel}","templated":true}]}}