{"id":6531,"date":"2020-10-26T09:34:48","date_gmt":"2020-10-26T08:34:48","guid":{"rendered":"https:\/\/www.flyspot.com\/?page_id=6531"},"modified":"2026-03-16T11:12:18","modified_gmt":"2026-03-16T10:12:18","slug":"liga-mistrzow","status":"publish","type":"page","link":"https:\/\/www.flyspot.com\/pl\/nasze-atrakcje\/tunel-flyspot\/oferta-dla-profesjonalistow\/zawody-we-flyspot\/liga-mistrzow\/","title":{"rendered":"Liga Mistrz\u00f3w 2026"},"content":{"rendered":"\n<p><\/p>\n\n\n<div id=\"form-popup-block_5057e1e6aeb3afdf03aaee64751e760e\" class=\"form-popup-block\" data-timeout=\"\">\r\n  <div class=\"row container\">\r\n    <div>\r\n            <div class=\"wpforms-container wpforms-container-save-resume\" id=\"wpforms-5515\"><form id=\"wpforms-form-5515\" class=\"wpforms-validate wpforms-form\" data-formid=\"5515\" method=\"post\" enctype=\"multipart\/form-data\" action=\"\/pl\/wp-json\/wp\/v2\/pages\/6531?wpforms_form_id=5515\" data-token=\"e33304b23de7b88bf514018980a9da6f\" data-token-time=\"1776223632\"><div class=\"wpforms-head-container\"><div class=\"wpforms-title\">Liga Mistrz\u00f3w<\/div><\/div><noscript class=\"wpforms-error-noscript\">Aby wype\u0142ni\u0107 ten formularz, w\u0142\u0105cz obs\u0142ug\u0119 JavaScript w przegl\u0105darce.<\/noscript><div class=\"wpforms-field-container\"><div id=\"wpforms-5515-field_1-container\" class=\"wpforms-field wpforms-field-select wpforms-field-select-style-classic\" data-field-id=\"1\"><label class=\"wpforms-field-label\" for=\"wpforms-5515-field_1\">Edycja (edition) <span class=\"wpforms-required-label\">*<\/span><\/label><select id=\"wpforms-5515-field_1\" class=\"wpforms-field-medium wpforms-field-required\" name=\"wpforms[fields][1]\" required=\"required\"><option value=\"15.03.2024 stacjonarnie, Flyspot Warszawa\"  class=\"choice-7 depth-1\"  >15.03.2024 stacjonarnie, Flyspot Warszawa<\/option><option value=\"26.04.2024 stacjonarnie, Flyspot Katowice\"  class=\"choice-8 depth-1\"  >26.04.2024 stacjonarnie, Flyspot Katowice<\/option><\/select><\/div><div id=\"wpforms-5515-field_2-container\" class=\"wpforms-field wpforms-field-text\" data-field-id=\"2\"><label class=\"wpforms-field-label\" for=\"wpforms-5515-field_2\">Nazwa zespo\u0142u (Team name) <span class=\"wpforms-required-label\">*<\/span><\/label><input type=\"text\" id=\"wpforms-5515-field_2\" class=\"wpforms-field-medium wpforms-field-required\" name=\"wpforms[fields][2]\" required><\/div><div id=\"wpforms-5515-field_3-container\" class=\"wpforms-field wpforms-field-select wpforms-conditional-trigger wpforms-field-select-style-classic\" data-field-id=\"3\"><label class=\"wpforms-field-label\" for=\"wpforms-5515-field_3\">Wybierz kategori\u0119 (Choose category)<\/label><select id=\"wpforms-5515-field_3\" class=\"wpforms-field-medium\" name=\"wpforms[fields][3]\"><option value=\"4-way AAA\"  class=\"choice-1 depth-1\"  >4-way AAA<\/option><option value=\"4-way AA\"  class=\"choice-7 depth-1\"  >4-way AA<\/option><option value=\"4-way A\"  class=\"choice-6 depth-1\"  >4-way A<\/option><option value=\"4-way ROOKIE\"  class=\"choice-5 depth-1\"  >4-way ROOKIE<\/option><option value=\"2-way Advanced\"  class=\"choice-4 depth-1\"  >2-way Advanced<\/option><option value=\"4-way VFS\"  class=\"choice-2 depth-1\"  >4-way VFS<\/option><\/select><\/div><div id=\"wpforms-5515-field_4-container\" class=\"wpforms-field wpforms-field-text\" data-field-id=\"4\"><label class=\"wpforms-field-label\" for=\"wpforms-5515-field_4\">Kapitan zespo\u0142u (Team captain)<\/label><input type=\"text\" id=\"wpforms-5515-field_4\" class=\"wpforms-field-medium\" name=\"wpforms[fields][4]\" ><\/div><div id=\"wpforms-5515-field_5-container\" class=\"wpforms-field wpforms-field-select wpforms-field-select-style-classic\" data-field-id=\"5\"><label class=\"wpforms-field-label\" for=\"wpforms-5515-field_5\">T-shirt (T-shirt size) <span class=\"wpforms-required-label\">*<\/span><\/label><select id=\"wpforms-5515-field_5\" class=\"wpforms-field-medium wpforms-field-required\" name=\"wpforms[fields][5]\" required=\"required\"><option value=\"X S\"  class=\"choice-1 depth-1\"  >X S<\/option><option value=\"S\"  class=\"choice-2 depth-1\"  >S<\/option><option value=\"M\"  class=\"choice-7 depth-1\"  >M<\/option><option value=\"L\"  class=\"choice-6 depth-1\"  >L<\/option><option value=\"X L\"  class=\"choice-5 depth-1\"  >X L<\/option><option value=\"X X L\"  class=\"choice-4 depth-1\"  >X X L<\/option><\/select><\/div><div id=\"wpforms-5515-field_6-container\" class=\"wpforms-field wpforms-field-text\" data-field-id=\"6\"><label class=\"wpforms-field-label\" for=\"wpforms-5515-field_6\">Cz\u0142onek zespo\u0142u (Team member) <span class=\"wpforms-required-label\">*<\/span><\/label><input type=\"text\" id=\"wpforms-5515-field_6\" class=\"wpforms-field-medium wpforms-field-required\" name=\"wpforms[fields][6]\" required><\/div><div id=\"wpforms-5515-field_7-container\" class=\"wpforms-field wpforms-field-select wpforms-field-select-style-classic\" data-field-id=\"7\"><label class=\"wpforms-field-label\" for=\"wpforms-5515-field_7\">T-shirt (T-shirt size) <span class=\"wpforms-required-label\">*<\/span><\/label><select id=\"wpforms-5515-field_7\" class=\"wpforms-field-medium wpforms-field-required\" name=\"wpforms[fields][7]\" required=\"required\"><option value=\"X S\"  class=\"choice-1 depth-1\"  >X S<\/option><option value=\"S\"  class=\"choice-2 depth-1\"  >S<\/option><option value=\"M\"  class=\"choice-7 depth-1\"  >M<\/option><option value=\"L\"  class=\"choice-6 depth-1\"  >L<\/option><option value=\"X L\"  class=\"choice-5 depth-1\"  >X L<\/option><option value=\"X X L\"  class=\"choice-4 depth-1\"  >X X L<\/option><\/select><\/div><div id=\"wpforms-5515-field_12-container\" class=\"wpforms-field wpforms-field-text wpforms-conditional-field wpforms-conditional-show\" data-field-id=\"12\" style=\"display:none;\"><label class=\"wpforms-field-label\" for=\"wpforms-5515-field_12\">Cz\u0142onek zespo\u0142u (Team member) <span class=\"wpforms-required-label\">*<\/span><\/label><input type=\"text\" id=\"wpforms-5515-field_12\" class=\"wpforms-field-medium wpforms-field-required\" name=\"wpforms[fields][12]\" required><\/div><div id=\"wpforms-5515-field_11-container\" class=\"wpforms-field wpforms-field-select wpforms-conditional-field wpforms-conditional-show wpforms-field-select-style-classic\" data-field-id=\"11\" style=\"display:none;\"><label class=\"wpforms-field-label\" for=\"wpforms-5515-field_11\">T-shirt (T-shirt size) <span class=\"wpforms-required-label\">*<\/span><\/label><select id=\"wpforms-5515-field_11\" class=\"wpforms-field-medium wpforms-field-required\" name=\"wpforms[fields][11]\" required=\"required\"><option value=\"X S\"  class=\"choice-1 depth-1\"  >X S<\/option><option value=\"S\"  class=\"choice-2 depth-1\"  >S<\/option><option value=\"M\"  class=\"choice-7 depth-1\"  >M<\/option><option value=\"L\"  class=\"choice-6 depth-1\"  >L<\/option><option value=\"X L\"  class=\"choice-5 depth-1\"  >X L<\/option><option value=\"X X L\"  class=\"choice-4 depth-1\"  >X X L<\/option><\/select><\/div><div id=\"wpforms-5515-field_13-container\" class=\"wpforms-field wpforms-field-text wpforms-conditional-field wpforms-conditional-show\" data-field-id=\"13\" style=\"display:none;\"><label class=\"wpforms-field-label\" for=\"wpforms-5515-field_13\">Cz\u0142onek zespo\u0142u (Team member) <span class=\"wpforms-required-label\">*<\/span><\/label><input type=\"text\" id=\"wpforms-5515-field_13\" class=\"wpforms-field-medium wpforms-field-required\" name=\"wpforms[fields][13]\" required><\/div><div id=\"wpforms-5515-field_14-container\" class=\"wpforms-field wpforms-field-select wpforms-conditional-field wpforms-conditional-show wpforms-field-select-style-classic\" data-field-id=\"14\" style=\"display:none;\"><label class=\"wpforms-field-label\" for=\"wpforms-5515-field_14\">T-shirt (T-shirt size) <span class=\"wpforms-required-label\">*<\/span><\/label><select id=\"wpforms-5515-field_14\" class=\"wpforms-field-medium wpforms-field-required\" name=\"wpforms[fields][14]\" required=\"required\"><option value=\"X S\"  class=\"choice-1 depth-1\"  >X S<\/option><option value=\"S\"  class=\"choice-2 depth-1\"  >S<\/option><option value=\"M\"  class=\"choice-7 depth-1\"  >M<\/option><option value=\"L\"  class=\"choice-6 depth-1\"  >L<\/option><option value=\"X L\"  class=\"choice-5 depth-1\"  >X L<\/option><option value=\"X X L\"  class=\"choice-4 depth-1\"  >X X L<\/option><\/select><\/div><div id=\"wpforms-5515-field_15-container\" class=\"wpforms-field wpforms-field-email\" data-field-id=\"15\"><label class=\"wpforms-field-label\" for=\"wpforms-5515-field_15\">Email <span class=\"wpforms-required-label\">*<\/span><\/label><input type=\"email\" id=\"wpforms-5515-field_15\" class=\"wpforms-field-medium wpforms-field-required\" name=\"wpforms[fields][15]\" spellcheck=\"false\" required><\/div><div id=\"wpforms-5515-field_17-container\" class=\"wpforms-field wpforms-field-phone\" data-field-id=\"17\"><label class=\"wpforms-field-label\" for=\"wpforms-5515-field_17\">Telefon (Phone) <span class=\"wpforms-required-label\">*<\/span><\/label><input type=\"tel\" id=\"wpforms-5515-field_17\" class=\"wpforms-field-medium wpforms-field-required\" data-rule-int-phone-field=\"true\" name=\"wpforms[fields][17]\" aria-label=\"Telefon (Phone)\" required><\/div><div id=\"wpforms-5515-field_19-container\" class=\"wpforms-field wpforms-field-file-upload\" data-field-id=\"19\"><label class=\"wpforms-field-label\" for=\"wpforms-5515-field_19\">Zdj\u0119cie (Photo) <span class=\"wpforms-required-label\">*<\/span><\/label><div\n\t\tclass=\"wpforms-uploader wpforms-field-required\"\n\t\tdata-field-id=\"19\"\n\t\tdata-form-id=\"5515\"\n\t\tdata-input-name=\"wpforms_5515_19\"\n\t\tdata-extensions=\"jpg,jpeg,jpe,png,gif,mov,qt,avif,avi,mpeg,mpg,mpe,3gp,3gpp,3g2,3gp2,mid,midi,pdf,doc,docx,docm,pot,pps,ppt,pptx,pptm,odt,ppsx,ppsm,xla,xls,xlt,xlw,xlsx,xlsm,xlsb,key,mp3,m4a,m4b,ogg,oga,flac,wav,x-wav,mp4,m4v,webm,ogv,zip,gz,gzip,csv\"\n\t\tdata-max-size=\"5242880\"\n\t\tdata-max-file-number=\"1\"\n\t\tdata-post-max-size=\"20480000\"\n\t\tdata-max-parallel-uploads=\"4\"\n\t\tdata-parallel-uploads=\"true\"\n\t\tdata-file-chunk-size=\"2097152\">\n\t<div class=\"dz-message\">\n\t\t<svg  viewBox=\"0 0 640 640\" focusable=\"false\" data-icon=\"inbox\" width=\"50px\" height=\"50px\" fill=\"currentColor\" aria-hidden=\"true\">\n\t\t\t<path d=\"M352 173.3L352 384C352 401.7 337.7 416 320 416C302.3 416 288 401.7 288 384L288 173.3L246.6 214.7C234.1 227.2 213.8 227.2 201.3 214.7C188.8 202.2 188.8 181.9 201.3 169.4L297.3 73.4C309.8 60.9 330.1 60.9 342.6 73.4L438.6 169.4C451.1 181.9 451.1 202.2 438.6 214.7C426.1 227.2 405.8 227.2 393.3 214.7L352 173.3zM320 464C364.2 464 400 428.2 400 384L480 384C515.3 384 544 412.7 544 448L544 480C544 515.3 515.3 544 480 544L160 544C124.7 544 96 515.3 96 480L96 448C96 412.7 124.7 384 160 384L240 384C240 428.2 275.8 464 320 464zM464 488C477.3 488 488 477.3 488 464C488 450.7 477.3 440 464 440C450.7 440 440 450.7 440 464C440 477.3 450.7 488 464 488z\"\/>\n\t\t<\/svg>\n\n\t\t<span class=\"modern-title\">\n\t\t\t\t\t\t\tDrag &amp; Drop Files, \t\t\t\t<span>Choose Files to Upload<\/span>\n\t\t\t\t\t<\/span>\n\n\t\t\t<\/div>\n<\/div>\n\n<input\n\t\ttype=\"text\"\n\t\tautocomplete=\"off\"\n\t\treadonly\n\t\tclass=\"dropzone-input\"\n\t\tstyle=\"position:absolute!important;clip:rect(0,0,0,0)!important;height:1px!important;width:1px!important;border:0!important;overflow:hidden!important;padding:0!important;margin:0!important;\"\n\t\tid=\"wpforms-5515-field_19\"\n\t\tname=\"wpforms_5515_19\" required\t\tvalue=\"\">\n<\/div><div id=\"wpforms-5515-field_18-container\" class=\"wpforms-field wpforms-field-checkbox\" data-field-id=\"18\"><label class=\"wpforms-field-label wpforms-label-hide\">zgody <span class=\"wpforms-required-label\">*<\/span><\/label><ul id=\"wpforms-5515-field_18\" class=\"wpforms-field-required\"><li class=\"choice-1 depth-1\"><input type=\"checkbox\" id=\"wpforms-5515-field_18_1\" name=\"wpforms[fields][18][]\" value=\"Wyra\u017cam zgod\u0119 na przetwarzanie podanych w formularzu danych zgodnie z poni\u017csz\u0105 informacj\u0105.\" required ><label class=\"wpforms-field-label-inline\" for=\"wpforms-5515-field_18_1\">Wyra\u017cam zgod\u0119 na przetwarzanie podanych w formularzu danych zgodnie z poni\u017csz\u0105 informacj\u0105. <span class=\"wpforms-required-label\">*<\/span><\/label><\/li><\/ul><div class=\"wpforms-field-description wpforms-disclaimer-description\">Administratorem danych osobowych jest AEROTUNEL Sp\u00f3\u0142ka z ograniczon\u0105 odpowiedzialno\u015bci\u0105, z siedzib\u0105 w Warszawie, 00-090, Al. Solidarno\u015bci 75\/26, wpisana do Krajowego Rejestru S\u0105dowego prowadzonego przez S\u0105d Rejonowy dla m. st. Warszawy w Warszawie, XII Wydzia\u0142 Gospodarczy Krajowego Rejestru S\u0105dowego pod numerem KRS 0000587608, NIP: 5252533508, e-mail: recepcja@flyspot.com (\u2018Aerotunel\u2019). Dane osobowe b\u0119d\u0105 przetwarzane przez Aerotunel dla cel\u00f3w niezb\u0119dnych do wykonania umowy i dla tych samych potrzeb mog\u0105 by\u0107 przekazywane wsp\u00f3\u0142pracuj\u0105cym z nami podmiotom (podwykonawcom Aerotunel). Dane Osobowe b\u0119d\u0105 przechowywane przez okres realizacji umowy i 6 miesi\u0119cy po tym okresie, chyba \u017ce d\u0142u\u017cszy okres przechowywania Danych Osobowych b\u0119dzie wymagany przepisami prawa, w tym o rachunkowo\u015bci. Podanie Danych Osobowych jest dobrowolne, przy czym jest ono niezb\u0119dne dla potrzeb zawarcia i realizacji umowy z Aerotunel. W zakresie i na zasadach wynikaj\u0105cych z obowi\u0105zuj\u0105cych przepis\u00f3w, macie Pa\u0144stwo prawo \u017c\u0105dania od Aerotunel dost\u0119pu do Danych Osobowych, ich sprostowania, usuni\u0119cia lub ograniczenia przetwarzania, prawo wniesienia sprzeciwu, jak r\u00f3wnie\u017c prawo do przenoszenia danych oraz wniesienia skargi do organu nadzorczego.<\/div><\/div><\/div><!-- .wpforms-field-container --><div class=\"wpforms-recaptcha-container wpforms-is-recaptcha wpforms-is-recaptcha-type-invisible\" ><div class=\"g-recaptcha\" data-sitekey=\"6LcNArsZAAAAAI4sqwOCDPKEkSUv03HXLyvphClI\" data-size=\"invisible\"><\/div><\/div><div class=\"wpforms-submit-container\" ><input type=\"hidden\" name=\"wpforms[id]\" value=\"5515\"><input type=\"hidden\" name=\"page_title\" value=\"\"><input type=\"hidden\" name=\"page_url\" value=\"https:\/\/www.flyspot.com\/pl\/wp-json\/wp\/v2\/pages\/6531\"><input type=\"hidden\" name=\"url_referer\" value=\"\"><button type=\"submit\" name=\"wpforms[submit]\" id=\"wpforms-submit-5515\" class=\"wpforms-submit\" data-alt-text=\"Sending...\" data-submit-text=\"Submit\" aria-live=\"assertive\" value=\"wpforms-submit\">Submit<\/button><\/div><\/form><\/div>  <!-- .wpforms-container -->      <a class=\"close-form-popup\" href=\"#\">Zamknij <svg xmlns=\"http:\/\/www.w3.org\/2000\/svg\" width=\"23\" height=\"23\" viewBox=\"0 0 23 23\"><g><g><g><path fill=\"none\" stroke=\"#9ca0a3\" stroke-linejoin=\"round\" stroke-miterlimit=\"50\" stroke-width=\"\" d=\"M22 1L1 22\"><\/path><\/g><g><path fill=\"none\" stroke=\"#9ca0a3\" stroke-linejoin=\"round\" stroke-miterlimit=\"50\" stroke-width=\"\" d=\"M22 22L1 1\"><\/path><\/g><\/g><\/g><\/svg><\/a>\r\n    <\/div>\r\n  <\/div>\r\n<\/div><!-- block -->\r\n\n\n\n<p><\/p>\n","protected":false},"excerpt":{"rendered":"","protected":false},"author":1,"featured_media":437,"parent":5521,"menu_order":2,"comment_status":"closed","ping_status":"closed","template":"template-zawody.php","meta":{"_acf_changed":false,"footnotes":""},"class_list":["post-6531","page","type-page","status-publish","has-post-thumbnail","hentry"],"acf":[],"yoast_head":"<!-- This site is optimized with the Yoast SEO plugin v27.3 - https:\/\/yoast.com\/product\/yoast-seo-wordpress\/ -->\n<title>Liga Mistrz\u00f3w 2026 - ZAREZERWUJ PAKIET ODPOWIEDNI DLA CIEBIE!<\/title>\n<meta name=\"robots\" content=\"index, follow, max-snippet:-1, max-image-preview:large, max-video-preview:-1\" \/>\n<link rel=\"canonical\" href=\"https:\/\/www.flyspot.com\/pl\/nasze-atrakcje\/tunel-flyspot\/oferta-dla-profesjonalistow\/zawody-we-flyspot\/liga-mistrzow\/\" \/>\n<meta property=\"og:locale\" content=\"pl_PL\" \/>\n<meta property=\"og:type\" content=\"article\" \/>\n<meta property=\"og:title\" content=\"Liga Mistrz\u00f3w 2026 - ZAREZERWUJ PAKIET ODPOWIEDNI DLA CIEBIE!\" \/>\n<meta property=\"og:url\" content=\"https:\/\/www.flyspot.com\/pl\/nasze-atrakcje\/tunel-flyspot\/oferta-dla-profesjonalistow\/zawody-we-flyspot\/liga-mistrzow\/\" \/>\n<meta property=\"og:site_name\" content=\"ZAREZERWUJ PAKIET ODPOWIEDNI DLA CIEBIE!\" \/>\n<meta property=\"article:modified_time\" content=\"2026-03-16T10:12:18+00:00\" \/>\n<meta property=\"og:image\" content=\"https:\/\/www.flyspot.com\/wp-content\/uploads\/2020\/08\/przezyj.jpg\" \/>\n\t<meta property=\"og:image:width\" content=\"1305\" \/>\n\t<meta property=\"og:image:height\" content=\"570\" \/>\n\t<meta property=\"og:image:type\" content=\"image\/jpeg\" \/>\n<meta name=\"twitter:card\" content=\"summary_large_image\" \/>\n<script type=\"application\/ld+json\" class=\"yoast-schema-graph\">{\"@context\":\"https:\\\/\\\/schema.org\",\"@graph\":[{\"@type\":\"WebPage\",\"@id\":\"https:\\\/\\\/www.flyspot.com\\\/pl\\\/nasze-atrakcje\\\/tunel-flyspot\\\/oferta-dla-profesjonalistow\\\/zawody-we-flyspot\\\/liga-mistrzow\\\/\",\"url\":\"https:\\\/\\\/www.flyspot.com\\\/pl\\\/nasze-atrakcje\\\/tunel-flyspot\\\/oferta-dla-profesjonalistow\\\/zawody-we-flyspot\\\/liga-mistrzow\\\/\",\"name\":\"Liga Mistrz\u00f3w 2026 - ZAREZERWUJ PAKIET ODPOWIEDNI DLA CIEBIE!\",\"isPartOf\":{\"@id\":\"https:\\\/\\\/www.flyspot.com\\\/pl\\\/#website\"},\"primaryImageOfPage\":{\"@id\":\"https:\\\/\\\/www.flyspot.com\\\/pl\\\/nasze-atrakcje\\\/tunel-flyspot\\\/oferta-dla-profesjonalistow\\\/zawody-we-flyspot\\\/liga-mistrzow\\\/#primaryimage\"},\"image\":{\"@id\":\"https:\\\/\\\/www.flyspot.com\\\/pl\\\/nasze-atrakcje\\\/tunel-flyspot\\\/oferta-dla-profesjonalistow\\\/zawody-we-flyspot\\\/liga-mistrzow\\\/#primaryimage\"},\"thumbnailUrl\":\"https:\\\/\\\/www.flyspot.com\\\/wp-content\\\/uploads\\\/2020\\\/08\\\/przezyj.jpg\",\"datePublished\":\"2020-10-26T08:34:48+00:00\",\"dateModified\":\"2026-03-16T10:12:18+00:00\",\"breadcrumb\":{\"@id\":\"https:\\\/\\\/www.flyspot.com\\\/pl\\\/nasze-atrakcje\\\/tunel-flyspot\\\/oferta-dla-profesjonalistow\\\/zawody-we-flyspot\\\/liga-mistrzow\\\/#breadcrumb\"},\"inLanguage\":\"pl-PL\",\"potentialAction\":[{\"@type\":\"ReadAction\",\"target\":[\"https:\\\/\\\/www.flyspot.com\\\/pl\\\/nasze-atrakcje\\\/tunel-flyspot\\\/oferta-dla-profesjonalistow\\\/zawody-we-flyspot\\\/liga-mistrzow\\\/\"]}]},{\"@type\":\"ImageObject\",\"inLanguage\":\"pl-PL\",\"@id\":\"https:\\\/\\\/www.flyspot.com\\\/pl\\\/nasze-atrakcje\\\/tunel-flyspot\\\/oferta-dla-profesjonalistow\\\/zawody-we-flyspot\\\/liga-mistrzow\\\/#primaryimage\",\"url\":\"https:\\\/\\\/www.flyspot.com\\\/wp-content\\\/uploads\\\/2020\\\/08\\\/przezyj.jpg\",\"contentUrl\":\"https:\\\/\\\/www.flyspot.com\\\/wp-content\\\/uploads\\\/2020\\\/08\\\/przezyj.jpg\",\"width\":1305,\"height\":570},{\"@type\":\"BreadcrumbList\",\"@id\":\"https:\\\/\\\/www.flyspot.com\\\/pl\\\/nasze-atrakcje\\\/tunel-flyspot\\\/oferta-dla-profesjonalistow\\\/zawody-we-flyspot\\\/liga-mistrzow\\\/#breadcrumb\",\"itemListElement\":[{\"@type\":\"ListItem\",\"position\":1,\"name\":\"Strona g\u0142\u00f3wna\",\"item\":\"https:\\\/\\\/www.flyspot.com\\\/pl\\\/\"},{\"@type\":\"ListItem\",\"position\":2,\"name\":\"Nasze atrakcje\",\"item\":\"https:\\\/\\\/www.flyspot.com\\\/pl\\\/nasze-atrakcje\\\/\"},{\"@type\":\"ListItem\",\"position\":3,\"name\":\"Tunel Flyspot\",\"item\":\"https:\\\/\\\/www.flyspot.com\\\/pl\\\/nasze-atrakcje\\\/tunel-flyspot\\\/\"},{\"@type\":\"ListItem\",\"position\":4,\"name\":\"Oferta dla profesjonalist\u00f3w\",\"item\":\"https:\\\/\\\/www.flyspot.com\\\/pl\\\/nasze-atrakcje\\\/tunel-flyspot\\\/oferta-dla-profesjonalistow\\\/\"},{\"@type\":\"ListItem\",\"position\":5,\"name\":\"Zawody we Flyspot\",\"item\":\"https:\\\/\\\/www.flyspot.com\\\/pl\\\/nasze-atrakcje\\\/tunel-flyspot\\\/oferta-dla-profesjonalistow\\\/zawody-we-flyspot\\\/\"},{\"@type\":\"ListItem\",\"position\":6,\"name\":\"Liga Mistrz\u00f3w 2026\"}]},{\"@type\":\"WebSite\",\"@id\":\"https:\\\/\\\/www.flyspot.com\\\/pl\\\/#website\",\"url\":\"https:\\\/\\\/www.flyspot.com\\\/pl\\\/\",\"name\":\"ZAREZERWUJ PAKIET ODPOWIEDNI DLA CIEBIE!\",\"description\":\"Tunel Aerodynamiczny, Symulator Boeinga 737, spe\u0142nij marzenia o lataniu\",\"potentialAction\":[{\"@type\":\"SearchAction\",\"target\":{\"@type\":\"EntryPoint\",\"urlTemplate\":\"https:\\\/\\\/www.flyspot.com\\\/pl\\\/?s={search_term_string}\"},\"query-input\":{\"@type\":\"PropertyValueSpecification\",\"valueRequired\":true,\"valueName\":\"search_term_string\"}}],\"inLanguage\":\"pl-PL\"}]}<\/script>\n<!-- \/ Yoast SEO plugin. -->","yoast_head_json":{"title":"Liga Mistrz\u00f3w 2026 - ZAREZERWUJ PAKIET ODPOWIEDNI DLA CIEBIE!","robots":{"index":"index","follow":"follow","max-snippet":"max-snippet:-1","max-image-preview":"max-image-preview:large","max-video-preview":"max-video-preview:-1"},"canonical":"https:\/\/www.flyspot.com\/pl\/nasze-atrakcje\/tunel-flyspot\/oferta-dla-profesjonalistow\/zawody-we-flyspot\/liga-mistrzow\/","og_locale":"pl_PL","og_type":"article","og_title":"Liga Mistrz\u00f3w 2026 - ZAREZERWUJ PAKIET ODPOWIEDNI DLA CIEBIE!","og_url":"https:\/\/www.flyspot.com\/pl\/nasze-atrakcje\/tunel-flyspot\/oferta-dla-profesjonalistow\/zawody-we-flyspot\/liga-mistrzow\/","og_site_name":"ZAREZERWUJ PAKIET ODPOWIEDNI DLA CIEBIE!","article_modified_time":"2026-03-16T10:12:18+00:00","og_image":[{"width":1305,"height":570,"url":"https:\/\/www.flyspot.com\/wp-content\/uploads\/2020\/08\/przezyj.jpg","type":"image\/jpeg"}],"twitter_card":"summary_large_image","schema":{"@context":"https:\/\/schema.org","@graph":[{"@type":"WebPage","@id":"https:\/\/www.flyspot.com\/pl\/nasze-atrakcje\/tunel-flyspot\/oferta-dla-profesjonalistow\/zawody-we-flyspot\/liga-mistrzow\/","url":"https:\/\/www.flyspot.com\/pl\/nasze-atrakcje\/tunel-flyspot\/oferta-dla-profesjonalistow\/zawody-we-flyspot\/liga-mistrzow\/","name":"Liga Mistrz\u00f3w 2026 - ZAREZERWUJ PAKIET ODPOWIEDNI DLA CIEBIE!","isPartOf":{"@id":"https:\/\/www.flyspot.com\/pl\/#website"},"primaryImageOfPage":{"@id":"https:\/\/www.flyspot.com\/pl\/nasze-atrakcje\/tunel-flyspot\/oferta-dla-profesjonalistow\/zawody-we-flyspot\/liga-mistrzow\/#primaryimage"},"image":{"@id":"https:\/\/www.flyspot.com\/pl\/nasze-atrakcje\/tunel-flyspot\/oferta-dla-profesjonalistow\/zawody-we-flyspot\/liga-mistrzow\/#primaryimage"},"thumbnailUrl":"https:\/\/www.flyspot.com\/wp-content\/uploads\/2020\/08\/przezyj.jpg","datePublished":"2020-10-26T08:34:48+00:00","dateModified":"2026-03-16T10:12:18+00:00","breadcrumb":{"@id":"https:\/\/www.flyspot.com\/pl\/nasze-atrakcje\/tunel-flyspot\/oferta-dla-profesjonalistow\/zawody-we-flyspot\/liga-mistrzow\/#breadcrumb"},"inLanguage":"pl-PL","potentialAction":[{"@type":"ReadAction","target":["https:\/\/www.flyspot.com\/pl\/nasze-atrakcje\/tunel-flyspot\/oferta-dla-profesjonalistow\/zawody-we-flyspot\/liga-mistrzow\/"]}]},{"@type":"ImageObject","inLanguage":"pl-PL","@id":"https:\/\/www.flyspot.com\/pl\/nasze-atrakcje\/tunel-flyspot\/oferta-dla-profesjonalistow\/zawody-we-flyspot\/liga-mistrzow\/#primaryimage","url":"https:\/\/www.flyspot.com\/wp-content\/uploads\/2020\/08\/przezyj.jpg","contentUrl":"https:\/\/www.flyspot.com\/wp-content\/uploads\/2020\/08\/przezyj.jpg","width":1305,"height":570},{"@type":"BreadcrumbList","@id":"https:\/\/www.flyspot.com\/pl\/nasze-atrakcje\/tunel-flyspot\/oferta-dla-profesjonalistow\/zawody-we-flyspot\/liga-mistrzow\/#breadcrumb","itemListElement":[{"@type":"ListItem","position":1,"name":"Strona g\u0142\u00f3wna","item":"https:\/\/www.flyspot.com\/pl\/"},{"@type":"ListItem","position":2,"name":"Nasze atrakcje","item":"https:\/\/www.flyspot.com\/pl\/nasze-atrakcje\/"},{"@type":"ListItem","position":3,"name":"Tunel Flyspot","item":"https:\/\/www.flyspot.com\/pl\/nasze-atrakcje\/tunel-flyspot\/"},{"@type":"ListItem","position":4,"name":"Oferta dla profesjonalist\u00f3w","item":"https:\/\/www.flyspot.com\/pl\/nasze-atrakcje\/tunel-flyspot\/oferta-dla-profesjonalistow\/"},{"@type":"ListItem","position":5,"name":"Zawody we Flyspot","item":"https:\/\/www.flyspot.com\/pl\/nasze-atrakcje\/tunel-flyspot\/oferta-dla-profesjonalistow\/zawody-we-flyspot\/"},{"@type":"ListItem","position":6,"name":"Liga Mistrz\u00f3w 2026"}]},{"@type":"WebSite","@id":"https:\/\/www.flyspot.com\/pl\/#website","url":"https:\/\/www.flyspot.com\/pl\/","name":"ZAREZERWUJ PAKIET ODPOWIEDNI DLA CIEBIE!","description":"Tunel Aerodynamiczny, Symulator Boeinga 737, spe\u0142nij marzenia o lataniu","potentialAction":[{"@type":"SearchAction","target":{"@type":"EntryPoint","urlTemplate":"https:\/\/www.flyspot.com\/pl\/?s={search_term_string}"},"query-input":{"@type":"PropertyValueSpecification","valueRequired":true,"valueName":"search_term_string"}}],"inLanguage":"pl-PL"}]}},"_links":{"self":[{"href":"https:\/\/www.flyspot.com\/pl\/wp-json\/wp\/v2\/pages\/6531","targetHints":{"allow":["GET"]}}],"collection":[{"href":"https:\/\/www.flyspot.com\/pl\/wp-json\/wp\/v2\/pages"}],"about":[{"href":"https:\/\/www.flyspot.com\/pl\/wp-json\/wp\/v2\/types\/page"}],"author":[{"embeddable":true,"href":"https:\/\/www.flyspot.com\/pl\/wp-json\/wp\/v2\/users\/1"}],"replies":[{"embeddable":true,"href":"https:\/\/www.flyspot.com\/pl\/wp-json\/wp\/v2\/comments?post=6531"}],"version-history":[{"count":197,"href":"https:\/\/www.flyspot.com\/pl\/wp-json\/wp\/v2\/pages\/6531\/revisions"}],"predecessor-version":[{"id":43365,"href":"https:\/\/www.flyspot.com\/pl\/wp-json\/wp\/v2\/pages\/6531\/revisions\/43365"}],"up":[{"embeddable":true,"href":"https:\/\/www.flyspot.com\/pl\/wp-json\/wp\/v2\/pages\/5521"}],"wp:featuredmedia":[{"embeddable":true,"href":"https:\/\/www.flyspot.com\/pl\/wp-json\/wp\/v2\/media\/437"}],"wp:attachment":[{"href":"https:\/\/www.flyspot.com\/pl\/wp-json\/wp\/v2\/media?parent=6531"}],"curies":[{"name":"wp","href":"https:\/\/api.w.org\/{rel}","templated":true}]}}