{"id":6150,"date":"2020-10-05T10:52:51","date_gmt":"2020-10-05T08:52:51","guid":{"rendered":"https:\/\/www.flyspot.com\/?page_id=6150"},"modified":"2026-03-26T11:52:41","modified_gmt":"2026-03-26T10:52:41","slug":"oferta-dla-profesjonalistow","status":"publish","type":"page","link":"https:\/\/www.flyspot.com\/pl\/nasze-atrakcje\/tunel-flyspot\/oferta-dla-profesjonalistow\/","title":{"rendered":"Oferta dla profesjonalist\u00f3w"},"content":{"rendered":"<div id=\"hero-block_e635ace801bb1e9f5c0f2d14319f9968\" class=\"hero-block\">\r\n  <div class=\"row outer-container\">\r\n    <div>\r\n      <img decoding=\"async\" lazy src=\"data:image\/gif;base64,R0lGODlhAQABAAD\/ACwAAAAAAQABAAACADs%3D\" data-src=\"https:\/\/www.flyspot.com\/wp-content\/uploads\/2020\/09\/AgaLukasz_All_TealOrange_2020_HQ-0150-2.jpg\" alt=\"\">\r\n          <\/div>\r\n    <div>\r\n      <h2>B\u0105d\u017a coraz lepszy!<\/h2><p>Lata\u0142e\u015b ju\u017c w tunelu i chcesz wi\u0119cej? A mo\u017ce jeste\u015b skoczkiem spadochronowym i potrzebujesz podszkoli\u0107 swoje umiej\u0119tno\u015bci? Flyspot to miejsce, w kt\u00f3rym spotykaj\u0105 si\u0119 profesjonali\u015bci, ucz\u0105c si\u0119 wci\u0105\u017c wi\u0119cej i wi\u0119cej. Tu ka\u017cdy odkrywa, \u017ce granice naszych mo\u017cliwo\u015bci mo\u017cna dowolnie przesuwa\u0107, a niemo\u017cliwe nie istnieje. Nasza oferta dla profesjonalist\u00f3w to ta\u0144sze pakiety czasu tunelowego i atrakcyjne promocje. Dla os\u00f3b potrzebuj\u0105cych noclegu i posi\u0142k\u00f3w mamy r\u00f3wnie\u017c pakiety All Inclusive. \r\nPrzekonaj si\u0119 sam! \r\n<\/p>    <\/div>\r\n  <\/div>\r\n<\/div><!-- block -->\r\n\n\n<div id=\"for-whom-block_a74b227f7dd35370e7a08132e2a44016\" class=\"for-whom-block\">\r\n  <div class=\"row container\">\r\n    <div class=\"hub\"><a page-id=\"702\" href=\"https:\/\/www.flyspot.com\/pl\/nasze-atrakcje\/tunel-flyspot\/oferta-dla-profesjonalistow\/campy-we-flyspot\/kalendarz\/\" lazy class=\"lazy-css\" style=\"background-image:url('https:\/\/www.flyspot.com\/wp-content\/uploads\/2020\/08\/atrakcje2.jpg')\"><strong>Kalendarz wydarze\u0144<\/strong><span>SPRAWD\u0179 WI\u0118CEJ<\/span><\/a><a page-id=\"18201\" href=\"https:\/\/www.flyspot.com\/pl\/cennik\/\" lazy class=\"lazy-css\" style=\"background-image:url('https:\/\/www.flyspot.com\/wp-content\/uploads\/2021\/01\/BlackFriday_EDIT_DSC1237_sRGB_v2.jpg')\"><strong>Tunel aerodynamiczny &#8211; Cennik<\/strong><span>SPRAWD\u0179 WI\u0118CEJ<\/span><\/a><a page-id=\"5793\" href=\"https:\/\/www.flyspot.com\/pl\/nasze-atrakcje\/tunel-flyspot\/oferta-dla-profesjonalistow\/pakiety-dla-proflyerow\/\" lazy class=\"lazy-css\" style=\"background-image:url('https:\/\/www.flyspot.com\/wp-content\/uploads\/2020\/09\/AgaLukasz_All_TealOrange_2020_HQ-0157-1.jpg')\"><strong>Pakiety dla PRO<\/strong><span>SPRAWD\u0179 WI\u0118CEJ<\/span><\/a><a page-id=\"5521\" href=\"https:\/\/www.flyspot.com\/pl\/nasze-atrakcje\/tunel-flyspot\/oferta-dla-profesjonalistow\/zawody-we-flyspot\/\" lazy class=\"lazy-css\" style=\"background-image:url('https:\/\/www.flyspot.com\/wp-content\/uploads\/2020\/09\/Scramble_KATO_lis_2018-7105.jpg')\"><strong>Zawody we Flyspot<\/strong><span>SPRAWD\u0179 WI\u0118CEJ<\/span><\/a><a page-id=\"3275\" href=\"https:\/\/www.flyspot.com\/pl\/nasze-atrakcje\/tunel-flyspot\/oferta-dla-profesjonalistow\/campy-we-flyspot\/\" lazy class=\"lazy-css\" style=\"background-image:url('https:\/\/www.flyspot.com\/wp-content\/uploads\/2020\/09\/Columbia_all-inclusive_2018-116-1-e1601457534695.jpg')\"><strong>Campy we Flyspot<\/strong><span>SPRAWD\u0179 WI\u0118CEJ<\/span><\/a><a page-id=\"15088\" href=\"https:\/\/www.flyspot.com\/pl\/nasze-atrakcje\/tunel-flyspot\/oferta-dla-profesjonalistow\/kursy-instruktorskie\/\" lazy class=\"lazy-css\" style=\"background-image:url('https:\/\/www.flyspot.com\/wp-content\/uploads\/2021\/01\/FT_Nov_2020-9157.jpg')\"><strong>Kursy instruktorskie<\/strong><span>SPRAWD\u0179 WI\u0118CEJ<\/span><\/a><\/div>  <\/div>\r\n<\/div><!-- block -->\r\n\n\n\n<div class=\"wp-block-group\"><div class=\"wp-block-group__inner-container is-layout-flow wp-block-group-is-layout-flow\"><div id=\"contact-person-block_f49d973a9c3e251826c070ae65088d0f\" class=\"contact-person-block\">\r\n  <div class=\"container\">\r\n    <h2 class=\"title\">Masz pytania dotycz\u0105ce oferty lub problem z kredytem na koncie? Napisz!<\/h2>  <\/div>\r\n  <div class=\"row outer-container\">\r\n    <div class=\"container\">\r\n      <div class=\"image-wrap\"><img decoding=\"async\" lazy src=\"data:image\/gif;base64,R0lGODlhAQABAAD\/ACwAAAAAAQABAAACADs%3D\" data-src=\"https:\/\/www.flyspot.com\/wp-content\/uploads\/2026\/03\/Ola_Krowiak_Flyspot_Katowice.png\" alt=\"Ola Krowiak Flyspot Katowice\"><\/div>\r\n      <div class=\"text-wrap\">\r\n        <strong>Ola Krowiak<\/strong>        <p class=\"role\">Koordynator ds. PRO<\/p>        <div class=\"contact-list\">            <span>email:<\/span>\r\n            <span><a href=\"mailto:pro@flyspot.com\">pro@flyspot.com<\/a><\/span><br>\r\n          <\/div>        <p class=\"text\">Je\u015bli masz jakie\u015b pytania dotycz\u0105ce Twojego konta, posiadanych pakiet\u00f3w<br>lub rezerwacji, zapraszamy do kontaktu z Ol\u0105:)<br>Pami\u0119taj, by poda\u0107 w mailu numer rezerwacji (je\u015bli o ni\u0105 pytasz) oraz adres mailowy,<Br>na jaki masz za\u0142o\u017cone konto w serwisie Flyspot. <\/p><a class=\"btn\" href=\"https:\/\/cs.flyspot.com\/flyspot\/offers\/pro\" target=\"_blank\"><span>Zobacz ofert\u0119<\/span><\/a>      <\/div>\r\n    <\/div>\r\n  <\/div>\r\n<\/div><!-- block -->\r\n<\/div><\/div>\n","protected":false},"excerpt":{"rendered":"","protected":false},"author":1,"featured_media":3685,"parent":418,"menu_order":3,"comment_status":"closed","ping_status":"closed","template":"","meta":{"_acf_changed":false,"footnotes":""},"class_list":["post-6150","page","type-page","status-publish","has-post-thumbnail","hentry"],"acf":[],"yoast_head":"<!-- This site is optimized with the Yoast SEO plugin v27.3 - https:\/\/yoast.com\/product\/yoast-seo-wordpress\/ -->\n<title>Oferta dla profesjonalist\u00f3w - ZAREZERWUJ PAKIET ODPOWIEDNI DLA CIEBIE!<\/title>\n<meta name=\"robots\" content=\"index, follow, max-snippet:-1, max-image-preview:large, max-video-preview:-1\" \/>\n<link rel=\"canonical\" href=\"https:\/\/www.flyspot.com\/pl\/nasze-atrakcje\/tunel-flyspot\/oferta-dla-profesjonalistow\/\" \/>\n<meta property=\"og:locale\" content=\"pl_PL\" \/>\n<meta property=\"og:type\" content=\"article\" \/>\n<meta property=\"og:title\" content=\"Oferta dla profesjonalist\u00f3w - ZAREZERWUJ PAKIET ODPOWIEDNI DLA CIEBIE!\" \/>\n<meta property=\"og:url\" content=\"https:\/\/www.flyspot.com\/pl\/nasze-atrakcje\/tunel-flyspot\/oferta-dla-profesjonalistow\/\" \/>\n<meta property=\"og:site_name\" content=\"ZAREZERWUJ PAKIET ODPOWIEDNI DLA CIEBIE!\" \/>\n<meta property=\"article:modified_time\" content=\"2026-03-26T10:52:41+00:00\" \/>\n<meta property=\"og:image\" content=\"https:\/\/www.flyspot.com\/wp-content\/uploads\/2020\/09\/AgaLukasz_All_TealOrange_2020_HQ-0150-2-1.jpg\" \/>\n\t<meta property=\"og:image:width\" content=\"1070\" \/>\n\t<meta property=\"og:image:height\" content=\"600\" \/>\n\t<meta property=\"og:image:type\" content=\"image\/jpeg\" \/>\n<meta name=\"twitter:card\" content=\"summary_large_image\" \/>\n<script type=\"application\/ld+json\" class=\"yoast-schema-graph\">{\"@context\":\"https:\\\/\\\/schema.org\",\"@graph\":[{\"@type\":\"WebPage\",\"@id\":\"https:\\\/\\\/www.flyspot.com\\\/pl\\\/nasze-atrakcje\\\/tunel-flyspot\\\/oferta-dla-profesjonalistow\\\/\",\"url\":\"https:\\\/\\\/www.flyspot.com\\\/pl\\\/nasze-atrakcje\\\/tunel-flyspot\\\/oferta-dla-profesjonalistow\\\/\",\"name\":\"Oferta dla profesjonalist\u00f3w - ZAREZERWUJ PAKIET ODPOWIEDNI DLA CIEBIE!\",\"isPartOf\":{\"@id\":\"https:\\\/\\\/www.flyspot.com\\\/pl\\\/#website\"},\"primaryImageOfPage\":{\"@id\":\"https:\\\/\\\/www.flyspot.com\\\/pl\\\/nasze-atrakcje\\\/tunel-flyspot\\\/oferta-dla-profesjonalistow\\\/#primaryimage\"},\"image\":{\"@id\":\"https:\\\/\\\/www.flyspot.com\\\/pl\\\/nasze-atrakcje\\\/tunel-flyspot\\\/oferta-dla-profesjonalistow\\\/#primaryimage\"},\"thumbnailUrl\":\"https:\\\/\\\/www.flyspot.com\\\/wp-content\\\/uploads\\\/2020\\\/09\\\/AgaLukasz_All_TealOrange_2020_HQ-0150-2-1.jpg\",\"datePublished\":\"2020-10-05T08:52:51+00:00\",\"dateModified\":\"2026-03-26T10:52:41+00:00\",\"breadcrumb\":{\"@id\":\"https:\\\/\\\/www.flyspot.com\\\/pl\\\/nasze-atrakcje\\\/tunel-flyspot\\\/oferta-dla-profesjonalistow\\\/#breadcrumb\"},\"inLanguage\":\"pl-PL\",\"potentialAction\":[{\"@type\":\"ReadAction\",\"target\":[\"https:\\\/\\\/www.flyspot.com\\\/pl\\\/nasze-atrakcje\\\/tunel-flyspot\\\/oferta-dla-profesjonalistow\\\/\"]}]},{\"@type\":\"ImageObject\",\"inLanguage\":\"pl-PL\",\"@id\":\"https:\\\/\\\/www.flyspot.com\\\/pl\\\/nasze-atrakcje\\\/tunel-flyspot\\\/oferta-dla-profesjonalistow\\\/#primaryimage\",\"url\":\"https:\\\/\\\/www.flyspot.com\\\/wp-content\\\/uploads\\\/2020\\\/09\\\/AgaLukasz_All_TealOrange_2020_HQ-0150-2-1.jpg\",\"contentUrl\":\"https:\\\/\\\/www.flyspot.com\\\/wp-content\\\/uploads\\\/2020\\\/09\\\/AgaLukasz_All_TealOrange_2020_HQ-0150-2-1.jpg\",\"width\":1070,\"height\":600},{\"@type\":\"BreadcrumbList\",\"@id\":\"https:\\\/\\\/www.flyspot.com\\\/pl\\\/nasze-atrakcje\\\/tunel-flyspot\\\/oferta-dla-profesjonalistow\\\/#breadcrumb\",\"itemListElement\":[{\"@type\":\"ListItem\",\"position\":1,\"name\":\"Strona g\u0142\u00f3wna\",\"item\":\"https:\\\/\\\/www.flyspot.com\\\/pl\\\/\"},{\"@type\":\"ListItem\",\"position\":2,\"name\":\"Nasze atrakcje\",\"item\":\"https:\\\/\\\/www.flyspot.com\\\/pl\\\/nasze-atrakcje\\\/\"},{\"@type\":\"ListItem\",\"position\":3,\"name\":\"Tunel Flyspot\",\"item\":\"https:\\\/\\\/www.flyspot.com\\\/pl\\\/nasze-atrakcje\\\/tunel-flyspot\\\/\"},{\"@type\":\"ListItem\",\"position\":4,\"name\":\"Oferta dla profesjonalist\u00f3w\"}]},{\"@type\":\"WebSite\",\"@id\":\"https:\\\/\\\/www.flyspot.com\\\/pl\\\/#website\",\"url\":\"https:\\\/\\\/www.flyspot.com\\\/pl\\\/\",\"name\":\"ZAREZERWUJ PAKIET ODPOWIEDNI DLA CIEBIE!\",\"description\":\"Tunel Aerodynamiczny, Symulator Boeinga 737, spe\u0142nij marzenia o lataniu\",\"potentialAction\":[{\"@type\":\"SearchAction\",\"target\":{\"@type\":\"EntryPoint\",\"urlTemplate\":\"https:\\\/\\\/www.flyspot.com\\\/pl\\\/?s={search_term_string}\"},\"query-input\":{\"@type\":\"PropertyValueSpecification\",\"valueRequired\":true,\"valueName\":\"search_term_string\"}}],\"inLanguage\":\"pl-PL\"}]}<\/script>\n<!-- \/ Yoast SEO plugin. -->","yoast_head_json":{"title":"Oferta dla profesjonalist\u00f3w - ZAREZERWUJ PAKIET ODPOWIEDNI DLA CIEBIE!","robots":{"index":"index","follow":"follow","max-snippet":"max-snippet:-1","max-image-preview":"max-image-preview:large","max-video-preview":"max-video-preview:-1"},"canonical":"https:\/\/www.flyspot.com\/pl\/nasze-atrakcje\/tunel-flyspot\/oferta-dla-profesjonalistow\/","og_locale":"pl_PL","og_type":"article","og_title":"Oferta dla profesjonalist\u00f3w - ZAREZERWUJ PAKIET ODPOWIEDNI DLA CIEBIE!","og_url":"https:\/\/www.flyspot.com\/pl\/nasze-atrakcje\/tunel-flyspot\/oferta-dla-profesjonalistow\/","og_site_name":"ZAREZERWUJ PAKIET ODPOWIEDNI DLA CIEBIE!","article_modified_time":"2026-03-26T10:52:41+00:00","og_image":[{"width":1070,"height":600,"url":"https:\/\/www.flyspot.com\/wp-content\/uploads\/2020\/09\/AgaLukasz_All_TealOrange_2020_HQ-0150-2-1.jpg","type":"image\/jpeg"}],"twitter_card":"summary_large_image","schema":{"@context":"https:\/\/schema.org","@graph":[{"@type":"WebPage","@id":"https:\/\/www.flyspot.com\/pl\/nasze-atrakcje\/tunel-flyspot\/oferta-dla-profesjonalistow\/","url":"https:\/\/www.flyspot.com\/pl\/nasze-atrakcje\/tunel-flyspot\/oferta-dla-profesjonalistow\/","name":"Oferta dla profesjonalist\u00f3w - ZAREZERWUJ PAKIET ODPOWIEDNI DLA CIEBIE!","isPartOf":{"@id":"https:\/\/www.flyspot.com\/pl\/#website"},"primaryImageOfPage":{"@id":"https:\/\/www.flyspot.com\/pl\/nasze-atrakcje\/tunel-flyspot\/oferta-dla-profesjonalistow\/#primaryimage"},"image":{"@id":"https:\/\/www.flyspot.com\/pl\/nasze-atrakcje\/tunel-flyspot\/oferta-dla-profesjonalistow\/#primaryimage"},"thumbnailUrl":"https:\/\/www.flyspot.com\/wp-content\/uploads\/2020\/09\/AgaLukasz_All_TealOrange_2020_HQ-0150-2-1.jpg","datePublished":"2020-10-05T08:52:51+00:00","dateModified":"2026-03-26T10:52:41+00:00","breadcrumb":{"@id":"https:\/\/www.flyspot.com\/pl\/nasze-atrakcje\/tunel-flyspot\/oferta-dla-profesjonalistow\/#breadcrumb"},"inLanguage":"pl-PL","potentialAction":[{"@type":"ReadAction","target":["https:\/\/www.flyspot.com\/pl\/nasze-atrakcje\/tunel-flyspot\/oferta-dla-profesjonalistow\/"]}]},{"@type":"ImageObject","inLanguage":"pl-PL","@id":"https:\/\/www.flyspot.com\/pl\/nasze-atrakcje\/tunel-flyspot\/oferta-dla-profesjonalistow\/#primaryimage","url":"https:\/\/www.flyspot.com\/wp-content\/uploads\/2020\/09\/AgaLukasz_All_TealOrange_2020_HQ-0150-2-1.jpg","contentUrl":"https:\/\/www.flyspot.com\/wp-content\/uploads\/2020\/09\/AgaLukasz_All_TealOrange_2020_HQ-0150-2-1.jpg","width":1070,"height":600},{"@type":"BreadcrumbList","@id":"https:\/\/www.flyspot.com\/pl\/nasze-atrakcje\/tunel-flyspot\/oferta-dla-profesjonalistow\/#breadcrumb","itemListElement":[{"@type":"ListItem","position":1,"name":"Strona g\u0142\u00f3wna","item":"https:\/\/www.flyspot.com\/pl\/"},{"@type":"ListItem","position":2,"name":"Nasze atrakcje","item":"https:\/\/www.flyspot.com\/pl\/nasze-atrakcje\/"},{"@type":"ListItem","position":3,"name":"Tunel Flyspot","item":"https:\/\/www.flyspot.com\/pl\/nasze-atrakcje\/tunel-flyspot\/"},{"@type":"ListItem","position":4,"name":"Oferta dla profesjonalist\u00f3w"}]},{"@type":"WebSite","@id":"https:\/\/www.flyspot.com\/pl\/#website","url":"https:\/\/www.flyspot.com\/pl\/","name":"ZAREZERWUJ PAKIET ODPOWIEDNI DLA CIEBIE!","description":"Tunel Aerodynamiczny, Symulator Boeinga 737, spe\u0142nij marzenia o lataniu","potentialAction":[{"@type":"SearchAction","target":{"@type":"EntryPoint","urlTemplate":"https:\/\/www.flyspot.com\/pl\/?s={search_term_string}"},"query-input":{"@type":"PropertyValueSpecification","valueRequired":true,"valueName":"search_term_string"}}],"inLanguage":"pl-PL"}]}},"_links":{"self":[{"href":"https:\/\/www.flyspot.com\/pl\/wp-json\/wp\/v2\/pages\/6150","targetHints":{"allow":["GET"]}}],"collection":[{"href":"https:\/\/www.flyspot.com\/pl\/wp-json\/wp\/v2\/pages"}],"about":[{"href":"https:\/\/www.flyspot.com\/pl\/wp-json\/wp\/v2\/types\/page"}],"author":[{"embeddable":true,"href":"https:\/\/www.flyspot.com\/pl\/wp-json\/wp\/v2\/users\/1"}],"replies":[{"embeddable":true,"href":"https:\/\/www.flyspot.com\/pl\/wp-json\/wp\/v2\/comments?post=6150"}],"version-history":[{"count":32,"href":"https:\/\/www.flyspot.com\/pl\/wp-json\/wp\/v2\/pages\/6150\/revisions"}],"predecessor-version":[{"id":43472,"href":"https:\/\/www.flyspot.com\/pl\/wp-json\/wp\/v2\/pages\/6150\/revisions\/43472"}],"up":[{"embeddable":true,"href":"https:\/\/www.flyspot.com\/pl\/wp-json\/wp\/v2\/pages\/418"}],"wp:featuredmedia":[{"embeddable":true,"href":"https:\/\/www.flyspot.com\/pl\/wp-json\/wp\/v2\/media\/3685"}],"wp:attachment":[{"href":"https:\/\/www.flyspot.com\/pl\/wp-json\/wp\/v2\/media?parent=6150"}],"curies":[{"name":"wp","href":"https:\/\/api.w.org\/{rel}","templated":true}]}}