{"id":513,"date":"2020-08-18T13:54:45","date_gmt":"2020-08-18T11:54:45","guid":{"rendered":"https:\/\/www.flyspot.com\/?page_id=513"},"modified":"2023-10-16T14:15:07","modified_gmt":"2023-10-16T12:15:07","slug":"pasja","status":"publish","type":"page","link":"https:\/\/www.flyspot.com\/pl\/jak-to-robimy\/pasja\/","title":{"rendered":"Pasja"},"content":{"rendered":"<div id=\"hero-block_799ac7aa4178f6761cba9a698e1d612d\" class=\"hero-block\">\r\n  <div class=\"row outer-container\">\r\n    <div>\r\n      <img decoding=\"async\" lazy src=\"data:image\/gif;base64,R0lGODlhAQABAAD\/ACwAAAAAAQABAAACADs%3D\" data-src=\"https:\/\/www.flyspot.com\/wp-content\/uploads\/2020\/08\/pasja.jpg\" alt=\"\">\r\n          <\/div>\r\n    <div>\r\n      <h2>zakochaj si\u0119 w lataniu<\/h2><p>Marzenia si\u0119 nie spe\u0142niaj\u0105, marzenia si\u0119 spe\u0142nia! Dlatego has\u0142o \u201emake it happen\u201d to streszczenie naszej filozofii marki. \r\nOdwa\u017c si\u0119 marzy\u0107. Odwa\u017c si\u0119 wyrazi\u0107 swoje marzenia, a zaraz potem spe\u0142niaj je, jedno za drugim.\r\nFlyspot to miejsce, gdzie kumuluj\u0105 si\u0119 pozytywne emocje. A one przyci\u0105gaj\u0105 pozytywnych ludzi. Ka\u017cdy, kto przychodzi tu lata\u0107, do\u015bwiadcza niespotykanej rado\u015bci i na w\u0142asnej sk\u00f3rze przekonuje si\u0119, \u017ce wszystko jest mo\u017cliwe. Niewa\u017cne, czy przychodzisz do nas lata\u0107 po raz pierwszy, czy latasz ju\u017c regularnie. We Flyspocie  niemo\u017cliwe nie istnieje, bo nap\u0119dza nas niewyczerpana energia naszej pasji. \r\nPrzekonaj si\u0119 i Ty. Make it happen!\r\n<\/p>    <\/div>\r\n  <\/div>\r\n<\/div><!-- block -->\r\n\n\n<div id=\"fancy-display-block_6afa5aff87a5599a134da501fdb0456b\" class=\"fancy-display-block\">\r\n  <div class=\"row container\">\r\n    <div>\r\n      <div class=\"text-container\">\r\n                  <h2 class=\"title\">wsparcie sportowc\u00f3w<\/h2>\r\n                          <p>Indoor skydiving to do\u015b\u0107 m\u0142oda dyscyplina sportowa, a warszawski Flyspot by\u0142 w pierwszym tunelem aerodynamicznym w Polsce. Nic wi\u0119c dziwnego, \u017ce jeste\u015bmy nies\u0142ychanie dumni z naszych m\u0142odych sportowc\u00f3w, kt\u00f3rzy w ci\u0105gu kilku lat trening\u00f3w osi\u0105gn\u0119li poziom plasuj\u0105cy ich w \u015bwiatowej czo\u0142\u00f3wce. We Flyspot regularnie trenuje m.in. wsp\u00f3\u0142pracuj\u0105ca z Red Bull Maja Kuczy\u0144ska, wicemistrzyni \u015bwiata we freestyle&#8217;u. Mo\u017cecie tu spotka\u0107 te\u017c Andrzeja So\u0142tyka, jednego z najm\u0142odszych zawodnik\u00f3w na \u015bwiecie, zdobywc\u0119 a\u017c 22 medali w najwy\u017cszych kategoriach w najtrudniejszych zawodach tunelowych na \u015bwiecie (w tym z\u0142ota w kategorii speed) oraz jego utalentowanego koleg\u0119 z teamu Flyspot Vipers, Maxa Martina &#8211; na co dzie\u0144 naszego instruktora we Flyspot Katowice. <\/p>\r\n        <div class=\"buttons\"><a href=\"#\" target=\"_self\">dowiedz si\u0119 wi\u0119cej<\/a><\/div>      <\/div>\r\n      <div>\r\n        <img decoding=\"async\" lazy src=\"data:image\/gif;base64,R0lGODlhAQABAAD\/ACwAAAAAAQABAAACADs%3D\" data-src=\"https:\/\/www.flyspot.com\/wp-content\/uploads\/2020\/08\/pasja1.jpg\" alt=\"\">\r\n      <\/div>\r\n    <\/div>\r\n    <div>\r\n      <div>\r\n        <img decoding=\"async\" lazy src=\"data:image\/gif;base64,R0lGODlhAQABAAD\/ACwAAAAAAQABAAACADs%3D\" data-src=\"https:\/\/www.flyspot.com\/wp-content\/uploads\/2020\/08\/pasja2.jpg\" alt=\"\">\r\n      <\/div>\r\n              <div class=\"text-container\">\r\n          <h2 class=\"title\">dzia\u0142ania spo\u0142eczne<\/h2>\r\n                    <p>Nie jeste\u015bmy wielk\u0105 korporacj\u0105, ale uwielbiamy pomaga\u0107 \ud83d\ude42 Rzadko si\u0119 tym chwalimy, ale od czasu do czasu zapraszamy do siebie dzieci z dom\u00f3w dziecka, \u015bwietlic \u015brodowiskowych lub po prostu takich, kt\u00f3re nie mia\u0142yby szans spr\u00f3bowa\u0107 latania bez naszej pomocnej d\u0142oni w ich kierunku. Je\u015bli wiesz, \u017ce gdzie\u015b s\u0105 ludzie potrzebuj\u0105cy oderwania si\u0119 od codziennych problem\u00f3w i z nasz\u0105 pomoc\u0105 ich \u017cycie mo\u017ce sta\u0107 si\u0119 odrobin\u0119 lepsze, daj nam po prostu o tym zna\u0107. <\/p>\r\n          <div class=\"buttons\"><a href=\"https:\/\/www.flyspot.com\/kontakt\/\" target=\"_self\">dowiedz si\u0119 wi\u0119cej<\/a><\/div>        <\/div>\r\n          <\/div>\r\n  <\/div>\r\n<\/div><!-- block -->\r\n\n\n\n<figure class=\"wp-block-gallery has-nested-images columns-default is-cropped wp-block-gallery-1 is-layout-flex wp-block-gallery-is-layout-flex\">\n<figure class=\"wp-block-image size-large\"><img decoding=\"async\" width=\"724\" height=\"724\" data-id=\"25446\" src=\"https:\/\/www.flyspot.com\/wp-content\/uploads\/2023\/10\/pro.jpg\" alt=\"\" class=\"wp-image-25446\" srcset=\"https:\/\/www.flyspot.com\/wp-content\/uploads\/2023\/10\/pro.jpg 724w, https:\/\/www.flyspot.com\/wp-content\/uploads\/2023\/10\/pro-300x300.jpg 300w, https:\/\/www.flyspot.com\/wp-content\/uploads\/2023\/10\/pro-150x150.jpg 150w\" sizes=\"(max-width: 724px) 100vw, 724px\" \/><\/figure>\n\n\n\n<figure class=\"wp-block-image size-large\"><img decoding=\"async\" width=\"724\" height=\"724\" data-id=\"25431\" src=\"https:\/\/www.flyspot.com\/wp-content\/uploads\/2023\/10\/para.jpg\" alt=\"\" class=\"wp-image-25431\" srcset=\"https:\/\/www.flyspot.com\/wp-content\/uploads\/2023\/10\/para.jpg 724w, https:\/\/www.flyspot.com\/wp-content\/uploads\/2023\/10\/para-300x300.jpg 300w, https:\/\/www.flyspot.com\/wp-content\/uploads\/2023\/10\/para-150x150.jpg 150w\" sizes=\"(max-width: 724px) 100vw, 724px\" \/><\/figure>\n\n\n\n<figure class=\"wp-block-image size-large\"><img decoding=\"async\" width=\"724\" height=\"724\" data-id=\"25453\" src=\"https:\/\/www.flyspot.com\/wp-content\/uploads\/2023\/10\/kazdy.jpg\" alt=\"\" class=\"wp-image-25453\" srcset=\"https:\/\/www.flyspot.com\/wp-content\/uploads\/2023\/10\/kazdy.jpg 724w, https:\/\/www.flyspot.com\/wp-content\/uploads\/2023\/10\/kazdy-300x300.jpg 300w, https:\/\/www.flyspot.com\/wp-content\/uploads\/2023\/10\/kazdy-150x150.jpg 150w\" sizes=\"(max-width: 724px) 100vw, 724px\" \/><\/figure>\n\n\n\n<figure class=\"wp-block-image size-large\"><img decoding=\"async\" width=\"724\" height=\"724\" data-id=\"25440\" src=\"https:\/\/www.flyspot.com\/wp-content\/uploads\/2023\/10\/dziadek.jpg\" alt=\"\" class=\"wp-image-25440\" srcset=\"https:\/\/www.flyspot.com\/wp-content\/uploads\/2023\/10\/dziadek.jpg 724w, https:\/\/www.flyspot.com\/wp-content\/uploads\/2023\/10\/dziadek-300x300.jpg 300w, https:\/\/www.flyspot.com\/wp-content\/uploads\/2023\/10\/dziadek-150x150.jpg 150w\" sizes=\"(max-width: 724px) 100vw, 724px\" \/><\/figure>\n\n\n\n<figure class=\"wp-block-image size-large\"><img decoding=\"async\" width=\"724\" height=\"724\" data-id=\"25461\" src=\"https:\/\/www.flyspot.com\/wp-content\/uploads\/2023\/10\/grupa.jpg\" alt=\"\" class=\"wp-image-25461\" srcset=\"https:\/\/www.flyspot.com\/wp-content\/uploads\/2023\/10\/grupa.jpg 724w, https:\/\/www.flyspot.com\/wp-content\/uploads\/2023\/10\/grupa-300x300.jpg 300w, https:\/\/www.flyspot.com\/wp-content\/uploads\/2023\/10\/grupa-150x150.jpg 150w\" sizes=\"(max-width: 724px) 100vw, 724px\" \/><\/figure>\n\n\n\n<figure class=\"wp-block-image size-large\"><img decoding=\"async\" width=\"724\" height=\"724\" data-id=\"25436\" src=\"https:\/\/www.flyspot.com\/wp-content\/uploads\/2023\/10\/kids.jpg\" alt=\"\" class=\"wp-image-25436\" srcset=\"https:\/\/www.flyspot.com\/wp-content\/uploads\/2023\/10\/kids.jpg 724w, https:\/\/www.flyspot.com\/wp-content\/uploads\/2023\/10\/kids-300x300.jpg 300w, https:\/\/www.flyspot.com\/wp-content\/uploads\/2023\/10\/kids-150x150.jpg 150w\" sizes=\"(max-width: 724px) 100vw, 724px\" \/><\/figure>\n\n\n\n<figure class=\"wp-block-image size-large\"><img decoding=\"async\" width=\"1024\" height=\"530\" data-id=\"25447\" src=\"https:\/\/www.flyspot.com\/wp-content\/uploads\/2023\/10\/dziewczyna-1024x530.png\" alt=\"\" class=\"wp-image-25447\" srcset=\"https:\/\/www.flyspot.com\/wp-content\/uploads\/2023\/10\/dziewczyna-1024x530.png 1024w, https:\/\/www.flyspot.com\/wp-content\/uploads\/2023\/10\/dziewczyna-300x155.png 300w, https:\/\/www.flyspot.com\/wp-content\/uploads\/2023\/10\/dziewczyna-150x78.png 150w, https:\/\/www.flyspot.com\/wp-content\/uploads\/2023\/10\/dziewczyna-768x398.png 768w, https:\/\/www.flyspot.com\/wp-content\/uploads\/2023\/10\/dziewczyna.png 1290w\" sizes=\"(max-width: 1024px) 100vw, 1024px\" \/><\/figure>\n<\/figure>\n\n\n<div id=\"internal-links-block_a91e890e8af964686d72cfffb5e0300d\" class=\"internal-links-block\">\r\n  <div class=\"row container\">\r\n    <h2>Wi\u0119cej o Flyspot<\/h2>        <ul>          <li>\r\n            <a href=\"https:\/\/www.flyspot.com\/pl\/jak-to-robimy\/technologia\/\">\r\n              <strong>technologia<\/strong>\r\n            <\/a>\r\n          <\/li>\r\n                  <li>\r\n            <a href=\"https:\/\/www.flyspot.com\/pl\/jak-to-robimy\/zespol\/\">\r\n              <strong>ludzie<\/strong>\r\n            <\/a>\r\n          <\/li>\r\n        <\/ul>  <\/div>\r\n<\/div><!-- block -->\r\n","protected":false},"excerpt":{"rendered":"","protected":false},"author":1,"featured_media":514,"parent":504,"menu_order":1,"comment_status":"closed","ping_status":"closed","template":"","meta":{"_acf_changed":false,"footnotes":""},"class_list":["post-513","page","type-page","status-publish","has-post-thumbnail","hentry"],"acf":[],"yoast_head":"<!-- This site is optimized with the Yoast SEO plugin v27.3 - https:\/\/yoast.com\/product\/yoast-seo-wordpress\/ -->\n<title>Pasja - ZAREZERWUJ PAKIET ODPOWIEDNI DLA CIEBIE!<\/title>\n<meta name=\"robots\" content=\"index, follow, max-snippet:-1, max-image-preview:large, max-video-preview:-1\" \/>\n<link rel=\"canonical\" href=\"https:\/\/www.flyspot.com\/pl\/jak-to-robimy\/pasja\/\" \/>\n<meta property=\"og:locale\" content=\"pl_PL\" \/>\n<meta property=\"og:type\" content=\"article\" \/>\n<meta property=\"og:title\" content=\"Pasja - ZAREZERWUJ PAKIET ODPOWIEDNI DLA CIEBIE!\" \/>\n<meta property=\"og:url\" content=\"https:\/\/www.flyspot.com\/pl\/jak-to-robimy\/pasja\/\" \/>\n<meta property=\"og:site_name\" content=\"ZAREZERWUJ PAKIET ODPOWIEDNI DLA CIEBIE!\" \/>\n<meta property=\"article:modified_time\" content=\"2023-10-16T12:15:07+00:00\" \/>\n<meta property=\"og:image\" content=\"https:\/\/www.flyspot.com\/wp-content\/uploads\/2020\/08\/pasja.jpg\" \/>\n\t<meta property=\"og:image:width\" content=\"1305\" \/>\n\t<meta property=\"og:image:height\" content=\"570\" \/>\n\t<meta property=\"og:image:type\" content=\"image\/jpeg\" \/>\n<meta name=\"twitter:card\" content=\"summary_large_image\" \/>\n<script type=\"application\/ld+json\" class=\"yoast-schema-graph\">{\"@context\":\"https:\\\/\\\/schema.org\",\"@graph\":[{\"@type\":\"WebPage\",\"@id\":\"https:\\\/\\\/www.flyspot.com\\\/pl\\\/jak-to-robimy\\\/pasja\\\/\",\"url\":\"https:\\\/\\\/www.flyspot.com\\\/pl\\\/jak-to-robimy\\\/pasja\\\/\",\"name\":\"Pasja - ZAREZERWUJ PAKIET ODPOWIEDNI DLA CIEBIE!\",\"isPartOf\":{\"@id\":\"https:\\\/\\\/www.flyspot.com\\\/pl\\\/#website\"},\"primaryImageOfPage\":{\"@id\":\"https:\\\/\\\/www.flyspot.com\\\/pl\\\/jak-to-robimy\\\/pasja\\\/#primaryimage\"},\"image\":{\"@id\":\"https:\\\/\\\/www.flyspot.com\\\/pl\\\/jak-to-robimy\\\/pasja\\\/#primaryimage\"},\"thumbnailUrl\":\"https:\\\/\\\/www.flyspot.com\\\/wp-content\\\/uploads\\\/2020\\\/08\\\/pasja.jpg\",\"datePublished\":\"2020-08-18T11:54:45+00:00\",\"dateModified\":\"2023-10-16T12:15:07+00:00\",\"breadcrumb\":{\"@id\":\"https:\\\/\\\/www.flyspot.com\\\/pl\\\/jak-to-robimy\\\/pasja\\\/#breadcrumb\"},\"inLanguage\":\"pl-PL\",\"potentialAction\":[{\"@type\":\"ReadAction\",\"target\":[\"https:\\\/\\\/www.flyspot.com\\\/pl\\\/jak-to-robimy\\\/pasja\\\/\"]}]},{\"@type\":\"ImageObject\",\"inLanguage\":\"pl-PL\",\"@id\":\"https:\\\/\\\/www.flyspot.com\\\/pl\\\/jak-to-robimy\\\/pasja\\\/#primaryimage\",\"url\":\"https:\\\/\\\/www.flyspot.com\\\/wp-content\\\/uploads\\\/2020\\\/08\\\/pasja.jpg\",\"contentUrl\":\"https:\\\/\\\/www.flyspot.com\\\/wp-content\\\/uploads\\\/2020\\\/08\\\/pasja.jpg\",\"width\":1305,\"height\":570},{\"@type\":\"BreadcrumbList\",\"@id\":\"https:\\\/\\\/www.flyspot.com\\\/pl\\\/jak-to-robimy\\\/pasja\\\/#breadcrumb\",\"itemListElement\":[{\"@type\":\"ListItem\",\"position\":1,\"name\":\"Strona g\u0142\u00f3wna\",\"item\":\"https:\\\/\\\/www.flyspot.com\\\/pl\\\/\"},{\"@type\":\"ListItem\",\"position\":2,\"name\":\"Jak to robimy\",\"item\":\"https:\\\/\\\/www.flyspot.com\\\/pl\\\/jak-to-robimy\\\/\"},{\"@type\":\"ListItem\",\"position\":3,\"name\":\"Pasja\"}]},{\"@type\":\"WebSite\",\"@id\":\"https:\\\/\\\/www.flyspot.com\\\/pl\\\/#website\",\"url\":\"https:\\\/\\\/www.flyspot.com\\\/pl\\\/\",\"name\":\"ZAREZERWUJ PAKIET ODPOWIEDNI DLA CIEBIE!\",\"description\":\"Tunel Aerodynamiczny, Symulator Boeinga 737, spe\u0142nij marzenia o lataniu\",\"potentialAction\":[{\"@type\":\"SearchAction\",\"target\":{\"@type\":\"EntryPoint\",\"urlTemplate\":\"https:\\\/\\\/www.flyspot.com\\\/pl\\\/?s={search_term_string}\"},\"query-input\":{\"@type\":\"PropertyValueSpecification\",\"valueRequired\":true,\"valueName\":\"search_term_string\"}}],\"inLanguage\":\"pl-PL\"}]}<\/script>\n<!-- \/ Yoast SEO plugin. -->","yoast_head_json":{"title":"Pasja - ZAREZERWUJ PAKIET ODPOWIEDNI DLA CIEBIE!","robots":{"index":"index","follow":"follow","max-snippet":"max-snippet:-1","max-image-preview":"max-image-preview:large","max-video-preview":"max-video-preview:-1"},"canonical":"https:\/\/www.flyspot.com\/pl\/jak-to-robimy\/pasja\/","og_locale":"pl_PL","og_type":"article","og_title":"Pasja - ZAREZERWUJ PAKIET ODPOWIEDNI DLA CIEBIE!","og_url":"https:\/\/www.flyspot.com\/pl\/jak-to-robimy\/pasja\/","og_site_name":"ZAREZERWUJ PAKIET ODPOWIEDNI DLA CIEBIE!","article_modified_time":"2023-10-16T12:15:07+00:00","og_image":[{"width":1305,"height":570,"url":"https:\/\/www.flyspot.com\/wp-content\/uploads\/2020\/08\/pasja.jpg","type":"image\/jpeg"}],"twitter_card":"summary_large_image","schema":{"@context":"https:\/\/schema.org","@graph":[{"@type":"WebPage","@id":"https:\/\/www.flyspot.com\/pl\/jak-to-robimy\/pasja\/","url":"https:\/\/www.flyspot.com\/pl\/jak-to-robimy\/pasja\/","name":"Pasja - ZAREZERWUJ PAKIET ODPOWIEDNI DLA CIEBIE!","isPartOf":{"@id":"https:\/\/www.flyspot.com\/pl\/#website"},"primaryImageOfPage":{"@id":"https:\/\/www.flyspot.com\/pl\/jak-to-robimy\/pasja\/#primaryimage"},"image":{"@id":"https:\/\/www.flyspot.com\/pl\/jak-to-robimy\/pasja\/#primaryimage"},"thumbnailUrl":"https:\/\/www.flyspot.com\/wp-content\/uploads\/2020\/08\/pasja.jpg","datePublished":"2020-08-18T11:54:45+00:00","dateModified":"2023-10-16T12:15:07+00:00","breadcrumb":{"@id":"https:\/\/www.flyspot.com\/pl\/jak-to-robimy\/pasja\/#breadcrumb"},"inLanguage":"pl-PL","potentialAction":[{"@type":"ReadAction","target":["https:\/\/www.flyspot.com\/pl\/jak-to-robimy\/pasja\/"]}]},{"@type":"ImageObject","inLanguage":"pl-PL","@id":"https:\/\/www.flyspot.com\/pl\/jak-to-robimy\/pasja\/#primaryimage","url":"https:\/\/www.flyspot.com\/wp-content\/uploads\/2020\/08\/pasja.jpg","contentUrl":"https:\/\/www.flyspot.com\/wp-content\/uploads\/2020\/08\/pasja.jpg","width":1305,"height":570},{"@type":"BreadcrumbList","@id":"https:\/\/www.flyspot.com\/pl\/jak-to-robimy\/pasja\/#breadcrumb","itemListElement":[{"@type":"ListItem","position":1,"name":"Strona g\u0142\u00f3wna","item":"https:\/\/www.flyspot.com\/pl\/"},{"@type":"ListItem","position":2,"name":"Jak to robimy","item":"https:\/\/www.flyspot.com\/pl\/jak-to-robimy\/"},{"@type":"ListItem","position":3,"name":"Pasja"}]},{"@type":"WebSite","@id":"https:\/\/www.flyspot.com\/pl\/#website","url":"https:\/\/www.flyspot.com\/pl\/","name":"ZAREZERWUJ PAKIET ODPOWIEDNI DLA CIEBIE!","description":"Tunel Aerodynamiczny, Symulator Boeinga 737, spe\u0142nij marzenia o lataniu","potentialAction":[{"@type":"SearchAction","target":{"@type":"EntryPoint","urlTemplate":"https:\/\/www.flyspot.com\/pl\/?s={search_term_string}"},"query-input":{"@type":"PropertyValueSpecification","valueRequired":true,"valueName":"search_term_string"}}],"inLanguage":"pl-PL"}]}},"_links":{"self":[{"href":"https:\/\/www.flyspot.com\/pl\/wp-json\/wp\/v2\/pages\/513","targetHints":{"allow":["GET"]}}],"collection":[{"href":"https:\/\/www.flyspot.com\/pl\/wp-json\/wp\/v2\/pages"}],"about":[{"href":"https:\/\/www.flyspot.com\/pl\/wp-json\/wp\/v2\/types\/page"}],"author":[{"embeddable":true,"href":"https:\/\/www.flyspot.com\/pl\/wp-json\/wp\/v2\/users\/1"}],"replies":[{"embeddable":true,"href":"https:\/\/www.flyspot.com\/pl\/wp-json\/wp\/v2\/comments?post=513"}],"version-history":[{"count":66,"href":"https:\/\/www.flyspot.com\/pl\/wp-json\/wp\/v2\/pages\/513\/revisions"}],"predecessor-version":[{"id":25468,"href":"https:\/\/www.flyspot.com\/pl\/wp-json\/wp\/v2\/pages\/513\/revisions\/25468"}],"up":[{"embeddable":true,"href":"https:\/\/www.flyspot.com\/pl\/wp-json\/wp\/v2\/pages\/504"}],"wp:featuredmedia":[{"embeddable":true,"href":"https:\/\/www.flyspot.com\/pl\/wp-json\/wp\/v2\/media\/514"}],"wp:attachment":[{"href":"https:\/\/www.flyspot.com\/pl\/wp-json\/wp\/v2\/media?parent=513"}],"curies":[{"name":"wp","href":"https:\/\/api.w.org\/{rel}","templated":true}]}}