{"id":4854,"date":"2020-09-19T22:01:47","date_gmt":"2020-09-19T20:01:47","guid":{"rendered":"https:\/\/www.flyspot.com\/?page_id=4854"},"modified":"2023-09-29T09:58:23","modified_gmt":"2023-09-29T07:58:23","slug":"dostawa-i-platnosc","status":"publish","type":"page","link":"https:\/\/www.flyspot.com\/pl\/dostawa-i-platnosc\/","title":{"rendered":"Dostawa i p\u0142atno\u015b\u0107"},"content":{"rendered":"\n<p>Produkty FLYSPOT szybko i bezpiecznie trafi\u0105 do Ciebie przywiezione prosto pod drzwi. Ty zamawiasz, op\u0142acasz zam\u00f3wienie, a my zwinnie pakujemy Twoje produkty i przekazujemy mi\u0142emu kurierowi z DPD lub InPost. Paczka rozpoczyna b\u0142yskawiczn\u0105, ale jak najbardziej bezpieczn\u0105 podr\u00f3\u017c<\/p>\n\n\n\n<h2 class=\"has-text-align-center wp-block-heading\">Jaki jest czas dostawy?<\/h2>\n\n\n\n<p>Najszybszy z mo\u017cliwych \u2013 maksymalnie 5 dni roboczych od zaksi\u0119gowania Twojej wp\u0142aty. Vouchery elektroniczne dotr\u0105 do Ciebie b\u0142yskawicznie. Znajdziesz je w swojej skrzynce w ci\u0105gu max. 20 minut<\/p>\n\n\n\n<h2 class=\"has-text-align-center wp-block-heading\">Cztery formy dostawy!<\/h2>\n\n\n\n<p>Zale\u017cy nam na&nbsp;<strong>Twoim zadowoleniu<\/strong>!<br>Testowali\u015bmy ju\u017c r\u00f3\u017cne opcje i koniec ko\u0144c\u00f3w nasze wnikliwe testy przeszed\u0142 <strong>kurier DPD<\/strong>, <strong>Paczkomaty <\/strong>i<strong> kurier INPOST<\/strong>!<br>Co testowali\u015bmy? Szybko\u015b\u0107 dostawy, dbanie o paczk\u0119, wygod\u0119 i standard obs\u0142ugi klienta.<br>Vouchery elektroniczne dostarczymy do Ciebie jeszcze szybciej &#8211; znajdziesz je w swojej poczcie elektronicznej w ci\u0105gu kilkunastu minut od z\u0142o\u017cenia zam\u00f3wienia &#8211; bez wzgl\u0119du na por\u0119 dnia i nocy.<br>Wybierz t\u0105 form\u0119 dostawy, kt\u00f3ra jest dla Ciebie najwygodniejsza!<\/p>\n\n\n\n<h2 class=\"has-text-align-center wp-block-heading\">Jak op\u0142aci\u0107 zam\u00f3wienie?<\/h2>\n\n\n\n<p>P\u0142ac\u0105c za zakupy u nas wyobra\u017a sobie, \u017ce ju\u017c za chwil\u0119 b\u0119dziesz mia\u0142 wygodne i stylowe produkty z logo Flyspot. Od razu p\u0142atno\u015b\u0107 staje si\u0119 przyjemniejsza.\nTu znowu chcemy Ci u\u0142atwi\u0107 zadanie, dlatego rozpocz\u0119li\u015bmy wsp\u00f3\u0142prac\u0119 z DotPay \u2013 systemem, kt\u00f3ry zapewnia bezpiecze\u0144stwo i szybko\u015b\u0107 transakcji. Bez stresu, bez nudnego wype\u0142niania formularzy, po prostu kilka klik\u00f3w i ju\u017c! Takie fajne, jak nasza obs\u0142uga klienta!!<\/p>\n\n\n\n<p>A skoro ju\u017c mowa o obs\u0142udze klienta, to zawsze jeste\u015bmy do Twojej dyspozycji i ch\u0119tnie odpowiemy na wszelkie pytania i w\u0105tpliwo\u015bci. Gdy tylko si\u0119 pojawi\u0105 to dzwo\u0144 lub pisz do nas, a my szybko Ci pomo\u017cemy, doradzimy lub rozwi\u0105\u017cemy ewentualne problemy.<br> Je\u015bli wolisz zadzwoni\u0107 to prosimy na nr <a href=\"tel:698626500\">698 626 500<\/a>.<br> Z kolei je\u015bli chcesz do nas napisa\u0107, to na adres: <a href=\"mailto:sklep@flyspot.com\">sklep@flyspot.com<\/a><br> Poza tym mo\u017cesz skorzysta\u0107 te\u017c z chatu on-line, kt\u00f3ry znajduje si\u0119 w prawym dolnym rogu lub zam\u00f3wi\u0107 po\u0142\u0105czenie korzystaj\u0105c z opcji w lewym dolnym rogu.<\/p>\n","protected":false},"excerpt":{"rendered":"<p>Produkty FLYSPOT szybko i bezpiecznie trafi\u0105 do Ciebie przywiezione prosto pod drzwi. Ty zamawiasz, op\u0142acasz zam\u00f3wienie, a my zwinnie pakujemy Twoje produkty i przekazujemy mi\u0142emu kurierowi z DPD lub InPost. Paczka rozpoczyna b\u0142yskawiczn\u0105, ale jak najbardziej bezpieczn\u0105 podr\u00f3\u017c Jaki jest czas dostawy? Najszybszy z mo\u017cliwych \u2013 maksymalnie 5 dni roboczych od zaksi\u0119gowania Twojej wp\u0142aty. Vouchery [&hellip;]<\/p>\n","protected":false},"author":1,"featured_media":0,"parent":0,"menu_order":14,"comment_status":"closed","ping_status":"closed","template":"","meta":{"_acf_changed":false,"footnotes":""},"class_list":["post-4854","page","type-page","status-publish","hentry"],"acf":[],"yoast_head":"<!-- This site is optimized with the Yoast SEO plugin v27.4 - https:\/\/yoast.com\/product\/yoast-seo-wordpress\/ -->\n<title>Dostawa i p\u0142atno\u015b\u0107 - ZAREZERWUJ PAKIET ODPOWIEDNI DLA CIEBIE!<\/title>\n<meta name=\"robots\" content=\"index, follow, max-snippet:-1, max-image-preview:large, max-video-preview:-1\" \/>\n<link rel=\"canonical\" href=\"https:\/\/www.flyspot.com\/pl\/dostawa-i-platnosc\/\" \/>\n<meta property=\"og:locale\" content=\"pl_PL\" \/>\n<meta property=\"og:type\" content=\"article\" \/>\n<meta property=\"og:title\" content=\"Dostawa i p\u0142atno\u015b\u0107 - ZAREZERWUJ PAKIET ODPOWIEDNI DLA CIEBIE!\" \/>\n<meta property=\"og:description\" content=\"Produkty FLYSPOT szybko i bezpiecznie trafi\u0105 do Ciebie przywiezione prosto pod drzwi. Ty zamawiasz, op\u0142acasz zam\u00f3wienie, a my zwinnie pakujemy Twoje produkty i przekazujemy mi\u0142emu kurierowi z DPD lub InPost. Paczka rozpoczyna b\u0142yskawiczn\u0105, ale jak najbardziej bezpieczn\u0105 podr\u00f3\u017c Jaki jest czas dostawy? Najszybszy z mo\u017cliwych \u2013 maksymalnie 5 dni roboczych od zaksi\u0119gowania Twojej wp\u0142aty. Vouchery [&hellip;]\" \/>\n<meta property=\"og:url\" content=\"https:\/\/www.flyspot.com\/pl\/dostawa-i-platnosc\/\" \/>\n<meta property=\"og:site_name\" content=\"ZAREZERWUJ PAKIET ODPOWIEDNI DLA CIEBIE!\" \/>\n<meta property=\"article:modified_time\" content=\"2023-09-29T07:58:23+00:00\" \/>\n<meta name=\"twitter:card\" content=\"summary_large_image\" \/>\n<meta name=\"twitter:label1\" content=\"Szacowany czas czytania\" \/>\n\t<meta name=\"twitter:data1\" content=\"2 minuty\" \/>\n<script type=\"application\/ld+json\" class=\"yoast-schema-graph\">{\"@context\":\"https:\\\/\\\/schema.org\",\"@graph\":[{\"@type\":\"WebPage\",\"@id\":\"https:\\\/\\\/www.flyspot.com\\\/pl\\\/dostawa-i-platnosc\\\/\",\"url\":\"https:\\\/\\\/www.flyspot.com\\\/pl\\\/dostawa-i-platnosc\\\/\",\"name\":\"Dostawa i p\u0142atno\u015b\u0107 - ZAREZERWUJ PAKIET ODPOWIEDNI DLA CIEBIE!\",\"isPartOf\":{\"@id\":\"https:\\\/\\\/www.flyspot.com\\\/pl\\\/#website\"},\"datePublished\":\"2020-09-19T20:01:47+00:00\",\"dateModified\":\"2023-09-29T07:58:23+00:00\",\"breadcrumb\":{\"@id\":\"https:\\\/\\\/www.flyspot.com\\\/pl\\\/dostawa-i-platnosc\\\/#breadcrumb\"},\"inLanguage\":\"pl-PL\",\"potentialAction\":[{\"@type\":\"ReadAction\",\"target\":[\"https:\\\/\\\/www.flyspot.com\\\/pl\\\/dostawa-i-platnosc\\\/\"]}]},{\"@type\":\"BreadcrumbList\",\"@id\":\"https:\\\/\\\/www.flyspot.com\\\/pl\\\/dostawa-i-platnosc\\\/#breadcrumb\",\"itemListElement\":[{\"@type\":\"ListItem\",\"position\":1,\"name\":\"Strona g\u0142\u00f3wna\",\"item\":\"https:\\\/\\\/www.flyspot.com\\\/pl\\\/\"},{\"@type\":\"ListItem\",\"position\":2,\"name\":\"Dostawa i p\u0142atno\u015b\u0107\"}]},{\"@type\":\"WebSite\",\"@id\":\"https:\\\/\\\/www.flyspot.com\\\/pl\\\/#website\",\"url\":\"https:\\\/\\\/www.flyspot.com\\\/pl\\\/\",\"name\":\"ZAREZERWUJ PAKIET ODPOWIEDNI DLA CIEBIE!\",\"description\":\"Tunel Aerodynamiczny, Symulator Boeinga 737, spe\u0142nij marzenia o lataniu\",\"potentialAction\":[{\"@type\":\"SearchAction\",\"target\":{\"@type\":\"EntryPoint\",\"urlTemplate\":\"https:\\\/\\\/www.flyspot.com\\\/pl\\\/?s={search_term_string}\"},\"query-input\":{\"@type\":\"PropertyValueSpecification\",\"valueRequired\":true,\"valueName\":\"search_term_string\"}}],\"inLanguage\":\"pl-PL\"}]}<\/script>\n<!-- \/ Yoast SEO plugin. -->","yoast_head_json":{"title":"Dostawa i p\u0142atno\u015b\u0107 - ZAREZERWUJ PAKIET ODPOWIEDNI DLA CIEBIE!","robots":{"index":"index","follow":"follow","max-snippet":"max-snippet:-1","max-image-preview":"max-image-preview:large","max-video-preview":"max-video-preview:-1"},"canonical":"https:\/\/www.flyspot.com\/pl\/dostawa-i-platnosc\/","og_locale":"pl_PL","og_type":"article","og_title":"Dostawa i p\u0142atno\u015b\u0107 - ZAREZERWUJ PAKIET ODPOWIEDNI DLA CIEBIE!","og_description":"Produkty FLYSPOT szybko i bezpiecznie trafi\u0105 do Ciebie przywiezione prosto pod drzwi. Ty zamawiasz, op\u0142acasz zam\u00f3wienie, a my zwinnie pakujemy Twoje produkty i przekazujemy mi\u0142emu kurierowi z DPD lub InPost. Paczka rozpoczyna b\u0142yskawiczn\u0105, ale jak najbardziej bezpieczn\u0105 podr\u00f3\u017c Jaki jest czas dostawy? Najszybszy z mo\u017cliwych \u2013 maksymalnie 5 dni roboczych od zaksi\u0119gowania Twojej wp\u0142aty. Vouchery [&hellip;]","og_url":"https:\/\/www.flyspot.com\/pl\/dostawa-i-platnosc\/","og_site_name":"ZAREZERWUJ PAKIET ODPOWIEDNI DLA CIEBIE!","article_modified_time":"2023-09-29T07:58:23+00:00","twitter_card":"summary_large_image","twitter_misc":{"Szacowany czas czytania":"2 minuty"},"schema":{"@context":"https:\/\/schema.org","@graph":[{"@type":"WebPage","@id":"https:\/\/www.flyspot.com\/pl\/dostawa-i-platnosc\/","url":"https:\/\/www.flyspot.com\/pl\/dostawa-i-platnosc\/","name":"Dostawa i p\u0142atno\u015b\u0107 - ZAREZERWUJ PAKIET ODPOWIEDNI DLA CIEBIE!","isPartOf":{"@id":"https:\/\/www.flyspot.com\/pl\/#website"},"datePublished":"2020-09-19T20:01:47+00:00","dateModified":"2023-09-29T07:58:23+00:00","breadcrumb":{"@id":"https:\/\/www.flyspot.com\/pl\/dostawa-i-platnosc\/#breadcrumb"},"inLanguage":"pl-PL","potentialAction":[{"@type":"ReadAction","target":["https:\/\/www.flyspot.com\/pl\/dostawa-i-platnosc\/"]}]},{"@type":"BreadcrumbList","@id":"https:\/\/www.flyspot.com\/pl\/dostawa-i-platnosc\/#breadcrumb","itemListElement":[{"@type":"ListItem","position":1,"name":"Strona g\u0142\u00f3wna","item":"https:\/\/www.flyspot.com\/pl\/"},{"@type":"ListItem","position":2,"name":"Dostawa i p\u0142atno\u015b\u0107"}]},{"@type":"WebSite","@id":"https:\/\/www.flyspot.com\/pl\/#website","url":"https:\/\/www.flyspot.com\/pl\/","name":"ZAREZERWUJ PAKIET ODPOWIEDNI DLA CIEBIE!","description":"Tunel Aerodynamiczny, Symulator Boeinga 737, spe\u0142nij marzenia o lataniu","potentialAction":[{"@type":"SearchAction","target":{"@type":"EntryPoint","urlTemplate":"https:\/\/www.flyspot.com\/pl\/?s={search_term_string}"},"query-input":{"@type":"PropertyValueSpecification","valueRequired":true,"valueName":"search_term_string"}}],"inLanguage":"pl-PL"}]}},"_links":{"self":[{"href":"https:\/\/www.flyspot.com\/pl\/wp-json\/wp\/v2\/pages\/4854","targetHints":{"allow":["GET"]}}],"collection":[{"href":"https:\/\/www.flyspot.com\/pl\/wp-json\/wp\/v2\/pages"}],"about":[{"href":"https:\/\/www.flyspot.com\/pl\/wp-json\/wp\/v2\/types\/page"}],"author":[{"embeddable":true,"href":"https:\/\/www.flyspot.com\/pl\/wp-json\/wp\/v2\/users\/1"}],"replies":[{"embeddable":true,"href":"https:\/\/www.flyspot.com\/pl\/wp-json\/wp\/v2\/comments?post=4854"}],"version-history":[{"count":9,"href":"https:\/\/www.flyspot.com\/pl\/wp-json\/wp\/v2\/pages\/4854\/revisions"}],"predecessor-version":[{"id":18052,"href":"https:\/\/www.flyspot.com\/pl\/wp-json\/wp\/v2\/pages\/4854\/revisions\/18052"}],"wp:attachment":[{"href":"https:\/\/www.flyspot.com\/pl\/wp-json\/wp\/v2\/media?parent=4854"}],"curies":[{"name":"wp","href":"https:\/\/api.w.org\/{rel}","templated":true}]}}