{"id":4752,"date":"2020-09-19T08:52:36","date_gmt":"2020-09-19T06:52:36","guid":{"rendered":"https:\/\/www.flyspot.com\/?page_id=4752"},"modified":"2026-03-26T14:15:05","modified_gmt":"2026-03-26T13:15:05","slug":"wroclaw","status":"publish","type":"page","link":"https:\/\/www.flyspot.com\/pl\/lokalizacje\/wroclaw\/","title":{"rendered":"Flyspot we Wroc\u0142awiu"},"content":{"rendered":"<div id=\"hero-block_cfd08da89660acb59969cf3e3b35e9f7\" class=\"hero-block\">\r\n  <div class=\"row outer-container\">\r\n    <div>\r\n      <img decoding=\"async\" lazy src=\"data:image\/gif;base64,R0lGODlhAQABAAD\/ACwAAAAAAQABAAACADs%3D\" data-src=\"https:\/\/www.flyspot.com\/wp-content\/uploads\/2020\/09\/wro2.jpg\" alt=\"\">\r\n              <span class=\"youtube-play\" data-youtube=\"https:\/\/www.youtube.com\/watch?v=9Px_5pjQJ-E\">\r\n          <img decoding=\"async\" lazy src=\"data:image\/gif;base64,R0lGODlhAQABAAD\/ACwAAAAAAQABAAACADs%3D\" data-src=\"https:\/\/www.flyspot.com\/wp-content\/themes\/deepspotflyspotWPML\/images\/youtube-play.svg\" alt=\"play\">\r\n          <strong>obejrzyj wideo<\/strong>\r\n        <\/span>\r\n          <\/div>\r\n    <div>\r\n      <h2>Co robi\u0107 we Wroc\u0142awiu? Przygoda czeka tu\u017c pod miastem!<\/h2><p>Masz ju\u017c do\u015b\u0107 sp\u0119dzania wieczor\u00f3w w domu? Marzysz o niezapomnianej rozrywce? Wroc\u0142aw jest co prawda pe\u0142en ciekawych atrakcji dla mieszka\u0144c\u00f3w i turyst\u00f3w, jednak niewiele z nich mo\u017ce r\u00f3wna\u0107 si\u0119 z lotem w tunelu aerodynamicznym, kt\u00f3ry mo\u017cna wykona\u0107 w specjalnie do tego przystosowanej komorze zlokalizowanej tu\u017c za granic\u0105 miasta \u2013 w miejscowo\u015bci Miros\u0142awice. Zobacz, co mo\u017cesz zyska\u0107, decyduj\u0105c si\u0119 na zakup vouchera dla siebie lub kogo\u015b, komu chcesz zrobi\u0107 wyj\u0105tkow\u0105 niespodziank\u0119.<\/p>    <\/div>\r\n  <\/div>\r\n<\/div><!-- block -->\r\n\n\n<div id=\"product-details-block_8d4b8a3b2cd29f2b9983144c49e06697\" class=\"product-details-block\">\r\n  <div class=\"row container\">\r\n    <div>\r\n      <h2 class=\"title\">Tunel aerodynamiczny \u2013 Wroc\u0142aw z ofert\u0105 dla mi\u0142o\u015bnik\u00f3w adrenaliny<\/h2>      <p class=\"desc\"><p>Tunel aerodynamiczny to nie tylko aktywno\u015b\u0107 w fizycznym rozumieniu tego s\u0142owa. To r\u00f3wnie\u017c zastrzyk mocnych emocji, kt\u00f3re dostarczaj\u0105 niesamowitych wra\u017ce\u0144 podczas samego lotu, jak i p\u00f3\u017aniej, gdy wspominasz ten moment ze swojego \u017cycia. W od\u015bwie\u017ceniu wspomnie\u0144 pomo\u017ce zreszt\u0105 <strong>darmowy film z w\u0142asnego przelotu<\/strong>, kt\u00f3ry otrzymasz po jego zako\u0144czeniu.\r\nAby \u015bwietnie bawi\u0107 si\u0119 podczas swobodnego unoszenia si\u0119 w powietrzu, <strong>nie potrzebujesz w zasadzie niczego \u2013 nawet ponadprzeci\u0119tnej sprawno\u015bci fizycznej<\/strong>. Dostaniesz odpowiedni kombinezon i akcesoria, jak r\u00f3wnie\u017c przyspieszony kurs poruszania si\u0119 w komorze aerodynamicznej, kt\u00f3ry zostanie przeprowadzony przez naszego instruktora.<\/p>\r\n<h2>Innowacyjny tunel aerodynamiczny \u2013 Wroc\u0142aw wyj\u0105tkowym punktem na mapie Polski<\/h2>\r\nOtwarty w 2019 roku oddzia\u0142 we Wroc\u0142awiu cechuje si\u0119 najwi\u0119ksz\u0105 \u015brednic\u0105 komory lot\u00f3w ze wszystkich obiekt\u00f3w <a href=\"\/\/sklep.flyspot.com\/Sklep\"><u>Flyspot<\/u><\/a>, kt\u00f3ra wynosi 4,3 metra. Wykonanie w <strong>technologii Stroina Litvinov i powietrze p\u0119dz\u0105ce z pr\u0119dko\u015bci\u0105 do 290 km\/h<\/strong> sprawiaj\u0105, \u017ce tunel aerodynamiczny sprawdzi si\u0119 zar\u00f3wno w przypadku pocz\u0105tkuj\u0105cych, jak i profesjonalnych u\u017cytkownik\u00f3w.\r\nNa miejscu na mi\u0142o\u015bnik\u00f3w przyg\u00f3d czeka nie tylko sam tunel, w kt\u00f3rym mo\u017cna wykona\u0107 lot. Znajduje si\u0119 tu r\u00f3wnie\u017c sklep firmowy z atrakcyjnym asortymentem. Oferta obejmuje zar\u00f3wno vouchery na us\u0142ugi do zrealizowania we wszystkich punktach Flyspot, jak i bogaty wyb\u00f3r odzie\u017cy \u2013 przeznaczonej do u\u017cywania w komorze aerodynamicznej lub do noszenia na co dzie\u0144. To dobre miejsce, by poszuka\u0107 <a href=\"https:\/\/sklep.flyspot.com\/produkty\/vouchery\"><u>oryginalnych prezent\u00f3w<\/u><\/a> dla siebie lub kogo\u015b bliskiego.<\/p>\r\n<h2>Flyspot Wroc\u0142aw \u2013 fenomenalna rozrywka dla dzieci i doros\u0142ych<\/h2>\r\n<p>Lot w <a href=\"\/\/www.flyspot.com\/pl\/nasze-atrakcje\/tunel-flyspot\"><u>tunelu aerodynamicznym<\/u><\/a> to bezsprzecznie aktywno\u015b\u0107 powoduj\u0105ca du\u017cy wyrzut adrenaliny, a przez to uznawana za ekstremaln\u0105. Tym samym nie powinno dziwi\u0107, \u017ce kojarzy si\u0119 raczej z czym\u015b przeznaczonym dla doros\u0142ych, kt\u00f3rzy z zasady s\u0105 bardziej \u015bwiadomi w\u0142asnego cia\u0142a. Okazuje si\u0119 jednak, \u017ce oferta tego obiektu jest znacznie szersza i obejmuje r\u00f3wnie\u017c rozrywk\u0119 dla dzieci. Wroc\u0142aw to zatem dobre miejsce, aby zapozna\u0107 najm\u0142odszych z <strong>kreatywnymi opcjami na aktywny wypoczynek<\/strong>. \r\nW stosunku do dzieci stosujemy specjalne procedury, kt\u00f3re maj\u0105 na celu zapewni\u0107 im szczeg\u00f3lne bezpiecze\u0144stwo. Dzi\u0119ki nim <strong>z tunelu mog\u0105 korzysta\u0107 najm\u0142odsi ju\u017c od 3. roku \u017cycia<\/strong>. Maluchy mog\u0105 lata\u0107 w strumieniu powietrza p\u0119dz\u0105cego wolniej ni\u017c standardowo. Dodatkowo, przez ca\u0142y czas s\u0105 czujnie obserwowane przez instruktora, kt\u00f3ry b\u0142yskawicznie przyst\u0105pi do dzia\u0142ania, je\u015bli zajdzie taka konieczno\u015b\u0107.<\/p>\r\n<p>Ile minut chcesz sp\u0119dzi\u0107 w tunelu aerodynamicznym? Decyzja nale\u017cy do Ciebie. Sprawd\u017a nasz\u0105 ofert\u0119 i wybierz najlepsz\u0105 opcj\u0119.<\/p>\r\n<br><\/br>\r\n\r\n\r\n\r\n<br><\/br><\/p>      <ul>            <li>\r\n              <p>Technologia<\/p>\r\n              <strong>Stroina Litvinov<\/strong>\r\n            <\/li>\r\n                      <li>\r\n              <p>\u015arednica komory lot\u00f3w<\/p>\r\n              <strong>4,3 metra<\/strong>\r\n            <\/li>\r\n                      <li>\r\n              <p>Wysoko\u015b\u0107 komory lot\u00f3w<\/p>\r\n              <strong>xxx metr\u00f3w<\/strong>\r\n            <\/li>\r\n                      <li>\r\n              <p>Maksymalna pr\u0119dko\u015b\u0107 wiatru<\/p>\r\n              <strong>290 km\/h<\/strong>\r\n            <\/li>\r\n          <\/ul>      <div class=\"button-list-wrap\"><div class=\"button-list button-type-basic\"><div><a class=\"css-default\" href=\"https:\/\/sklep.flyspot.com\/produkty\/vouchery\" target=\"_self\"><img decoding=\"async\" lazy src=\"data:image\/gif;base64,R0lGODlhAQABAAD\/ACwAAAAAAQABAAACADs%3D\" data-src=\"https:\/\/www.flyspot.com\/wp-content\/uploads\/2020\/08\/Group_4.png\" alt=\"\"><strong>Zamawiam Voucher<\/strong><\/a><\/div><div><a class=\"css-default\" href=\"https:\/\/cs.flyspot.com\/flyspot\/offers\/beginner\" target=\"_self\"><img decoding=\"async\" lazy src=\"data:image\/gif;base64,R0lGODlhAQABAAD\/ACwAAAAAAQABAAACADs%3D\" data-src=\"https:\/\/www.flyspot.com\/wp-content\/uploads\/2020\/09\/opening-times.png\" alt=\"\"><strong>Rezerwuj\u0119 lot w tunelu<\/strong><\/a><\/div><\/div><\/div>    <\/div>\r\n  <\/div>\r\n<\/div><!-- block -->\r\n\n\n<div id=\"step-guide-icons-block_3d8df97663c69cb1ecf7ab45ea013d27\" class=\"step-guide-icons-block\">\r\n  <div class=\"row container\">\r\n    <div>\r\n      <div class=\"title\">Us\u0142ugi dost\u0119pne w obiekcie<\/div>      <ul>            <li data-count=\"01\">\r\n              <div class=\"icon-wrap\"><img decoding=\"async\" lazy src=\"data:image\/gif;base64,R0lGODlhAQABAAD\/ACwAAAAAAQABAAACADs%3D\" data-src=\"https:\/\/www.flyspot.com\/wp-content\/uploads\/2020\/08\/helm.png\" alt=\"\"><\/div>\r\n              <p>Loty w tunelu aerodynamicznym<\/p>\r\n              <a href=\"https:\/\/www.flyspot.com\/pl\/nasze-atrakcje\/tunel-flyspot\/\" target=\"_self\">Dowiedz si\u0119 wi\u0119cej!<\/a>            <\/li>\r\n                      <li data-count=\"02\">\r\n              <div class=\"icon-wrap\"><img decoding=\"async\" lazy src=\"data:image\/gif;base64,R0lGODlhAQABAAD\/ACwAAAAAAQABAAACADs%3D\" data-src=\"\" alt=\"\"><\/div>\r\n              <p>Sklep Flyspot<\/p>\r\n              <a href=\"https:\/\/sklep.flyspot.com\" target=\"_self\">Odwied\u017a sklep internetowy<\/a>            <\/li>\r\n          <\/ul>    <\/div>\r\n  <\/div>\r\n<\/div><!-- block -->\r\n\n\n<div id=\"download-block_fbfe8b23c1385877587c542fcc00769b\" class=\"download-block\">\r\n  <div class=\"row container\">\r\n    <div>\r\n                <\/div>\r\n  <\/div>\r\n<\/div><!-- block -->\r\n","protected":false},"excerpt":{"rendered":"","protected":false},"author":1,"featured_media":1555,"parent":30534,"menu_order":12,"comment_status":"closed","ping_status":"closed","template":"","meta":{"_acf_changed":false,"footnotes":""},"class_list":["post-4752","page","type-page","status-publish","has-post-thumbnail","hentry"],"acf":[],"yoast_head":"<!-- This site is optimized with the Yoast SEO plugin v27.3 - https:\/\/yoast.com\/product\/yoast-seo-wordpress\/ -->\n<title>Flyspot we Wroc\u0142awiu - ZAREZERWUJ PAKIET ODPOWIEDNI DLA CIEBIE!<\/title>\n<meta name=\"robots\" content=\"index, follow, max-snippet:-1, max-image-preview:large, max-video-preview:-1\" \/>\n<link rel=\"canonical\" href=\"https:\/\/www.flyspot.com\/pl\/lokalizacje\/wroclaw\/\" \/>\n<meta property=\"og:locale\" content=\"pl_PL\" \/>\n<meta property=\"og:type\" content=\"article\" \/>\n<meta property=\"og:title\" content=\"Flyspot we Wroc\u0142awiu - ZAREZERWUJ PAKIET ODPOWIEDNI DLA CIEBIE!\" \/>\n<meta property=\"og:url\" content=\"https:\/\/www.flyspot.com\/pl\/lokalizacje\/wroclaw\/\" \/>\n<meta property=\"og:site_name\" content=\"ZAREZERWUJ PAKIET ODPOWIEDNI DLA CIEBIE!\" \/>\n<meta property=\"article:modified_time\" content=\"2026-03-26T13:15:05+00:00\" \/>\n<meta property=\"og:image\" content=\"https:\/\/www.flyspot.com\/wp-content\/uploads\/2020\/09\/Flyspot-Wroclaw_exterior_WRO_2019-6.jpg\" \/>\n\t<meta property=\"og:image:width\" content=\"640\" \/>\n\t<meta property=\"og:image:height\" content=\"640\" \/>\n\t<meta property=\"og:image:type\" content=\"image\/jpeg\" \/>\n<meta name=\"twitter:card\" content=\"summary_large_image\" \/>\n<script type=\"application\/ld+json\" class=\"yoast-schema-graph\">{\"@context\":\"https:\\\/\\\/schema.org\",\"@graph\":[{\"@type\":\"WebPage\",\"@id\":\"https:\\\/\\\/www.flyspot.com\\\/pl\\\/lokalizacje\\\/wroclaw\\\/\",\"url\":\"https:\\\/\\\/www.flyspot.com\\\/pl\\\/lokalizacje\\\/wroclaw\\\/\",\"name\":\"Flyspot we Wroc\u0142awiu - ZAREZERWUJ PAKIET ODPOWIEDNI DLA CIEBIE!\",\"isPartOf\":{\"@id\":\"https:\\\/\\\/www.flyspot.com\\\/pl\\\/#website\"},\"primaryImageOfPage\":{\"@id\":\"https:\\\/\\\/www.flyspot.com\\\/pl\\\/lokalizacje\\\/wroclaw\\\/#primaryimage\"},\"image\":{\"@id\":\"https:\\\/\\\/www.flyspot.com\\\/pl\\\/lokalizacje\\\/wroclaw\\\/#primaryimage\"},\"thumbnailUrl\":\"https:\\\/\\\/www.flyspot.com\\\/wp-content\\\/uploads\\\/2020\\\/09\\\/Flyspot-Wroclaw_exterior_WRO_2019-6.jpg\",\"datePublished\":\"2020-09-19T06:52:36+00:00\",\"dateModified\":\"2026-03-26T13:15:05+00:00\",\"breadcrumb\":{\"@id\":\"https:\\\/\\\/www.flyspot.com\\\/pl\\\/lokalizacje\\\/wroclaw\\\/#breadcrumb\"},\"inLanguage\":\"pl-PL\",\"potentialAction\":[{\"@type\":\"ReadAction\",\"target\":[\"https:\\\/\\\/www.flyspot.com\\\/pl\\\/lokalizacje\\\/wroclaw\\\/\"]}]},{\"@type\":\"ImageObject\",\"inLanguage\":\"pl-PL\",\"@id\":\"https:\\\/\\\/www.flyspot.com\\\/pl\\\/lokalizacje\\\/wroclaw\\\/#primaryimage\",\"url\":\"https:\\\/\\\/www.flyspot.com\\\/wp-content\\\/uploads\\\/2020\\\/09\\\/Flyspot-Wroclaw_exterior_WRO_2019-6.jpg\",\"contentUrl\":\"https:\\\/\\\/www.flyspot.com\\\/wp-content\\\/uploads\\\/2020\\\/09\\\/Flyspot-Wroclaw_exterior_WRO_2019-6.jpg\",\"width\":640,\"height\":640},{\"@type\":\"BreadcrumbList\",\"@id\":\"https:\\\/\\\/www.flyspot.com\\\/pl\\\/lokalizacje\\\/wroclaw\\\/#breadcrumb\",\"itemListElement\":[{\"@type\":\"ListItem\",\"position\":1,\"name\":\"Strona g\u0142\u00f3wna\",\"item\":\"https:\\\/\\\/www.flyspot.com\\\/pl\\\/\"},{\"@type\":\"ListItem\",\"position\":2,\"name\":\"Lokalizacje\",\"item\":\"https:\\\/\\\/www.flyspot.com\\\/pl\\\/lokalizacje\\\/\"},{\"@type\":\"ListItem\",\"position\":3,\"name\":\"Flyspot we Wroc\u0142awiu\"}]},{\"@type\":\"WebSite\",\"@id\":\"https:\\\/\\\/www.flyspot.com\\\/pl\\\/#website\",\"url\":\"https:\\\/\\\/www.flyspot.com\\\/pl\\\/\",\"name\":\"ZAREZERWUJ PAKIET ODPOWIEDNI DLA CIEBIE!\",\"description\":\"Tunel Aerodynamiczny, Symulator Boeinga 737, spe\u0142nij marzenia o lataniu\",\"potentialAction\":[{\"@type\":\"SearchAction\",\"target\":{\"@type\":\"EntryPoint\",\"urlTemplate\":\"https:\\\/\\\/www.flyspot.com\\\/pl\\\/?s={search_term_string}\"},\"query-input\":{\"@type\":\"PropertyValueSpecification\",\"valueRequired\":true,\"valueName\":\"search_term_string\"}}],\"inLanguage\":\"pl-PL\"}]}<\/script>\n<!-- \/ Yoast SEO plugin. -->","yoast_head_json":{"title":"Flyspot we Wroc\u0142awiu - ZAREZERWUJ PAKIET ODPOWIEDNI DLA CIEBIE!","robots":{"index":"index","follow":"follow","max-snippet":"max-snippet:-1","max-image-preview":"max-image-preview:large","max-video-preview":"max-video-preview:-1"},"canonical":"https:\/\/www.flyspot.com\/pl\/lokalizacje\/wroclaw\/","og_locale":"pl_PL","og_type":"article","og_title":"Flyspot we Wroc\u0142awiu - ZAREZERWUJ PAKIET ODPOWIEDNI DLA CIEBIE!","og_url":"https:\/\/www.flyspot.com\/pl\/lokalizacje\/wroclaw\/","og_site_name":"ZAREZERWUJ PAKIET ODPOWIEDNI DLA CIEBIE!","article_modified_time":"2026-03-26T13:15:05+00:00","og_image":[{"width":640,"height":640,"url":"https:\/\/www.flyspot.com\/wp-content\/uploads\/2020\/09\/Flyspot-Wroclaw_exterior_WRO_2019-6.jpg","type":"image\/jpeg"}],"twitter_card":"summary_large_image","schema":{"@context":"https:\/\/schema.org","@graph":[{"@type":"WebPage","@id":"https:\/\/www.flyspot.com\/pl\/lokalizacje\/wroclaw\/","url":"https:\/\/www.flyspot.com\/pl\/lokalizacje\/wroclaw\/","name":"Flyspot we Wroc\u0142awiu - ZAREZERWUJ PAKIET ODPOWIEDNI DLA CIEBIE!","isPartOf":{"@id":"https:\/\/www.flyspot.com\/pl\/#website"},"primaryImageOfPage":{"@id":"https:\/\/www.flyspot.com\/pl\/lokalizacje\/wroclaw\/#primaryimage"},"image":{"@id":"https:\/\/www.flyspot.com\/pl\/lokalizacje\/wroclaw\/#primaryimage"},"thumbnailUrl":"https:\/\/www.flyspot.com\/wp-content\/uploads\/2020\/09\/Flyspot-Wroclaw_exterior_WRO_2019-6.jpg","datePublished":"2020-09-19T06:52:36+00:00","dateModified":"2026-03-26T13:15:05+00:00","breadcrumb":{"@id":"https:\/\/www.flyspot.com\/pl\/lokalizacje\/wroclaw\/#breadcrumb"},"inLanguage":"pl-PL","potentialAction":[{"@type":"ReadAction","target":["https:\/\/www.flyspot.com\/pl\/lokalizacje\/wroclaw\/"]}]},{"@type":"ImageObject","inLanguage":"pl-PL","@id":"https:\/\/www.flyspot.com\/pl\/lokalizacje\/wroclaw\/#primaryimage","url":"https:\/\/www.flyspot.com\/wp-content\/uploads\/2020\/09\/Flyspot-Wroclaw_exterior_WRO_2019-6.jpg","contentUrl":"https:\/\/www.flyspot.com\/wp-content\/uploads\/2020\/09\/Flyspot-Wroclaw_exterior_WRO_2019-6.jpg","width":640,"height":640},{"@type":"BreadcrumbList","@id":"https:\/\/www.flyspot.com\/pl\/lokalizacje\/wroclaw\/#breadcrumb","itemListElement":[{"@type":"ListItem","position":1,"name":"Strona g\u0142\u00f3wna","item":"https:\/\/www.flyspot.com\/pl\/"},{"@type":"ListItem","position":2,"name":"Lokalizacje","item":"https:\/\/www.flyspot.com\/pl\/lokalizacje\/"},{"@type":"ListItem","position":3,"name":"Flyspot we Wroc\u0142awiu"}]},{"@type":"WebSite","@id":"https:\/\/www.flyspot.com\/pl\/#website","url":"https:\/\/www.flyspot.com\/pl\/","name":"ZAREZERWUJ PAKIET ODPOWIEDNI DLA CIEBIE!","description":"Tunel Aerodynamiczny, Symulator Boeinga 737, spe\u0142nij marzenia o lataniu","potentialAction":[{"@type":"SearchAction","target":{"@type":"EntryPoint","urlTemplate":"https:\/\/www.flyspot.com\/pl\/?s={search_term_string}"},"query-input":{"@type":"PropertyValueSpecification","valueRequired":true,"valueName":"search_term_string"}}],"inLanguage":"pl-PL"}]}},"_links":{"self":[{"href":"https:\/\/www.flyspot.com\/pl\/wp-json\/wp\/v2\/pages\/4752","targetHints":{"allow":["GET"]}}],"collection":[{"href":"https:\/\/www.flyspot.com\/pl\/wp-json\/wp\/v2\/pages"}],"about":[{"href":"https:\/\/www.flyspot.com\/pl\/wp-json\/wp\/v2\/types\/page"}],"author":[{"embeddable":true,"href":"https:\/\/www.flyspot.com\/pl\/wp-json\/wp\/v2\/users\/1"}],"replies":[{"embeddable":true,"href":"https:\/\/www.flyspot.com\/pl\/wp-json\/wp\/v2\/comments?post=4752"}],"version-history":[{"count":67,"href":"https:\/\/www.flyspot.com\/pl\/wp-json\/wp\/v2\/pages\/4752\/revisions"}],"predecessor-version":[{"id":43484,"href":"https:\/\/www.flyspot.com\/pl\/wp-json\/wp\/v2\/pages\/4752\/revisions\/43484"}],"up":[{"embeddable":true,"href":"https:\/\/www.flyspot.com\/pl\/wp-json\/wp\/v2\/pages\/30534"}],"wp:featuredmedia":[{"embeddable":true,"href":"https:\/\/www.flyspot.com\/pl\/wp-json\/wp\/v2\/media\/1555"}],"wp:attachment":[{"href":"https:\/\/www.flyspot.com\/pl\/wp-json\/wp\/v2\/media?parent=4752"}],"curies":[{"name":"wp","href":"https:\/\/api.w.org\/{rel}","templated":true}]}}