{"id":4706,"date":"2020-09-19T08:25:20","date_gmt":"2020-09-19T06:25:20","guid":{"rendered":"https:\/\/www.flyspot.com\/?page_id=4706"},"modified":"2025-12-11T22:21:24","modified_gmt":"2025-12-11T21:21:24","slug":"warszawa","status":"publish","type":"page","link":"https:\/\/www.flyspot.com\/pl\/lokalizacje\/warszawa\/","title":{"rendered":"Flyspot w Warszawie"},"content":{"rendered":"<div id=\"hero-block_4a836b8a562a5aedb057cf53fb66b91d\" class=\"hero-block\">\r\n  <div class=\"row outer-container\">\r\n    <div>\r\n      <img decoding=\"async\" lazy src=\"data:image\/gif;base64,R0lGODlhAQABAAD\/ACwAAAAAAQABAAACADs%3D\" data-src=\"https:\/\/www.flyspot.com\/wp-content\/uploads\/2020\/09\/wawa.jpg\" alt=\"\">\r\n              <span class=\"youtube-play\" data-youtube=\"https:\/\/www.youtube.com\/watch?v=GOQqe0NUeUI\">\r\n          <img decoding=\"async\" lazy src=\"data:image\/gif;base64,R0lGODlhAQABAAD\/ACwAAAAAAQABAAACADs%3D\" data-src=\"https:\/\/www.flyspot.com\/wp-content\/themes\/deepspotflyspotWPML\/images\/youtube-play.svg\" alt=\"play\">\r\n          <strong>obejrzyj wideo<\/strong>\r\n        <\/span>\r\n          <\/div>\r\n    <div>\r\n      <h2>Flyspot Warszawa<\/h2><p><p>Flyspot w Warszawie to najnowocze\u015bniejszy tunel aerodynamiczny w Europie. Korzystaj\u0105c z innowacyjnych technologii, wiedzy i do\u015bwiadczenia stworzyli\u015bmy miejsce, w kt\u00f3rym latanie sta\u0142o si\u0119 ca\u0142kowicie bezpieczne i maksymalnie dost\u0119pne. Jeszcze nigdy nie lata\u0142a\u015b\/e\u015b? Zr\u00f3b to we Flyspot Warszawa!<\/p>\r\n<\/p>    <\/div>\r\n  <\/div>\r\n<\/div><!-- block -->\r\n\n\n<div id=\"product-details-block_759617bef8c841ad65113af9533cff7f\" class=\"product-details-block\">\r\n  <div class=\"row container\">\r\n    <div>\r\n      <h2 class=\"title\">PIERWSZY TUNEL AERODYNAMICZNY W POLSCE<\/h2>      <p class=\"desc\"><p>Interesuje Ci\u0119 lot w tunelu aerodynamicznym? Warszawa to dobre miejsce, by rozpocz\u0105\u0107 swoj\u0105 przygod\u0119 z t\u0105 aktywno\u015bci\u0105 dostarczaj\u0105c\u0105 ekstremalnych wra\u017ce\u0144. W pobli\u017cu stolicy znajduje si\u0119 <strong>jeden z najnowocze\u015bniejszych tuneli aerodynamicznych w Europie<\/strong>, kt\u00f3ry zapewnia rozrywk\u0119 fanom mocnych emocji nieprzerwanie od 2014 roku. Dowiedz si\u0119 o nim wi\u0119cej i kup dla siebie lub na <a href=\"https:\/\/sklep.flyspot.com\/prezenty\"><u>prezent<\/u><\/a> dla kogo\u015b wyj\u0105tkowego! <\/p>\r\n<h2>Sporty ekstremalne? Warszawa \u017cyje szybko i intensywnie!<\/h2>\r\n<p>Warszawa to nie tylko stolica Polski i najwi\u0119ksze miasto w naszym kraju. To r\u00f3wnie\u017c miejsce o du\u017cym zr\u00f3\u017cnicowaniu spo\u0142ecznym. Poza rodowitymi warszawiakami \u015bci\u0105gaj\u0105 do niego osoby pragn\u0105ce zrealizowa\u0107 r\u00f3\u017cne potrzeby \u2013 znale\u017a\u0107 mi\u0142o\u015b\u0107, spe\u0142nia\u0107 si\u0119 w pracy, ale te\u017c \u015bwietnie si\u0119 bawi\u0107 i mie\u0107 hobby, kt\u00f3re nadaje sens \u017cyciu. <\/p>\r\n<p>Ostatnie dwie z tych potrzeb spe\u0142nisz, je\u015bli wypr\u00f3bujesz now\u0105 form\u0119 rozrywki \u2013 <strong>lot w aerotunelu<\/strong>. Warszawa to miasto, w kt\u00f3rym bez problemu znajdziesz w\u0142a\u015bciwe miejsce. Jest nim <strong>siedziba Flyspot<\/strong> w podwarszawskich Morach, w kt\u00f3rej znajduje si\u0119 tunel o wysoko\u015bci r\u00f3wnej 12 metr\u00f3w, w kt\u00f3rym <strong>powietrze rozp\u0119dza si\u0119 do a\u017c 300 km\/h<\/strong>. <\/p>\r\n<h2> Tunel aerodynamiczny \u2013 Warszawa i okolica<\/h2>\r\n<p>Rozrywka ta jest przeznaczona dla ka\u017cdego, nawet je\u015bli nigdy wcze\u015bniej nie mia\u0142 do czynienia z czym\u015b takim. Przed wej\u015bciem do tunelu zostanie przeprowadzone <strong>szkolenie<\/strong> przedstawiaj\u0105ce podstawowe zasady zapewniaj\u0105ce bezpiecze\u0144stwo, a tak\u017ce doskona\u0142\u0105 zabaw\u0119. Nie trzeba te\u017c mie\u0107 ubrania i akcesori\u00f3w ochronnych, bo wszystko jest <strong>dost\u0119pne na miejscu<\/strong>. Po prostu rezerwujesz lot, przyje\u017cd\u017casz pod wskazany adres i skupiasz na tym, by \u015bwietnie si\u0119 bawi\u0107. <strong>Dostaniesz te\u017c od nas darmowy film<\/strong>, kt\u00f3ry pozwoli Ci wspomina\u0107 to wyj\u0105tkowe wydarzenie przez d\u0142ugi czas. <\/p>\r\n<h2>Gdzie znale\u017a\u0107 najbli\u017cszy aerotunel? Warszawa to dobry kierunek!<\/h2>\r\n<p>My\u015blisz, \u017ce to trudno dost\u0119pna rozrywka, na kt\u00f3r\u0105 nie ka\u017cdy mo\u017ce sobie pozwoli\u0107 ze wzgl\u0119du na trudno\u015bci z dojazdem? Bez problemu dotrzesz na lot w tunelu aerodynamicznym. Warszawa to miasto, do kt\u00f3rego \u0142atwo dojedziesz zar\u00f3wno w\u0142asnym transportem, jak i komunikacj\u0105 publiczn\u0105. Nasza siedziba znajduje si\u0119 z kolei w <strong>Morach \u2013 tu\u017c za zachodni\u0105 granic\u0105 stolicy<\/strong>. Dotarcia na miejsce nie powinno przysporzy\u0107 Ci \u017cadnego problemu. <\/p>\r\n<p>Sprawd\u017a pe\u0142n\u0105 <a href=\"https:\/\/sklep.flyspot.com\/Sklep\"><u>ofert\u0119 Flyspot<\/u><\/a> i znajd\u017a opcj\u0119 dla siebie! 2 czy 4 loty? To Ty decydujesz o tym, jak b\u0119dzie przebiega\u0142a Twoja wizyta w siedzibie Flyspot w Warszawie. <\/p>\r\n<br><\/br>\r\n\r\n<iframe width='853' height='480' src='https:\/\/my.matterport.com\/show\/?m=133ZMbXTC3Y' frameborder='0' allowfullscreen allow='xr-spatial-tracking'><\/iframe>\r\n\r\n<br><\/br>\r\n\r\n<\/p>      <ul>            <li>\r\n              <p>Konstrukcja tunelu<\/p>\r\n              <strong>Zbrojony beton<\/strong>\r\n            <\/li>\r\n                      <li>\r\n              <p>Technologia<\/p>\r\n              <strong>Indoor Skydiving Germany<\/strong>\r\n            <\/li>\r\n                      <li>\r\n              <p>\u015arednica komory lot\u00f3w<\/p>\r\n              <strong>4,2 metra<\/strong>\r\n            <\/li>\r\n                      <li>\r\n              <p>Wysoko\u015b\u0107 komory lot\u00f3w<\/p>\r\n              <strong>12 metr\u00f3w<\/strong>\r\n            <\/li>\r\n                      <li>\r\n              <p>Maksymalna pr\u0119dko\u015b\u0107 wiatru<\/p>\r\n              <strong>330 km\/h<\/strong>\r\n            <\/li>\r\n          <\/ul>      <div class=\"button-list-wrap\"><div class=\"button-list button-type-basic\"><div><a class=\"css-default\" href=\"https:\/\/sklep.flyspot.com\/produkty\/vouchery\" target=\"_self\"><img decoding=\"async\" lazy src=\"data:image\/gif;base64,R0lGODlhAQABAAD\/ACwAAAAAAQABAAACADs%3D\" data-src=\"https:\/\/www.flyspot.com\/wp-content\/uploads\/2020\/08\/Group_4.png\" alt=\"\"><strong>Zamawiam Voucher<\/strong><\/a><\/div><div><a class=\"css-default\" href=\"https:\/\/cs.flyspot.com\/flyspot\/offers\/848e2973-ebea-4a26-8631-07cb5feae093\" target=\"_self\"><img decoding=\"async\" lazy src=\"data:image\/gif;base64,R0lGODlhAQABAAD\/ACwAAAAAAQABAAACADs%3D\" data-src=\"https:\/\/www.flyspot.com\/wp-content\/uploads\/2020\/09\/opening-times.png\" alt=\"\"><strong>Rezerwuj\u0119 lot w tunelu<\/strong><\/a><\/div><div><a class=\"css-default\" href=\"https:\/\/cs.flyspot.com\/boeing\/offers\/74255342-fcd4-4c78-a957-79e73f6d9f4e\" target=\"_self\"><img decoding=\"async\" lazy src=\"data:image\/gif;base64,R0lGODlhAQABAAD\/ACwAAAAAAQABAAACADs%3D\" data-src=\"https:\/\/www.flyspot.com\/wp-content\/uploads\/2020\/08\/plane-17.png\" alt=\"\"><strong>Rezerwuj\u0119 lot w Symulatorze<\/strong><\/a><\/div><\/div><\/div>    <\/div>\r\n  <\/div>\r\n<\/div><!-- block -->\r\n\n\n<div id=\"step-guide-icons-block_ad5b4e0aeb4c4b311e70d672260ccaaf\" class=\"step-guide-icons-block\">\r\n  <div class=\"row container\">\r\n    <div>\r\n      <div class=\"title\">Us\u0142ugi dost\u0119pne w obiekcie<\/div>      <ul>            <li data-count=\"01\">\r\n              <div class=\"icon-wrap\"><img decoding=\"async\" lazy src=\"data:image\/gif;base64,R0lGODlhAQABAAD\/ACwAAAAAAQABAAACADs%3D\" data-src=\"https:\/\/www.flyspot.com\/wp-content\/uploads\/2020\/08\/helm.png\" alt=\"\"><\/div>\r\n              <p>Loty w tunelu aerodynamicznym<\/p>\r\n              <a href=\"https:\/\/www.flyspot.com\/pl\/nasze-atrakcje\/tunel-flyspot\/\" target=\"_self\">Dowiedz si\u0119 wi\u0119cej!<\/a>            <\/li>\r\n                      <li data-count=\"02\">\r\n              <div class=\"icon-wrap\"><img decoding=\"async\" lazy src=\"data:image\/gif;base64,R0lGODlhAQABAAD\/ACwAAAAAAQABAAACADs%3D\" data-src=\"https:\/\/www.flyspot.com\/wp-content\/uploads\/2020\/08\/plane-17.png\" alt=\"\"><\/div>\r\n              <p>Symulator lot\u00f3w Boeing 737-800<\/p>\r\n              <a href=\"https:\/\/www.flyspot.com\/pl\/nasze-atrakcje\/symulator\/\" target=\"_self\">Dowiedz si\u0119 wi\u0119cej!<\/a>            <\/li>\r\n                      <li data-count=\"03\">\r\n              <div class=\"icon-wrap\"><img decoding=\"async\" lazy src=\"data:image\/gif;base64,R0lGODlhAQABAAD\/ACwAAAAAAQABAAACADs%3D\" data-src=\"\" alt=\"\"><\/div>\r\n              <p>Sklep Flyspot<\/p>\r\n              <a href=\"https:\/\/sklep.flyspot.com\" target=\"_self\">Odwied\u017a sklep internetowy<\/a>            <\/li>\r\n          <\/ul>    <\/div>\r\n  <\/div>\r\n<\/div><!-- block -->\r\n\n\n<div id=\"download-block_7716e072204116b876a1711d63b12469\" class=\"download-block\">\r\n  <div class=\"row container\">\r\n    <div>\r\n                <\/div>\r\n  <\/div>\r\n<\/div><!-- block -->\r\n","protected":false},"excerpt":{"rendered":"","protected":false},"author":1,"featured_media":5166,"parent":30534,"menu_order":12,"comment_status":"closed","ping_status":"closed","template":"","meta":{"_acf_changed":false,"footnotes":""},"class_list":["post-4706","page","type-page","status-publish","has-post-thumbnail","hentry"],"acf":[],"yoast_head":"<!-- This site is optimized with the Yoast SEO plugin v27.4 - https:\/\/yoast.com\/product\/yoast-seo-wordpress\/ -->\n<title>Flyspot w Warszawie - ZAREZERWUJ PAKIET ODPOWIEDNI DLA CIEBIE!<\/title>\n<meta name=\"robots\" content=\"index, follow, max-snippet:-1, max-image-preview:large, max-video-preview:-1\" \/>\n<link rel=\"canonical\" href=\"https:\/\/www.flyspot.com\/pl\/lokalizacje\/warszawa\/\" \/>\n<meta property=\"og:locale\" content=\"pl_PL\" \/>\n<meta property=\"og:type\" content=\"article\" \/>\n<meta property=\"og:title\" content=\"Flyspot w Warszawie - ZAREZERWUJ PAKIET ODPOWIEDNI DLA CIEBIE!\" \/>\n<meta property=\"og:url\" content=\"https:\/\/www.flyspot.com\/pl\/lokalizacje\/warszawa\/\" \/>\n<meta property=\"og:site_name\" content=\"ZAREZERWUJ PAKIET ODPOWIEDNI DLA CIEBIE!\" \/>\n<meta property=\"article:modified_time\" content=\"2025-12-11T21:21:24+00:00\" \/>\n<meta property=\"og:image\" content=\"https:\/\/www.flyspot.com\/wp-content\/uploads\/2020\/09\/wawa.jpg\" \/>\n\t<meta property=\"og:image:width\" content=\"1550\" \/>\n\t<meta property=\"og:image:height\" content=\"801\" \/>\n\t<meta property=\"og:image:type\" content=\"image\/jpeg\" \/>\n<meta name=\"twitter:card\" content=\"summary_large_image\" \/>\n<script type=\"application\/ld+json\" class=\"yoast-schema-graph\">{\"@context\":\"https:\\\/\\\/schema.org\",\"@graph\":[{\"@type\":\"WebPage\",\"@id\":\"https:\\\/\\\/www.flyspot.com\\\/pl\\\/lokalizacje\\\/warszawa\\\/\",\"url\":\"https:\\\/\\\/www.flyspot.com\\\/pl\\\/lokalizacje\\\/warszawa\\\/\",\"name\":\"Flyspot w Warszawie - ZAREZERWUJ PAKIET ODPOWIEDNI DLA CIEBIE!\",\"isPartOf\":{\"@id\":\"https:\\\/\\\/www.flyspot.com\\\/pl\\\/#website\"},\"primaryImageOfPage\":{\"@id\":\"https:\\\/\\\/www.flyspot.com\\\/pl\\\/lokalizacje\\\/warszawa\\\/#primaryimage\"},\"image\":{\"@id\":\"https:\\\/\\\/www.flyspot.com\\\/pl\\\/lokalizacje\\\/warszawa\\\/#primaryimage\"},\"thumbnailUrl\":\"https:\\\/\\\/www.flyspot.com\\\/wp-content\\\/uploads\\\/2020\\\/09\\\/wawa.jpg\",\"datePublished\":\"2020-09-19T06:25:20+00:00\",\"dateModified\":\"2025-12-11T21:21:24+00:00\",\"breadcrumb\":{\"@id\":\"https:\\\/\\\/www.flyspot.com\\\/pl\\\/lokalizacje\\\/warszawa\\\/#breadcrumb\"},\"inLanguage\":\"pl-PL\",\"potentialAction\":[{\"@type\":\"ReadAction\",\"target\":[\"https:\\\/\\\/www.flyspot.com\\\/pl\\\/lokalizacje\\\/warszawa\\\/\"]}]},{\"@type\":\"ImageObject\",\"inLanguage\":\"pl-PL\",\"@id\":\"https:\\\/\\\/www.flyspot.com\\\/pl\\\/lokalizacje\\\/warszawa\\\/#primaryimage\",\"url\":\"https:\\\/\\\/www.flyspot.com\\\/wp-content\\\/uploads\\\/2020\\\/09\\\/wawa.jpg\",\"contentUrl\":\"https:\\\/\\\/www.flyspot.com\\\/wp-content\\\/uploads\\\/2020\\\/09\\\/wawa.jpg\",\"width\":1550,\"height\":801},{\"@type\":\"BreadcrumbList\",\"@id\":\"https:\\\/\\\/www.flyspot.com\\\/pl\\\/lokalizacje\\\/warszawa\\\/#breadcrumb\",\"itemListElement\":[{\"@type\":\"ListItem\",\"position\":1,\"name\":\"Strona g\u0142\u00f3wna\",\"item\":\"https:\\\/\\\/www.flyspot.com\\\/pl\\\/\"},{\"@type\":\"ListItem\",\"position\":2,\"name\":\"Lokalizacje\",\"item\":\"https:\\\/\\\/www.flyspot.com\\\/pl\\\/lokalizacje\\\/\"},{\"@type\":\"ListItem\",\"position\":3,\"name\":\"Flyspot w Warszawie\"}]},{\"@type\":\"WebSite\",\"@id\":\"https:\\\/\\\/www.flyspot.com\\\/pl\\\/#website\",\"url\":\"https:\\\/\\\/www.flyspot.com\\\/pl\\\/\",\"name\":\"ZAREZERWUJ PAKIET ODPOWIEDNI DLA CIEBIE!\",\"description\":\"Tunel Aerodynamiczny, Symulator Boeinga 737, spe\u0142nij marzenia o lataniu\",\"potentialAction\":[{\"@type\":\"SearchAction\",\"target\":{\"@type\":\"EntryPoint\",\"urlTemplate\":\"https:\\\/\\\/www.flyspot.com\\\/pl\\\/?s={search_term_string}\"},\"query-input\":{\"@type\":\"PropertyValueSpecification\",\"valueRequired\":true,\"valueName\":\"search_term_string\"}}],\"inLanguage\":\"pl-PL\"}]}<\/script>\n<!-- \/ Yoast SEO plugin. -->","yoast_head_json":{"title":"Flyspot w Warszawie - ZAREZERWUJ PAKIET ODPOWIEDNI DLA CIEBIE!","robots":{"index":"index","follow":"follow","max-snippet":"max-snippet:-1","max-image-preview":"max-image-preview:large","max-video-preview":"max-video-preview:-1"},"canonical":"https:\/\/www.flyspot.com\/pl\/lokalizacje\/warszawa\/","og_locale":"pl_PL","og_type":"article","og_title":"Flyspot w Warszawie - ZAREZERWUJ PAKIET ODPOWIEDNI DLA CIEBIE!","og_url":"https:\/\/www.flyspot.com\/pl\/lokalizacje\/warszawa\/","og_site_name":"ZAREZERWUJ PAKIET ODPOWIEDNI DLA CIEBIE!","article_modified_time":"2025-12-11T21:21:24+00:00","og_image":[{"width":1550,"height":801,"url":"https:\/\/www.flyspot.com\/wp-content\/uploads\/2020\/09\/wawa.jpg","type":"image\/jpeg"}],"twitter_card":"summary_large_image","schema":{"@context":"https:\/\/schema.org","@graph":[{"@type":"WebPage","@id":"https:\/\/www.flyspot.com\/pl\/lokalizacje\/warszawa\/","url":"https:\/\/www.flyspot.com\/pl\/lokalizacje\/warszawa\/","name":"Flyspot w Warszawie - ZAREZERWUJ PAKIET ODPOWIEDNI DLA CIEBIE!","isPartOf":{"@id":"https:\/\/www.flyspot.com\/pl\/#website"},"primaryImageOfPage":{"@id":"https:\/\/www.flyspot.com\/pl\/lokalizacje\/warszawa\/#primaryimage"},"image":{"@id":"https:\/\/www.flyspot.com\/pl\/lokalizacje\/warszawa\/#primaryimage"},"thumbnailUrl":"https:\/\/www.flyspot.com\/wp-content\/uploads\/2020\/09\/wawa.jpg","datePublished":"2020-09-19T06:25:20+00:00","dateModified":"2025-12-11T21:21:24+00:00","breadcrumb":{"@id":"https:\/\/www.flyspot.com\/pl\/lokalizacje\/warszawa\/#breadcrumb"},"inLanguage":"pl-PL","potentialAction":[{"@type":"ReadAction","target":["https:\/\/www.flyspot.com\/pl\/lokalizacje\/warszawa\/"]}]},{"@type":"ImageObject","inLanguage":"pl-PL","@id":"https:\/\/www.flyspot.com\/pl\/lokalizacje\/warszawa\/#primaryimage","url":"https:\/\/www.flyspot.com\/wp-content\/uploads\/2020\/09\/wawa.jpg","contentUrl":"https:\/\/www.flyspot.com\/wp-content\/uploads\/2020\/09\/wawa.jpg","width":1550,"height":801},{"@type":"BreadcrumbList","@id":"https:\/\/www.flyspot.com\/pl\/lokalizacje\/warszawa\/#breadcrumb","itemListElement":[{"@type":"ListItem","position":1,"name":"Strona g\u0142\u00f3wna","item":"https:\/\/www.flyspot.com\/pl\/"},{"@type":"ListItem","position":2,"name":"Lokalizacje","item":"https:\/\/www.flyspot.com\/pl\/lokalizacje\/"},{"@type":"ListItem","position":3,"name":"Flyspot w Warszawie"}]},{"@type":"WebSite","@id":"https:\/\/www.flyspot.com\/pl\/#website","url":"https:\/\/www.flyspot.com\/pl\/","name":"ZAREZERWUJ PAKIET ODPOWIEDNI DLA CIEBIE!","description":"Tunel Aerodynamiczny, Symulator Boeinga 737, spe\u0142nij marzenia o lataniu","potentialAction":[{"@type":"SearchAction","target":{"@type":"EntryPoint","urlTemplate":"https:\/\/www.flyspot.com\/pl\/?s={search_term_string}"},"query-input":{"@type":"PropertyValueSpecification","valueRequired":true,"valueName":"search_term_string"}}],"inLanguage":"pl-PL"}]}},"_links":{"self":[{"href":"https:\/\/www.flyspot.com\/pl\/wp-json\/wp\/v2\/pages\/4706","targetHints":{"allow":["GET"]}}],"collection":[{"href":"https:\/\/www.flyspot.com\/pl\/wp-json\/wp\/v2\/pages"}],"about":[{"href":"https:\/\/www.flyspot.com\/pl\/wp-json\/wp\/v2\/types\/page"}],"author":[{"embeddable":true,"href":"https:\/\/www.flyspot.com\/pl\/wp-json\/wp\/v2\/users\/1"}],"replies":[{"embeddable":true,"href":"https:\/\/www.flyspot.com\/pl\/wp-json\/wp\/v2\/comments?post=4706"}],"version-history":[{"count":107,"href":"https:\/\/www.flyspot.com\/pl\/wp-json\/wp\/v2\/pages\/4706\/revisions"}],"predecessor-version":[{"id":42724,"href":"https:\/\/www.flyspot.com\/pl\/wp-json\/wp\/v2\/pages\/4706\/revisions\/42724"}],"up":[{"embeddable":true,"href":"https:\/\/www.flyspot.com\/pl\/wp-json\/wp\/v2\/pages\/30534"}],"wp:featuredmedia":[{"embeddable":true,"href":"https:\/\/www.flyspot.com\/pl\/wp-json\/wp\/v2\/media\/5166"}],"wp:attachment":[{"href":"https:\/\/www.flyspot.com\/pl\/wp-json\/wp\/v2\/media?parent=4706"}],"curies":[{"name":"wp","href":"https:\/\/api.w.org\/{rel}","templated":true}]}}