{"id":34249,"date":"2024-03-14T11:20:50","date_gmt":"2024-03-14T10:20:50","guid":{"rendered":"https:\/\/www.flyspot.com\/?page_id=34249"},"modified":"2024-03-15T09:40:50","modified_gmt":"2024-03-15T08:40:50","slug":"tu-i-teraz","status":"publish","type":"page","link":"https:\/\/www.flyspot.com\/pl\/lp\/tu-i-teraz\/","title":{"rendered":"Tu i teraz"},"content":{"rendered":"\n<h2 class=\"wp-block-heading\"><font color=\"#ffffff\"> . <\/h2><\/font>\n\n\n\n<p><\/p>\n\n\n<div id=\"hero-block_14bf77934c506ee522521b873bfc478b\" class=\"hero-block hero-block-noimg\">\r\n  <div class=\"row outer-container\">\r\n    <div>\r\n      <img decoding=\"async\" lazy src=\"data:image\/gif;base64,R0lGODlhAQABAAD\/ACwAAAAAAQABAAACADs%3D\" data-src=\"https:\/\/www.flyspot.com\/wp-content\/uploads\/2024\/03\/Tu-i-teraz.jpg\" alt=\"\">\r\n          <\/div>\r\n    <div>\r\n      <h2>-15% NA WSZYSTKIE REZERWACJE!<\/h2><p>Marzysz o lataniu? Teraz mo\u017cesz spe\u0142ni\u0107 to marzenie! Zarezerwuj lot w tunelu aerodynamicznym Flyspot i daj si\u0119 ponie\u015b\u0107 emocjom. Tylko teraz dajemy -15% na wszystkie rezerwacje od poniedzia\u0142ku do pi\u0105tku. Promocja dotyczy zar\u00f3wno tunelu aerodynamicznego, jak r\u00f3wnie\u017c symulatora Boeinga 737 oraz symulatora skok\u00f3w spadochronowych!<\/p>    <\/div>\r\n  <\/div>\r\n<\/div><!-- block -->\r\n\n\n<div id=\"hero-block_db01cf586703f5afd7555b6dd9bf3b7c\" class=\"hero-block\">\r\n  <div class=\"row outer-container\">\r\n    <div>\r\n      <img decoding=\"async\" lazy src=\"data:image\/gif;base64,R0lGODlhAQABAAD\/ACwAAAAAAQABAAACADs%3D\" data-src=\"https:\/\/www.flyspot.com\/wp-content\/uploads\/2024\/03\/1440x550.jpg\" alt=\"\">\r\n          <\/div>\r\n    <div>\r\n      <h2>DLACZEGO WARTO?<\/h2><p>Latanie w tunelu aerodynamicznym to wspania\u0142e uczucie i zwykle po zako\u0144czeniu sesji po prostu ma si\u0119 ochot\u0119 tam wr\u00f3ci\u0107. Zobaczysz, \u017ce ju\u017c podczas drugiego wej\u015bcia o wiele swobodniej odnajdziesz si\u0119 w powietrzu. Chcesz spe\u0142ni\u0107 inne marzenie zwi\u0105zane z lataniem? Zasi\u0105d\u017a za sterami samolotu w naszym symulatorze Boeinga 737 lub poczuj si\u0119 jak skoczek w symulatorze skok\u00f3w spadochronowych Flyspot!<\/p>    <\/div>\r\n  <\/div>\r\n<\/div><!-- block -->\r\n\n\n\n<figure class=\"wp-block-gallery has-nested-images columns-default is-cropped wp-block-gallery-1 is-layout-flex wp-block-gallery-is-layout-flex\">\n<figure class=\"wp-block-image size-large\"><img decoding=\"async\" width=\"1024\" height=\"683\" data-id=\"34270\" src=\"https:\/\/www.flyspot.com\/wp-content\/uploads\/2024\/03\/2022.06.26-flyspot-symulator-13-Duzy-1620x1080-1-1024x683.jpg\" alt=\"\" class=\"wp-image-34270\" srcset=\"https:\/\/www.flyspot.com\/wp-content\/uploads\/2024\/03\/2022.06.26-flyspot-symulator-13-Duzy-1620x1080-1-1024x683.jpg 1024w, https:\/\/www.flyspot.com\/wp-content\/uploads\/2024\/03\/2022.06.26-flyspot-symulator-13-Duzy-1620x1080-1-300x200.jpg 300w, https:\/\/www.flyspot.com\/wp-content\/uploads\/2024\/03\/2022.06.26-flyspot-symulator-13-Duzy-1620x1080-1-150x100.jpg 150w, https:\/\/www.flyspot.com\/wp-content\/uploads\/2024\/03\/2022.06.26-flyspot-symulator-13-Duzy-1620x1080-1-768x512.jpg 768w, https:\/\/www.flyspot.com\/wp-content\/uploads\/2024\/03\/2022.06.26-flyspot-symulator-13-Duzy-1620x1080-1-1536x1024.jpg 1536w, https:\/\/www.flyspot.com\/wp-content\/uploads\/2024\/03\/2022.06.26-flyspot-symulator-13-Duzy-1620x1080-1.jpg 1620w\" sizes=\"(max-width: 1024px) 100vw, 1024px\" \/><\/figure>\n\n\n\n<figure class=\"wp-block-image size-large\"><img decoding=\"async\" width=\"1024\" height=\"720\" data-id=\"34275\" src=\"https:\/\/www.flyspot.com\/wp-content\/uploads\/2024\/03\/Family_KATO_2021_part6-6105-Duzy-1537x1080-1-1024x720.jpg\" alt=\"\" class=\"wp-image-34275\" srcset=\"https:\/\/www.flyspot.com\/wp-content\/uploads\/2024\/03\/Family_KATO_2021_part6-6105-Duzy-1537x1080-1-1024x720.jpg 1024w, https:\/\/www.flyspot.com\/wp-content\/uploads\/2024\/03\/Family_KATO_2021_part6-6105-Duzy-1537x1080-1-300x211.jpg 300w, https:\/\/www.flyspot.com\/wp-content\/uploads\/2024\/03\/Family_KATO_2021_part6-6105-Duzy-1537x1080-1-150x105.jpg 150w, https:\/\/www.flyspot.com\/wp-content\/uploads\/2024\/03\/Family_KATO_2021_part6-6105-Duzy-1537x1080-1-768x540.jpg 768w, https:\/\/www.flyspot.com\/wp-content\/uploads\/2024\/03\/Family_KATO_2021_part6-6105-Duzy-1537x1080-1.jpg 1537w\" sizes=\"(max-width: 1024px) 100vw, 1024px\" \/><\/figure>\n\n\n\n<figure class=\"wp-block-image size-large\"><img decoding=\"async\" width=\"1024\" height=\"683\" data-id=\"34280\" src=\"https:\/\/www.flyspot.com\/wp-content\/uploads\/2024\/03\/OTCF_4F-event-1687-Duzy-1620x1080-1-1024x683.jpg\" alt=\"\" class=\"wp-image-34280\" srcset=\"https:\/\/www.flyspot.com\/wp-content\/uploads\/2024\/03\/OTCF_4F-event-1687-Duzy-1620x1080-1-1024x683.jpg 1024w, https:\/\/www.flyspot.com\/wp-content\/uploads\/2024\/03\/OTCF_4F-event-1687-Duzy-1620x1080-1-300x200.jpg 300w, https:\/\/www.flyspot.com\/wp-content\/uploads\/2024\/03\/OTCF_4F-event-1687-Duzy-1620x1080-1-150x100.jpg 150w, https:\/\/www.flyspot.com\/wp-content\/uploads\/2024\/03\/OTCF_4F-event-1687-Duzy-1620x1080-1-768x512.jpg 768w, https:\/\/www.flyspot.com\/wp-content\/uploads\/2024\/03\/OTCF_4F-event-1687-Duzy-1620x1080-1-1536x1024.jpg 1536w, https:\/\/www.flyspot.com\/wp-content\/uploads\/2024\/03\/OTCF_4F-event-1687-Duzy-1620x1080-1.jpg 1620w\" sizes=\"(max-width: 1024px) 100vw, 1024px\" \/><\/figure>\n\n\n\n<figure class=\"wp-block-image size-large\"><img decoding=\"async\" width=\"1024\" height=\"683\" data-id=\"34290\" src=\"https:\/\/www.flyspot.com\/wp-content\/uploads\/2024\/03\/SYMULATOR_skydive_WAWA_Feb_2024-4581-Duzy-1620x1080-1-1024x683.jpg\" alt=\"\" class=\"wp-image-34290\" srcset=\"https:\/\/www.flyspot.com\/wp-content\/uploads\/2024\/03\/SYMULATOR_skydive_WAWA_Feb_2024-4581-Duzy-1620x1080-1-1024x683.jpg 1024w, https:\/\/www.flyspot.com\/wp-content\/uploads\/2024\/03\/SYMULATOR_skydive_WAWA_Feb_2024-4581-Duzy-1620x1080-1-300x200.jpg 300w, https:\/\/www.flyspot.com\/wp-content\/uploads\/2024\/03\/SYMULATOR_skydive_WAWA_Feb_2024-4581-Duzy-1620x1080-1-150x100.jpg 150w, https:\/\/www.flyspot.com\/wp-content\/uploads\/2024\/03\/SYMULATOR_skydive_WAWA_Feb_2024-4581-Duzy-1620x1080-1-768x512.jpg 768w, https:\/\/www.flyspot.com\/wp-content\/uploads\/2024\/03\/SYMULATOR_skydive_WAWA_Feb_2024-4581-Duzy-1620x1080-1-1536x1024.jpg 1536w, https:\/\/www.flyspot.com\/wp-content\/uploads\/2024\/03\/SYMULATOR_skydive_WAWA_Feb_2024-4581-Duzy-1620x1080-1.jpg 1620w\" sizes=\"(max-width: 1024px) 100vw, 1024px\" \/><\/figure>\n\n\n\n<figure class=\"wp-block-image size-large\"><img decoding=\"async\" width=\"1024\" height=\"683\" data-id=\"34116\" src=\"https:\/\/www.flyspot.com\/wp-content\/uploads\/2024\/03\/3V9A8473-HDR-kopia-Duzy-1620x1080-1-1024x683.jpg\" alt=\"\" class=\"wp-image-34116\" srcset=\"https:\/\/www.flyspot.com\/wp-content\/uploads\/2024\/03\/3V9A8473-HDR-kopia-Duzy-1620x1080-1-1024x683.jpg 1024w, https:\/\/www.flyspot.com\/wp-content\/uploads\/2024\/03\/3V9A8473-HDR-kopia-Duzy-1620x1080-1-300x200.jpg 300w, https:\/\/www.flyspot.com\/wp-content\/uploads\/2024\/03\/3V9A8473-HDR-kopia-Duzy-1620x1080-1-150x100.jpg 150w, https:\/\/www.flyspot.com\/wp-content\/uploads\/2024\/03\/3V9A8473-HDR-kopia-Duzy-1620x1080-1-768x512.jpg 768w, https:\/\/www.flyspot.com\/wp-content\/uploads\/2024\/03\/3V9A8473-HDR-kopia-Duzy-1620x1080-1-1536x1024.jpg 1536w, https:\/\/www.flyspot.com\/wp-content\/uploads\/2024\/03\/3V9A8473-HDR-kopia-Duzy-1620x1080-1.jpg 1620w\" sizes=\"(max-width: 1024px) 100vw, 1024px\" \/><\/figure>\n\n\n\n<figure class=\"wp-block-image size-large\"><img decoding=\"async\" width=\"1024\" height=\"577\" data-id=\"34285\" src=\"https:\/\/www.flyspot.com\/wp-content\/uploads\/2024\/03\/OTCF_4F-event-5803-1-Duzy-1918x1080-1-1024x577.jpg\" alt=\"\" class=\"wp-image-34285\" srcset=\"https:\/\/www.flyspot.com\/wp-content\/uploads\/2024\/03\/OTCF_4F-event-5803-1-Duzy-1918x1080-1-1024x577.jpg 1024w, https:\/\/www.flyspot.com\/wp-content\/uploads\/2024\/03\/OTCF_4F-event-5803-1-Duzy-1918x1080-1-300x169.jpg 300w, https:\/\/www.flyspot.com\/wp-content\/uploads\/2024\/03\/OTCF_4F-event-5803-1-Duzy-1918x1080-1-150x84.jpg 150w, https:\/\/www.flyspot.com\/wp-content\/uploads\/2024\/03\/OTCF_4F-event-5803-1-Duzy-1918x1080-1-768x432.jpg 768w, https:\/\/www.flyspot.com\/wp-content\/uploads\/2024\/03\/OTCF_4F-event-5803-1-Duzy-1918x1080-1-1536x865.jpg 1536w, https:\/\/www.flyspot.com\/wp-content\/uploads\/2024\/03\/OTCF_4F-event-5803-1-Duzy-1918x1080-1.jpg 1918w\" sizes=\"(max-width: 1024px) 100vw, 1024px\" \/><\/figure>\n<\/figure>\n\n\n\n<p><\/p>\n\n\n\n<h1 class=\"wp-block-heading has-text-align-center\">ZAREZERWUJ PAKIET ODPOWIEDNI DLA CIEBIE!<\/h1>\n\n\n\n<p><\/p>\n\n\n\n<div class=\"wp-block-buttons has-custom-font-size has-small-font-size is-content-justification-center is-layout-flex wp-container-core-buttons-is-layout-16018d1d wp-block-buttons-is-layout-flex\">\n<div class=\"wp-block-button\"><a class=\"wp-block-button__link wp-element-button\" href=\"https:\/\/cs.flyspot.com\/offer?steps=flyspot_firsttime_firsttime-submit\">LOTY DLA OSOBY DOROS\u0141EJ<\/a><\/div>\n\n\n\n<div class=\"wp-block-button\"><a class=\"wp-block-button__link wp-element-button\" href=\"https:\/\/cs.flyspot.com\/offer?steps=flyspot_firsttime_firsttime-adult~0_firsttime-children~1_firsttime-submit\">LOTY DLA OSOBY PONI\u017bEJ 14. ROKU \u017bYCIA<\/a><\/div>\n\n\n\n<div class=\"wp-block-button\"><a class=\"wp-block-button__link wp-element-button\" href=\"https:\/\/cs.flyspot.com\/offer?steps=flyspot_training\">TRENING INDYWIDUALNY<\/a><\/div>\n\n\n\n<div class=\"wp-block-button\"><a class=\"wp-block-button__link wp-element-button\" href=\"https:\/\/cs.flyspot.com\/offer?steps=parachute-simulator_parachute-simulator-wawa\">SYMULATOR SKOK\u00d3W SPADOCHRONOWYCH<\/a><\/div>\n\n\n\n<div class=\"wp-block-button\"><a class=\"wp-block-button__link wp-element-button\" href=\"https:\/\/cs.flyspot.com\/offer?steps=boeing_boeing-wawa\">SYMULATOR BOEING 737<\/a><\/div>\n<\/div>\n","protected":false},"excerpt":{"rendered":"<p>. ZAREZERWUJ PAKIET ODPOWIEDNI DLA CIEBIE!<\/p>\n","protected":false},"author":18,"featured_media":34260,"parent":21905,"menu_order":0,"comment_status":"closed","ping_status":"closed","template":"template-landing4.php","meta":{"_acf_changed":false,"footnotes":""},"class_list":["post-34249","page","type-page","status-publish","has-post-thumbnail","hentry"],"acf":[],"yoast_head":"<!-- This site is optimized with the Yoast SEO plugin v27.3 - https:\/\/yoast.com\/product\/yoast-seo-wordpress\/ -->\n<title>Tu i teraz - ZAREZERWUJ PAKIET ODPOWIEDNI DLA CIEBIE!<\/title>\n<meta name=\"robots\" content=\"index, follow, max-snippet:-1, max-image-preview:large, max-video-preview:-1\" \/>\n<link rel=\"canonical\" href=\"https:\/\/www.flyspot.com\/pl\/lp\/tu-i-teraz\/\" \/>\n<meta property=\"og:locale\" content=\"pl_PL\" \/>\n<meta property=\"og:type\" content=\"article\" \/>\n<meta property=\"og:title\" content=\"Tu i teraz - ZAREZERWUJ PAKIET ODPOWIEDNI DLA CIEBIE!\" \/>\n<meta property=\"og:description\" content=\". ZAREZERWUJ PAKIET ODPOWIEDNI DLA CIEBIE!\" \/>\n<meta property=\"og:url\" content=\"https:\/\/www.flyspot.com\/pl\/lp\/tu-i-teraz\/\" \/>\n<meta property=\"og:site_name\" content=\"ZAREZERWUJ PAKIET ODPOWIEDNI DLA CIEBIE!\" \/>\n<meta property=\"article:modified_time\" content=\"2024-03-15T08:40:50+00:00\" \/>\n<meta property=\"og:image\" content=\"https:\/\/www.flyspot.com\/wp-content\/uploads\/2024\/03\/Tu-i-teraz.jpg\" \/>\n\t<meta property=\"og:image:width\" content=\"1440\" \/>\n\t<meta property=\"og:image:height\" content=\"555\" \/>\n\t<meta property=\"og:image:type\" content=\"image\/jpeg\" \/>\n<meta name=\"twitter:card\" content=\"summary_large_image\" \/>\n<script type=\"application\/ld+json\" class=\"yoast-schema-graph\">{\"@context\":\"https:\\\/\\\/schema.org\",\"@graph\":[{\"@type\":\"WebPage\",\"@id\":\"https:\\\/\\\/www.flyspot.com\\\/pl\\\/lp\\\/tu-i-teraz\\\/\",\"url\":\"https:\\\/\\\/www.flyspot.com\\\/pl\\\/lp\\\/tu-i-teraz\\\/\",\"name\":\"Tu i teraz - ZAREZERWUJ PAKIET ODPOWIEDNI DLA CIEBIE!\",\"isPartOf\":{\"@id\":\"https:\\\/\\\/www.flyspot.com\\\/pl\\\/#website\"},\"primaryImageOfPage\":{\"@id\":\"https:\\\/\\\/www.flyspot.com\\\/pl\\\/lp\\\/tu-i-teraz\\\/#primaryimage\"},\"image\":{\"@id\":\"https:\\\/\\\/www.flyspot.com\\\/pl\\\/lp\\\/tu-i-teraz\\\/#primaryimage\"},\"thumbnailUrl\":\"https:\\\/\\\/www.flyspot.com\\\/wp-content\\\/uploads\\\/2024\\\/03\\\/Tu-i-teraz.jpg\",\"datePublished\":\"2024-03-14T10:20:50+00:00\",\"dateModified\":\"2024-03-15T08:40:50+00:00\",\"breadcrumb\":{\"@id\":\"https:\\\/\\\/www.flyspot.com\\\/pl\\\/lp\\\/tu-i-teraz\\\/#breadcrumb\"},\"inLanguage\":\"pl-PL\",\"potentialAction\":[{\"@type\":\"ReadAction\",\"target\":[\"https:\\\/\\\/www.flyspot.com\\\/pl\\\/lp\\\/tu-i-teraz\\\/\"]}]},{\"@type\":\"ImageObject\",\"inLanguage\":\"pl-PL\",\"@id\":\"https:\\\/\\\/www.flyspot.com\\\/pl\\\/lp\\\/tu-i-teraz\\\/#primaryimage\",\"url\":\"https:\\\/\\\/www.flyspot.com\\\/wp-content\\\/uploads\\\/2024\\\/03\\\/Tu-i-teraz.jpg\",\"contentUrl\":\"https:\\\/\\\/www.flyspot.com\\\/wp-content\\\/uploads\\\/2024\\\/03\\\/Tu-i-teraz.jpg\",\"width\":1440,\"height\":555},{\"@type\":\"BreadcrumbList\",\"@id\":\"https:\\\/\\\/www.flyspot.com\\\/pl\\\/lp\\\/tu-i-teraz\\\/#breadcrumb\",\"itemListElement\":[{\"@type\":\"ListItem\",\"position\":1,\"name\":\"Strona g\u0142\u00f3wna\",\"item\":\"https:\\\/\\\/www.flyspot.com\\\/pl\\\/\"},{\"@type\":\"ListItem\",\"position\":2,\"name\":\"LP\",\"item\":\"https:\\\/\\\/www.flyspot.com\\\/pl\\\/lp\\\/\"},{\"@type\":\"ListItem\",\"position\":3,\"name\":\"Tu i teraz\"}]},{\"@type\":\"WebSite\",\"@id\":\"https:\\\/\\\/www.flyspot.com\\\/pl\\\/#website\",\"url\":\"https:\\\/\\\/www.flyspot.com\\\/pl\\\/\",\"name\":\"ZAREZERWUJ PAKIET ODPOWIEDNI DLA CIEBIE!\",\"description\":\"Tunel Aerodynamiczny, Symulator Boeinga 737, spe\u0142nij marzenia o lataniu\",\"potentialAction\":[{\"@type\":\"SearchAction\",\"target\":{\"@type\":\"EntryPoint\",\"urlTemplate\":\"https:\\\/\\\/www.flyspot.com\\\/pl\\\/?s={search_term_string}\"},\"query-input\":{\"@type\":\"PropertyValueSpecification\",\"valueRequired\":true,\"valueName\":\"search_term_string\"}}],\"inLanguage\":\"pl-PL\"}]}<\/script>\n<!-- \/ Yoast SEO plugin. -->","yoast_head_json":{"title":"Tu i teraz - ZAREZERWUJ PAKIET ODPOWIEDNI DLA CIEBIE!","robots":{"index":"index","follow":"follow","max-snippet":"max-snippet:-1","max-image-preview":"max-image-preview:large","max-video-preview":"max-video-preview:-1"},"canonical":"https:\/\/www.flyspot.com\/pl\/lp\/tu-i-teraz\/","og_locale":"pl_PL","og_type":"article","og_title":"Tu i teraz - ZAREZERWUJ PAKIET ODPOWIEDNI DLA CIEBIE!","og_description":". ZAREZERWUJ PAKIET ODPOWIEDNI DLA CIEBIE!","og_url":"https:\/\/www.flyspot.com\/pl\/lp\/tu-i-teraz\/","og_site_name":"ZAREZERWUJ PAKIET ODPOWIEDNI DLA CIEBIE!","article_modified_time":"2024-03-15T08:40:50+00:00","og_image":[{"width":1440,"height":555,"url":"https:\/\/www.flyspot.com\/wp-content\/uploads\/2024\/03\/Tu-i-teraz.jpg","type":"image\/jpeg"}],"twitter_card":"summary_large_image","schema":{"@context":"https:\/\/schema.org","@graph":[{"@type":"WebPage","@id":"https:\/\/www.flyspot.com\/pl\/lp\/tu-i-teraz\/","url":"https:\/\/www.flyspot.com\/pl\/lp\/tu-i-teraz\/","name":"Tu i teraz - ZAREZERWUJ PAKIET ODPOWIEDNI DLA CIEBIE!","isPartOf":{"@id":"https:\/\/www.flyspot.com\/pl\/#website"},"primaryImageOfPage":{"@id":"https:\/\/www.flyspot.com\/pl\/lp\/tu-i-teraz\/#primaryimage"},"image":{"@id":"https:\/\/www.flyspot.com\/pl\/lp\/tu-i-teraz\/#primaryimage"},"thumbnailUrl":"https:\/\/www.flyspot.com\/wp-content\/uploads\/2024\/03\/Tu-i-teraz.jpg","datePublished":"2024-03-14T10:20:50+00:00","dateModified":"2024-03-15T08:40:50+00:00","breadcrumb":{"@id":"https:\/\/www.flyspot.com\/pl\/lp\/tu-i-teraz\/#breadcrumb"},"inLanguage":"pl-PL","potentialAction":[{"@type":"ReadAction","target":["https:\/\/www.flyspot.com\/pl\/lp\/tu-i-teraz\/"]}]},{"@type":"ImageObject","inLanguage":"pl-PL","@id":"https:\/\/www.flyspot.com\/pl\/lp\/tu-i-teraz\/#primaryimage","url":"https:\/\/www.flyspot.com\/wp-content\/uploads\/2024\/03\/Tu-i-teraz.jpg","contentUrl":"https:\/\/www.flyspot.com\/wp-content\/uploads\/2024\/03\/Tu-i-teraz.jpg","width":1440,"height":555},{"@type":"BreadcrumbList","@id":"https:\/\/www.flyspot.com\/pl\/lp\/tu-i-teraz\/#breadcrumb","itemListElement":[{"@type":"ListItem","position":1,"name":"Strona g\u0142\u00f3wna","item":"https:\/\/www.flyspot.com\/pl\/"},{"@type":"ListItem","position":2,"name":"LP","item":"https:\/\/www.flyspot.com\/pl\/lp\/"},{"@type":"ListItem","position":3,"name":"Tu i teraz"}]},{"@type":"WebSite","@id":"https:\/\/www.flyspot.com\/pl\/#website","url":"https:\/\/www.flyspot.com\/pl\/","name":"ZAREZERWUJ PAKIET ODPOWIEDNI DLA CIEBIE!","description":"Tunel Aerodynamiczny, Symulator Boeinga 737, spe\u0142nij marzenia o lataniu","potentialAction":[{"@type":"SearchAction","target":{"@type":"EntryPoint","urlTemplate":"https:\/\/www.flyspot.com\/pl\/?s={search_term_string}"},"query-input":{"@type":"PropertyValueSpecification","valueRequired":true,"valueName":"search_term_string"}}],"inLanguage":"pl-PL"}]}},"_links":{"self":[{"href":"https:\/\/www.flyspot.com\/pl\/wp-json\/wp\/v2\/pages\/34249","targetHints":{"allow":["GET"]}}],"collection":[{"href":"https:\/\/www.flyspot.com\/pl\/wp-json\/wp\/v2\/pages"}],"about":[{"href":"https:\/\/www.flyspot.com\/pl\/wp-json\/wp\/v2\/types\/page"}],"author":[{"embeddable":true,"href":"https:\/\/www.flyspot.com\/pl\/wp-json\/wp\/v2\/users\/18"}],"replies":[{"embeddable":true,"href":"https:\/\/www.flyspot.com\/pl\/wp-json\/wp\/v2\/comments?post=34249"}],"version-history":[{"count":56,"href":"https:\/\/www.flyspot.com\/pl\/wp-json\/wp\/v2\/pages\/34249\/revisions"}],"predecessor-version":[{"id":34613,"href":"https:\/\/www.flyspot.com\/pl\/wp-json\/wp\/v2\/pages\/34249\/revisions\/34613"}],"up":[{"embeddable":true,"href":"https:\/\/www.flyspot.com\/pl\/wp-json\/wp\/v2\/pages\/21905"}],"wp:featuredmedia":[{"embeddable":true,"href":"https:\/\/www.flyspot.com\/pl\/wp-json\/wp\/v2\/media\/34260"}],"wp:attachment":[{"href":"https:\/\/www.flyspot.com\/pl\/wp-json\/wp\/v2\/media?parent=34249"}],"curies":[{"name":"wp","href":"https:\/\/api.w.org\/{rel}","templated":true}]}}