{"id":1870,"date":"2020-09-15T09:33:07","date_gmt":"2020-09-15T07:33:07","guid":{"rendered":"https:\/\/www.flyspot.com\/?page_id=1870"},"modified":"2024-05-22T10:10:45","modified_gmt":"2024-05-22T08:10:45","slug":"60-minut-w-symulatorze-boeing-737","status":"publish","type":"page","link":"https:\/\/www.flyspot.com\/pl\/nasze-atrakcje\/symulator\/boeing-737-pakiety\/60-minut-w-symulatorze-boeing-737\/","title":{"rendered":"60 minut w symulatorze Boeing 737"},"content":{"rendered":"<div id=\"hero-block_b5eb6c4de74a4faee1efaf820850d9d1\" class=\"hero-block\">\r\n  <div class=\"row outer-container\">\r\n    <div>\r\n      <img decoding=\"async\" lazy src=\"data:image\/gif;base64,R0lGODlhAQABAAD\/ACwAAAAAAQABAAACADs%3D\" data-src=\"https:\/\/www.flyspot.com\/wp-content\/uploads\/2020\/09\/Layer-2.jpg\" alt=\"\">\r\n          <\/div>\r\n    <div>\r\n      <h2>60 minut w symulatorze Boeing 737<\/h2><p>Przejmij kontrol\u0119 nad 80-tonowym samolotem pasa\u017cerskim. <br \/>\r\nZobacz jak wygl\u0105da praca za\u0142ogi wielkiego odrzutowca<\/p>    <\/div>\r\n  <\/div>\r\n<\/div><!-- block -->\r\n\n\n<div id=\"product-details-block_d7fa673efde44adcecabe0483ff166ff\" class=\"product-details-block\">\r\n  <div class=\"row container\">\r\n    <div>\r\n      <h2 class=\"title\">Szczeg\u00f3\u0142y produktu<\/h2>      <p class=\"desc\">Lot w symulatorze poprzedzony  jest kr\u00f3tkim wprowadzeniem teoretycznym, w ramach kt\u00f3rego do\u015bwiadczony  instruktor przedstawi uczestnikowi najwa\u017cniejsze zasady pilota\u017cu, a tak\u017ce wyja\u015bni podstawowe funkcje  potrzebnych  przyrz\u0105d\u00f3w i wska\u017anik\u00f3w. Wszystko co b\u0119dzie dzia\u0142o si\u0119 podczas lotu b\u0119dzie na bie\u017c\u0105co \u201cdobierane\u201d przez instruktora w zale\u017cno\u015bci od umiej\u0119tno\u015bci i do\u015bwiadczenia uczestnika. \r\n\r\nSesja symulatorowa mo\u017ce rozpocz\u0105\u0107 si\u0119 od stanowiska postojowego na wybranym lotnisku i przygotowania samolotu do wypychania i odpalania silnik\u00f3w lub ju\u017c na pasie startowym. Pod okiem instruktora uczestnik konfiguruje samolot do odlotu po czym wykonuje rozbieg i start z pasa. W trakcie lotu uczestnik b\u0119dzie pos\u0142ugiwa\u0142 si\u0119 sterami samolotu w trakcie lotu manualnego oraz  funkcjami autopilota. Sesja ko\u0144czy si\u0119 pomy\u015blnym l\u0105dowaniem na lotnisku docelowym. W ci\u0105gu 60 min pilot\/ucze\u0144 mo\u017ce wykona\u0107 3-4  starty i l\u0105dowania na r\u00f3\u017cnych lotniskach oraz w r\u00f3\u017cnych warunkach pogodowych. Wszystkie elementy scenariusza mo\u017cna ustali\u0107 z instruktorem telefonicznie\/ mailowo lub przed samym lotem lub zaufa\u0107 scenariuszowi dobranemu przez instruktora na miejscu na podstawie do\u015bwiadczenia uczestnika.\r\n\r\nStart odbywa si\u0119 przy \u0142adnej pogodzie bez ogranicze\u0144 widoczno\u015bci poni\u017cej 1 km wysoko\u015bci.\r\n\r\nNa \u017cyczenie uczestnika mo\u017cemy zaprogramowa\u0107 aktualn\u0105 pogod\u0119 panuj\u0105c\u0105 na danym lotnisku.<\/p>      <ul>            <li>\r\n              <p>Cena w pln<\/p>\r\n              <strong>od 609 pln<\/strong>\r\n            <\/li>\r\n                      <li>\r\n              <p>Liczba os\u00f3b<\/p>\r\n              <strong>1<\/strong>\r\n            <\/li>\r\n                      <li>\r\n              <p>D\u0142ugo\u015b\u0107 sesji<\/p>\r\n              <strong>60 minut<\/strong>\r\n            <\/li>\r\n                      <li>\r\n              <p>Minimalny wiek<\/p>\r\n              <strong>6 lat<\/strong>\r\n            <\/li>\r\n                      <li>\r\n              <p>W pakiecie<\/p>\r\n              <strong>Kr\u00f3tkie szkolenie wst\u0119pne<\/strong>\r\n            <\/li>\r\n                      <li>\r\n              <p><\/p>\r\n              <strong>mo\u017cliwo\u015b\u0107 ustalenia scenariusza lotu<\/strong>\r\n            <\/li>\r\n                      <li>\r\n              <p><\/p>\r\n              <strong>Opieka instruktora<\/strong>\r\n            <\/li>\r\n                      <li>\r\n              <p><\/p>\r\n              <strong>Certyfikat<\/strong>\r\n            <\/li>\r\n                      <li>\r\n              <p>Lokalizacja<\/p>\r\n              <strong>Flyspot Warszawa<\/strong>\r\n            <\/li>\r\n          <\/ul>      <div class=\"button-list-wrap\"><div class=\"button-list button-type-basic\"><div><a class=\"css-default\" href=\"https:\/\/sklep.flyspot.com\/produkty\/vouchery\/60-minut-w-symulatorze-boeing-737\" target=\"_self\"><img decoding=\"async\" lazy src=\"data:image\/gif;base64,R0lGODlhAQABAAD\/ACwAAAAAAQABAAACADs%3D\" data-src=\"https:\/\/www.flyspot.com\/wp-content\/uploads\/2020\/08\/Group_4.png\" alt=\"\"><strong>Zamawiam Voucher<\/strong><\/a><\/div><div><a class=\"css-default\" href=\"https:\/\/cs.flyspot.com\/offer?steps=boeing\" target=\"_self\"><img decoding=\"async\" lazy src=\"data:image\/gif;base64,R0lGODlhAQABAAD\/ACwAAAAAAQABAAACADs%3D\" data-src=\"https:\/\/www.flyspot.com\/wp-content\/uploads\/2020\/09\/opening-times.png\" alt=\"\"><strong>Rezerwuj\u0119<\/strong><\/a><\/div><\/div><\/div>    <\/div>\r\n  <\/div>\r\n<\/div><!-- block -->\r\n\n\n<div id=\"step-guide-icons-block_337cee85c01a98a20afbadd0aa26cb99\" class=\"step-guide-icons-block\">\r\n  <div class=\"row container\">\r\n    <div>\r\n      <div class=\"title\">Plan dnia<\/div>      <ul>            <li data-count=\"01\">\r\n              <div class=\"icon-wrap\"><img decoding=\"async\" lazy src=\"data:image\/gif;base64,R0lGODlhAQABAAD\/ACwAAAAAAQABAAACADs%3D\" data-src=\"https:\/\/www.flyspot.com\/wp-content\/uploads\/2020\/08\/time-3.png\" alt=\"\"><\/div>\r\n              <p>Przyjed\u017a do Flyspot min. 10 min przed godzin\u0105 rezerwacji.<\/p>\r\n                          <\/li>\r\n                      <li data-count=\"02\">\r\n              <div class=\"icon-wrap\"><img decoding=\"async\" lazy src=\"data:image\/gif;base64,R0lGODlhAQABAAD\/ACwAAAAAAQABAAACADs%3D\" data-src=\"https:\/\/www.flyspot.com\/wp-content\/uploads\/2020\/08\/puzzle.png\" alt=\"\"><\/div>\r\n              <p>Zg\u0142o\u015b si\u0119 do instruktora Symulatora<\/p>\r\n                          <\/li>\r\n                      <li data-count=\"03\">\r\n              <div class=\"icon-wrap\"><img decoding=\"async\" lazy src=\"data:image\/gif;base64,R0lGODlhAQABAAD\/ACwAAAAAAQABAAACADs%3D\" data-src=\"https:\/\/www.flyspot.com\/wp-content\/uploads\/2020\/08\/plane-1.png\" alt=\"\"><\/div>\r\n              <p>Zajmijcie fotele za\u0142ogi Boeinga 737-800 i prze\u017cyjcie przygod\u0119 swojego \u017cycia!<\/p>\r\n                          <\/li>\r\n          <\/ul>    <\/div>\r\n  <\/div>\r\n<\/div><!-- block -->\r\n\n\n<div id=\"download-block_1d63ad39604a87bf7322470c6ca44229\" class=\"download-block\">\r\n  <div class=\"row container\">\r\n    <div>\r\n      <h2 class=\"title\">dodatkowe dokumenty<\/h2>      <ul>            <li>\r\n              <a href=\"https:\/\/www.flyspot.com\/wp-content\/uploads\/2020\/09\/737-poster-Niestandardowy.jpg\" download>\r\n                <div>\r\n                  <img decoding=\"async\" lazy src=\"data:image\/gif;base64,R0lGODlhAQABAAD\/ACwAAAAAAQABAAACADs%3D\" data-src=\"https:\/\/www.flyspot.com\/wp-content\/themes\/deepspotflyspotWPML\/images\/dots-download.svg\">\r\n                  <p>Konfiguracja kokpitu symulatora<\/p>\r\n                <\/div>\r\n              <\/a>\r\n            <\/li>\r\n          <\/ul>    <\/div>\r\n  <\/div>\r\n<\/div><!-- block -->\r\n","protected":false},"excerpt":{"rendered":"","protected":false},"author":1,"featured_media":1193,"parent":1938,"menu_order":3,"comment_status":"closed","ping_status":"closed","template":"","meta":{"_acf_changed":false,"footnotes":""},"class_list":["post-1870","page","type-page","status-publish","has-post-thumbnail","hentry"],"acf":[],"yoast_head":"<!-- This site is optimized with the Yoast SEO plugin v27.4 - https:\/\/yoast.com\/product\/yoast-seo-wordpress\/ -->\n<title>60 minut w symulatorze Boeing 737 - ZAREZERWUJ PAKIET ODPOWIEDNI DLA CIEBIE!<\/title>\n<meta name=\"robots\" content=\"index, follow, max-snippet:-1, max-image-preview:large, max-video-preview:-1\" \/>\n<link rel=\"canonical\" href=\"https:\/\/www.flyspot.com\/pl\/nasze-atrakcje\/symulator\/boeing-737-pakiety\/60-minut-w-symulatorze-boeing-737\/\" \/>\n<meta property=\"og:locale\" content=\"pl_PL\" \/>\n<meta property=\"og:type\" content=\"article\" \/>\n<meta property=\"og:title\" content=\"60 minut w symulatorze Boeing 737 - ZAREZERWUJ PAKIET ODPOWIEDNI DLA CIEBIE!\" \/>\n<meta property=\"og:url\" content=\"https:\/\/www.flyspot.com\/pl\/nasze-atrakcje\/symulator\/boeing-737-pakiety\/60-minut-w-symulatorze-boeing-737\/\" \/>\n<meta property=\"og:site_name\" content=\"ZAREZERWUJ PAKIET ODPOWIEDNI DLA CIEBIE!\" \/>\n<meta property=\"article:modified_time\" content=\"2024-05-22T08:10:45+00:00\" \/>\n<meta property=\"og:image\" content=\"https:\/\/www.flyspot.com\/wp-content\/uploads\/2020\/09\/symulator_2.jpg\" \/>\n\t<meta property=\"og:image:width\" content=\"1070\" \/>\n\t<meta property=\"og:image:height\" content=\"600\" \/>\n\t<meta property=\"og:image:type\" content=\"image\/jpeg\" \/>\n<meta name=\"twitter:card\" content=\"summary_large_image\" \/>\n<script type=\"application\/ld+json\" class=\"yoast-schema-graph\">{\"@context\":\"https:\\\/\\\/schema.org\",\"@graph\":[{\"@type\":\"WebPage\",\"@id\":\"https:\\\/\\\/www.flyspot.com\\\/pl\\\/nasze-atrakcje\\\/symulator\\\/boeing-737-pakiety\\\/60-minut-w-symulatorze-boeing-737\\\/\",\"url\":\"https:\\\/\\\/www.flyspot.com\\\/pl\\\/nasze-atrakcje\\\/symulator\\\/boeing-737-pakiety\\\/60-minut-w-symulatorze-boeing-737\\\/\",\"name\":\"60 minut w symulatorze Boeing 737 - ZAREZERWUJ PAKIET ODPOWIEDNI DLA CIEBIE!\",\"isPartOf\":{\"@id\":\"https:\\\/\\\/www.flyspot.com\\\/pl\\\/#website\"},\"primaryImageOfPage\":{\"@id\":\"https:\\\/\\\/www.flyspot.com\\\/pl\\\/nasze-atrakcje\\\/symulator\\\/boeing-737-pakiety\\\/60-minut-w-symulatorze-boeing-737\\\/#primaryimage\"},\"image\":{\"@id\":\"https:\\\/\\\/www.flyspot.com\\\/pl\\\/nasze-atrakcje\\\/symulator\\\/boeing-737-pakiety\\\/60-minut-w-symulatorze-boeing-737\\\/#primaryimage\"},\"thumbnailUrl\":\"https:\\\/\\\/www.flyspot.com\\\/wp-content\\\/uploads\\\/2020\\\/09\\\/symulator_2.jpg\",\"datePublished\":\"2020-09-15T07:33:07+00:00\",\"dateModified\":\"2024-05-22T08:10:45+00:00\",\"breadcrumb\":{\"@id\":\"https:\\\/\\\/www.flyspot.com\\\/pl\\\/nasze-atrakcje\\\/symulator\\\/boeing-737-pakiety\\\/60-minut-w-symulatorze-boeing-737\\\/#breadcrumb\"},\"inLanguage\":\"pl-PL\",\"potentialAction\":[{\"@type\":\"ReadAction\",\"target\":[\"https:\\\/\\\/www.flyspot.com\\\/pl\\\/nasze-atrakcje\\\/symulator\\\/boeing-737-pakiety\\\/60-minut-w-symulatorze-boeing-737\\\/\"]}]},{\"@type\":\"ImageObject\",\"inLanguage\":\"pl-PL\",\"@id\":\"https:\\\/\\\/www.flyspot.com\\\/pl\\\/nasze-atrakcje\\\/symulator\\\/boeing-737-pakiety\\\/60-minut-w-symulatorze-boeing-737\\\/#primaryimage\",\"url\":\"https:\\\/\\\/www.flyspot.com\\\/wp-content\\\/uploads\\\/2020\\\/09\\\/symulator_2.jpg\",\"contentUrl\":\"https:\\\/\\\/www.flyspot.com\\\/wp-content\\\/uploads\\\/2020\\\/09\\\/symulator_2.jpg\",\"width\":1070,\"height\":600},{\"@type\":\"BreadcrumbList\",\"@id\":\"https:\\\/\\\/www.flyspot.com\\\/pl\\\/nasze-atrakcje\\\/symulator\\\/boeing-737-pakiety\\\/60-minut-w-symulatorze-boeing-737\\\/#breadcrumb\",\"itemListElement\":[{\"@type\":\"ListItem\",\"position\":1,\"name\":\"Strona g\u0142\u00f3wna\",\"item\":\"https:\\\/\\\/www.flyspot.com\\\/pl\\\/\"},{\"@type\":\"ListItem\",\"position\":2,\"name\":\"Nasze atrakcje\",\"item\":\"https:\\\/\\\/www.flyspot.com\\\/pl\\\/nasze-atrakcje\\\/\"},{\"@type\":\"ListItem\",\"position\":3,\"name\":\"Symulator Boeing 737\",\"item\":\"https:\\\/\\\/www.flyspot.com\\\/pl\\\/nasze-atrakcje\\\/symulator\\\/\"},{\"@type\":\"ListItem\",\"position\":4,\"name\":\"Boeing 737 &#8211; pakiety\",\"item\":\"https:\\\/\\\/www.flyspot.com\\\/pl\\\/nasze-atrakcje\\\/symulator\\\/boeing-737-pakiety\\\/\"},{\"@type\":\"ListItem\",\"position\":5,\"name\":\"60 minut w symulatorze Boeing 737\"}]},{\"@type\":\"WebSite\",\"@id\":\"https:\\\/\\\/www.flyspot.com\\\/pl\\\/#website\",\"url\":\"https:\\\/\\\/www.flyspot.com\\\/pl\\\/\",\"name\":\"ZAREZERWUJ PAKIET ODPOWIEDNI DLA CIEBIE!\",\"description\":\"Tunel Aerodynamiczny, Symulator Boeinga 737, spe\u0142nij marzenia o lataniu\",\"potentialAction\":[{\"@type\":\"SearchAction\",\"target\":{\"@type\":\"EntryPoint\",\"urlTemplate\":\"https:\\\/\\\/www.flyspot.com\\\/pl\\\/?s={search_term_string}\"},\"query-input\":{\"@type\":\"PropertyValueSpecification\",\"valueRequired\":true,\"valueName\":\"search_term_string\"}}],\"inLanguage\":\"pl-PL\"}]}<\/script>\n<!-- \/ Yoast SEO plugin. -->","yoast_head_json":{"title":"60 minut w symulatorze Boeing 737 - ZAREZERWUJ PAKIET ODPOWIEDNI DLA CIEBIE!","robots":{"index":"index","follow":"follow","max-snippet":"max-snippet:-1","max-image-preview":"max-image-preview:large","max-video-preview":"max-video-preview:-1"},"canonical":"https:\/\/www.flyspot.com\/pl\/nasze-atrakcje\/symulator\/boeing-737-pakiety\/60-minut-w-symulatorze-boeing-737\/","og_locale":"pl_PL","og_type":"article","og_title":"60 minut w symulatorze Boeing 737 - ZAREZERWUJ PAKIET ODPOWIEDNI DLA CIEBIE!","og_url":"https:\/\/www.flyspot.com\/pl\/nasze-atrakcje\/symulator\/boeing-737-pakiety\/60-minut-w-symulatorze-boeing-737\/","og_site_name":"ZAREZERWUJ PAKIET ODPOWIEDNI DLA CIEBIE!","article_modified_time":"2024-05-22T08:10:45+00:00","og_image":[{"width":1070,"height":600,"url":"https:\/\/www.flyspot.com\/wp-content\/uploads\/2020\/09\/symulator_2.jpg","type":"image\/jpeg"}],"twitter_card":"summary_large_image","schema":{"@context":"https:\/\/schema.org","@graph":[{"@type":"WebPage","@id":"https:\/\/www.flyspot.com\/pl\/nasze-atrakcje\/symulator\/boeing-737-pakiety\/60-minut-w-symulatorze-boeing-737\/","url":"https:\/\/www.flyspot.com\/pl\/nasze-atrakcje\/symulator\/boeing-737-pakiety\/60-minut-w-symulatorze-boeing-737\/","name":"60 minut w symulatorze Boeing 737 - ZAREZERWUJ PAKIET ODPOWIEDNI DLA CIEBIE!","isPartOf":{"@id":"https:\/\/www.flyspot.com\/pl\/#website"},"primaryImageOfPage":{"@id":"https:\/\/www.flyspot.com\/pl\/nasze-atrakcje\/symulator\/boeing-737-pakiety\/60-minut-w-symulatorze-boeing-737\/#primaryimage"},"image":{"@id":"https:\/\/www.flyspot.com\/pl\/nasze-atrakcje\/symulator\/boeing-737-pakiety\/60-minut-w-symulatorze-boeing-737\/#primaryimage"},"thumbnailUrl":"https:\/\/www.flyspot.com\/wp-content\/uploads\/2020\/09\/symulator_2.jpg","datePublished":"2020-09-15T07:33:07+00:00","dateModified":"2024-05-22T08:10:45+00:00","breadcrumb":{"@id":"https:\/\/www.flyspot.com\/pl\/nasze-atrakcje\/symulator\/boeing-737-pakiety\/60-minut-w-symulatorze-boeing-737\/#breadcrumb"},"inLanguage":"pl-PL","potentialAction":[{"@type":"ReadAction","target":["https:\/\/www.flyspot.com\/pl\/nasze-atrakcje\/symulator\/boeing-737-pakiety\/60-minut-w-symulatorze-boeing-737\/"]}]},{"@type":"ImageObject","inLanguage":"pl-PL","@id":"https:\/\/www.flyspot.com\/pl\/nasze-atrakcje\/symulator\/boeing-737-pakiety\/60-minut-w-symulatorze-boeing-737\/#primaryimage","url":"https:\/\/www.flyspot.com\/wp-content\/uploads\/2020\/09\/symulator_2.jpg","contentUrl":"https:\/\/www.flyspot.com\/wp-content\/uploads\/2020\/09\/symulator_2.jpg","width":1070,"height":600},{"@type":"BreadcrumbList","@id":"https:\/\/www.flyspot.com\/pl\/nasze-atrakcje\/symulator\/boeing-737-pakiety\/60-minut-w-symulatorze-boeing-737\/#breadcrumb","itemListElement":[{"@type":"ListItem","position":1,"name":"Strona g\u0142\u00f3wna","item":"https:\/\/www.flyspot.com\/pl\/"},{"@type":"ListItem","position":2,"name":"Nasze atrakcje","item":"https:\/\/www.flyspot.com\/pl\/nasze-atrakcje\/"},{"@type":"ListItem","position":3,"name":"Symulator Boeing 737","item":"https:\/\/www.flyspot.com\/pl\/nasze-atrakcje\/symulator\/"},{"@type":"ListItem","position":4,"name":"Boeing 737 &#8211; pakiety","item":"https:\/\/www.flyspot.com\/pl\/nasze-atrakcje\/symulator\/boeing-737-pakiety\/"},{"@type":"ListItem","position":5,"name":"60 minut w symulatorze Boeing 737"}]},{"@type":"WebSite","@id":"https:\/\/www.flyspot.com\/pl\/#website","url":"https:\/\/www.flyspot.com\/pl\/","name":"ZAREZERWUJ PAKIET ODPOWIEDNI DLA CIEBIE!","description":"Tunel Aerodynamiczny, Symulator Boeinga 737, spe\u0142nij marzenia o lataniu","potentialAction":[{"@type":"SearchAction","target":{"@type":"EntryPoint","urlTemplate":"https:\/\/www.flyspot.com\/pl\/?s={search_term_string}"},"query-input":{"@type":"PropertyValueSpecification","valueRequired":true,"valueName":"search_term_string"}}],"inLanguage":"pl-PL"}]}},"_links":{"self":[{"href":"https:\/\/www.flyspot.com\/pl\/wp-json\/wp\/v2\/pages\/1870","targetHints":{"allow":["GET"]}}],"collection":[{"href":"https:\/\/www.flyspot.com\/pl\/wp-json\/wp\/v2\/pages"}],"about":[{"href":"https:\/\/www.flyspot.com\/pl\/wp-json\/wp\/v2\/types\/page"}],"author":[{"embeddable":true,"href":"https:\/\/www.flyspot.com\/pl\/wp-json\/wp\/v2\/users\/1"}],"replies":[{"embeddable":true,"href":"https:\/\/www.flyspot.com\/pl\/wp-json\/wp\/v2\/comments?post=1870"}],"version-history":[{"count":17,"href":"https:\/\/www.flyspot.com\/pl\/wp-json\/wp\/v2\/pages\/1870\/revisions"}],"predecessor-version":[{"id":36461,"href":"https:\/\/www.flyspot.com\/pl\/wp-json\/wp\/v2\/pages\/1870\/revisions\/36461"}],"up":[{"embeddable":true,"href":"https:\/\/www.flyspot.com\/pl\/wp-json\/wp\/v2\/pages\/1938"}],"wp:featuredmedia":[{"embeddable":true,"href":"https:\/\/www.flyspot.com\/pl\/wp-json\/wp\/v2\/media\/1193"}],"wp:attachment":[{"href":"https:\/\/www.flyspot.com\/pl\/wp-json\/wp\/v2\/media?parent=1870"}],"curies":[{"name":"wp","href":"https:\/\/api.w.org\/{rel}","templated":true}]}}