{"id":1722,"date":"2020-09-14T14:59:37","date_gmt":"2020-09-14T12:59:37","guid":{"rendered":"https:\/\/www.flyspot.com\/?page_id=1722"},"modified":"2026-02-19T16:24:41","modified_gmt":"2026-02-19T15:24:41","slug":"2-loty-dla-1-osoby-doroslej","status":"publish","type":"page","link":"https:\/\/www.flyspot.com\/pl\/robocze\/szkolenie-indoor-skydiving\/2-loty-dla-1-osoby-doroslej\/","title":{"rendered":"2 loty dla 1 osoby doros\u0142ej"},"content":{"rendered":"<div id=\"hero-block_40a712dcf3f7c1301e01c90cc50411a9\" class=\"hero-block\">\r\n  <div class=\"row outer-container\">\r\n    <div>\r\n      <img decoding=\"async\" lazy src=\"data:image\/gif;base64,R0lGODlhAQABAAD\/ACwAAAAAAQABAAACADs%3D\" data-src=\"https:\/\/www.flyspot.com\/wp-content\/uploads\/2020\/09\/Adult_FTsuits_MARKETING_Kato_Paz\u0301_2019-16-of-95.jpg\" alt=\"\">\r\n          <\/div>\r\n    <div>\r\n      <h2>Pakiet 2 lot\u00f3w dla jednej osoby<\/h2><p>Pakiet 2 lot\u00f3w to najlepszy spos\u00f3b na rozpocz\u0119cie przygody w tunelu aerodynamicznym \u2013 pokonanie grawitacji i swobodny, niczym nieskr\u0119powany lot. Przekonaj si\u0119, jak\u0105 eufori\u0119 wywo\u0142uje unoszenie si\u0119 w powietrzu! <\/p>    <\/div>\r\n  <\/div>\r\n<\/div><!-- block -->\r\n\n\n<div id=\"product-details-block_cb932992c9050a85d71c846544848cd4\" class=\"product-details-block\">\r\n  <div class=\"row container\">\r\n    <div>\r\n      <h2 class=\"title\">Szczeg\u00f3\u0142y produktu<\/h2>      <p class=\"desc\">Pakiet ten jest przeznaczony dla jednej osoby i obejmuje: szkolenie wst\u0119pne, wypo\u017cyczenie sprz\u0119tu niezb\u0119dnego do skorzystania z naszych us\u0142ug,a tak\u017ce opiek\u0119 instruktora w trakcie ca\u0142ego pobytu we Flyspot oraz 2 loty w tunelu aerodynamicznym. 1 lot jest odpowiednikiem tradycyjnego skoku spadochronowego w tandemie z wysoko\u015bci 4000 metr\u00f3w. Dostaniesz tak\u017ce pami\u0105tkowy film oraz certyfikat.<\/p>      <ul>            <li>\r\n              <p>Cena w pln:<\/p>\r\n              <strong>od 319 pln<\/strong>\r\n            <\/li>\r\n                      <li>\r\n              <p>Zabierz ze sob\u0105:<\/p>\r\n              <strong>wygodny str\u00f3j, wi\u0105zane buty<\/strong>\r\n            <\/li>\r\n                      <li>\r\n              <p>Sprz\u0119t Flyspot w cenie:<\/p>\r\n              <strong>kombinezon, gogle, zatyczki do uszu, kask<\/strong>\r\n            <\/li>\r\n                      <li>\r\n              <p>Czas wizyty we Flyspot:<\/p>\r\n              <strong>90 min<\/strong>\r\n            <\/li>\r\n                      <li>\r\n              <p>Po zako\u0144czeniu zaj\u0119\u0107 dostaniesz:<\/p>\r\n              <strong>Pami\u0105tkowy certyfikat i film z Twojego lotu<\/strong>\r\n            <\/li>\r\n          <\/ul>      <div class=\"button-list-wrap\"><div class=\"button-list button-type-basic\"><div><a class=\"css-default\" href=\"https:\/\/sklep.flyspot.com\/produkty\/vouchery\/2-loty-dla-1-osoby\" target=\"_self\"><img decoding=\"async\" lazy src=\"data:image\/gif;base64,R0lGODlhAQABAAD\/ACwAAAAAAQABAAACADs%3D\" data-src=\"https:\/\/www.flyspot.com\/wp-content\/uploads\/2020\/08\/Group_4.png\" alt=\"\"><strong>Zamawiam Voucher<\/strong><\/a><\/div><div><a class=\"css-default\" href=\"https:\/\/cs.flyspot.com\/flyspot\/offers\/848e2973-ebea-4a26-8631-07cb5feae093\" target=\"_self\"><img decoding=\"async\" lazy src=\"data:image\/gif;base64,R0lGODlhAQABAAD\/ACwAAAAAAQABAAACADs%3D\" data-src=\"https:\/\/www.flyspot.com\/wp-content\/uploads\/2020\/09\/opening-times.png\" alt=\"\"><strong>Rezerwuj\u0119<\/strong><\/a><\/div><\/div><\/div>    <\/div>\r\n  <\/div>\r\n<\/div><!-- block -->\r\n\n\n<div id=\"step-guide-icons-block_2543e91241566842c40fcbbf81e28166\" class=\"step-guide-icons-block\">\r\n  <div class=\"row container\">\r\n    <div>\r\n      <div class=\"title\">Plan dnia<\/div>      <ul>            <li data-count=\"01\">\r\n              <div class=\"icon-wrap\"><img decoding=\"async\" lazy src=\"data:image\/gif;base64,R0lGODlhAQABAAD\/ACwAAAAAAQABAAACADs%3D\" data-src=\"https:\/\/www.flyspot.com\/wp-content\/uploads\/2020\/08\/time-3.png\" alt=\"\"><\/div>\r\n              <p>Przyjed\u017a 30 min przed godzin\u0105 rezerwacji.<\/p>\r\n                          <\/li>\r\n                      <li data-count=\"02\">\r\n              <div class=\"icon-wrap\"><img decoding=\"async\" lazy src=\"data:image\/gif;base64,R0lGODlhAQABAAD\/ACwAAAAAAQABAAACADs%3D\" data-src=\"https:\/\/www.flyspot.com\/wp-content\/uploads\/2020\/08\/puzzle.png\" alt=\"\"><\/div>\r\n              <p>Zarejestruj si\u0119 na recepcji i dope\u0142nij formalno\u015bci<\/p>\r\n                          <\/li>\r\n                      <li data-count=\"03\">\r\n              <div class=\"icon-wrap\"><img decoding=\"async\" lazy src=\"data:image\/gif;base64,R0lGODlhAQABAAD\/ACwAAAAAAQABAAACADs%3D\" data-src=\"https:\/\/www.flyspot.com\/wp-content\/uploads\/2020\/08\/multiple-11.png\" alt=\"\"><\/div>\r\n              <p>We\u017a udzia\u0142 w szkoleniu prowadzonym przez naszego instruktora.<\/p>\r\n                          <\/li>\r\n                      <li data-count=\"04\">\r\n              <div class=\"icon-wrap\"><img decoding=\"async\" lazy src=\"data:image\/gif;base64,R0lGODlhAQABAAD\/ACwAAAAAAQABAAACADs%3D\" data-src=\"https:\/\/www.flyspot.com\/wp-content\/uploads\/2020\/08\/flip-up.png\" alt=\"\"><\/div>\r\n              <p>Z pomoc\u0105 instruktora dobierz sprz\u0119t.<br \/>\r\n<\/p>\r\n                          <\/li>\r\n                      <li data-count=\"05\">\r\n              <div class=\"icon-wrap\"><img decoding=\"async\" lazy src=\"data:image\/gif;base64,R0lGODlhAQABAAD\/ACwAAAAAAQABAAACADs%3D\" data-src=\"https:\/\/www.flyspot.com\/wp-content\/uploads\/2020\/08\/send.png\" alt=\"\"><\/div>\r\n              <p>Czas na loty! Ca\u0142a sesja w tunelu zajmie oko\u0142o 30 minut. B\u0119dziesz lata\u0107 w tunelu na zmian\u0119 z innymi cz\u0142onkami Twojej grupy.<br \/>\r\n<br \/>\r\n<\/p>\r\n                          <\/li>\r\n                      <li data-count=\"06\">\r\n              <div class=\"icon-wrap\"><img decoding=\"async\" lazy src=\"data:image\/gif;base64,R0lGODlhAQABAAD\/ACwAAAAAAQABAAACADs%3D\" data-src=\"https:\/\/www.flyspot.com\/wp-content\/uploads\/2020\/08\/cake-100.png\" alt=\"\"><\/div>\r\n              <p>Odpocznij po lotach w naszej restauracji! Odbierz certyfikat na recepcji i skorzystaj z kiosku video by przes\u0142a\u0107 sobie film z Twojego lotu!<\/p>\r\n                          <\/li>\r\n          <\/ul>    <\/div>\r\n  <\/div>\r\n<\/div><!-- block -->\r\n\n\n\n<div class=\"wp-block-buttons is-content-justification-center is-layout-flex wp-container-core-buttons-is-layout-16018d1d wp-block-buttons-is-layout-flex\"><\/div>\n","protected":false},"excerpt":{"rendered":"","protected":false},"author":1,"featured_media":3683,"parent":9699,"menu_order":1,"comment_status":"closed","ping_status":"closed","template":"","meta":{"_acf_changed":false,"footnotes":""},"class_list":["post-1722","page","type-page","status-publish","has-post-thumbnail","hentry"],"acf":[],"yoast_head":"<!-- This site is optimized with the Yoast SEO plugin v27.4 - https:\/\/yoast.com\/product\/yoast-seo-wordpress\/ -->\n<title>2 loty dla 1 osoby doros\u0142ej - ZAREZERWUJ PAKIET ODPOWIEDNI DLA CIEBIE!<\/title>\n<meta name=\"robots\" content=\"index, follow, max-snippet:-1, max-image-preview:large, max-video-preview:-1\" \/>\n<link rel=\"canonical\" href=\"https:\/\/www.flyspot.com\/pl\/robocze\/szkolenie-indoor-skydiving\/2-loty-dla-1-osoby-doroslej\/\" \/>\n<meta property=\"og:locale\" content=\"pl_PL\" \/>\n<meta property=\"og:type\" content=\"article\" \/>\n<meta property=\"og:title\" content=\"2 loty dla 1 osoby doros\u0142ej - ZAREZERWUJ PAKIET ODPOWIEDNI DLA CIEBIE!\" \/>\n<meta property=\"og:url\" content=\"https:\/\/www.flyspot.com\/pl\/robocze\/szkolenie-indoor-skydiving\/2-loty-dla-1-osoby-doroslej\/\" \/>\n<meta property=\"og:site_name\" content=\"ZAREZERWUJ PAKIET ODPOWIEDNI DLA CIEBIE!\" \/>\n<meta property=\"article:modified_time\" content=\"2026-02-19T15:24:41+00:00\" \/>\n<meta property=\"og:image\" content=\"https:\/\/www.flyspot.com\/wp-content\/uploads\/2020\/09\/Adult_FTsuits_MARKETING_Kato_Paz\u0301_2019-16-of-95-1.jpg\" \/>\n\t<meta property=\"og:image:width\" content=\"1070\" \/>\n\t<meta property=\"og:image:height\" content=\"600\" \/>\n\t<meta property=\"og:image:type\" content=\"image\/jpeg\" \/>\n<meta name=\"twitter:card\" content=\"summary_large_image\" \/>\n<script type=\"application\/ld+json\" class=\"yoast-schema-graph\">{\"@context\":\"https:\\\/\\\/schema.org\",\"@graph\":[{\"@type\":\"WebPage\",\"@id\":\"https:\\\/\\\/www.flyspot.com\\\/pl\\\/robocze\\\/szkolenie-indoor-skydiving\\\/2-loty-dla-1-osoby-doroslej\\\/\",\"url\":\"https:\\\/\\\/www.flyspot.com\\\/pl\\\/robocze\\\/szkolenie-indoor-skydiving\\\/2-loty-dla-1-osoby-doroslej\\\/\",\"name\":\"2 loty dla 1 osoby doros\u0142ej - ZAREZERWUJ PAKIET ODPOWIEDNI DLA CIEBIE!\",\"isPartOf\":{\"@id\":\"https:\\\/\\\/www.flyspot.com\\\/pl\\\/#website\"},\"primaryImageOfPage\":{\"@id\":\"https:\\\/\\\/www.flyspot.com\\\/pl\\\/robocze\\\/szkolenie-indoor-skydiving\\\/2-loty-dla-1-osoby-doroslej\\\/#primaryimage\"},\"image\":{\"@id\":\"https:\\\/\\\/www.flyspot.com\\\/pl\\\/robocze\\\/szkolenie-indoor-skydiving\\\/2-loty-dla-1-osoby-doroslej\\\/#primaryimage\"},\"thumbnailUrl\":\"https:\\\/\\\/www.flyspot.com\\\/wp-content\\\/uploads\\\/2020\\\/09\\\/Adult_FTsuits_MARKETING_Kato_Paz\u0301_2019-16-of-95-1.jpg\",\"datePublished\":\"2020-09-14T12:59:37+00:00\",\"dateModified\":\"2026-02-19T15:24:41+00:00\",\"breadcrumb\":{\"@id\":\"https:\\\/\\\/www.flyspot.com\\\/pl\\\/robocze\\\/szkolenie-indoor-skydiving\\\/2-loty-dla-1-osoby-doroslej\\\/#breadcrumb\"},\"inLanguage\":\"pl-PL\",\"potentialAction\":[{\"@type\":\"ReadAction\",\"target\":[\"https:\\\/\\\/www.flyspot.com\\\/pl\\\/robocze\\\/szkolenie-indoor-skydiving\\\/2-loty-dla-1-osoby-doroslej\\\/\"]}]},{\"@type\":\"ImageObject\",\"inLanguage\":\"pl-PL\",\"@id\":\"https:\\\/\\\/www.flyspot.com\\\/pl\\\/robocze\\\/szkolenie-indoor-skydiving\\\/2-loty-dla-1-osoby-doroslej\\\/#primaryimage\",\"url\":\"https:\\\/\\\/www.flyspot.com\\\/wp-content\\\/uploads\\\/2020\\\/09\\\/Adult_FTsuits_MARKETING_Kato_Paz\u0301_2019-16-of-95-1.jpg\",\"contentUrl\":\"https:\\\/\\\/www.flyspot.com\\\/wp-content\\\/uploads\\\/2020\\\/09\\\/Adult_FTsuits_MARKETING_Kato_Paz\u0301_2019-16-of-95-1.jpg\",\"width\":1070,\"height\":600},{\"@type\":\"BreadcrumbList\",\"@id\":\"https:\\\/\\\/www.flyspot.com\\\/pl\\\/robocze\\\/szkolenie-indoor-skydiving\\\/2-loty-dla-1-osoby-doroslej\\\/#breadcrumb\",\"itemListElement\":[{\"@type\":\"ListItem\",\"position\":1,\"name\":\"Strona g\u0142\u00f3wna\",\"item\":\"https:\\\/\\\/www.flyspot.com\\\/pl\\\/\"},{\"@type\":\"ListItem\",\"position\":2,\"name\":\"robocze\",\"item\":\"https:\\\/\\\/www.flyspot.com\\\/pl\\\/robocze\\\/\"},{\"@type\":\"ListItem\",\"position\":3,\"name\":\"Szkolenie indoor skydiving\",\"item\":\"https:\\\/\\\/www.flyspot.com\\\/pl\\\/?page_id=9699\"},{\"@type\":\"ListItem\",\"position\":4,\"name\":\"2 loty dla 1 osoby doros\u0142ej\"}]},{\"@type\":\"WebSite\",\"@id\":\"https:\\\/\\\/www.flyspot.com\\\/pl\\\/#website\",\"url\":\"https:\\\/\\\/www.flyspot.com\\\/pl\\\/\",\"name\":\"ZAREZERWUJ PAKIET ODPOWIEDNI DLA CIEBIE!\",\"description\":\"Tunel Aerodynamiczny, Symulator Boeinga 737, spe\u0142nij marzenia o lataniu\",\"potentialAction\":[{\"@type\":\"SearchAction\",\"target\":{\"@type\":\"EntryPoint\",\"urlTemplate\":\"https:\\\/\\\/www.flyspot.com\\\/pl\\\/?s={search_term_string}\"},\"query-input\":{\"@type\":\"PropertyValueSpecification\",\"valueRequired\":true,\"valueName\":\"search_term_string\"}}],\"inLanguage\":\"pl-PL\"}]}<\/script>\n<!-- \/ Yoast SEO plugin. -->","yoast_head_json":{"title":"2 loty dla 1 osoby doros\u0142ej - ZAREZERWUJ PAKIET ODPOWIEDNI DLA CIEBIE!","robots":{"index":"index","follow":"follow","max-snippet":"max-snippet:-1","max-image-preview":"max-image-preview:large","max-video-preview":"max-video-preview:-1"},"canonical":"https:\/\/www.flyspot.com\/pl\/robocze\/szkolenie-indoor-skydiving\/2-loty-dla-1-osoby-doroslej\/","og_locale":"pl_PL","og_type":"article","og_title":"2 loty dla 1 osoby doros\u0142ej - ZAREZERWUJ PAKIET ODPOWIEDNI DLA CIEBIE!","og_url":"https:\/\/www.flyspot.com\/pl\/robocze\/szkolenie-indoor-skydiving\/2-loty-dla-1-osoby-doroslej\/","og_site_name":"ZAREZERWUJ PAKIET ODPOWIEDNI DLA CIEBIE!","article_modified_time":"2026-02-19T15:24:41+00:00","og_image":[{"width":1070,"height":600,"url":"https:\/\/www.flyspot.com\/wp-content\/uploads\/2020\/09\/Adult_FTsuits_MARKETING_Kato_Paz\u0301_2019-16-of-95-1.jpg","type":"image\/jpeg"}],"twitter_card":"summary_large_image","schema":{"@context":"https:\/\/schema.org","@graph":[{"@type":"WebPage","@id":"https:\/\/www.flyspot.com\/pl\/robocze\/szkolenie-indoor-skydiving\/2-loty-dla-1-osoby-doroslej\/","url":"https:\/\/www.flyspot.com\/pl\/robocze\/szkolenie-indoor-skydiving\/2-loty-dla-1-osoby-doroslej\/","name":"2 loty dla 1 osoby doros\u0142ej - ZAREZERWUJ PAKIET ODPOWIEDNI DLA CIEBIE!","isPartOf":{"@id":"https:\/\/www.flyspot.com\/pl\/#website"},"primaryImageOfPage":{"@id":"https:\/\/www.flyspot.com\/pl\/robocze\/szkolenie-indoor-skydiving\/2-loty-dla-1-osoby-doroslej\/#primaryimage"},"image":{"@id":"https:\/\/www.flyspot.com\/pl\/robocze\/szkolenie-indoor-skydiving\/2-loty-dla-1-osoby-doroslej\/#primaryimage"},"thumbnailUrl":"https:\/\/www.flyspot.com\/wp-content\/uploads\/2020\/09\/Adult_FTsuits_MARKETING_Kato_Paz\u0301_2019-16-of-95-1.jpg","datePublished":"2020-09-14T12:59:37+00:00","dateModified":"2026-02-19T15:24:41+00:00","breadcrumb":{"@id":"https:\/\/www.flyspot.com\/pl\/robocze\/szkolenie-indoor-skydiving\/2-loty-dla-1-osoby-doroslej\/#breadcrumb"},"inLanguage":"pl-PL","potentialAction":[{"@type":"ReadAction","target":["https:\/\/www.flyspot.com\/pl\/robocze\/szkolenie-indoor-skydiving\/2-loty-dla-1-osoby-doroslej\/"]}]},{"@type":"ImageObject","inLanguage":"pl-PL","@id":"https:\/\/www.flyspot.com\/pl\/robocze\/szkolenie-indoor-skydiving\/2-loty-dla-1-osoby-doroslej\/#primaryimage","url":"https:\/\/www.flyspot.com\/wp-content\/uploads\/2020\/09\/Adult_FTsuits_MARKETING_Kato_Paz\u0301_2019-16-of-95-1.jpg","contentUrl":"https:\/\/www.flyspot.com\/wp-content\/uploads\/2020\/09\/Adult_FTsuits_MARKETING_Kato_Paz\u0301_2019-16-of-95-1.jpg","width":1070,"height":600},{"@type":"BreadcrumbList","@id":"https:\/\/www.flyspot.com\/pl\/robocze\/szkolenie-indoor-skydiving\/2-loty-dla-1-osoby-doroslej\/#breadcrumb","itemListElement":[{"@type":"ListItem","position":1,"name":"Strona g\u0142\u00f3wna","item":"https:\/\/www.flyspot.com\/pl\/"},{"@type":"ListItem","position":2,"name":"robocze","item":"https:\/\/www.flyspot.com\/pl\/robocze\/"},{"@type":"ListItem","position":3,"name":"Szkolenie indoor skydiving","item":"https:\/\/www.flyspot.com\/pl\/?page_id=9699"},{"@type":"ListItem","position":4,"name":"2 loty dla 1 osoby doros\u0142ej"}]},{"@type":"WebSite","@id":"https:\/\/www.flyspot.com\/pl\/#website","url":"https:\/\/www.flyspot.com\/pl\/","name":"ZAREZERWUJ PAKIET ODPOWIEDNI DLA CIEBIE!","description":"Tunel Aerodynamiczny, Symulator Boeinga 737, spe\u0142nij marzenia o lataniu","potentialAction":[{"@type":"SearchAction","target":{"@type":"EntryPoint","urlTemplate":"https:\/\/www.flyspot.com\/pl\/?s={search_term_string}"},"query-input":{"@type":"PropertyValueSpecification","valueRequired":true,"valueName":"search_term_string"}}],"inLanguage":"pl-PL"}]}},"_links":{"self":[{"href":"https:\/\/www.flyspot.com\/pl\/wp-json\/wp\/v2\/pages\/1722","targetHints":{"allow":["GET"]}}],"collection":[{"href":"https:\/\/www.flyspot.com\/pl\/wp-json\/wp\/v2\/pages"}],"about":[{"href":"https:\/\/www.flyspot.com\/pl\/wp-json\/wp\/v2\/types\/page"}],"author":[{"embeddable":true,"href":"https:\/\/www.flyspot.com\/pl\/wp-json\/wp\/v2\/users\/1"}],"replies":[{"embeddable":true,"href":"https:\/\/www.flyspot.com\/pl\/wp-json\/wp\/v2\/comments?post=1722"}],"version-history":[{"count":69,"href":"https:\/\/www.flyspot.com\/pl\/wp-json\/wp\/v2\/pages\/1722\/revisions"}],"predecessor-version":[{"id":43220,"href":"https:\/\/www.flyspot.com\/pl\/wp-json\/wp\/v2\/pages\/1722\/revisions\/43220"}],"up":[{"embeddable":true,"href":"https:\/\/www.flyspot.com\/pl\/wp-json\/wp\/v2\/pages\/9699"}],"wp:featuredmedia":[{"embeddable":true,"href":"https:\/\/www.flyspot.com\/pl\/wp-json\/wp\/v2\/media\/3683"}],"wp:attachment":[{"href":"https:\/\/www.flyspot.com\/pl\/wp-json\/wp\/v2\/media?parent=1722"}],"curies":[{"name":"wp","href":"https:\/\/api.w.org\/{rel}","templated":true}]}}