{"id":34677,"date":"2024-03-14T11:20:50","date_gmt":"2024-03-14T10:20:50","guid":{"rendered":"https:\/\/www.flyspot.com\/lp\/tu-i-teraz\/"},"modified":"2024-09-27T16:29:29","modified_gmt":"2024-09-27T14:29:29","slug":"tu-i-teraz","status":"publish","type":"page","link":"https:\/\/www.flyspot.com\/fr\/lp\/tu-i-teraz\/","title":{"rendered":"Ici et maintenant"},"content":{"rendered":"\n<h2 class=\"wp-block-heading\"><font color=\"#ffffff\">  .  <\/font><\/h2>\n\n<p><\/p>\n<div id=\"hero-block_907dedaad4a8e764cc39593d3a52b84f\" class=\"hero-block hero-block-noimg\">\r\n  <div class=\"row outer-container\">\r\n    <div>\r\n      <img decoding=\"async\" lazy src=\"data:image\/gif;base64,R0lGODlhAQABAAD\/ACwAAAAAAQABAAACADs%3D\" data-src=\"https:\/\/www.flyspot.com\/wp-content\/uploads\/2024\/03\/Tu-i-teraz.jpg\" alt=\"\">\r\n          <\/div>\r\n    <div>\r\n      <h2>-15% SUR TOUTES LES R\u00c9SERVATIONS !<\/h2><p>Vous r\u00eavez de voler ? Aujourd&#8217;hui, vous pouvez r\u00e9aliser ce r\u00eave ! R\u00e9servez un vol dans la soufflerie Flyspot et laissez-vous emporter par l&#8217;\u00e9motion. Seulement maintenant, nous offrons -15% sur toutes les r\u00e9servations du lundi au vendredi. La promotion s&#8217;applique \u00e0 la soufflerie ainsi qu&#8217;au simulateur Boeing 737 et au simulateur de saut en parachute !<\/p>    <\/div>\r\n  <\/div>\r\n<\/div><!-- block -->\r\n<div id=\"hero-block_39b2d4aff1651bf003c342753026f8b5\" class=\"hero-block\">\r\n  <div class=\"row outer-container\">\r\n    <div>\r\n      <img decoding=\"async\" lazy src=\"data:image\/gif;base64,R0lGODlhAQABAAD\/ACwAAAAAAQABAAACADs%3D\" data-src=\"https:\/\/www.flyspot.com\/wp-content\/uploads\/2024\/03\/1440x550.jpg\" alt=\"\">\r\n          <\/div>\r\n    <div>\r\n      <h2>POURQUOI CELA VAUT-IL LA PEINE ?<\/h2><p>Voler dans la soufflerie est une sensation formidable et, en g\u00e9n\u00e9ral, apr\u00e8s la s\u00e9ance, vous avez envie d&#8217;y retourner. Vous verrez que vous serez beaucoup plus \u00e0 l&#8217;aise lors de la deuxi\u00e8me ascension. Souhaitez-vous r\u00e9aliser un autre r\u00eave de vol ? Prenez les commandes d&#8217;un avion dans notre simulateur Boeing 737 ou sentez-vous comme un parachutiste dans le simulateur de saut en parachute Flyspot !<\/p>    <\/div>\r\n  <\/div>\r\n<\/div><!-- block -->\r\n\n<figure class=\"wp-block-gallery has-nested-images columns-default is-cropped wp-block-gallery-1 is-layout-flex wp-block-gallery-is-layout-flex\">\n<figure class=\"wp-block-image size-large\"><img decoding=\"async\" width=\"1024\" height=\"683\" data-id=\"34270\" src=\"https:\/\/www.flyspot.com\/wp-content\/uploads\/2024\/03\/2022.06.26-flyspot-symulator-13-Duzy-1620x1080-1-1024x683.jpg\" alt=\"\" class=\"wp-image-34270\" srcset=\"https:\/\/www.flyspot.com\/wp-content\/uploads\/2024\/03\/2022.06.26-flyspot-symulator-13-Duzy-1620x1080-1-1024x683.jpg 1024w, https:\/\/www.flyspot.com\/wp-content\/uploads\/2024\/03\/2022.06.26-flyspot-symulator-13-Duzy-1620x1080-1-300x200.jpg 300w, https:\/\/www.flyspot.com\/wp-content\/uploads\/2024\/03\/2022.06.26-flyspot-symulator-13-Duzy-1620x1080-1-150x100.jpg 150w, https:\/\/www.flyspot.com\/wp-content\/uploads\/2024\/03\/2022.06.26-flyspot-symulator-13-Duzy-1620x1080-1-768x512.jpg 768w, https:\/\/www.flyspot.com\/wp-content\/uploads\/2024\/03\/2022.06.26-flyspot-symulator-13-Duzy-1620x1080-1-1536x1024.jpg 1536w, https:\/\/www.flyspot.com\/wp-content\/uploads\/2024\/03\/2022.06.26-flyspot-symulator-13-Duzy-1620x1080-1.jpg 1620w\" sizes=\"(max-width: 1024px) 100vw, 1024px\" \/><\/figure>\n\n\n\n<figure class=\"wp-block-image size-large\"><img decoding=\"async\" width=\"1024\" height=\"720\" data-id=\"34275\" src=\"https:\/\/www.flyspot.com\/wp-content\/uploads\/2024\/03\/Family_KATO_2021_part6-6105-Duzy-1537x1080-1-1024x720.jpg\" alt=\"\" class=\"wp-image-34275\" srcset=\"https:\/\/www.flyspot.com\/wp-content\/uploads\/2024\/03\/Family_KATO_2021_part6-6105-Duzy-1537x1080-1-1024x720.jpg 1024w, https:\/\/www.flyspot.com\/wp-content\/uploads\/2024\/03\/Family_KATO_2021_part6-6105-Duzy-1537x1080-1-300x211.jpg 300w, https:\/\/www.flyspot.com\/wp-content\/uploads\/2024\/03\/Family_KATO_2021_part6-6105-Duzy-1537x1080-1-150x105.jpg 150w, https:\/\/www.flyspot.com\/wp-content\/uploads\/2024\/03\/Family_KATO_2021_part6-6105-Duzy-1537x1080-1-768x540.jpg 768w, https:\/\/www.flyspot.com\/wp-content\/uploads\/2024\/03\/Family_KATO_2021_part6-6105-Duzy-1537x1080-1.jpg 1537w\" sizes=\"(max-width: 1024px) 100vw, 1024px\" \/><\/figure>\n\n\n\n<figure class=\"wp-block-image size-large\"><img decoding=\"async\" width=\"1024\" height=\"683\" data-id=\"34280\" src=\"https:\/\/www.flyspot.com\/wp-content\/uploads\/2024\/03\/OTCF_4F-event-1687-Duzy-1620x1080-1-1024x683.jpg\" alt=\"\" class=\"wp-image-34280\" srcset=\"https:\/\/www.flyspot.com\/wp-content\/uploads\/2024\/03\/OTCF_4F-event-1687-Duzy-1620x1080-1-1024x683.jpg 1024w, https:\/\/www.flyspot.com\/wp-content\/uploads\/2024\/03\/OTCF_4F-event-1687-Duzy-1620x1080-1-300x200.jpg 300w, https:\/\/www.flyspot.com\/wp-content\/uploads\/2024\/03\/OTCF_4F-event-1687-Duzy-1620x1080-1-150x100.jpg 150w, https:\/\/www.flyspot.com\/wp-content\/uploads\/2024\/03\/OTCF_4F-event-1687-Duzy-1620x1080-1-768x512.jpg 768w, https:\/\/www.flyspot.com\/wp-content\/uploads\/2024\/03\/OTCF_4F-event-1687-Duzy-1620x1080-1-1536x1024.jpg 1536w, https:\/\/www.flyspot.com\/wp-content\/uploads\/2024\/03\/OTCF_4F-event-1687-Duzy-1620x1080-1.jpg 1620w\" sizes=\"(max-width: 1024px) 100vw, 1024px\" \/><\/figure>\n\n\n\n<figure class=\"wp-block-image size-large\"><img decoding=\"async\" width=\"1024\" height=\"683\" data-id=\"34290\" src=\"https:\/\/www.flyspot.com\/wp-content\/uploads\/2024\/03\/SYMULATOR_skydive_WAWA_Feb_2024-4581-Duzy-1620x1080-1-1024x683.jpg\" alt=\"\" class=\"wp-image-34290\" srcset=\"https:\/\/www.flyspot.com\/wp-content\/uploads\/2024\/03\/SYMULATOR_skydive_WAWA_Feb_2024-4581-Duzy-1620x1080-1-1024x683.jpg 1024w, https:\/\/www.flyspot.com\/wp-content\/uploads\/2024\/03\/SYMULATOR_skydive_WAWA_Feb_2024-4581-Duzy-1620x1080-1-300x200.jpg 300w, https:\/\/www.flyspot.com\/wp-content\/uploads\/2024\/03\/SYMULATOR_skydive_WAWA_Feb_2024-4581-Duzy-1620x1080-1-150x100.jpg 150w, https:\/\/www.flyspot.com\/wp-content\/uploads\/2024\/03\/SYMULATOR_skydive_WAWA_Feb_2024-4581-Duzy-1620x1080-1-768x512.jpg 768w, https:\/\/www.flyspot.com\/wp-content\/uploads\/2024\/03\/SYMULATOR_skydive_WAWA_Feb_2024-4581-Duzy-1620x1080-1-1536x1024.jpg 1536w, https:\/\/www.flyspot.com\/wp-content\/uploads\/2024\/03\/SYMULATOR_skydive_WAWA_Feb_2024-4581-Duzy-1620x1080-1.jpg 1620w\" sizes=\"(max-width: 1024px) 100vw, 1024px\" \/><\/figure>\n\n\n\n<figure class=\"wp-block-image size-large\"><img decoding=\"async\" width=\"1024\" height=\"683\" data-id=\"34116\" src=\"https:\/\/www.flyspot.com\/wp-content\/uploads\/2024\/03\/3V9A8473-HDR-kopia-Duzy-1620x1080-1-1024x683.jpg\" alt=\"\" class=\"wp-image-34116\" srcset=\"https:\/\/www.flyspot.com\/wp-content\/uploads\/2024\/03\/3V9A8473-HDR-kopia-Duzy-1620x1080-1-1024x683.jpg 1024w, https:\/\/www.flyspot.com\/wp-content\/uploads\/2024\/03\/3V9A8473-HDR-kopia-Duzy-1620x1080-1-300x200.jpg 300w, https:\/\/www.flyspot.com\/wp-content\/uploads\/2024\/03\/3V9A8473-HDR-kopia-Duzy-1620x1080-1-150x100.jpg 150w, https:\/\/www.flyspot.com\/wp-content\/uploads\/2024\/03\/3V9A8473-HDR-kopia-Duzy-1620x1080-1-768x512.jpg 768w, https:\/\/www.flyspot.com\/wp-content\/uploads\/2024\/03\/3V9A8473-HDR-kopia-Duzy-1620x1080-1-1536x1024.jpg 1536w, https:\/\/www.flyspot.com\/wp-content\/uploads\/2024\/03\/3V9A8473-HDR-kopia-Duzy-1620x1080-1.jpg 1620w\" sizes=\"(max-width: 1024px) 100vw, 1024px\" \/><\/figure>\n\n\n\n<figure class=\"wp-block-image size-large\"><img decoding=\"async\" width=\"1024\" height=\"577\" data-id=\"34285\" src=\"https:\/\/www.flyspot.com\/wp-content\/uploads\/2024\/03\/OTCF_4F-event-5803-1-Duzy-1918x1080-1-1024x577.jpg\" alt=\"\" class=\"wp-image-34285\" srcset=\"https:\/\/www.flyspot.com\/wp-content\/uploads\/2024\/03\/OTCF_4F-event-5803-1-Duzy-1918x1080-1-1024x577.jpg 1024w, https:\/\/www.flyspot.com\/wp-content\/uploads\/2024\/03\/OTCF_4F-event-5803-1-Duzy-1918x1080-1-300x169.jpg 300w, https:\/\/www.flyspot.com\/wp-content\/uploads\/2024\/03\/OTCF_4F-event-5803-1-Duzy-1918x1080-1-150x84.jpg 150w, https:\/\/www.flyspot.com\/wp-content\/uploads\/2024\/03\/OTCF_4F-event-5803-1-Duzy-1918x1080-1-768x432.jpg 768w, https:\/\/www.flyspot.com\/wp-content\/uploads\/2024\/03\/OTCF_4F-event-5803-1-Duzy-1918x1080-1-1536x865.jpg 1536w, https:\/\/www.flyspot.com\/wp-content\/uploads\/2024\/03\/OTCF_4F-event-5803-1-Duzy-1918x1080-1.jpg 1918w\" sizes=\"(max-width: 1024px) 100vw, 1024px\" \/><\/figure>\n<\/figure>\n\n<p><\/p>\n\n<h1 class=\"wp-block-heading has-text-align-center\">R\u00c9SERVEZ LE FORFAIT QUI VOUS CONVIENT LE MIEUX !<\/h1>\n\n<p><\/p>\n\n<div class=\"wp-block-buttons has-custom-font-size has-small-font-size is-content-justification-center is-layout-flex wp-container-core-buttons-is-layout-16018d1d wp-block-buttons-is-layout-flex\">\n<div class=\"wp-block-button\"><a class=\"wp-block-button__link wp-element-button\" href=\"https:\/\/cs.flyspot.com\/offer?steps=flyspot_firsttime_firsttime-submit\">VOLS POUR UN ADULTE<\/a><\/div>\n\n\n\n<div class=\"wp-block-button\"><a class=\"wp-block-button__link wp-element-button\" href=\"https:\/\/cs.flyspot.com\/offer?steps=flyspot_firsttime_firsttime-adult~0_firsttime-children~1_firsttime-submit\">POUR UNE PERSONNE DE MOINS DE 14 ANS. UN AN DE VIE<\/a><\/div>\n\n\n\n<div class=\"wp-block-button\"><a class=\"wp-block-button__link wp-element-button\" href=\"https:\/\/cs.flyspot.com\/offer?steps=flyspot_training\">FORMATION INDIVIDUELLE<\/a><\/div>\n\n\n\n<div class=\"wp-block-button\"><a class=\"wp-block-button__link wp-element-button\" href=\"https:\/\/cs.flyspot.com\/offer?steps=parachute-simulator_parachute-simulator-wawa\">SIMULATEUR DE SAUT EN PARACHUTE<\/a><\/div>\n\n\n\n<div class=\"wp-block-button\"><a class=\"wp-block-button__link wp-element-button\" href=\"https:\/\/cs.flyspot.com\/offer?steps=boeing_boeing-wawa\">SIMULATEUR BOEING 737<\/a><\/div>\n<\/div>\n","protected":false},"excerpt":{"rendered":"<p>. R\u00c9SERVEZ LE FORFAIT QUI VOUS CONVIENT LE MIEUX !<\/p>\n","protected":false},"author":18,"featured_media":34262,"parent":21908,"menu_order":0,"comment_status":"closed","ping_status":"closed","template":"template-landing4.php","meta":{"_acf_changed":false,"footnotes":""},"class_list":["post-34677","page","type-page","status-publish","has-post-thumbnail","hentry"],"acf":[],"yoast_head":"<!-- This site is optimized with the Yoast SEO plugin v27.3 - https:\/\/yoast.com\/product\/yoast-seo-wordpress\/ -->\n<title>Ici et maintenant - Flyspot - Make it Happen<\/title>\n<meta name=\"robots\" content=\"index, follow, max-snippet:-1, max-image-preview:large, max-video-preview:-1\" \/>\n<link rel=\"canonical\" href=\"https:\/\/www.flyspot.com\/pl\/lp\/tu-i-teraz\/\" \/>\n<meta property=\"og:locale\" content=\"fr_FR\" \/>\n<meta property=\"og:type\" content=\"article\" \/>\n<meta property=\"og:title\" content=\"Ici et maintenant - Flyspot - Make it Happen\" \/>\n<meta property=\"og:description\" content=\". R\u00c9SERVEZ LE FORFAIT QUI VOUS CONVIENT LE MIEUX !\" \/>\n<meta property=\"og:url\" content=\"https:\/\/www.flyspot.com\/pl\/lp\/tu-i-teraz\/\" \/>\n<meta property=\"og:site_name\" content=\"Flyspot - Make it Happen\" \/>\n<meta property=\"article:modified_time\" content=\"2024-09-27T14:29:29+00:00\" \/>\n<meta property=\"og:image\" content=\"https:\/\/www.flyspot.com\/wp-content\/uploads\/2024\/03\/Tu-i-teraz.jpg\" \/>\n\t<meta property=\"og:image:width\" content=\"1440\" \/>\n\t<meta property=\"og:image:height\" content=\"555\" \/>\n\t<meta property=\"og:image:type\" content=\"image\/jpeg\" \/>\n<meta name=\"twitter:card\" content=\"summary_large_image\" \/>\n<script type=\"application\/ld+json\" class=\"yoast-schema-graph\">{\"@context\":\"https:\\\/\\\/schema.org\",\"@graph\":[{\"@type\":\"WebPage\",\"@id\":\"https:\\\/\\\/www.flyspot.com\\\/pl\\\/lp\\\/tu-i-teraz\\\/\",\"url\":\"https:\\\/\\\/www.flyspot.com\\\/pl\\\/lp\\\/tu-i-teraz\\\/\",\"name\":\"Ici et maintenant - Flyspot - Make it Happen\",\"isPartOf\":{\"@id\":\"https:\\\/\\\/www.flyspot.com\\\/pl\\\/#website\"},\"primaryImageOfPage\":{\"@id\":\"https:\\\/\\\/www.flyspot.com\\\/pl\\\/lp\\\/tu-i-teraz\\\/#primaryimage\"},\"image\":{\"@id\":\"https:\\\/\\\/www.flyspot.com\\\/pl\\\/lp\\\/tu-i-teraz\\\/#primaryimage\"},\"thumbnailUrl\":\"https:\\\/\\\/www.flyspot.com\\\/wp-content\\\/uploads\\\/2024\\\/03\\\/Tu-i-teraz.jpg\",\"datePublished\":\"2024-03-14T10:20:50+00:00\",\"dateModified\":\"2024-09-27T14:29:29+00:00\",\"breadcrumb\":{\"@id\":\"https:\\\/\\\/www.flyspot.com\\\/pl\\\/lp\\\/tu-i-teraz\\\/#breadcrumb\"},\"inLanguage\":\"fr-FR\",\"potentialAction\":[{\"@type\":\"ReadAction\",\"target\":[\"https:\\\/\\\/www.flyspot.com\\\/pl\\\/lp\\\/tu-i-teraz\\\/\"]}]},{\"@type\":\"ImageObject\",\"inLanguage\":\"fr-FR\",\"@id\":\"https:\\\/\\\/www.flyspot.com\\\/pl\\\/lp\\\/tu-i-teraz\\\/#primaryimage\",\"url\":\"https:\\\/\\\/www.flyspot.com\\\/wp-content\\\/uploads\\\/2024\\\/03\\\/Tu-i-teraz.jpg\",\"contentUrl\":\"https:\\\/\\\/www.flyspot.com\\\/wp-content\\\/uploads\\\/2024\\\/03\\\/Tu-i-teraz.jpg\",\"width\":1440,\"height\":555},{\"@type\":\"BreadcrumbList\",\"@id\":\"https:\\\/\\\/www.flyspot.com\\\/pl\\\/lp\\\/tu-i-teraz\\\/#breadcrumb\",\"itemListElement\":[{\"@type\":\"ListItem\",\"position\":1,\"name\":\"Strona g\u0142\u00f3wna\",\"item\":\"https:\\\/\\\/www.flyspot.com\\\/fr\\\/\"},{\"@type\":\"ListItem\",\"position\":2,\"name\":\"N\",\"item\":\"https:\\\/\\\/www.flyspot.com\\\/fr\\\/lp\\\/\"},{\"@type\":\"ListItem\",\"position\":3,\"name\":\"Ici et maintenant\"}]},{\"@type\":\"WebSite\",\"@id\":\"https:\\\/\\\/www.flyspot.com\\\/pl\\\/#website\",\"url\":\"https:\\\/\\\/www.flyspot.com\\\/pl\\\/\",\"name\":\"Flyspot - Make it Happen\",\"description\":\"soufflerie, simulateur Boeing 737, r\u00e9alisez vos r\u00eaves de vol\",\"potentialAction\":[{\"@type\":\"SearchAction\",\"target\":{\"@type\":\"EntryPoint\",\"urlTemplate\":\"https:\\\/\\\/www.flyspot.com\\\/pl\\\/?s={search_term_string}\"},\"query-input\":{\"@type\":\"PropertyValueSpecification\",\"valueRequired\":true,\"valueName\":\"search_term_string\"}}],\"inLanguage\":\"fr-FR\"}]}<\/script>\n<!-- \/ Yoast SEO plugin. -->","yoast_head_json":{"title":"Ici et maintenant - Flyspot - Make it Happen","robots":{"index":"index","follow":"follow","max-snippet":"max-snippet:-1","max-image-preview":"max-image-preview:large","max-video-preview":"max-video-preview:-1"},"canonical":"https:\/\/www.flyspot.com\/pl\/lp\/tu-i-teraz\/","og_locale":"fr_FR","og_type":"article","og_title":"Ici et maintenant - Flyspot - Make it Happen","og_description":". R\u00c9SERVEZ LE FORFAIT QUI VOUS CONVIENT LE MIEUX !","og_url":"https:\/\/www.flyspot.com\/pl\/lp\/tu-i-teraz\/","og_site_name":"Flyspot - Make it Happen","article_modified_time":"2024-09-27T14:29:29+00:00","og_image":[{"width":1440,"height":555,"url":"https:\/\/www.flyspot.com\/wp-content\/uploads\/2024\/03\/Tu-i-teraz.jpg","type":"image\/jpeg"}],"twitter_card":"summary_large_image","schema":{"@context":"https:\/\/schema.org","@graph":[{"@type":"WebPage","@id":"https:\/\/www.flyspot.com\/pl\/lp\/tu-i-teraz\/","url":"https:\/\/www.flyspot.com\/pl\/lp\/tu-i-teraz\/","name":"Ici et maintenant - Flyspot - Make it Happen","isPartOf":{"@id":"https:\/\/www.flyspot.com\/pl\/#website"},"primaryImageOfPage":{"@id":"https:\/\/www.flyspot.com\/pl\/lp\/tu-i-teraz\/#primaryimage"},"image":{"@id":"https:\/\/www.flyspot.com\/pl\/lp\/tu-i-teraz\/#primaryimage"},"thumbnailUrl":"https:\/\/www.flyspot.com\/wp-content\/uploads\/2024\/03\/Tu-i-teraz.jpg","datePublished":"2024-03-14T10:20:50+00:00","dateModified":"2024-09-27T14:29:29+00:00","breadcrumb":{"@id":"https:\/\/www.flyspot.com\/pl\/lp\/tu-i-teraz\/#breadcrumb"},"inLanguage":"fr-FR","potentialAction":[{"@type":"ReadAction","target":["https:\/\/www.flyspot.com\/pl\/lp\/tu-i-teraz\/"]}]},{"@type":"ImageObject","inLanguage":"fr-FR","@id":"https:\/\/www.flyspot.com\/pl\/lp\/tu-i-teraz\/#primaryimage","url":"https:\/\/www.flyspot.com\/wp-content\/uploads\/2024\/03\/Tu-i-teraz.jpg","contentUrl":"https:\/\/www.flyspot.com\/wp-content\/uploads\/2024\/03\/Tu-i-teraz.jpg","width":1440,"height":555},{"@type":"BreadcrumbList","@id":"https:\/\/www.flyspot.com\/pl\/lp\/tu-i-teraz\/#breadcrumb","itemListElement":[{"@type":"ListItem","position":1,"name":"Strona g\u0142\u00f3wna","item":"https:\/\/www.flyspot.com\/fr\/"},{"@type":"ListItem","position":2,"name":"N","item":"https:\/\/www.flyspot.com\/fr\/lp\/"},{"@type":"ListItem","position":3,"name":"Ici et maintenant"}]},{"@type":"WebSite","@id":"https:\/\/www.flyspot.com\/pl\/#website","url":"https:\/\/www.flyspot.com\/pl\/","name":"Flyspot - Make it Happen","description":"soufflerie, simulateur Boeing 737, r\u00e9alisez vos r\u00eaves de vol","potentialAction":[{"@type":"SearchAction","target":{"@type":"EntryPoint","urlTemplate":"https:\/\/www.flyspot.com\/pl\/?s={search_term_string}"},"query-input":{"@type":"PropertyValueSpecification","valueRequired":true,"valueName":"search_term_string"}}],"inLanguage":"fr-FR"}]}},"_links":{"self":[{"href":"https:\/\/www.flyspot.com\/fr\/wp-json\/wp\/v2\/pages\/34677","targetHints":{"allow":["GET"]}}],"collection":[{"href":"https:\/\/www.flyspot.com\/fr\/wp-json\/wp\/v2\/pages"}],"about":[{"href":"https:\/\/www.flyspot.com\/fr\/wp-json\/wp\/v2\/types\/page"}],"author":[{"embeddable":true,"href":"https:\/\/www.flyspot.com\/fr\/wp-json\/wp\/v2\/users\/18"}],"replies":[{"embeddable":true,"href":"https:\/\/www.flyspot.com\/fr\/wp-json\/wp\/v2\/comments?post=34677"}],"version-history":[{"count":22,"href":"https:\/\/www.flyspot.com\/fr\/wp-json\/wp\/v2\/pages\/34677\/revisions"}],"predecessor-version":[{"id":39245,"href":"https:\/\/www.flyspot.com\/fr\/wp-json\/wp\/v2\/pages\/34677\/revisions\/39245"}],"up":[{"embeddable":true,"href":"https:\/\/www.flyspot.com\/fr\/wp-json\/wp\/v2\/pages\/21908"}],"wp:featuredmedia":[{"embeddable":true,"href":"https:\/\/www.flyspot.com\/fr\/wp-json\/wp\/v2\/media\/34262"}],"wp:attachment":[{"href":"https:\/\/www.flyspot.com\/fr\/wp-json\/wp\/v2\/media?parent=34677"}],"curies":[{"name":"wp","href":"https:\/\/api.w.org\/{rel}","templated":true}]}}