{"id":20453,"date":"2022-09-19T12:28:45","date_gmt":"2022-09-19T10:28:45","guid":{"rendered":"https:\/\/www.flyspot.com\/?page_id=20453"},"modified":"2024-09-27T16:15:44","modified_gmt":"2024-09-27T14:15:44","slug":"flyspot-pour-les-enfants","status":"publish","type":"page","link":"https:\/\/www.flyspot.com\/fr\/nos-attraits\/tunnel-flyspot\/flyspot-pour-les-enfants\/","title":{"rendered":"Flyspot pour les enfants"},"content":{"rendered":"<div id=\"fancy-display-block_9f93318a3301d0ecdcedc0096293ba25\" class=\"fancy-display-block fancy-repeater-block\">\r\n  <div class=\"row container\">\r\n          <div class=\"fancy-repeater-item\">\r\n        <div class=\"text-container with-subtitle\">\r\n          <h2 class=\"title\">BAPT\u00caMES DE L&#8217;AIR POUR LES ENFANTS<\/h2>\r\n          <strong class=\"subtitle\">Offrez \u00e0 votre enfant des moments qu&#8217;il n&#8217;oubliera jamais !<\/strong>          <p>Les r\u00eaves de vol sont tr\u00e8s souvent pr\u00e9sents dans l&#8217;esprit de nos enfants. Apr\u00e8s tout, les personnages de contes de f\u00e9es et les super-h\u00e9ros volent, et le d\u00e9sir de voler est l&#8217;un des r\u00eaves les plus anciens de l&#8217;humanit\u00e9.  \nFlyspot a \u00e9t\u00e9 cr\u00e9\u00e9 pour que ce r\u00eave devienne r\u00e9alit\u00e9 !  \nChez Flyspot, les enfants peuvent commencer \u00e0 voler. V\u00eatus d&#8217;une combinaison sp\u00e9ciale, de lunettes et d&#8217;un casque, ils peuvent, apr\u00e8s une courte s\u00e9ance de formation dispens\u00e9e par un instructeur exp\u00e9riment\u00e9, entrer dans le tunnel et r\u00e9aliser leur r\u00eave ! Et s&#8217;ils tombent amoureux de l&#8217;aviation (ce qui est tout \u00e0 fait possible), nous les invitons \u00e0 suivre des formations et des cours sp\u00e9ciaux pour les enfants !\n<\/p>\r\n          <div class=\"buttons\"><a class=\"btn\" href=\"https:\/\/cs.flyspot.com\/offer?steps=flyspot_firsttime_firsttime-adult~0_firsttime-children~1\" target=\"_self\">R\u00c9SERVEZ VOS VOLS<\/a><a href=\"https:\/\/sklep.flyspot.com\/produkty\/vouchery\/dla-dzieci\" target=\"_self\">Acheter un bon<\/a><\/div>        <\/div>\r\n        <div>\r\n          <img decoding=\"async\" lazy src=\"data:image\/gif;base64,R0lGODlhAQABAAD\/ACwAAAAAAQABAAACADs%3D\" data-src=\"https:\/\/www.flyspot.com\/wp-content\/uploads\/2022\/10\/Family_KATO_2021_part7_canon-9690-1.jpg\" alt=\"\">\r\n        <\/div>\r\n      <\/div>\r\n          <div class=\"fancy-repeater-item\">\r\n        <div class=\"text-container with-subtitle\">\r\n          <h2 class=\"title\">L&#8217;ENTRA\u00ceNEMENT SPORTIF POUR LES ENFANTS<\/h2>\r\n          <strong class=\"subtitle\">Pour les petits sportifs<\/strong>          <p>Votre enfant a d\u00e9j\u00e0 vol\u00e9 et r\u00eave toujours de retourner dans le tunnel ? Faites-lui plaisir et r\u00e9servez une s\u00e9ance de formation professionnelle ! Choisissez parmi les options de 10, 15 ou 20 minutes chacune. R\u00e9servez quand cela vous convient et aussi souvent que vous le souhaitez. La supervision de l&#8217;instructeur est incluse dans le prix de la formation. Non seulement votre enfant apprendra de nouvelles techniques et commencera \u00e0 s&#8217;entra\u00eener \u00e0 l&#8217;un des plus beaux sports du monde, mais il sera surtout ravi !<\/p>\r\n          <div class=\"buttons\"><a class=\"btn\" href=\"https:\/\/www.flyspot.com\/pl\/treningi-dla-dzieci-we-flyspot\/\" target=\"_self\">EN SAVOIR PLUS<\/a><a href=\"https:\/\/sklep.flyspot.com\/produkty\/vouchery\/trening-indywidualny\" target=\"_self\">Acheter un bon<\/a><\/div>        <\/div>\r\n        <div>\r\n          <img decoding=\"async\" lazy src=\"data:image\/gif;base64,R0lGODlhAQABAAD\/ACwAAAAAAQABAAACADs%3D\" data-src=\"https:\/\/www.flyspot.com\/wp-content\/uploads\/2022\/10\/Alicja-Karasek_Playground_KATO_Mar_2019-8114.jpg\" alt=\"\">\r\n        <\/div>\r\n      <\/div>\r\n          <div class=\"fancy-repeater-item\">\r\n        <div class=\"text-container with-subtitle\">\r\n          <h2 class=\"title\">LES PAQUETS DE JEUX POUR ENFANTS<\/h2>\r\n          <strong class=\"subtitle\">Pour les petits professionnels<\/strong>          <p>Pour les enfants qui volent d\u00e9j\u00e0 r\u00e9guli\u00e8rement et qui sont devenus de petits professionnels du sport, nous avons pr\u00e9par\u00e9 une offre globale. Ils sont con\u00e7us pour les 6-12 ans, avec un choix de forfaits d&#8217;une heure ou de forfaits plus importants : 5 et 10 heures. Nos instructeurs se feront un plaisir de r\u00e9pondre \u00e0 vos questions sur les forfaits \ud83d\ude42<\/p>\r\n          <div class=\"buttons\"><a class=\"btn\" href=\" \nhttps:\/\/cs.flyspot.com\/offer?steps=flyspot_pro_pro-package_pro-package-playground\" target=\"_self\">ACHETER UN PAQUET<\/a><\/div>        <\/div>\r\n        <div>\r\n          <img decoding=\"async\" lazy src=\"data:image\/gif;base64,R0lGODlhAQABAAD\/ACwAAAAAAQABAAACADs%3D\" data-src=\"https:\/\/www.flyspot.com\/wp-content\/uploads\/2022\/10\/Playground-Challenge_KATO_June_2019_Sony-1179.jpg\" alt=\"\">\r\n        <\/div>\r\n      <\/div>\r\n          <div class=\"fancy-repeater-item\">\r\n        <div class=\"text-container with-subtitle\">\r\n          <h2 class=\"title\">DES ACTIVIT\u00c9S DE TERRAIN DE JEU POUR LES PLUS JEUNES<\/h2>\r\n          <strong class=\"subtitle\">R\u00e9guli\u00e8rement une fois par mois<\/strong>          <p>Flyspot Playground est une soufflerie sp\u00e9cialement con\u00e7ue pour les enfants. Ils sont organis\u00e9s une fois par mois \u00e0 Flyspot Varsovie et Flyspot Katowice.\nQui peut participer aux activit\u00e9s ?\n<br><br>\n&#8211; enfants de 6 \u00e0 12 ans\n&#8211; comp\u00e9tences minimales requises pour participer : vol libre en position couch\u00e9e (sur le ventre)\nDur\u00e9e du cours : 1 heure.\nCo\u00fbt des cours : 349 \u00a3 par personne<br>\nNotes :  \n<br><br>\nFlyspot Varsovie : Kasia Bereska, t\u00e9l. 501 697 660  \n<br><br>\nFlyspot Katowice : R\u00e9ception Katowice, katowice@flyspot.com<\/p>\r\n                  <\/div>\r\n        <div>\r\n          <img decoding=\"async\" lazy src=\"data:image\/gif;base64,R0lGODlhAQABAAD\/ACwAAAAAAQABAAACADs%3D\" data-src=\"https:\/\/www.flyspot.com\/wp-content\/uploads\/2022\/10\/Kolonia_KATO_sierpien\u0301_2020-7997-1.jpg\" alt=\"\">\r\n        <\/div>\r\n      <\/div>\r\n      <\/div>\r\n<\/div><!-- block -->\r\n\n<p><\/p>\n","protected":false},"excerpt":{"rendered":"","protected":false},"author":1,"featured_media":7930,"parent":12409,"menu_order":2,"comment_status":"closed","ping_status":"closed","template":"","meta":{"_acf_changed":false,"footnotes":""},"class_list":["post-20453","page","type-page","status-publish","has-post-thumbnail","hentry"],"acf":[],"yoast_head":"<!-- This site is optimized with the Yoast SEO plugin v27.3 - https:\/\/yoast.com\/product\/yoast-seo-wordpress\/ -->\n<title>Flyspot pour les enfants - Flyspot - Make it Happen<\/title>\n<meta name=\"robots\" content=\"index, follow, max-snippet:-1, max-image-preview:large, max-video-preview:-1\" \/>\n<link rel=\"canonical\" href=\"https:\/\/www.flyspot.com\/fr\/nos-attraits\/tunnel-flyspot\/flyspot-pour-les-enfants\/\" \/>\n<meta property=\"og:locale\" content=\"fr_FR\" \/>\n<meta property=\"og:type\" content=\"article\" \/>\n<meta property=\"og:title\" content=\"Flyspot pour les enfants - Flyspot - Make it Happen\" \/>\n<meta property=\"og:url\" content=\"https:\/\/www.flyspot.com\/fr\/nos-attraits\/tunnel-flyspot\/flyspot-pour-les-enfants\/\" \/>\n<meta property=\"og:site_name\" content=\"Flyspot - Make it Happen\" \/>\n<meta property=\"article:modified_time\" content=\"2024-09-27T14:15:44+00:00\" \/>\n<meta property=\"og:image\" content=\"https:\/\/www.flyspot.com\/wp-content\/uploads\/2020\/08\/indoor.jpg\" \/>\n\t<meta property=\"og:image:width\" content=\"705\" \/>\n\t<meta property=\"og:image:height\" content=\"470\" \/>\n\t<meta property=\"og:image:type\" content=\"image\/jpeg\" \/>\n<meta name=\"twitter:card\" content=\"summary_large_image\" \/>\n<script type=\"application\/ld+json\" class=\"yoast-schema-graph\">{\"@context\":\"https:\\\/\\\/schema.org\",\"@graph\":[{\"@type\":\"WebPage\",\"@id\":\"https:\\\/\\\/www.flyspot.com\\\/fr\\\/nos-attraits\\\/tunnel-flyspot\\\/flyspot-pour-les-enfants\\\/\",\"url\":\"https:\\\/\\\/www.flyspot.com\\\/fr\\\/nos-attraits\\\/tunnel-flyspot\\\/flyspot-pour-les-enfants\\\/\",\"name\":\"Flyspot pour les enfants - Flyspot - Make it Happen\",\"isPartOf\":{\"@id\":\"https:\\\/\\\/www.flyspot.com\\\/pl\\\/#website\"},\"primaryImageOfPage\":{\"@id\":\"https:\\\/\\\/www.flyspot.com\\\/fr\\\/nos-attraits\\\/tunnel-flyspot\\\/flyspot-pour-les-enfants\\\/#primaryimage\"},\"image\":{\"@id\":\"https:\\\/\\\/www.flyspot.com\\\/fr\\\/nos-attraits\\\/tunnel-flyspot\\\/flyspot-pour-les-enfants\\\/#primaryimage\"},\"thumbnailUrl\":\"https:\\\/\\\/www.flyspot.com\\\/wp-content\\\/uploads\\\/2020\\\/08\\\/indoor.jpg\",\"datePublished\":\"2022-09-19T10:28:45+00:00\",\"dateModified\":\"2024-09-27T14:15:44+00:00\",\"breadcrumb\":{\"@id\":\"https:\\\/\\\/www.flyspot.com\\\/fr\\\/nos-attraits\\\/tunnel-flyspot\\\/flyspot-pour-les-enfants\\\/#breadcrumb\"},\"inLanguage\":\"fr-FR\",\"potentialAction\":[{\"@type\":\"ReadAction\",\"target\":[\"https:\\\/\\\/www.flyspot.com\\\/fr\\\/nos-attraits\\\/tunnel-flyspot\\\/flyspot-pour-les-enfants\\\/\"]}]},{\"@type\":\"ImageObject\",\"inLanguage\":\"fr-FR\",\"@id\":\"https:\\\/\\\/www.flyspot.com\\\/fr\\\/nos-attraits\\\/tunnel-flyspot\\\/flyspot-pour-les-enfants\\\/#primaryimage\",\"url\":\"https:\\\/\\\/www.flyspot.com\\\/wp-content\\\/uploads\\\/2020\\\/08\\\/indoor.jpg\",\"contentUrl\":\"https:\\\/\\\/www.flyspot.com\\\/wp-content\\\/uploads\\\/2020\\\/08\\\/indoor.jpg\",\"width\":705,\"height\":470},{\"@type\":\"BreadcrumbList\",\"@id\":\"https:\\\/\\\/www.flyspot.com\\\/fr\\\/nos-attraits\\\/tunnel-flyspot\\\/flyspot-pour-les-enfants\\\/#breadcrumb\",\"itemListElement\":[{\"@type\":\"ListItem\",\"position\":1,\"name\":\"Strona g\u0142\u00f3wna\",\"item\":\"https:\\\/\\\/www.flyspot.com\\\/fr\\\/\"},{\"@type\":\"ListItem\",\"position\":2,\"name\":\"Nos attractions\",\"item\":\"https:\\\/\\\/www.flyspot.com\\\/fr\\\/nos-attraits\\\/\"},{\"@type\":\"ListItem\",\"position\":3,\"name\":\"Tunnel Flyspot\",\"item\":\"https:\\\/\\\/www.flyspot.com\\\/fr\\\/nos-attraits\\\/tunnel-flyspot\\\/\"},{\"@type\":\"ListItem\",\"position\":4,\"name\":\"Flyspot pour les enfants\"}]},{\"@type\":\"WebSite\",\"@id\":\"https:\\\/\\\/www.flyspot.com\\\/pl\\\/#website\",\"url\":\"https:\\\/\\\/www.flyspot.com\\\/pl\\\/\",\"name\":\"Flyspot - Make it Happen\",\"description\":\"soufflerie, simulateur Boeing 737, r\u00e9alisez vos r\u00eaves de vol\",\"potentialAction\":[{\"@type\":\"SearchAction\",\"target\":{\"@type\":\"EntryPoint\",\"urlTemplate\":\"https:\\\/\\\/www.flyspot.com\\\/pl\\\/?s={search_term_string}\"},\"query-input\":{\"@type\":\"PropertyValueSpecification\",\"valueRequired\":true,\"valueName\":\"search_term_string\"}}],\"inLanguage\":\"fr-FR\"}]}<\/script>\n<!-- \/ Yoast SEO plugin. -->","yoast_head_json":{"title":"Flyspot pour les enfants - Flyspot - Make it Happen","robots":{"index":"index","follow":"follow","max-snippet":"max-snippet:-1","max-image-preview":"max-image-preview:large","max-video-preview":"max-video-preview:-1"},"canonical":"https:\/\/www.flyspot.com\/fr\/nos-attraits\/tunnel-flyspot\/flyspot-pour-les-enfants\/","og_locale":"fr_FR","og_type":"article","og_title":"Flyspot pour les enfants - Flyspot - Make it Happen","og_url":"https:\/\/www.flyspot.com\/fr\/nos-attraits\/tunnel-flyspot\/flyspot-pour-les-enfants\/","og_site_name":"Flyspot - Make it Happen","article_modified_time":"2024-09-27T14:15:44+00:00","og_image":[{"width":705,"height":470,"url":"https:\/\/www.flyspot.com\/wp-content\/uploads\/2020\/08\/indoor.jpg","type":"image\/jpeg"}],"twitter_card":"summary_large_image","schema":{"@context":"https:\/\/schema.org","@graph":[{"@type":"WebPage","@id":"https:\/\/www.flyspot.com\/fr\/nos-attraits\/tunnel-flyspot\/flyspot-pour-les-enfants\/","url":"https:\/\/www.flyspot.com\/fr\/nos-attraits\/tunnel-flyspot\/flyspot-pour-les-enfants\/","name":"Flyspot pour les enfants - Flyspot - Make it Happen","isPartOf":{"@id":"https:\/\/www.flyspot.com\/pl\/#website"},"primaryImageOfPage":{"@id":"https:\/\/www.flyspot.com\/fr\/nos-attraits\/tunnel-flyspot\/flyspot-pour-les-enfants\/#primaryimage"},"image":{"@id":"https:\/\/www.flyspot.com\/fr\/nos-attraits\/tunnel-flyspot\/flyspot-pour-les-enfants\/#primaryimage"},"thumbnailUrl":"https:\/\/www.flyspot.com\/wp-content\/uploads\/2020\/08\/indoor.jpg","datePublished":"2022-09-19T10:28:45+00:00","dateModified":"2024-09-27T14:15:44+00:00","breadcrumb":{"@id":"https:\/\/www.flyspot.com\/fr\/nos-attraits\/tunnel-flyspot\/flyspot-pour-les-enfants\/#breadcrumb"},"inLanguage":"fr-FR","potentialAction":[{"@type":"ReadAction","target":["https:\/\/www.flyspot.com\/fr\/nos-attraits\/tunnel-flyspot\/flyspot-pour-les-enfants\/"]}]},{"@type":"ImageObject","inLanguage":"fr-FR","@id":"https:\/\/www.flyspot.com\/fr\/nos-attraits\/tunnel-flyspot\/flyspot-pour-les-enfants\/#primaryimage","url":"https:\/\/www.flyspot.com\/wp-content\/uploads\/2020\/08\/indoor.jpg","contentUrl":"https:\/\/www.flyspot.com\/wp-content\/uploads\/2020\/08\/indoor.jpg","width":705,"height":470},{"@type":"BreadcrumbList","@id":"https:\/\/www.flyspot.com\/fr\/nos-attraits\/tunnel-flyspot\/flyspot-pour-les-enfants\/#breadcrumb","itemListElement":[{"@type":"ListItem","position":1,"name":"Strona g\u0142\u00f3wna","item":"https:\/\/www.flyspot.com\/fr\/"},{"@type":"ListItem","position":2,"name":"Nos attractions","item":"https:\/\/www.flyspot.com\/fr\/nos-attraits\/"},{"@type":"ListItem","position":3,"name":"Tunnel Flyspot","item":"https:\/\/www.flyspot.com\/fr\/nos-attraits\/tunnel-flyspot\/"},{"@type":"ListItem","position":4,"name":"Flyspot pour les enfants"}]},{"@type":"WebSite","@id":"https:\/\/www.flyspot.com\/pl\/#website","url":"https:\/\/www.flyspot.com\/pl\/","name":"Flyspot - Make it Happen","description":"soufflerie, simulateur Boeing 737, r\u00e9alisez vos r\u00eaves de vol","potentialAction":[{"@type":"SearchAction","target":{"@type":"EntryPoint","urlTemplate":"https:\/\/www.flyspot.com\/pl\/?s={search_term_string}"},"query-input":{"@type":"PropertyValueSpecification","valueRequired":true,"valueName":"search_term_string"}}],"inLanguage":"fr-FR"}]}},"_links":{"self":[{"href":"https:\/\/www.flyspot.com\/fr\/wp-json\/wp\/v2\/pages\/20453","targetHints":{"allow":["GET"]}}],"collection":[{"href":"https:\/\/www.flyspot.com\/fr\/wp-json\/wp\/v2\/pages"}],"about":[{"href":"https:\/\/www.flyspot.com\/fr\/wp-json\/wp\/v2\/types\/page"}],"author":[{"embeddable":true,"href":"https:\/\/www.flyspot.com\/fr\/wp-json\/wp\/v2\/users\/1"}],"replies":[{"embeddable":true,"href":"https:\/\/www.flyspot.com\/fr\/wp-json\/wp\/v2\/comments?post=20453"}],"version-history":[{"count":20,"href":"https:\/\/www.flyspot.com\/fr\/wp-json\/wp\/v2\/pages\/20453\/revisions"}],"predecessor-version":[{"id":38257,"href":"https:\/\/www.flyspot.com\/fr\/wp-json\/wp\/v2\/pages\/20453\/revisions\/38257"}],"up":[{"embeddable":true,"href":"https:\/\/www.flyspot.com\/fr\/wp-json\/wp\/v2\/pages\/12409"}],"wp:featuredmedia":[{"embeddable":true,"href":"https:\/\/www.flyspot.com\/fr\/wp-json\/wp\/v2\/media\/7930"}],"wp:attachment":[{"href":"https:\/\/www.flyspot.com\/fr\/wp-json\/wp\/v2\/media?parent=20453"}],"curies":[{"name":"wp","href":"https:\/\/api.w.org\/{rel}","templated":true}]}}