{"id":14952,"date":"2020-10-26T09:34:48","date_gmt":"2020-10-26T08:34:48","guid":{"rendered":"https:\/\/www.flyspot.com\/nos-attraits\/tunnel-flyspot\/offre-pour-les-professionnels\/competitions-flyspot\/ligue-des-champions-2021-en-ligne\/"},"modified":"2024-09-27T16:20:50","modified_gmt":"2024-09-27T14:20:50","slug":"ligue-des-champions-2021-en-ligne","status":"publish","type":"page","link":"https:\/\/www.flyspot.com\/fr\/nos-attraits\/tunnel-flyspot\/offre-pour-les-professionnels\/competitions-flyspot\/ligue-des-champions-2021-en-ligne\/","title":{"rendered":"Ligue des champions 2023\/2024"},"content":{"rendered":"\n<p><\/p>\n\n\n<div id=\"form-popup-block_6fd3b8ae8860712e5fe4932ae65d221b\" class=\"form-popup-block\" data-timeout=\"\">\r\n  <div class=\"row container\">\r\n    <div>\r\n            <div class=\"wpforms-container wpforms-container-save-resume\" id=\"wpforms-5515\"><form id=\"wpforms-form-5515\" class=\"wpforms-validate wpforms-form\" data-formid=\"5515\" method=\"post\" enctype=\"multipart\/form-data\" action=\"\/fr\/wp-json\/wp\/v2\/pages\/14952?wpforms_form_id=5515\" data-token=\"452f0fe09432420973a393f63621de07\" data-token-time=\"1775417048\"><div class=\"wpforms-head-container\"><div class=\"wpforms-title\">Ligue des champions<\/div><\/div><noscript class=\"wpforms-error-noscript\">Veuillez activer JavaScript dans votre navigateur pour remplir ce formulaire.<\/noscript><div class=\"wpforms-field-container\"><div id=\"wpforms-5515-field_1-container\" class=\"wpforms-field wpforms-field-select wpforms-field-select-style-classic\" data-field-id=\"1\"><label class=\"wpforms-field-label\" for=\"wpforms-5515-field_1\">\u00c9dition <span class=\"wpforms-required-label\">*<\/span><\/label><select id=\"wpforms-5515-field_1\" class=\"wpforms-field-medium wpforms-field-required\" name=\"wpforms[fields][1]\" required=\"required\"><option value=\"15.03.2024 stationnaire, Flyspot Varsovie\"  class=\"choice-7 depth-1\"  >15.03.2024 stationnaire, Flyspot Varsovie<\/option><option value=\"26.04.2024 stationnaire, Flyspot Katowice\"  class=\"choice-8 depth-1\"  >26.04.2024 stationnaire, Flyspot Katowice<\/option><\/select><\/div><div id=\"wpforms-5515-field_2-container\" class=\"wpforms-field wpforms-field-text\" data-field-id=\"2\"><label class=\"wpforms-field-label\" for=\"wpforms-5515-field_2\">Nom de l&#039;\u00e9quipe <span class=\"wpforms-required-label\">*<\/span><\/label><input type=\"text\" id=\"wpforms-5515-field_2\" class=\"wpforms-field-medium wpforms-field-required\" name=\"wpforms[fields][2]\" required><\/div><div id=\"wpforms-5515-field_3-container\" class=\"wpforms-field wpforms-field-select wpforms-conditional-trigger wpforms-field-select-style-classic\" data-field-id=\"3\"><label class=\"wpforms-field-label\" for=\"wpforms-5515-field_3\">Choisir une cat\u00e9gorie<\/label><select id=\"wpforms-5515-field_3\" class=\"wpforms-field-medium\" name=\"wpforms[fields][3]\"><option value=\"4 voies AAA\"  class=\"choice-1 depth-1\"  >4 voies AAA<\/option><option value=\"4 voies AA\"  class=\"choice-7 depth-1\"  >4 voies AA<\/option><option value=\"4 voies A\"  class=\"choice-6 depth-1\"  >4 voies A<\/option><option value=\"4 voies ROOKIE\"  class=\"choice-5 depth-1\"  >4 voies ROOKIE<\/option><option value=\"2 voies Avanc\u00e9\"  class=\"choice-4 depth-1\"  >2 voies Avanc\u00e9<\/option><option value=\"VFS \u00e0 4 voies\"  class=\"choice-2 depth-1\"  >VFS \u00e0 4 voies<\/option><\/select><\/div><div id=\"wpforms-5515-field_4-container\" class=\"wpforms-field wpforms-field-text\" data-field-id=\"4\"><label class=\"wpforms-field-label\" for=\"wpforms-5515-field_4\">Capitaine de l&#039;\u00e9quipe<\/label><input type=\"text\" id=\"wpforms-5515-field_4\" class=\"wpforms-field-medium\" name=\"wpforms[fields][4]\" ><\/div><div id=\"wpforms-5515-field_5-container\" class=\"wpforms-field wpforms-field-select wpforms-field-select-style-classic\" data-field-id=\"5\"><label class=\"wpforms-field-label\" for=\"wpforms-5515-field_5\">T-shirt (taille du T-shirt) <span class=\"wpforms-required-label\">*<\/span><\/label><select id=\"wpforms-5515-field_5\" class=\"wpforms-field-medium wpforms-field-required\" name=\"wpforms[fields][5]\" required=\"required\"><option value=\"X S\"  class=\"choice-1 depth-1\"  >X S<\/option><option value=\"S\"  class=\"choice-2 depth-1\"  >S<\/option><option value=\"M\"  class=\"choice-7 depth-1\"  >M<\/option><option value=\"L\"  class=\"choice-6 depth-1\"  >L<\/option><option value=\"X L\"  class=\"choice-5 depth-1\"  >X L<\/option><option value=\"X X L\"  class=\"choice-4 depth-1\"  >X X L<\/option><\/select><\/div><div id=\"wpforms-5515-field_6-container\" class=\"wpforms-field wpforms-field-text\" data-field-id=\"6\"><label class=\"wpforms-field-label\" for=\"wpforms-5515-field_6\">Membre de l&#039;\u00e9quipe <span class=\"wpforms-required-label\">*<\/span><\/label><input type=\"text\" id=\"wpforms-5515-field_6\" class=\"wpforms-field-medium wpforms-field-required\" name=\"wpforms[fields][6]\" required><\/div><div id=\"wpforms-5515-field_7-container\" class=\"wpforms-field wpforms-field-select wpforms-field-select-style-classic\" data-field-id=\"7\"><label class=\"wpforms-field-label\" for=\"wpforms-5515-field_7\">T-shirt (taille du T-shirt) <span class=\"wpforms-required-label\">*<\/span><\/label><select id=\"wpforms-5515-field_7\" class=\"wpforms-field-medium wpforms-field-required\" name=\"wpforms[fields][7]\" required=\"required\"><option value=\"X S\"  class=\"choice-1 depth-1\"  >X S<\/option><option value=\"S\"  class=\"choice-2 depth-1\"  >S<\/option><option value=\"M\"  class=\"choice-7 depth-1\"  >M<\/option><option value=\"L\"  class=\"choice-6 depth-1\"  >L<\/option><option value=\"X L\"  class=\"choice-5 depth-1\"  >X L<\/option><option value=\"X X L\"  class=\"choice-4 depth-1\"  >X X L<\/option><\/select><\/div><div id=\"wpforms-5515-field_12-container\" class=\"wpforms-field wpforms-field-text wpforms-conditional-field wpforms-conditional-show\" data-field-id=\"12\" style=\"display:none;\"><label class=\"wpforms-field-label\" for=\"wpforms-5515-field_12\">Membre de l&#039;\u00e9quipe <span class=\"wpforms-required-label\">*<\/span><\/label><input type=\"text\" id=\"wpforms-5515-field_12\" class=\"wpforms-field-medium wpforms-field-required\" name=\"wpforms[fields][12]\" required><\/div><div id=\"wpforms-5515-field_11-container\" class=\"wpforms-field wpforms-field-select wpforms-conditional-field wpforms-conditional-show wpforms-field-select-style-classic\" data-field-id=\"11\" style=\"display:none;\"><label class=\"wpforms-field-label\" for=\"wpforms-5515-field_11\">T-shirt (taille du T-shirt) <span class=\"wpforms-required-label\">*<\/span><\/label><select id=\"wpforms-5515-field_11\" class=\"wpforms-field-medium wpforms-field-required\" name=\"wpforms[fields][11]\" required=\"required\"><option value=\"X S\"  class=\"choice-1 depth-1\"  >X S<\/option><option value=\"S\"  class=\"choice-2 depth-1\"  >S<\/option><option value=\"M\"  class=\"choice-7 depth-1\"  >M<\/option><option value=\"L\"  class=\"choice-6 depth-1\"  >L<\/option><option value=\"X L\"  class=\"choice-5 depth-1\"  >X L<\/option><option value=\"X X L\"  class=\"choice-4 depth-1\"  >X X L<\/option><\/select><\/div><div id=\"wpforms-5515-field_13-container\" class=\"wpforms-field wpforms-field-text wpforms-conditional-field wpforms-conditional-show\" data-field-id=\"13\" style=\"display:none;\"><label class=\"wpforms-field-label\" for=\"wpforms-5515-field_13\">Membre de l&#039;\u00e9quipe <span class=\"wpforms-required-label\">*<\/span><\/label><input type=\"text\" id=\"wpforms-5515-field_13\" class=\"wpforms-field-medium wpforms-field-required\" name=\"wpforms[fields][13]\" required><\/div><div id=\"wpforms-5515-field_14-container\" class=\"wpforms-field wpforms-field-select wpforms-conditional-field wpforms-conditional-show wpforms-field-select-style-classic\" data-field-id=\"14\" style=\"display:none;\"><label class=\"wpforms-field-label\" for=\"wpforms-5515-field_14\">T-shirt (taille du T-shirt) <span class=\"wpforms-required-label\">*<\/span><\/label><select id=\"wpforms-5515-field_14\" class=\"wpforms-field-medium wpforms-field-required\" name=\"wpforms[fields][14]\" required=\"required\"><option value=\"X S\"  class=\"choice-1 depth-1\"  >X S<\/option><option value=\"S\"  class=\"choice-2 depth-1\"  >S<\/option><option value=\"M\"  class=\"choice-7 depth-1\"  >M<\/option><option value=\"L\"  class=\"choice-6 depth-1\"  >L<\/option><option value=\"X L\"  class=\"choice-5 depth-1\"  >X L<\/option><option value=\"X X L\"  class=\"choice-4 depth-1\"  >X X L<\/option><\/select><\/div><div id=\"wpforms-5515-field_15-container\" class=\"wpforms-field wpforms-field-email\" data-field-id=\"15\"><label class=\"wpforms-field-label\" for=\"wpforms-5515-field_15\">Email <span class=\"wpforms-required-label\">*<\/span><\/label><input type=\"email\" id=\"wpforms-5515-field_15\" class=\"wpforms-field-medium wpforms-field-required\" name=\"wpforms[fields][15]\" spellcheck=\"false\" required><\/div><div id=\"wpforms-5515-field_17-container\" class=\"wpforms-field wpforms-field-phone\" data-field-id=\"17\"><label class=\"wpforms-field-label\" for=\"wpforms-5515-field_17\">T\u00e9l\u00e9phone <span class=\"wpforms-required-label\">*<\/span><\/label><input type=\"tel\" id=\"wpforms-5515-field_17\" class=\"wpforms-field-medium wpforms-field-required\" data-rule-int-phone-field=\"true\" name=\"wpforms[fields][17]\" aria-label=\"T\u00e9l\u00e9phone\" required><\/div><div id=\"wpforms-5515-field_19-container\" class=\"wpforms-field wpforms-field-file-upload\" data-field-id=\"19\"><label class=\"wpforms-field-label\" for=\"wpforms-5515-field_19\">Photo <span class=\"wpforms-required-label\">*<\/span><\/label><div\n\t\tclass=\"wpforms-uploader wpforms-field-required\"\n\t\tdata-field-id=\"19\"\n\t\tdata-form-id=\"5515\"\n\t\tdata-input-name=\"wpforms_5515_19\"\n\t\tdata-extensions=\"jpg,jpeg,jpe,png,gif,mov,qt,avif,avi,mpeg,mpg,mpe,3gp,3gpp,3g2,3gp2,mid,midi,pdf,doc,docx,docm,pot,pps,ppt,pptx,pptm,odt,ppsx,ppsm,xla,xls,xlt,xlw,xlsx,xlsm,xlsb,key,mp3,m4a,m4b,ogg,oga,flac,wav,x-wav,mp4,m4v,webm,ogv,zip,gz,gzip,csv\"\n\t\tdata-max-size=\"5242880\"\n\t\tdata-max-file-number=\"1\"\n\t\tdata-post-max-size=\"20480000\"\n\t\tdata-max-parallel-uploads=\"4\"\n\t\tdata-parallel-uploads=\"true\"\n\t\tdata-file-chunk-size=\"2097152\">\n\t<div class=\"dz-message\">\n\t\t<svg  viewBox=\"0 0 640 640\" focusable=\"false\" data-icon=\"inbox\" width=\"50px\" height=\"50px\" fill=\"currentColor\" aria-hidden=\"true\">\n\t\t\t<path d=\"M352 173.3L352 384C352 401.7 337.7 416 320 416C302.3 416 288 401.7 288 384L288 173.3L246.6 214.7C234.1 227.2 213.8 227.2 201.3 214.7C188.8 202.2 188.8 181.9 201.3 169.4L297.3 73.4C309.8 60.9 330.1 60.9 342.6 73.4L438.6 169.4C451.1 181.9 451.1 202.2 438.6 214.7C426.1 227.2 405.8 227.2 393.3 214.7L352 173.3zM320 464C364.2 464 400 428.2 400 384L480 384C515.3 384 544 412.7 544 448L544 480C544 515.3 515.3 544 480 544L160 544C124.7 544 96 515.3 96 480L96 448C96 412.7 124.7 384 160 384L240 384C240 428.2 275.8 464 320 464zM464 488C477.3 488 488 477.3 488 464C488 450.7 477.3 440 464 440C450.7 440 440 450.7 440 464C440 477.3 450.7 488 464 488z\"\/>\n\t\t<\/svg>\n\n\t\t<span class=\"modern-title\">\n\t\t\t\t\t\t\tDrag &amp; Drop Files, \t\t\t\t<span>Choose Files to Upload<\/span>\n\t\t\t\t\t<\/span>\n\n\t\t\t<\/div>\n<\/div>\n\n<input\n\t\ttype=\"text\"\n\t\tautocomplete=\"off\"\n\t\treadonly\n\t\tclass=\"dropzone-input\"\n\t\tstyle=\"position:absolute!important;clip:rect(0,0,0,0)!important;height:1px!important;width:1px!important;border:0!important;overflow:hidden!important;padding:0!important;margin:0!important;\"\n\t\tid=\"wpforms-5515-field_19\"\n\t\tname=\"wpforms_5515_19\" required\t\tvalue=\"\">\n<\/div><div id=\"wpforms-5515-field_18-container\" class=\"wpforms-field wpforms-field-checkbox\" data-field-id=\"18\"><label class=\"wpforms-field-label wpforms-label-hide\">consentements <span class=\"wpforms-required-label\">*<\/span><\/label><ul id=\"wpforms-5515-field_18\" class=\"wpforms-field-required\"><li class=\"choice-1 depth-1\"><input type=\"checkbox\" id=\"wpforms-5515-field_18_1\" name=\"wpforms[fields][18][]\" value=\"Je consens au traitement des donn\u00e9es fournies dans le formulaire comme indiqu\u00e9 ci-dessous.\" required ><label class=\"wpforms-field-label-inline\" for=\"wpforms-5515-field_18_1\">Je consens au traitement des donn\u00e9es fournies dans le formulaire comme indiqu\u00e9 ci-dessous. <span class=\"wpforms-required-label\">*<\/span><\/label><\/li><\/ul><div class=\"wpforms-field-description wpforms-disclaimer-description\">L&#8217;administrateur des donn\u00e9es personnelles est AEROTUNEL Sp\u00f3\u0142ka z ograniczon\u0105 odpowiedzialno\u015bci\u0105, dont le si\u00e8ge social est situ\u00e9 \u00e0 Varsovie, 00-090, Al. Solidarno\u015bci 75\/26, inscrite au registre national des tribunaux tenu par le tribunal de district de M. st. Varsovie, XIIe chambre \u00e9conomique du registre national des tribunaux sous le num\u00e9ro KRS 0000587608, NIP : 5252533508, e-mail : recepcja@flyspot.com (&#8220;Aerotunel&#8221;). Les donn\u00e9es personnelles seront trait\u00e9es par Aerotunel aux fins n\u00e9cessaires \u00e0 l&#8217;ex\u00e9cution du contrat et, aux m\u00eames fins, pourront \u00eatre transf\u00e9r\u00e9es \u00e0 des entit\u00e9s coop\u00e9rantes (sous-traitants d&#8217;Aerotunel). Les donn\u00e9es \u00e0 caract\u00e8re personnel seront conserv\u00e9es pendant la p\u00e9riode d&#8217;ex\u00e9cution du contrat et 6 mois apr\u00e8s, \u00e0 moins qu&#8217;une p\u00e9riode de conservation plus longue des donn\u00e9es \u00e0 caract\u00e8re personnel ne soit requise par la loi, y compris en mati\u00e8re de comptabilit\u00e9. La fourniture de donn\u00e9es personnelles est volontaire, bien qu&#8217;elle soit n\u00e9cessaire \u00e0 la conclusion et \u00e0 l&#8217;ex\u00e9cution d&#8217;un contrat avec Aerotunel. Dans la mesure et conform\u00e9ment \u00e0 la l\u00e9gislation applicable, vous avez le droit de demander \u00e0 Aerotunel d&#8217;acc\u00e9der, de rectifier, d&#8217;effacer ou de restreindre le traitement de vos donn\u00e9es \u00e0 caract\u00e8re personnel, le droit de vous opposer, ainsi que le droit \u00e0 la portabilit\u00e9 des donn\u00e9es et de d\u00e9poser une plainte aupr\u00e8s d&#8217;une autorit\u00e9 de contr\u00f4le.<\/div><\/div><\/div><!-- .wpforms-field-container --><div class=\"wpforms-recaptcha-container wpforms-is-recaptcha wpforms-is-recaptcha-type-invisible\" ><div class=\"g-recaptcha\" data-sitekey=\"6LcNArsZAAAAAI4sqwOCDPKEkSUv03HXLyvphClI\" data-size=\"invisible\"><\/div><\/div><div class=\"wpforms-submit-container\" ><input type=\"hidden\" name=\"wpforms[id]\" value=\"5515\"><input type=\"hidden\" name=\"page_title\" value=\"\"><input type=\"hidden\" name=\"page_url\" value=\"https:\/\/www.flyspot.com\/fr\/wp-json\/wp\/v2\/pages\/14952\"><input type=\"hidden\" name=\"url_referer\" value=\"\"><button type=\"submit\" name=\"wpforms[submit]\" id=\"wpforms-submit-5515\" class=\"wpforms-submit\" data-alt-text=\"Envoi...\" data-submit-text=\"Soumettre\" aria-live=\"assertive\" value=\"wpforms-submit\">Soumettre<\/button><\/div><\/form><\/div>  <!-- .wpforms-container -->      <a class=\"close-form-popup\" href=\"#\">Ferme <svg xmlns=\"http:\/\/www.w3.org\/2000\/svg\" width=\"23\" height=\"23\" viewBox=\"0 0 23 23\"><g><g><g><path fill=\"none\" stroke=\"#9ca0a3\" stroke-linejoin=\"round\" stroke-miterlimit=\"50\" stroke-width=\"\" d=\"M22 1L1 22\"><\/path><\/g><g><path fill=\"none\" stroke=\"#9ca0a3\" stroke-linejoin=\"round\" stroke-miterlimit=\"50\" stroke-width=\"\" d=\"M22 22L1 1\"><\/path><\/g><\/g><\/g><\/svg><\/a>\r\n    <\/div>\r\n  <\/div>\r\n<\/div><!-- block -->\r\n\n\n\n<p><\/p>\n","protected":false},"excerpt":{"rendered":"","protected":false},"author":1,"featured_media":7444,"parent":12469,"menu_order":2,"comment_status":"closed","ping_status":"closed","template":"template-zawody.php","meta":{"_acf_changed":false,"footnotes":""},"class_list":["post-14952","page","type-page","status-publish","has-post-thumbnail","hentry"],"acf":[],"_links":{"self":[{"href":"https:\/\/www.flyspot.com\/fr\/wp-json\/wp\/v2\/pages\/14952","targetHints":{"allow":["GET"]}}],"collection":[{"href":"https:\/\/www.flyspot.com\/fr\/wp-json\/wp\/v2\/pages"}],"about":[{"href":"https:\/\/www.flyspot.com\/fr\/wp-json\/wp\/v2\/types\/page"}],"author":[{"embeddable":true,"href":"https:\/\/www.flyspot.com\/fr\/wp-json\/wp\/v2\/users\/1"}],"replies":[{"embeddable":true,"href":"https:\/\/www.flyspot.com\/fr\/wp-json\/wp\/v2\/comments?post=14952"}],"version-history":[{"count":6,"href":"https:\/\/www.flyspot.com\/fr\/wp-json\/wp\/v2\/pages\/14952\/revisions"}],"predecessor-version":[{"id":31282,"href":"https:\/\/www.flyspot.com\/fr\/wp-json\/wp\/v2\/pages\/14952\/revisions\/31282"}],"up":[{"embeddable":true,"href":"https:\/\/www.flyspot.com\/fr\/wp-json\/wp\/v2\/pages\/12469"}],"wp:featuredmedia":[{"embeddable":true,"href":"https:\/\/www.flyspot.com\/fr\/wp-json\/wp\/v2\/media\/7444"}],"wp:attachment":[{"href":"https:\/\/www.flyspot.com\/fr\/wp-json\/wp\/v2\/media?parent=14952"}],"curies":[{"name":"wp","href":"https:\/\/api.w.org\/{rel}","templated":true}]}}