{"id":14862,"date":"2020-09-14T14:59:37","date_gmt":"2020-09-14T12:59:37","guid":{"rendered":"https:\/\/www.flyspot.com\/nos-attraits\/tunnel-flyspot\/formation-de-parachutisme-en-salle\/2-vols-pour-1-adulte\/"},"modified":"2024-09-27T16:31:30","modified_gmt":"2024-09-27T14:31:30","slug":"2-vols-pour-1-adulte","status":"publish","type":"page","link":"https:\/\/www.flyspot.com\/fr\/travail\/formation-de-parachutisme-en-salle\/2-vols-pour-1-adulte\/","title":{"rendered":"2 vols pour 1 adulte"},"content":{"rendered":"<div id=\"hero-block_a7d821ddabc39183c0921827cff3953b\" class=\"hero-block\">\r\n  <div class=\"row outer-container\">\r\n    <div>\r\n      <img decoding=\"async\" lazy src=\"data:image\/gif;base64,R0lGODlhAQABAAD\/ACwAAAAAAQABAAACADs%3D\" data-src=\"https:\/\/www.flyspot.com\/wp-content\/uploads\/2020\/09\/Adult_FTsuits_MARKETING_Kato_Paz\u0301_2019-16-of-95.jpg\" alt=\"\">\r\n          <\/div>\r\n    <div>\r\n      <h2>Forfait de 2 vols pour une personne<\/h2><p>Le forfait 2 vols est la meilleure fa\u00e7on de commencer votre aventure en soufflerie &#8211; en surmontant la gravit\u00e9 et en volant librement, sans entrave. Vivez l&#8217;euphorie de flotter dans les airs !  <\/p>    <\/div>\r\n  <\/div>\r\n<\/div><!-- block -->\r\n<div id=\"product-details-block_da53db776b12798ed1a6c359ce071a8c\" class=\"product-details-block\">\r\n  <div class=\"row container\">\r\n    <div>\r\n      <h2 class=\"title\">Szczeg\u00f3\u0142y produktu<\/h2>      <p class=\"desc\">Ce forfait est con\u00e7u pour une personne et comprend : une formation d&#8217;initiation, la location du mat\u00e9riel n\u00e9cessaire \u00e0 l&#8217;utilisation de nos services, ainsi que l&#8217;encadrement par un instructeur pendant toute la dur\u00e9e de votre s\u00e9jour \u00e0 Flyspot et 2 vols dans la soufflerie. 1 vol \u00e9quivaut \u00e0 un saut en parachute tandem traditionnel depuis une altitude de 4 000 m\u00e8tres. Vous recevrez \u00e9galement un film comm\u00e9moratif et un certificat.<\/p>      <ul>            <li>\r\n              <p>Cena w pln:<\/p>\r\n              <strong>\u00e0 partir de 319 pln<\/strong>\r\n            <\/li>\r\n                      <li>\r\n              <p>Zabierz ze sob\u0105:<\/p>\r\n              <strong>v\u00eatements confortables, chaussures attach\u00e9es<\/strong>\r\n            <\/li>\r\n                      <li>\r\n              <p>Sprz\u0119t Flyspot w cenie:<\/p>\r\n              <strong>combinaison, lunettes, bouchons d&#8217;oreille, casque<\/strong>\r\n            <\/li>\r\n                      <li>\r\n              <p>Czas wizyty we Flyspot:<\/p>\r\n              <strong>90 minutes<\/strong>\r\n            <\/li>\r\n                      <li>\r\n              <p>Po zako\u0144czeniu zaj\u0119\u0107 dostaniesz:<\/p>\r\n              <strong>Un certificat comm\u00e9moratif et une vid\u00e9o de votre vol<\/strong>\r\n            <\/li>\r\n          <\/ul>      <div class=\"button-list-wrap\"><div class=\"button-list button-type-basic\"><div><a class=\"css-default\" href=\"https:\/\/sklep.flyspot.com\/produkty\/vouchery\/2-loty-dla-1-osoby\" target=\"_self\"><img decoding=\"async\" lazy src=\"data:image\/gif;base64,R0lGODlhAQABAAD\/ACwAAAAAAQABAAACADs%3D\" data-src=\"https:\/\/www.flyspot.com\/wp-content\/uploads\/2020\/08\/Group_4.png\" alt=\"\"><strong>Zamawiam Voucher<\/strong><\/a><\/div><div><a class=\"css-default\" href=\"https:\/\/cs.flyspot.com\/offer?steps=flyspot_firsttime\" target=\"_self\"><img decoding=\"async\" lazy src=\"data:image\/gif;base64,R0lGODlhAQABAAD\/ACwAAAAAAQABAAACADs%3D\" data-src=\"https:\/\/www.flyspot.com\/wp-content\/uploads\/2020\/09\/opening-times.png\" alt=\"\"><strong>Rezerwuj\u0119<\/strong><\/a><\/div><\/div><\/div>    <\/div>\r\n  <\/div>\r\n<\/div><!-- block -->\r\n<div id=\"step-guide-icons-block_b3ee4bb62b1932ee6fcee421baf616d4\" class=\"step-guide-icons-block\">\r\n  <div class=\"row container\">\r\n    <div>\r\n      <div class=\"title\">Programme journalier<\/div>      <ul>            <li data-count=\"01\">\r\n              <div class=\"icon-wrap\"><img decoding=\"async\" lazy src=\"data:image\/gif;base64,R0lGODlhAQABAAD\/ACwAAAAAAQABAAACADs%3D\" data-src=\"https:\/\/www.flyspot.com\/wp-content\/uploads\/2020\/08\/time-3.png\" alt=\"\"><\/div>\r\n              <p>Arriver 30 minutes avant l&#8217;heure de la r\u00e9servation.<\/p>\r\n                          <\/li>\r\n                      <li data-count=\"02\">\r\n              <div class=\"icon-wrap\"><img decoding=\"async\" lazy src=\"data:image\/gif;base64,R0lGODlhAQABAAD\/ACwAAAAAAQABAAACADs%3D\" data-src=\"https:\/\/www.flyspot.com\/wp-content\/uploads\/2020\/08\/puzzle.png\" alt=\"\"><\/div>\r\n              <p>Inscrivez-vous \u00e0 la r\u00e9ception et remplissez les formalit\u00e9s<\/p>\r\n                          <\/li>\r\n                      <li data-count=\"03\">\r\n              <div class=\"icon-wrap\"><img decoding=\"async\" lazy src=\"data:image\/gif;base64,R0lGODlhAQABAAD\/ACwAAAAAAQABAAACADs%3D\" data-src=\"https:\/\/www.flyspot.com\/wp-content\/uploads\/2020\/08\/multiple-11.png\" alt=\"\"><\/div>\r\n              <p>Participez \u00e0 un stage de formation anim\u00e9 par notre instructeur.<\/p>\r\n                          <\/li>\r\n                      <li data-count=\"04\">\r\n              <div class=\"icon-wrap\"><img decoding=\"async\" lazy src=\"data:image\/gif;base64,R0lGODlhAQABAAD\/ACwAAAAAAQABAAACADs%3D\" data-src=\"https:\/\/www.flyspot.com\/wp-content\/uploads\/2020\/08\/flip-up.png\" alt=\"\"><\/div>\r\n              <p>Choisissez votre \u00e9quipement avec l&#8217;aide de votre instructeur.<br \/>\n<\/p>\r\n                          <\/li>\r\n                      <li data-count=\"05\">\r\n              <div class=\"icon-wrap\"><img decoding=\"async\" lazy src=\"data:image\/gif;base64,R0lGODlhAQABAAD\/ACwAAAAAAQABAAACADs%3D\" data-src=\"https:\/\/www.flyspot.com\/wp-content\/uploads\/2020\/08\/send.png\" alt=\"\"><\/div>\r\n              <p>Il est temps de voler ! La s\u00e9ance dans le tunnel dure environ 30 minutes. Vous volerez \u00e0 tour de r\u00f4le dans le tunnel avec les autres membres de votre groupe.<br \/>\n<br \/>\n<\/p>\r\n                          <\/li>\r\n                      <li data-count=\"06\">\r\n              <div class=\"icon-wrap\"><img decoding=\"async\" lazy src=\"data:image\/gif;base64,R0lGODlhAQABAAD\/ACwAAAAAAQABAAACADs%3D\" data-src=\"https:\/\/www.flyspot.com\/wp-content\/uploads\/2020\/08\/cake-100.png\" alt=\"\"><\/div>\r\n              <p>D\u00e9tendez-vous apr\u00e8s votre vol dans notre restaurant ! Retirez votre certificat \u00e0 la r\u00e9ception et utilisez la borne vid\u00e9o pour vous envoyer une vid\u00e9o de votre vol !<\/p>\r\n                          <\/li>\r\n          <\/ul>    <\/div>\r\n  <\/div>\r\n<\/div><!-- block -->\r\n\n<div class=\"wp-block-buttons is-content-justification-center is-layout-flex wp-container-core-buttons-is-layout-16018d1d wp-block-buttons-is-layout-flex\"><\/div>\n","protected":false},"excerpt":{"rendered":"","protected":false},"author":1,"featured_media":8522,"parent":12388,"menu_order":1,"comment_status":"closed","ping_status":"closed","template":"","meta":{"_acf_changed":false,"footnotes":""},"class_list":["post-14862","page","type-page","status-publish","has-post-thumbnail","hentry"],"acf":[],"yoast_head":"<!-- This site is optimized with the Yoast SEO plugin v27.3 - https:\/\/yoast.com\/product\/yoast-seo-wordpress\/ -->\n<title>2 vols pour 1 adulte - Flyspot - Make it Happen<\/title>\n<meta name=\"robots\" content=\"index, follow, max-snippet:-1, max-image-preview:large, max-video-preview:-1\" \/>\n<link rel=\"canonical\" href=\"https:\/\/www.flyspot.com\/fr\/travail\/formation-de-parachutisme-en-salle\/2-vols-pour-1-adulte\/\" \/>\n<meta property=\"og:locale\" content=\"fr_FR\" \/>\n<meta property=\"og:type\" content=\"article\" \/>\n<meta property=\"og:title\" content=\"2 vols pour 1 adulte - Flyspot - Make it Happen\" \/>\n<meta property=\"og:url\" content=\"https:\/\/www.flyspot.com\/fr\/travail\/formation-de-parachutisme-en-salle\/2-vols-pour-1-adulte\/\" \/>\n<meta property=\"og:site_name\" content=\"Flyspot - Make it Happen\" \/>\n<meta property=\"article:modified_time\" content=\"2024-09-27T14:31:30+00:00\" \/>\n<meta property=\"og:image\" content=\"https:\/\/www.flyspot.com\/wp-content\/uploads\/2020\/09\/Adult_FTsuits_MARKETING_Kato_Paz\u0301_2019-16-of-95-1.jpg\" \/>\n\t<meta property=\"og:image:width\" content=\"1070\" \/>\n\t<meta property=\"og:image:height\" content=\"600\" \/>\n\t<meta property=\"og:image:type\" content=\"image\/jpeg\" \/>\n<meta name=\"twitter:card\" content=\"summary_large_image\" \/>\n<script type=\"application\/ld+json\" class=\"yoast-schema-graph\">{\"@context\":\"https:\\\/\\\/schema.org\",\"@graph\":[{\"@type\":\"WebPage\",\"@id\":\"https:\\\/\\\/www.flyspot.com\\\/fr\\\/travail\\\/formation-de-parachutisme-en-salle\\\/2-vols-pour-1-adulte\\\/\",\"url\":\"https:\\\/\\\/www.flyspot.com\\\/fr\\\/travail\\\/formation-de-parachutisme-en-salle\\\/2-vols-pour-1-adulte\\\/\",\"name\":\"2 vols pour 1 adulte - Flyspot - Make it Happen\",\"isPartOf\":{\"@id\":\"https:\\\/\\\/www.flyspot.com\\\/pl\\\/#website\"},\"primaryImageOfPage\":{\"@id\":\"https:\\\/\\\/www.flyspot.com\\\/fr\\\/travail\\\/formation-de-parachutisme-en-salle\\\/2-vols-pour-1-adulte\\\/#primaryimage\"},\"image\":{\"@id\":\"https:\\\/\\\/www.flyspot.com\\\/fr\\\/travail\\\/formation-de-parachutisme-en-salle\\\/2-vols-pour-1-adulte\\\/#primaryimage\"},\"thumbnailUrl\":\"https:\\\/\\\/www.flyspot.com\\\/wp-content\\\/uploads\\\/2020\\\/09\\\/Adult_FTsuits_MARKETING_Kato_Paz\u0301_2019-16-of-95-1.jpg\",\"datePublished\":\"2020-09-14T12:59:37+00:00\",\"dateModified\":\"2024-09-27T14:31:30+00:00\",\"breadcrumb\":{\"@id\":\"https:\\\/\\\/www.flyspot.com\\\/fr\\\/travail\\\/formation-de-parachutisme-en-salle\\\/2-vols-pour-1-adulte\\\/#breadcrumb\"},\"inLanguage\":\"fr-FR\",\"potentialAction\":[{\"@type\":\"ReadAction\",\"target\":[\"https:\\\/\\\/www.flyspot.com\\\/fr\\\/travail\\\/formation-de-parachutisme-en-salle\\\/2-vols-pour-1-adulte\\\/\"]}]},{\"@type\":\"ImageObject\",\"inLanguage\":\"fr-FR\",\"@id\":\"https:\\\/\\\/www.flyspot.com\\\/fr\\\/travail\\\/formation-de-parachutisme-en-salle\\\/2-vols-pour-1-adulte\\\/#primaryimage\",\"url\":\"https:\\\/\\\/www.flyspot.com\\\/wp-content\\\/uploads\\\/2020\\\/09\\\/Adult_FTsuits_MARKETING_Kato_Paz\u0301_2019-16-of-95-1.jpg\",\"contentUrl\":\"https:\\\/\\\/www.flyspot.com\\\/wp-content\\\/uploads\\\/2020\\\/09\\\/Adult_FTsuits_MARKETING_Kato_Paz\u0301_2019-16-of-95-1.jpg\",\"width\":1070,\"height\":600},{\"@type\":\"BreadcrumbList\",\"@id\":\"https:\\\/\\\/www.flyspot.com\\\/fr\\\/travail\\\/formation-de-parachutisme-en-salle\\\/2-vols-pour-1-adulte\\\/#breadcrumb\",\"itemListElement\":[{\"@type\":\"ListItem\",\"position\":1,\"name\":\"Strona g\u0142\u00f3wna\",\"item\":\"https:\\\/\\\/www.flyspot.com\\\/fr\\\/\"},{\"@type\":\"ListItem\",\"position\":2,\"name\":\"travail\",\"item\":\"https:\\\/\\\/www.flyspot.com\\\/fr\\\/travail\\\/\"},{\"@type\":\"ListItem\",\"position\":3,\"name\":\"Formation au parachutisme en salle\",\"item\":\"https:\\\/\\\/www.flyspot.com\\\/fr\\\/travail\\\/formation-de-parachutisme-en-salle\\\/\"},{\"@type\":\"ListItem\",\"position\":4,\"name\":\"2 vols pour 1 adulte\"}]},{\"@type\":\"WebSite\",\"@id\":\"https:\\\/\\\/www.flyspot.com\\\/pl\\\/#website\",\"url\":\"https:\\\/\\\/www.flyspot.com\\\/pl\\\/\",\"name\":\"Flyspot - Make it Happen\",\"description\":\"soufflerie, simulateur Boeing 737, r\u00e9alisez vos r\u00eaves de vol\",\"potentialAction\":[{\"@type\":\"SearchAction\",\"target\":{\"@type\":\"EntryPoint\",\"urlTemplate\":\"https:\\\/\\\/www.flyspot.com\\\/pl\\\/?s={search_term_string}\"},\"query-input\":{\"@type\":\"PropertyValueSpecification\",\"valueRequired\":true,\"valueName\":\"search_term_string\"}}],\"inLanguage\":\"fr-FR\"}]}<\/script>\n<!-- \/ Yoast SEO plugin. -->","yoast_head_json":{"title":"2 vols pour 1 adulte - Flyspot - Make it Happen","robots":{"index":"index","follow":"follow","max-snippet":"max-snippet:-1","max-image-preview":"max-image-preview:large","max-video-preview":"max-video-preview:-1"},"canonical":"https:\/\/www.flyspot.com\/fr\/travail\/formation-de-parachutisme-en-salle\/2-vols-pour-1-adulte\/","og_locale":"fr_FR","og_type":"article","og_title":"2 vols pour 1 adulte - Flyspot - Make it Happen","og_url":"https:\/\/www.flyspot.com\/fr\/travail\/formation-de-parachutisme-en-salle\/2-vols-pour-1-adulte\/","og_site_name":"Flyspot - Make it Happen","article_modified_time":"2024-09-27T14:31:30+00:00","og_image":[{"width":1070,"height":600,"url":"https:\/\/www.flyspot.com\/wp-content\/uploads\/2020\/09\/Adult_FTsuits_MARKETING_Kato_Paz\u0301_2019-16-of-95-1.jpg","type":"image\/jpeg"}],"twitter_card":"summary_large_image","schema":{"@context":"https:\/\/schema.org","@graph":[{"@type":"WebPage","@id":"https:\/\/www.flyspot.com\/fr\/travail\/formation-de-parachutisme-en-salle\/2-vols-pour-1-adulte\/","url":"https:\/\/www.flyspot.com\/fr\/travail\/formation-de-parachutisme-en-salle\/2-vols-pour-1-adulte\/","name":"2 vols pour 1 adulte - Flyspot - Make it Happen","isPartOf":{"@id":"https:\/\/www.flyspot.com\/pl\/#website"},"primaryImageOfPage":{"@id":"https:\/\/www.flyspot.com\/fr\/travail\/formation-de-parachutisme-en-salle\/2-vols-pour-1-adulte\/#primaryimage"},"image":{"@id":"https:\/\/www.flyspot.com\/fr\/travail\/formation-de-parachutisme-en-salle\/2-vols-pour-1-adulte\/#primaryimage"},"thumbnailUrl":"https:\/\/www.flyspot.com\/wp-content\/uploads\/2020\/09\/Adult_FTsuits_MARKETING_Kato_Paz\u0301_2019-16-of-95-1.jpg","datePublished":"2020-09-14T12:59:37+00:00","dateModified":"2024-09-27T14:31:30+00:00","breadcrumb":{"@id":"https:\/\/www.flyspot.com\/fr\/travail\/formation-de-parachutisme-en-salle\/2-vols-pour-1-adulte\/#breadcrumb"},"inLanguage":"fr-FR","potentialAction":[{"@type":"ReadAction","target":["https:\/\/www.flyspot.com\/fr\/travail\/formation-de-parachutisme-en-salle\/2-vols-pour-1-adulte\/"]}]},{"@type":"ImageObject","inLanguage":"fr-FR","@id":"https:\/\/www.flyspot.com\/fr\/travail\/formation-de-parachutisme-en-salle\/2-vols-pour-1-adulte\/#primaryimage","url":"https:\/\/www.flyspot.com\/wp-content\/uploads\/2020\/09\/Adult_FTsuits_MARKETING_Kato_Paz\u0301_2019-16-of-95-1.jpg","contentUrl":"https:\/\/www.flyspot.com\/wp-content\/uploads\/2020\/09\/Adult_FTsuits_MARKETING_Kato_Paz\u0301_2019-16-of-95-1.jpg","width":1070,"height":600},{"@type":"BreadcrumbList","@id":"https:\/\/www.flyspot.com\/fr\/travail\/formation-de-parachutisme-en-salle\/2-vols-pour-1-adulte\/#breadcrumb","itemListElement":[{"@type":"ListItem","position":1,"name":"Strona g\u0142\u00f3wna","item":"https:\/\/www.flyspot.com\/fr\/"},{"@type":"ListItem","position":2,"name":"travail","item":"https:\/\/www.flyspot.com\/fr\/travail\/"},{"@type":"ListItem","position":3,"name":"Formation au parachutisme en salle","item":"https:\/\/www.flyspot.com\/fr\/travail\/formation-de-parachutisme-en-salle\/"},{"@type":"ListItem","position":4,"name":"2 vols pour 1 adulte"}]},{"@type":"WebSite","@id":"https:\/\/www.flyspot.com\/pl\/#website","url":"https:\/\/www.flyspot.com\/pl\/","name":"Flyspot - Make it Happen","description":"soufflerie, simulateur Boeing 737, r\u00e9alisez vos r\u00eaves de vol","potentialAction":[{"@type":"SearchAction","target":{"@type":"EntryPoint","urlTemplate":"https:\/\/www.flyspot.com\/pl\/?s={search_term_string}"},"query-input":{"@type":"PropertyValueSpecification","valueRequired":true,"valueName":"search_term_string"}}],"inLanguage":"fr-FR"}]}},"_links":{"self":[{"href":"https:\/\/www.flyspot.com\/fr\/wp-json\/wp\/v2\/pages\/14862","targetHints":{"allow":["GET"]}}],"collection":[{"href":"https:\/\/www.flyspot.com\/fr\/wp-json\/wp\/v2\/pages"}],"about":[{"href":"https:\/\/www.flyspot.com\/fr\/wp-json\/wp\/v2\/types\/page"}],"author":[{"embeddable":true,"href":"https:\/\/www.flyspot.com\/fr\/wp-json\/wp\/v2\/users\/1"}],"replies":[{"embeddable":true,"href":"https:\/\/www.flyspot.com\/fr\/wp-json\/wp\/v2\/comments?post=14862"}],"version-history":[{"count":19,"href":"https:\/\/www.flyspot.com\/fr\/wp-json\/wp\/v2\/pages\/14862\/revisions"}],"predecessor-version":[{"id":39313,"href":"https:\/\/www.flyspot.com\/fr\/wp-json\/wp\/v2\/pages\/14862\/revisions\/39313"}],"up":[{"embeddable":true,"href":"https:\/\/www.flyspot.com\/fr\/wp-json\/wp\/v2\/pages\/12388"}],"wp:featuredmedia":[{"embeddable":true,"href":"https:\/\/www.flyspot.com\/fr\/wp-json\/wp\/v2\/media\/8522"}],"wp:attachment":[{"href":"https:\/\/www.flyspot.com\/fr\/wp-json\/wp\/v2\/media?parent=14862"}],"curies":[{"name":"wp","href":"https:\/\/api.w.org\/{rel}","templated":true}]}}