{"id":14728,"date":"2020-09-15T09:19:58","date_gmt":"2020-09-15T07:19:58","guid":{"rendered":"https:\/\/www.flyspot.com\/boeing-737-forfaits\/40-minutes-dans-le-simulateur-boeing-737\/"},"modified":"2024-09-27T16:28:40","modified_gmt":"2024-09-27T14:28:40","slug":"40-minutes-dans-le-simulateur-boeing-737","status":"publish","type":"page","link":"https:\/\/www.flyspot.com\/fr\/nos-attraits\/simulateur-boeing-737\/boeing-737-forfaits\/40-minutes-dans-le-simulateur-boeing-737\/","title":{"rendered":"40 minutes dans un simulateur de Boeing 737"},"content":{"rendered":"<div id=\"hero-block_6de6eddf3fc60c0707be60ebd28b22a4\" class=\"hero-block\">\r\n  <div class=\"row outer-container\">\r\n    <div>\r\n      <img decoding=\"async\" lazy src=\"data:image\/gif;base64,R0lGODlhAQABAAD\/ACwAAAAAAQABAAACADs%3D\" data-src=\"https:\/\/www.flyspot.com\/wp-content\/uploads\/2020\/09\/Layer-2-1.jpg\" alt=\"\">\r\n          <\/div>\r\n    <div>\r\n      <h2>40 minutes dans un simulateur de Boeing 737<\/h2><p>Prenez les commandes d&#8217;un avion de ligne de 80 tonnes.  <br>\nD\u00e9couvrez les conditions de vie de l&#8217;\u00e9quipage d&#8217;un gros avion de ligne.<\/p>    <\/div>\r\n  <\/div>\r\n<\/div><!-- block -->\r\n<div id=\"product-details-block_c9fb98ef79f0e7378385cf90fb0dbbb6\" class=\"product-details-block\">\r\n  <div class=\"row container\">\r\n    <div>\r\n      <h2 class=\"title\">D\u00e9tails du produit<\/h2>      <p class=\"desc\">Le vol dans le simulateur est pr\u00e9c\u00e9d\u00e9 d&#8217;une br\u00e8ve introduction th\u00e9orique, au cours de laquelle un instructeur exp\u00e9riment\u00e9 pr\u00e9sente au participant les principes les plus importants du pilotage et explique les fonctions de base des instruments et indicateurs n\u00e9cessaires. Tout ce qui se passera pendant le vol sera &#8220;r\u00e9gl\u00e9&#8221; par l&#8217;instructeur de mani\u00e8re continue, en fonction des comp\u00e9tences et de l&#8217;exp\u00e9rience du participant.  \n\nLa s\u00e9ance de simulateur commence sur la piste d&#8217;atterrissage. Sous la direction d&#8217;un instructeur, le participant configure l&#8217;avion pour le d\u00e9part, puis effectue un point fixe et un d\u00e9collage de la piste. Pendant le vol, le participant utilisera les commandes de l&#8217;avion pour le vol manuel et les fonctions du pilote automatique. La session se termine par un atterrissage r\u00e9ussi \u00e0 l&#8217;a\u00e9roport de destination. En 40 minutes, le participant peut effectuer 2 \u00e0 3 d\u00e9collages et atterrissages sur diff\u00e9rents a\u00e9rodromes et dans diff\u00e9rentes conditions m\u00e9t\u00e9orologiques.\n\nLe lancement a lieu par beau temps, sans restriction de visibilit\u00e9 en dessous de 1 km d&#8217;altitude.\n\nA la demande du participant, nous pouvons programmer les conditions m\u00e9t\u00e9orologiques actuelles de l&#8217;a\u00e9roport en question.<\/p>      <ul>            <li>\r\n              <p>Prix en pln<\/p>\r\n              <strong>\u00e0 partir de 549 pln<\/strong>\r\n            <\/li>\r\n                      <li>\r\n              <p>Nombre de personnes<\/p>\r\n              <strong>1-2<\/strong>\r\n            <\/li>\r\n                      <li>\r\n              <p>Dur\u00e9e de la session<\/p>\r\n              <strong>40 minutes<\/strong>\r\n            <\/li>\r\n                      <li>\r\n              <p>\u00c2ge minimum<\/p>\r\n              <strong>6 ans<\/strong>\r\n            <\/li>\r\n                      <li>\r\n              <p>Inclus<\/p>\r\n              <strong>Courte formation d&#8217;introduction<\/strong>\r\n            <\/li>\r\n                      <li>\r\n              <p><\/p>\r\n              <strong>Soins \u00e0 l&#8217;instructeur<\/strong>\r\n            <\/li>\r\n                      <li>\r\n              <p><\/p>\r\n              <strong>Certificat<\/strong>\r\n            <\/li>\r\n                      <li>\r\n              <p>Localisation<\/p>\r\n              <strong>Flyspot Varsovie<\/strong>\r\n            <\/li>\r\n          <\/ul>      <div class=\"button-list-wrap\"><div class=\"button-list button-type-basic\"><div><a class=\"css-default\" href=\"https:\/\/sklep.flyspot.com\/produkty\/vouchery\/40-minut-w-symulatorze-boeing-737\" target=\"_self\"><img decoding=\"async\" lazy src=\"data:image\/gif;base64,R0lGODlhAQABAAD\/ACwAAAAAAQABAAACADs%3D\" data-src=\"https:\/\/www.flyspot.com\/wp-content\/uploads\/2020\/08\/Group_4.png\" alt=\"\"><strong>Bon de commande<\/strong><\/a><\/div><div><a class=\"css-default\" href=\"https:\/\/cs.flyspot.com\/offer?steps=boeing\" target=\"_self\"><img decoding=\"async\" lazy src=\"data:image\/gif;base64,R0lGODlhAQABAAD\/ACwAAAAAAQABAAACADs%3D\" data-src=\"https:\/\/www.flyspot.com\/wp-content\/uploads\/2020\/09\/opening-times.png\" alt=\"\"><strong>Je r\u00e9serve<\/strong><\/a><\/div><\/div><\/div>    <\/div>\r\n  <\/div>\r\n<\/div><!-- block -->\r\n<div id=\"step-guide-icons-block_96e8c709b2faa47ca57d6a4f4d897263\" class=\"step-guide-icons-block\">\r\n  <div class=\"row container\">\r\n    <div>\r\n      <div class=\"title\">Programme journalier<\/div>      <ul>            <li data-count=\"01\">\r\n              <div class=\"icon-wrap\"><img decoding=\"async\" lazy src=\"data:image\/gif;base64,R0lGODlhAQABAAD\/ACwAAAAAAQABAAACADs%3D\" data-src=\"https:\/\/www.flyspot.com\/wp-content\/uploads\/2020\/08\/time-3.png\" alt=\"\"><\/div>\r\n              <p>Venez \u00e0 Flyspot min. 10 min avant l&#8217;heure de la r\u00e9servation.<\/p>\r\n                          <\/li>\r\n                      <li data-count=\"02\">\r\n              <div class=\"icon-wrap\"><img decoding=\"async\" lazy src=\"data:image\/gif;base64,R0lGODlhAQABAAD\/ACwAAAAAAQABAAACADs%3D\" data-src=\"https:\/\/www.flyspot.com\/wp-content\/uploads\/2020\/08\/puzzle.png\" alt=\"\"><\/div>\r\n              <p>Postulez pour devenir instructeur sur simulateur<\/p>\r\n                          <\/li>\r\n                      <li data-count=\"03\">\r\n              <div class=\"icon-wrap\"><img decoding=\"async\" lazy src=\"data:image\/gif;base64,R0lGODlhAQABAAD\/ACwAAAAAAQABAAACADs%3D\" data-src=\"https:\/\/www.flyspot.com\/wp-content\/uploads\/2020\/08\/plane-1.png\" alt=\"\"><\/div>\r\n              <p>Prenez place \u00e0 bord d&#8217;un Boeing 737-800 et vivez l&#8217;aventure de votre vie !<\/p>\r\n                          <\/li>\r\n          <\/ul>    <\/div>\r\n  <\/div>\r\n<\/div><!-- block -->\r\n<div id=\"download-block_33a90280f2ffc3b1c75a4c9fc3a8484d\" class=\"download-block\">\r\n  <div class=\"row container\">\r\n    <div>\r\n      <h2 class=\"title\">documents compl\u00e9mentaires<\/h2>      <ul>            <li>\r\n              <a href=\"https:\/\/www.flyspot.com\/wp-content\/uploads\/2020\/09\/737-poster-Niestandardowy.jpg\" download>\r\n                <div>\r\n                  <img decoding=\"async\" lazy src=\"data:image\/gif;base64,R0lGODlhAQABAAD\/ACwAAAAAAQABAAACADs%3D\" data-src=\"https:\/\/www.flyspot.com\/wp-content\/themes\/deepspotflyspotWPML\/images\/dots-download.svg\">\r\n                  <p>Configuration du cockpit du simulateur<\/p>\r\n                <\/div>\r\n              <\/a>\r\n            <\/li>\r\n          <\/ul>    <\/div>\r\n  <\/div>\r\n<\/div><!-- block -->\r\n","protected":false},"excerpt":{"rendered":"","protected":false},"author":1,"featured_media":8154,"parent":14705,"menu_order":2,"comment_status":"closed","ping_status":"closed","template":"","meta":{"_acf_changed":false,"footnotes":""},"class_list":["post-14728","page","type-page","status-publish","has-post-thumbnail","hentry"],"acf":[],"yoast_head":"<!-- This site is optimized with the Yoast SEO plugin v27.3 - https:\/\/yoast.com\/product\/yoast-seo-wordpress\/ -->\n<title>40 minutes dans un simulateur de Boeing 737 - Flyspot - Make it Happen<\/title>\n<meta name=\"robots\" content=\"index, follow, max-snippet:-1, max-image-preview:large, max-video-preview:-1\" \/>\n<link rel=\"canonical\" href=\"https:\/\/www.flyspot.com\/fr\/nos-attraits\/simulateur-boeing-737\/boeing-737-forfaits\/40-minutes-dans-le-simulateur-boeing-737\/\" \/>\n<meta property=\"og:locale\" content=\"fr_FR\" \/>\n<meta property=\"og:type\" content=\"article\" \/>\n<meta property=\"og:title\" content=\"40 minutes dans un simulateur de Boeing 737 - Flyspot - Make it Happen\" \/>\n<meta property=\"og:url\" content=\"https:\/\/www.flyspot.com\/fr\/nos-attraits\/simulateur-boeing-737\/boeing-737-forfaits\/40-minutes-dans-le-simulateur-boeing-737\/\" \/>\n<meta property=\"og:site_name\" content=\"Flyspot - Make it Happen\" \/>\n<meta property=\"article:modified_time\" content=\"2024-09-27T14:28:40+00:00\" \/>\n<meta property=\"og:image\" content=\"https:\/\/www.flyspot.com\/wp-content\/uploads\/2020\/09\/symulator_3.jpg\" \/>\n\t<meta property=\"og:image:width\" content=\"1070\" \/>\n\t<meta property=\"og:image:height\" content=\"600\" \/>\n\t<meta property=\"og:image:type\" content=\"image\/jpeg\" \/>\n<meta name=\"twitter:card\" content=\"summary_large_image\" \/>\n<script type=\"application\/ld+json\" class=\"yoast-schema-graph\">{\"@context\":\"https:\\\/\\\/schema.org\",\"@graph\":[{\"@type\":\"WebPage\",\"@id\":\"https:\\\/\\\/www.flyspot.com\\\/fr\\\/nos-attraits\\\/simulateur-boeing-737\\\/boeing-737-forfaits\\\/40-minutes-dans-le-simulateur-boeing-737\\\/\",\"url\":\"https:\\\/\\\/www.flyspot.com\\\/fr\\\/nos-attraits\\\/simulateur-boeing-737\\\/boeing-737-forfaits\\\/40-minutes-dans-le-simulateur-boeing-737\\\/\",\"name\":\"40 minutes dans un simulateur de Boeing 737 - Flyspot - Make it Happen\",\"isPartOf\":{\"@id\":\"https:\\\/\\\/www.flyspot.com\\\/pl\\\/#website\"},\"primaryImageOfPage\":{\"@id\":\"https:\\\/\\\/www.flyspot.com\\\/fr\\\/nos-attraits\\\/simulateur-boeing-737\\\/boeing-737-forfaits\\\/40-minutes-dans-le-simulateur-boeing-737\\\/#primaryimage\"},\"image\":{\"@id\":\"https:\\\/\\\/www.flyspot.com\\\/fr\\\/nos-attraits\\\/simulateur-boeing-737\\\/boeing-737-forfaits\\\/40-minutes-dans-le-simulateur-boeing-737\\\/#primaryimage\"},\"thumbnailUrl\":\"https:\\\/\\\/www.flyspot.com\\\/wp-content\\\/uploads\\\/2020\\\/09\\\/symulator_3.jpg\",\"datePublished\":\"2020-09-15T07:19:58+00:00\",\"dateModified\":\"2024-09-27T14:28:40+00:00\",\"breadcrumb\":{\"@id\":\"https:\\\/\\\/www.flyspot.com\\\/fr\\\/nos-attraits\\\/simulateur-boeing-737\\\/boeing-737-forfaits\\\/40-minutes-dans-le-simulateur-boeing-737\\\/#breadcrumb\"},\"inLanguage\":\"fr-FR\",\"potentialAction\":[{\"@type\":\"ReadAction\",\"target\":[\"https:\\\/\\\/www.flyspot.com\\\/fr\\\/nos-attraits\\\/simulateur-boeing-737\\\/boeing-737-forfaits\\\/40-minutes-dans-le-simulateur-boeing-737\\\/\"]}]},{\"@type\":\"ImageObject\",\"inLanguage\":\"fr-FR\",\"@id\":\"https:\\\/\\\/www.flyspot.com\\\/fr\\\/nos-attraits\\\/simulateur-boeing-737\\\/boeing-737-forfaits\\\/40-minutes-dans-le-simulateur-boeing-737\\\/#primaryimage\",\"url\":\"https:\\\/\\\/www.flyspot.com\\\/wp-content\\\/uploads\\\/2020\\\/09\\\/symulator_3.jpg\",\"contentUrl\":\"https:\\\/\\\/www.flyspot.com\\\/wp-content\\\/uploads\\\/2020\\\/09\\\/symulator_3.jpg\",\"width\":1070,\"height\":600},{\"@type\":\"BreadcrumbList\",\"@id\":\"https:\\\/\\\/www.flyspot.com\\\/fr\\\/nos-attraits\\\/simulateur-boeing-737\\\/boeing-737-forfaits\\\/40-minutes-dans-le-simulateur-boeing-737\\\/#breadcrumb\",\"itemListElement\":[{\"@type\":\"ListItem\",\"position\":1,\"name\":\"Strona g\u0142\u00f3wna\",\"item\":\"https:\\\/\\\/www.flyspot.com\\\/fr\\\/\"},{\"@type\":\"ListItem\",\"position\":2,\"name\":\"Nos attractions\",\"item\":\"https:\\\/\\\/www.flyspot.com\\\/fr\\\/nos-attraits\\\/\"},{\"@type\":\"ListItem\",\"position\":3,\"name\":\"Simulateur Boeing 737\",\"item\":\"https:\\\/\\\/www.flyspot.com\\\/fr\\\/nos-attraits\\\/simulateur-boeing-737\\\/\"},{\"@type\":\"ListItem\",\"position\":4,\"name\":\"Boeing 737 &#8211; paquets\",\"item\":\"https:\\\/\\\/www.flyspot.com\\\/fr\\\/nos-attraits\\\/simulateur-boeing-737\\\/boeing-737-forfaits\\\/\"},{\"@type\":\"ListItem\",\"position\":5,\"name\":\"40 minutes dans un simulateur de Boeing 737\"}]},{\"@type\":\"WebSite\",\"@id\":\"https:\\\/\\\/www.flyspot.com\\\/pl\\\/#website\",\"url\":\"https:\\\/\\\/www.flyspot.com\\\/pl\\\/\",\"name\":\"Flyspot - Make it Happen\",\"description\":\"soufflerie, simulateur Boeing 737, r\u00e9alisez vos r\u00eaves de vol\",\"potentialAction\":[{\"@type\":\"SearchAction\",\"target\":{\"@type\":\"EntryPoint\",\"urlTemplate\":\"https:\\\/\\\/www.flyspot.com\\\/pl\\\/?s={search_term_string}\"},\"query-input\":{\"@type\":\"PropertyValueSpecification\",\"valueRequired\":true,\"valueName\":\"search_term_string\"}}],\"inLanguage\":\"fr-FR\"}]}<\/script>\n<!-- \/ Yoast SEO plugin. -->","yoast_head_json":{"title":"40 minutes dans un simulateur de Boeing 737 - Flyspot - Make it Happen","robots":{"index":"index","follow":"follow","max-snippet":"max-snippet:-1","max-image-preview":"max-image-preview:large","max-video-preview":"max-video-preview:-1"},"canonical":"https:\/\/www.flyspot.com\/fr\/nos-attraits\/simulateur-boeing-737\/boeing-737-forfaits\/40-minutes-dans-le-simulateur-boeing-737\/","og_locale":"fr_FR","og_type":"article","og_title":"40 minutes dans un simulateur de Boeing 737 - Flyspot - Make it Happen","og_url":"https:\/\/www.flyspot.com\/fr\/nos-attraits\/simulateur-boeing-737\/boeing-737-forfaits\/40-minutes-dans-le-simulateur-boeing-737\/","og_site_name":"Flyspot - Make it Happen","article_modified_time":"2024-09-27T14:28:40+00:00","og_image":[{"width":1070,"height":600,"url":"https:\/\/www.flyspot.com\/wp-content\/uploads\/2020\/09\/symulator_3.jpg","type":"image\/jpeg"}],"twitter_card":"summary_large_image","schema":{"@context":"https:\/\/schema.org","@graph":[{"@type":"WebPage","@id":"https:\/\/www.flyspot.com\/fr\/nos-attraits\/simulateur-boeing-737\/boeing-737-forfaits\/40-minutes-dans-le-simulateur-boeing-737\/","url":"https:\/\/www.flyspot.com\/fr\/nos-attraits\/simulateur-boeing-737\/boeing-737-forfaits\/40-minutes-dans-le-simulateur-boeing-737\/","name":"40 minutes dans un simulateur de Boeing 737 - Flyspot - Make it Happen","isPartOf":{"@id":"https:\/\/www.flyspot.com\/pl\/#website"},"primaryImageOfPage":{"@id":"https:\/\/www.flyspot.com\/fr\/nos-attraits\/simulateur-boeing-737\/boeing-737-forfaits\/40-minutes-dans-le-simulateur-boeing-737\/#primaryimage"},"image":{"@id":"https:\/\/www.flyspot.com\/fr\/nos-attraits\/simulateur-boeing-737\/boeing-737-forfaits\/40-minutes-dans-le-simulateur-boeing-737\/#primaryimage"},"thumbnailUrl":"https:\/\/www.flyspot.com\/wp-content\/uploads\/2020\/09\/symulator_3.jpg","datePublished":"2020-09-15T07:19:58+00:00","dateModified":"2024-09-27T14:28:40+00:00","breadcrumb":{"@id":"https:\/\/www.flyspot.com\/fr\/nos-attraits\/simulateur-boeing-737\/boeing-737-forfaits\/40-minutes-dans-le-simulateur-boeing-737\/#breadcrumb"},"inLanguage":"fr-FR","potentialAction":[{"@type":"ReadAction","target":["https:\/\/www.flyspot.com\/fr\/nos-attraits\/simulateur-boeing-737\/boeing-737-forfaits\/40-minutes-dans-le-simulateur-boeing-737\/"]}]},{"@type":"ImageObject","inLanguage":"fr-FR","@id":"https:\/\/www.flyspot.com\/fr\/nos-attraits\/simulateur-boeing-737\/boeing-737-forfaits\/40-minutes-dans-le-simulateur-boeing-737\/#primaryimage","url":"https:\/\/www.flyspot.com\/wp-content\/uploads\/2020\/09\/symulator_3.jpg","contentUrl":"https:\/\/www.flyspot.com\/wp-content\/uploads\/2020\/09\/symulator_3.jpg","width":1070,"height":600},{"@type":"BreadcrumbList","@id":"https:\/\/www.flyspot.com\/fr\/nos-attraits\/simulateur-boeing-737\/boeing-737-forfaits\/40-minutes-dans-le-simulateur-boeing-737\/#breadcrumb","itemListElement":[{"@type":"ListItem","position":1,"name":"Strona g\u0142\u00f3wna","item":"https:\/\/www.flyspot.com\/fr\/"},{"@type":"ListItem","position":2,"name":"Nos attractions","item":"https:\/\/www.flyspot.com\/fr\/nos-attraits\/"},{"@type":"ListItem","position":3,"name":"Simulateur Boeing 737","item":"https:\/\/www.flyspot.com\/fr\/nos-attraits\/simulateur-boeing-737\/"},{"@type":"ListItem","position":4,"name":"Boeing 737 &#8211; paquets","item":"https:\/\/www.flyspot.com\/fr\/nos-attraits\/simulateur-boeing-737\/boeing-737-forfaits\/"},{"@type":"ListItem","position":5,"name":"40 minutes dans un simulateur de Boeing 737"}]},{"@type":"WebSite","@id":"https:\/\/www.flyspot.com\/pl\/#website","url":"https:\/\/www.flyspot.com\/pl\/","name":"Flyspot - Make it Happen","description":"soufflerie, simulateur Boeing 737, r\u00e9alisez vos r\u00eaves de vol","potentialAction":[{"@type":"SearchAction","target":{"@type":"EntryPoint","urlTemplate":"https:\/\/www.flyspot.com\/pl\/?s={search_term_string}"},"query-input":{"@type":"PropertyValueSpecification","valueRequired":true,"valueName":"search_term_string"}}],"inLanguage":"fr-FR"}]}},"_links":{"self":[{"href":"https:\/\/www.flyspot.com\/fr\/wp-json\/wp\/v2\/pages\/14728","targetHints":{"allow":["GET"]}}],"collection":[{"href":"https:\/\/www.flyspot.com\/fr\/wp-json\/wp\/v2\/pages"}],"about":[{"href":"https:\/\/www.flyspot.com\/fr\/wp-json\/wp\/v2\/types\/page"}],"author":[{"embeddable":true,"href":"https:\/\/www.flyspot.com\/fr\/wp-json\/wp\/v2\/users\/1"}],"replies":[{"embeddable":true,"href":"https:\/\/www.flyspot.com\/fr\/wp-json\/wp\/v2\/comments?post=14728"}],"version-history":[{"count":12,"href":"https:\/\/www.flyspot.com\/fr\/wp-json\/wp\/v2\/pages\/14728\/revisions"}],"predecessor-version":[{"id":39192,"href":"https:\/\/www.flyspot.com\/fr\/wp-json\/wp\/v2\/pages\/14728\/revisions\/39192"}],"up":[{"embeddable":true,"href":"https:\/\/www.flyspot.com\/fr\/wp-json\/wp\/v2\/pages\/14705"}],"wp:featuredmedia":[{"embeddable":true,"href":"https:\/\/www.flyspot.com\/fr\/wp-json\/wp\/v2\/media\/8154"}],"wp:attachment":[{"href":"https:\/\/www.flyspot.com\/fr\/wp-json\/wp\/v2\/media?parent=14728"}],"curies":[{"name":"wp","href":"https:\/\/api.w.org\/{rel}","templated":true}]}}