{"id":14716,"date":"2020-09-15T10:09:32","date_gmt":"2020-09-15T08:09:32","guid":{"rendered":"https:\/\/www.flyspot.com\/boeing-737-forfaits\/evaluation-pilote\/"},"modified":"2024-09-27T16:29:21","modified_gmt":"2024-09-27T14:29:21","slug":"evaluation-pilote","status":"publish","type":"page","link":"https:\/\/www.flyspot.com\/fr\/nos-attraits\/simulateur-boeing-737\/boeing-737-forfaits\/evaluation-pilote\/","title":{"rendered":"\u00c9valuation pilote"},"content":{"rendered":"<div id=\"hero-block_5f32490b77998\" class=\"hero-block\">\r\n  <div class=\"row outer-container\">\r\n    <div>\r\n      <img decoding=\"async\" lazy src=\"data:image\/gif;base64,R0lGODlhAQABAAD\/ACwAAAAAAQABAAACADs%3D\" data-src=\"https:\/\/www.flyspot.com\/wp-content\/uploads\/2020\/09\/Layer-2.jpg\" alt=\"\">\r\n          <\/div>\r\n    <div>\r\n      <h2>\u00c9VALUATION PILOTE<\/h2><p>Des instructeurs exp\u00e9riment\u00e9s, le meilleur simulateur d&#8217;avion Boeing 737-800  <br>Le meilleur endroit pour d\u00e9velopper vos comp\u00e9tences professionnelles.<\/p>    <\/div>\r\n  <\/div>\r\n<\/div><!-- block -->\r\n<div id=\"product-details-block_5f325b7d0e130\" class=\"product-details-block\">\r\n  <div class=\"row container\">\r\n    <div>\r\n      <h2 class=\"title\">D\u00e9tails du produit<\/h2>      <p class=\"desc\">Les conditions de la s\u00e9ance de simulateur sont convenues individuellement avec l&#8217;instructeur. Il est possible d&#8217;acheter des sessions en dehors des heures d&#8217;ouverture du simulateur.\n\nPendant la s\u00e9ance de simulation, nous adaptons les performances de l&#8217;avion, les conditions m\u00e9t\u00e9orologiques et les d\u00e9fauts aux caract\u00e9ristiques des exercices \u00e0 effectuer.  \n\nUne \u00e9quipe de pilotes instructeurs exp\u00e9riment\u00e9s vous aidera \u00e0 am\u00e9liorer et \u00e0 optimiser votre travail dans le cockpit et portera une attention particuli\u00e8re aux faiblesses et aux points forts des exercices que vous effectuez.<\/p>      <ul>            <li>\r\n              <p>Prix en pln<\/p>\r\n              <strong>convenu individuellement<\/strong>\r\n            <\/li>\r\n                      <li>\r\n              <p>Nombre de personnes<\/p>\r\n              <strong>max 2 os\/h<\/strong>\r\n            <\/li>\r\n                      <li>\r\n              <p>Dur\u00e9e de la session<\/p>\r\n              <strong>\u00e0 d\u00e9terminer (min. 1 h)<\/strong>\r\n            <\/li>\r\n                      <li>\r\n              <p>Pour qui<\/p>\r\n              <strong>Pilotes titulaires d&#8217;une licence en cours de validit\u00e9 (min PPL(A)) se pr\u00e9parant \u00e0.. :<\/strong>\r\n            <\/li>\r\n                      <li>\r\n              <p><\/p>\r\n              <strong>&#8211; d\u00e9pistage pour les avions B737<\/strong>\r\n            <\/li>\r\n                      <li>\r\n              <p><\/p>\r\n              <strong>&#8211; type de notation<\/strong>\r\n            <\/li>\r\n                      <li>\r\n              <p><\/p>\r\n              <strong>&#8211; Renouvellement des licences<\/strong>\r\n            <\/li>\r\n                      <li>\r\n              <p><\/p>\r\n              <strong>&#8211; formation en ligne<\/strong>\r\n            <\/li>\r\n                      <li>\r\n              <p>Inclus<\/p>\r\n              <strong>Pr\u00e9sence et assistance d&#8217;un instructeur exp\u00e9riment\u00e9<\/strong>\r\n            <\/li>\r\n                      <li>\r\n              <p><\/p>\r\n              <strong>Acc\u00e8s \u00e0 :<\/strong>\r\n            <\/li>\r\n                      <li>\r\n              <p><\/p>\r\n              <strong>&#8211; Assassment Pack<\/strong>\r\n            <\/li>\r\n                      <li>\r\n              <p><\/p>\r\n              <strong>&#8211; Dossier d&#8217;information<\/strong>\r\n            <\/li>\r\n                      <li>\r\n              <p><\/p>\r\n              <strong>&#8211; liste de contr\u00f4le<\/strong>\r\n            <\/li>\r\n                      <li>\r\n              <p><\/p>\r\n              <strong>&#8211; cartes de navigation<\/strong>\r\n            <\/li>\r\n                      <li>\r\n              <p><\/p>\r\n              <strong>&#8211; proc\u00e9dures avec QRH<\/strong>\r\n            <\/li>\r\n                      <li>\r\n              <p>Localisation<\/p>\r\n              <strong>Flyspot Varsovie<\/strong>\r\n            <\/li>\r\n          <\/ul>      <div class=\"button-list-wrap\"><div class=\"button-list button-type-basic\"><div><a class=\"css-default\" href=\"mailto:737@flyspot.com?subject=Pilot%20Assessment\" target=\"_self\"><img decoding=\"async\" lazy src=\"data:image\/gif;base64,R0lGODlhAQABAAD\/ACwAAAAAAQABAAACADs%3D\" data-src=\"https:\/\/www.flyspot.com\/wp-content\/uploads\/2020\/09\/opening-times.png\" alt=\"\"><strong>\u00c9crivez-nous<\/strong><\/a><\/div><\/div><\/div>    <\/div>\r\n  <\/div>\r\n<\/div><!-- block -->\r\n<div id=\"step-guide-icons-block_5f3250b54b5ff\" class=\"step-guide-icons-block\">\r\n  <div class=\"row container\">\r\n    <div>\r\n      <div class=\"title\">Programme journalier<\/div>      <ul>            <li data-count=\"01\">\r\n              <div class=\"icon-wrap\"><img decoding=\"async\" lazy src=\"data:image\/gif;base64,R0lGODlhAQABAAD\/ACwAAAAAAQABAAACADs%3D\" data-src=\"https:\/\/www.flyspot.com\/wp-content\/uploads\/2020\/08\/puzzle.png\" alt=\"\"><\/div>\r\n              <p>Contactez l&#8217;instructeur du simulateur et discutez des objectifs de la formation. Cela vous permettra de pr\u00e9parer une session qui r\u00e9pondra exactement \u00e0 vos besoins.<\/p>\r\n                          <\/li>\r\n                      <li data-count=\"02\">\r\n              <div class=\"icon-wrap\"><img decoding=\"async\" lazy src=\"data:image\/gif;base64,R0lGODlhAQABAAD\/ACwAAAAAAQABAAACADs%3D\" data-src=\"https:\/\/www.flyspot.com\/wp-content\/uploads\/2020\/08\/time-3.png\" alt=\"\"><\/div>\r\n              <p>Venez \u00e0 Flyspot min. 10 min avant l&#8217;heure de la r\u00e9servation.<\/p>\r\n                          <\/li>\r\n                      <li data-count=\"03\">\r\n              <div class=\"icon-wrap\"><img decoding=\"async\" lazy src=\"data:image\/gif;base64,R0lGODlhAQABAAD\/ACwAAAAAAQABAAACADs%3D\" data-src=\"https:\/\/www.flyspot.com\/wp-content\/uploads\/2020\/08\/plane-1.png\" alt=\"\"><\/div>\r\n              <p>Prenez place \u00e0 bord d&#8217;un Boeing 737-800 et commencez votre formation programm\u00e9e.<\/p>\r\n                          <\/li>\r\n          <\/ul>    <\/div>\r\n  <\/div>\r\n<\/div><!-- block -->\r\n<div id=\"download-block_5f3254c9ad32a\" class=\"download-block\">\r\n  <div class=\"row container\">\r\n    <div>\r\n      <h2 class=\"title\">documents compl\u00e9mentaires<\/h2>      <ul>            <li>\r\n              <a href=\"https:\/\/www.flyspot.com\/wp-content\/uploads\/2020\/09\/737-poster-Niestandardowy.jpg\" download>\r\n                <div>\r\n                  <img decoding=\"async\" lazy src=\"data:image\/gif;base64,R0lGODlhAQABAAD\/ACwAAAAAAQABAAACADs%3D\" data-src=\"https:\/\/www.flyspot.com\/wp-content\/themes\/deepspotflyspotWPML\/images\/dots-download.svg\">\r\n                  <p>Configuration du cockpit du simulateur<\/p>\r\n                <\/div>\r\n              <\/a>\r\n            <\/li>\r\n          <\/ul>    <\/div>\r\n  <\/div>\r\n<\/div><!-- block -->\r\n","protected":false},"excerpt":{"rendered":"","protected":false},"author":1,"featured_media":8158,"parent":14705,"menu_order":4,"comment_status":"closed","ping_status":"closed","template":"","meta":{"_acf_changed":false,"footnotes":""},"class_list":["post-14716","page","type-page","status-publish","has-post-thumbnail","hentry"],"acf":[],"yoast_head":"<!-- This site is optimized with the Yoast SEO plugin v27.3 - https:\/\/yoast.com\/product\/yoast-seo-wordpress\/ -->\n<title>\u00c9valuation pilote - Flyspot - Make it Happen<\/title>\n<meta name=\"robots\" content=\"index, follow, max-snippet:-1, max-image-preview:large, max-video-preview:-1\" \/>\n<link rel=\"canonical\" href=\"https:\/\/www.flyspot.com\/fr\/nos-attraits\/simulateur-boeing-737\/boeing-737-forfaits\/evaluation-pilote\/\" \/>\n<meta property=\"og:locale\" content=\"fr_FR\" \/>\n<meta property=\"og:type\" content=\"article\" \/>\n<meta property=\"og:title\" content=\"\u00c9valuation pilote - Flyspot - Make it Happen\" \/>\n<meta property=\"og:url\" content=\"https:\/\/www.flyspot.com\/fr\/nos-attraits\/simulateur-boeing-737\/boeing-737-forfaits\/evaluation-pilote\/\" \/>\n<meta property=\"og:site_name\" content=\"Flyspot - Make it Happen\" \/>\n<meta property=\"article:modified_time\" content=\"2024-09-27T14:29:21+00:00\" \/>\n<meta property=\"og:image\" content=\"https:\/\/www.flyspot.com\/wp-content\/uploads\/2020\/09\/symulator_4.jpg\" \/>\n\t<meta property=\"og:image:width\" content=\"1070\" \/>\n\t<meta property=\"og:image:height\" content=\"600\" \/>\n\t<meta property=\"og:image:type\" content=\"image\/jpeg\" \/>\n<meta name=\"twitter:card\" content=\"summary_large_image\" \/>\n<script type=\"application\/ld+json\" class=\"yoast-schema-graph\">{\"@context\":\"https:\\\/\\\/schema.org\",\"@graph\":[{\"@type\":\"WebPage\",\"@id\":\"https:\\\/\\\/www.flyspot.com\\\/fr\\\/nos-attraits\\\/simulateur-boeing-737\\\/boeing-737-forfaits\\\/evaluation-pilote\\\/\",\"url\":\"https:\\\/\\\/www.flyspot.com\\\/fr\\\/nos-attraits\\\/simulateur-boeing-737\\\/boeing-737-forfaits\\\/evaluation-pilote\\\/\",\"name\":\"\u00c9valuation pilote - Flyspot - Make it Happen\",\"isPartOf\":{\"@id\":\"https:\\\/\\\/www.flyspot.com\\\/pl\\\/#website\"},\"primaryImageOfPage\":{\"@id\":\"https:\\\/\\\/www.flyspot.com\\\/fr\\\/nos-attraits\\\/simulateur-boeing-737\\\/boeing-737-forfaits\\\/evaluation-pilote\\\/#primaryimage\"},\"image\":{\"@id\":\"https:\\\/\\\/www.flyspot.com\\\/fr\\\/nos-attraits\\\/simulateur-boeing-737\\\/boeing-737-forfaits\\\/evaluation-pilote\\\/#primaryimage\"},\"thumbnailUrl\":\"https:\\\/\\\/www.flyspot.com\\\/wp-content\\\/uploads\\\/2020\\\/09\\\/symulator_4.jpg\",\"datePublished\":\"2020-09-15T08:09:32+00:00\",\"dateModified\":\"2024-09-27T14:29:21+00:00\",\"breadcrumb\":{\"@id\":\"https:\\\/\\\/www.flyspot.com\\\/fr\\\/nos-attraits\\\/simulateur-boeing-737\\\/boeing-737-forfaits\\\/evaluation-pilote\\\/#breadcrumb\"},\"inLanguage\":\"fr-FR\",\"potentialAction\":[{\"@type\":\"ReadAction\",\"target\":[\"https:\\\/\\\/www.flyspot.com\\\/fr\\\/nos-attraits\\\/simulateur-boeing-737\\\/boeing-737-forfaits\\\/evaluation-pilote\\\/\"]}]},{\"@type\":\"ImageObject\",\"inLanguage\":\"fr-FR\",\"@id\":\"https:\\\/\\\/www.flyspot.com\\\/fr\\\/nos-attraits\\\/simulateur-boeing-737\\\/boeing-737-forfaits\\\/evaluation-pilote\\\/#primaryimage\",\"url\":\"https:\\\/\\\/www.flyspot.com\\\/wp-content\\\/uploads\\\/2020\\\/09\\\/symulator_4.jpg\",\"contentUrl\":\"https:\\\/\\\/www.flyspot.com\\\/wp-content\\\/uploads\\\/2020\\\/09\\\/symulator_4.jpg\",\"width\":1070,\"height\":600},{\"@type\":\"BreadcrumbList\",\"@id\":\"https:\\\/\\\/www.flyspot.com\\\/fr\\\/nos-attraits\\\/simulateur-boeing-737\\\/boeing-737-forfaits\\\/evaluation-pilote\\\/#breadcrumb\",\"itemListElement\":[{\"@type\":\"ListItem\",\"position\":1,\"name\":\"Strona g\u0142\u00f3wna\",\"item\":\"https:\\\/\\\/www.flyspot.com\\\/fr\\\/\"},{\"@type\":\"ListItem\",\"position\":2,\"name\":\"Nos attractions\",\"item\":\"https:\\\/\\\/www.flyspot.com\\\/fr\\\/nos-attraits\\\/\"},{\"@type\":\"ListItem\",\"position\":3,\"name\":\"Simulateur Boeing 737\",\"item\":\"https:\\\/\\\/www.flyspot.com\\\/fr\\\/nos-attraits\\\/simulateur-boeing-737\\\/\"},{\"@type\":\"ListItem\",\"position\":4,\"name\":\"Boeing 737 &#8211; paquets\",\"item\":\"https:\\\/\\\/www.flyspot.com\\\/fr\\\/nos-attraits\\\/simulateur-boeing-737\\\/boeing-737-forfaits\\\/\"},{\"@type\":\"ListItem\",\"position\":5,\"name\":\"\u00c9valuation pilote\"}]},{\"@type\":\"WebSite\",\"@id\":\"https:\\\/\\\/www.flyspot.com\\\/pl\\\/#website\",\"url\":\"https:\\\/\\\/www.flyspot.com\\\/pl\\\/\",\"name\":\"Flyspot - Make it Happen\",\"description\":\"soufflerie, simulateur Boeing 737, r\u00e9alisez vos r\u00eaves de vol\",\"potentialAction\":[{\"@type\":\"SearchAction\",\"target\":{\"@type\":\"EntryPoint\",\"urlTemplate\":\"https:\\\/\\\/www.flyspot.com\\\/pl\\\/?s={search_term_string}\"},\"query-input\":{\"@type\":\"PropertyValueSpecification\",\"valueRequired\":true,\"valueName\":\"search_term_string\"}}],\"inLanguage\":\"fr-FR\"}]}<\/script>\n<!-- \/ Yoast SEO plugin. -->","yoast_head_json":{"title":"\u00c9valuation pilote - Flyspot - Make it Happen","robots":{"index":"index","follow":"follow","max-snippet":"max-snippet:-1","max-image-preview":"max-image-preview:large","max-video-preview":"max-video-preview:-1"},"canonical":"https:\/\/www.flyspot.com\/fr\/nos-attraits\/simulateur-boeing-737\/boeing-737-forfaits\/evaluation-pilote\/","og_locale":"fr_FR","og_type":"article","og_title":"\u00c9valuation pilote - Flyspot - Make it Happen","og_url":"https:\/\/www.flyspot.com\/fr\/nos-attraits\/simulateur-boeing-737\/boeing-737-forfaits\/evaluation-pilote\/","og_site_name":"Flyspot - Make it Happen","article_modified_time":"2024-09-27T14:29:21+00:00","og_image":[{"width":1070,"height":600,"url":"https:\/\/www.flyspot.com\/wp-content\/uploads\/2020\/09\/symulator_4.jpg","type":"image\/jpeg"}],"twitter_card":"summary_large_image","schema":{"@context":"https:\/\/schema.org","@graph":[{"@type":"WebPage","@id":"https:\/\/www.flyspot.com\/fr\/nos-attraits\/simulateur-boeing-737\/boeing-737-forfaits\/evaluation-pilote\/","url":"https:\/\/www.flyspot.com\/fr\/nos-attraits\/simulateur-boeing-737\/boeing-737-forfaits\/evaluation-pilote\/","name":"\u00c9valuation pilote - Flyspot - Make it Happen","isPartOf":{"@id":"https:\/\/www.flyspot.com\/pl\/#website"},"primaryImageOfPage":{"@id":"https:\/\/www.flyspot.com\/fr\/nos-attraits\/simulateur-boeing-737\/boeing-737-forfaits\/evaluation-pilote\/#primaryimage"},"image":{"@id":"https:\/\/www.flyspot.com\/fr\/nos-attraits\/simulateur-boeing-737\/boeing-737-forfaits\/evaluation-pilote\/#primaryimage"},"thumbnailUrl":"https:\/\/www.flyspot.com\/wp-content\/uploads\/2020\/09\/symulator_4.jpg","datePublished":"2020-09-15T08:09:32+00:00","dateModified":"2024-09-27T14:29:21+00:00","breadcrumb":{"@id":"https:\/\/www.flyspot.com\/fr\/nos-attraits\/simulateur-boeing-737\/boeing-737-forfaits\/evaluation-pilote\/#breadcrumb"},"inLanguage":"fr-FR","potentialAction":[{"@type":"ReadAction","target":["https:\/\/www.flyspot.com\/fr\/nos-attraits\/simulateur-boeing-737\/boeing-737-forfaits\/evaluation-pilote\/"]}]},{"@type":"ImageObject","inLanguage":"fr-FR","@id":"https:\/\/www.flyspot.com\/fr\/nos-attraits\/simulateur-boeing-737\/boeing-737-forfaits\/evaluation-pilote\/#primaryimage","url":"https:\/\/www.flyspot.com\/wp-content\/uploads\/2020\/09\/symulator_4.jpg","contentUrl":"https:\/\/www.flyspot.com\/wp-content\/uploads\/2020\/09\/symulator_4.jpg","width":1070,"height":600},{"@type":"BreadcrumbList","@id":"https:\/\/www.flyspot.com\/fr\/nos-attraits\/simulateur-boeing-737\/boeing-737-forfaits\/evaluation-pilote\/#breadcrumb","itemListElement":[{"@type":"ListItem","position":1,"name":"Strona g\u0142\u00f3wna","item":"https:\/\/www.flyspot.com\/fr\/"},{"@type":"ListItem","position":2,"name":"Nos attractions","item":"https:\/\/www.flyspot.com\/fr\/nos-attraits\/"},{"@type":"ListItem","position":3,"name":"Simulateur Boeing 737","item":"https:\/\/www.flyspot.com\/fr\/nos-attraits\/simulateur-boeing-737\/"},{"@type":"ListItem","position":4,"name":"Boeing 737 &#8211; paquets","item":"https:\/\/www.flyspot.com\/fr\/nos-attraits\/simulateur-boeing-737\/boeing-737-forfaits\/"},{"@type":"ListItem","position":5,"name":"\u00c9valuation pilote"}]},{"@type":"WebSite","@id":"https:\/\/www.flyspot.com\/pl\/#website","url":"https:\/\/www.flyspot.com\/pl\/","name":"Flyspot - Make it Happen","description":"soufflerie, simulateur Boeing 737, r\u00e9alisez vos r\u00eaves de vol","potentialAction":[{"@type":"SearchAction","target":{"@type":"EntryPoint","urlTemplate":"https:\/\/www.flyspot.com\/pl\/?s={search_term_string}"},"query-input":{"@type":"PropertyValueSpecification","valueRequired":true,"valueName":"search_term_string"}}],"inLanguage":"fr-FR"}]}},"_links":{"self":[{"href":"https:\/\/www.flyspot.com\/fr\/wp-json\/wp\/v2\/pages\/14716","targetHints":{"allow":["GET"]}}],"collection":[{"href":"https:\/\/www.flyspot.com\/fr\/wp-json\/wp\/v2\/pages"}],"about":[{"href":"https:\/\/www.flyspot.com\/fr\/wp-json\/wp\/v2\/types\/page"}],"author":[{"embeddable":true,"href":"https:\/\/www.flyspot.com\/fr\/wp-json\/wp\/v2\/users\/1"}],"replies":[{"embeddable":true,"href":"https:\/\/www.flyspot.com\/fr\/wp-json\/wp\/v2\/comments?post=14716"}],"version-history":[{"count":10,"href":"https:\/\/www.flyspot.com\/fr\/wp-json\/wp\/v2\/pages\/14716\/revisions"}],"predecessor-version":[{"id":39254,"href":"https:\/\/www.flyspot.com\/fr\/wp-json\/wp\/v2\/pages\/14716\/revisions\/39254"}],"up":[{"embeddable":true,"href":"https:\/\/www.flyspot.com\/fr\/wp-json\/wp\/v2\/pages\/14705"}],"wp:featuredmedia":[{"embeddable":true,"href":"https:\/\/www.flyspot.com\/fr\/wp-json\/wp\/v2\/media\/8158"}],"wp:attachment":[{"href":"https:\/\/www.flyspot.com\/fr\/wp-json\/wp\/v2\/media?parent=14716"}],"curies":[{"name":"wp","href":"https:\/\/api.w.org\/{rel}","templated":true}]}}