{"id":14696,"date":"2020-08-18T14:02:50","date_gmt":"2020-08-18T12:02:50","guid":{"rendered":"https:\/\/www.flyspot.com\/la-technologie\/"},"modified":"2024-09-27T16:31:19","modified_gmt":"2024-09-27T14:31:19","slug":"la-technologie","status":"publish","type":"page","link":"https:\/\/www.flyspot.com\/fr\/regarde-nous\/la-technologie\/","title":{"rendered":"Technologie"},"content":{"rendered":"\n<div class=\"wp-block-image\"><figure class=\"aligncenter size-large\"><img decoding=\"async\" width=\"850\" height=\"586\" src=\"https:\/\/www.flyspot.com\/wp-content\/uploads\/2020\/08\/technologia.jpg\" alt=\"\" class=\"wp-image-537\" srcset=\"https:\/\/www.flyspot.com\/wp-content\/uploads\/2020\/08\/technologia.jpg 850w, https:\/\/www.flyspot.com\/wp-content\/uploads\/2020\/08\/technologia-300x207.jpg 300w, https:\/\/www.flyspot.com\/wp-content\/uploads\/2020\/08\/technologia-768x529.jpg 768w\" sizes=\"(max-width: 850px) 100vw, 850px\" \/><\/figure><\/div>\n<div id=\"features-block_5f3bc4396a53a\" class=\"features-block\">\r\n  <div class=\"row container\">\r\n    <div>\r\n            <h2 class=\"title\">fakty zwi\u0105zane z technologi\u0105<\/h2>\r\n      <div>\r\n                    <div>\r\n              <div class=\"icon-wrap\">\r\n                <img decoding=\"async\" src=\"https:\/\/www.flyspot.com\/wp-content\/uploads\/2020\/08\/puzzle.png\" alt=\"\" src=\"\">\r\n              <\/div>\r\n              <strong>Les souffleries les plus rapides du monde<\/strong>\r\n              <p>Nous sommes capables d&#8217;acc\u00e9l\u00e9rer l&#8217;air \u00e0 des vitesses sup\u00e9rieures \u00e0 300 km\/h, ce qui fait de Flyspots la soufflerie la plus rapide du monde.  <\/p>\r\n            <\/div>\r\n                      <div>\r\n              <div class=\"icon-wrap\">\r\n                <img decoding=\"async\" src=\"https:\/\/www.flyspot.com\/wp-content\/uploads\/2020\/08\/puzzle.png\" alt=\"\" src=\"\">\r\n              <\/div>\r\n              <strong>Excellente qualit\u00e9 de l&#8217;air<\/strong>\r\n              <p>La vitesse n&#8217;est pas tout, l&#8217;air \u00e0 Flyspot est parfaitement lisse et r\u00e9gulier, sans turbulences. C&#8217;est ce qui rend les vols chez Flyspot si confortables.<\/p>\r\n            <\/div>\r\n                      <div>\r\n              <div class=\"icon-wrap\">\r\n                <img decoding=\"async\" src=\"https:\/\/www.flyspot.com\/wp-content\/uploads\/2020\/08\/puzzle.png\" alt=\"\" src=\"\">\r\n              <\/div>\r\n              <strong>Construction en b\u00e9ton<\/strong>\r\n              <p>C&#8217;est le b\u00e9ton arm\u00e9 dont sont faits les b\u00e2timents du tunnel Flyspot qui permet d&#8217;utiliser la puissance maximale des moteurs dans le tunnel. Ils cr\u00e9ent ainsi des flux d&#8217;air parfaitement laminaires et exempts de vibrations.  <\/p>\r\n            <\/div>\r\n                      <div>\r\n              <div class=\"icon-wrap\">\r\n                <img decoding=\"async\" src=\"https:\/\/www.flyspot.com\/wp-content\/uploads\/2020\/08\/puzzle.png\" alt=\"\" src=\"\">\r\n              <\/div>\r\n              <strong>G\u00e9om\u00e9trie du tunnel<\/strong>\r\n              <p>La g\u00e9om\u00e9trie du tunnel a \u00e9t\u00e9 d\u00e9velopp\u00e9e par des scientifiques travaillant \u00e0 l&#8217;Institut d&#8217;astronautique de l&#8217;Universit\u00e9 technique de Berlin.<\/p>\r\n            <\/div>\r\n                      <div>\r\n              <div class=\"icon-wrap\">\r\n                <img decoding=\"async\" src=\"https:\/\/www.flyspot.com\/wp-content\/uploads\/2020\/08\/puzzle.png\" alt=\"\" src=\"\">\r\n              <\/div>\r\n              <strong>Des ventilateurs puissants<\/strong>\r\n              <p>De puissants ventilateurs \u00e9quip\u00e9s de pales en fibre de carbone sont capables de pousser de l&#8217;air du volume de trois piscines olympiques en une seconde.<\/p>\r\n            <\/div>\r\n                      <div>\r\n              <div class=\"icon-wrap\">\r\n                <img decoding=\"async\" src=\"https:\/\/www.flyspot.com\/wp-content\/uploads\/2020\/08\/puzzle.png\" alt=\"\" src=\"\">\r\n              <\/div>\r\n              <strong>pont d&#8217;envol vitr\u00e9<\/strong>\r\n              <p>R\u00e9alis\u00e9e en verre de 4 cm d&#8217;\u00e9paisseur, elle vous permet d&#8217;admirer confortablement et sans restriction les \u00e9volutions r\u00e9alis\u00e9es \u00e0 l&#8217;int\u00e9rieur du tunnel depuis l&#8217;ext\u00e9rieur.<\/p>\r\n            <\/div>\r\n                <\/div>\r\n          <\/div>\r\n  <\/div>\r\n<\/div><!-- block -->\r\n<div id=\"fancy-display-block_5f3bc3cf6a539\" class=\"fancy-display-block\">\r\n  <div class=\"row container\">\r\n    <div>\r\n      <div class=\"text-container\">\r\n                  <h2 class=\"title\">TUNNELS DE VENT<\/h2>\r\n                          <p>Nous avons construit nos tunnels en utilisant la meilleure technologie disponible dans le monde, d\u00e9velopp\u00e9e par le leader dans ce domaine, la soci\u00e9t\u00e9 allemande Indoor Skydiving Germany GMBH. L&#8217;ISG GMBH d\u00e9veloppe, construit et exploite depuis des ann\u00e9es des souffleries verticales pour les professionnels et les amateurs dans le cadre d&#8217;applications sportives et de loisirs.\nLes solutions technologiques utilis\u00e9es dans Flyspot ont \u00e9t\u00e9 d\u00e9velopp\u00e9es au centre spatial de l&#8217;universit\u00e9 de technologie de Berlin. Les \u00e9quipements plac\u00e9s dans le tunnel ont \u00e9t\u00e9 fournis par Howden et Siemens, les leaders incontest\u00e9s dans leur domaine.\n<\/p>\r\n        <div class=\"buttons\"><a class=\"btn\" href=\"https:\/\/www.flyspot.com\/pl\/nasze-atrakcje\/tunel-flyspot\/\" target=\"_self\">En savoir plus sur les tunnels Flyspot<\/a><\/div>      <\/div>\r\n      <div>\r\n        <img decoding=\"async\" lazy src=\"data:image\/gif;base64,R0lGODlhAQABAAD\/ACwAAAAAAQABAAACADs%3D\" data-src=\"https:\/\/www.flyspot.com\/wp-content\/uploads\/2020\/08\/technologia1.jpg\" alt=\"\">\r\n      <\/div>\r\n    <\/div>\r\n    <div>\r\n      <div>\r\n        <img decoding=\"async\" lazy src=\"data:image\/gif;base64,R0lGODlhAQABAAD\/ACwAAAAAAQABAAACADs%3D\" data-src=\"https:\/\/www.flyspot.com\/wp-content\/uploads\/2020\/09\/boeing600x600.jpg\" alt=\"\">\r\n      <\/div>\r\n              <div class=\"text-container\">\r\n          <h2 class=\"title\">Simulateur Boeing 737-800<\/h2>\r\n                    <p>Le seul simulateur professionnel d&#8217;avion de ligne 737NG en taille r\u00e9elle avec une r\u00e9solution 4K est situ\u00e9 \u00e0 Flyspot Varsovie. Notre cockpit est une r\u00e9plique extr\u00eamement fid\u00e8le de l&#8217;avion r\u00e9el, o\u00f9 toutes les commandes, interrupteurs, \u00e9crans et leviers fonctionnent exactement comme dans la r\u00e9alit\u00e9. FLYSPOT 737 PROJECT vous offre l&#8217;opportunit\u00e9 extraordinaire et unique de piloter un avion \u00e0 r\u00e9action de 80 tonnes !<\/p>\r\n          <div class=\"buttons\"><a class=\"btn\" href=\"https:\/\/www.flyspot.com\/pl\/nasze-atrakcje\/symulator\/\" target=\"_self\">en savoir plus sur le simulateur Boeing 737<\/a><\/div>        <\/div>\r\n          <\/div>\r\n  <\/div>\r\n<\/div><!-- block -->\r\n<div id=\"internal-links-block_5f3bc4986a541\" class=\"internal-links-block\">\r\n  <div class=\"row container\">\r\n            <ul>          <li>\r\n            <a href=\"https:\/\/www.flyspot.com\/fr\/regarde-nous\/equipe\/\">\r\n              <strong>Zesp\u00f3\u0142<\/strong>\r\n            <\/a>\r\n          <\/li>\r\n                  <li>\r\n            <a href=\"https:\/\/www.flyspot.com\/fr\/regarde-nous\/la-passion\/\">\r\n              <strong>pasja<\/strong>\r\n            <\/a>\r\n          <\/li>\r\n        <\/ul>  <\/div>\r\n<\/div><!-- block -->\r\n","protected":false},"excerpt":{"rendered":"","protected":false},"author":1,"featured_media":0,"parent":14928,"menu_order":2,"comment_status":"closed","ping_status":"closed","template":"","meta":{"_acf_changed":false,"footnotes":""},"class_list":["post-14696","page","type-page","status-publish","hentry"],"acf":[],"yoast_head":"<!-- This site is optimized with the Yoast SEO plugin v27.4 - https:\/\/yoast.com\/product\/yoast-seo-wordpress\/ -->\n<title>Technologie - Flyspot - Make it Happen<\/title>\n<meta name=\"robots\" content=\"index, follow, max-snippet:-1, max-image-preview:large, max-video-preview:-1\" \/>\n<link rel=\"canonical\" href=\"https:\/\/www.flyspot.com\/fr\/regarde-nous\/la-technologie\/\" \/>\n<meta property=\"og:locale\" content=\"fr_FR\" \/>\n<meta property=\"og:type\" content=\"article\" \/>\n<meta property=\"og:title\" content=\"Technologie - Flyspot - Make it Happen\" \/>\n<meta property=\"og:url\" content=\"https:\/\/www.flyspot.com\/fr\/regarde-nous\/la-technologie\/\" \/>\n<meta property=\"og:site_name\" content=\"Flyspot - Make it Happen\" \/>\n<meta property=\"article:modified_time\" content=\"2024-09-27T14:31:19+00:00\" \/>\n<meta property=\"og:image\" content=\"https:\/\/www.flyspot.com\/wp-content\/uploads\/2020\/08\/technologia.jpg\" \/>\n\t<meta property=\"og:image:width\" content=\"850\" \/>\n\t<meta property=\"og:image:height\" content=\"586\" \/>\n\t<meta property=\"og:image:type\" content=\"image\/jpeg\" \/>\n<meta name=\"twitter:card\" content=\"summary_large_image\" \/>\n<script type=\"application\/ld+json\" class=\"yoast-schema-graph\">{\"@context\":\"https:\\\/\\\/schema.org\",\"@graph\":[{\"@type\":\"WebPage\",\"@id\":\"https:\\\/\\\/www.flyspot.com\\\/fr\\\/regarde-nous\\\/la-technologie\\\/\",\"url\":\"https:\\\/\\\/www.flyspot.com\\\/fr\\\/regarde-nous\\\/la-technologie\\\/\",\"name\":\"Technologie - Flyspot - Make it Happen\",\"isPartOf\":{\"@id\":\"https:\\\/\\\/www.flyspot.com\\\/pl\\\/#website\"},\"primaryImageOfPage\":{\"@id\":\"https:\\\/\\\/www.flyspot.com\\\/fr\\\/regarde-nous\\\/la-technologie\\\/#primaryimage\"},\"image\":{\"@id\":\"https:\\\/\\\/www.flyspot.com\\\/fr\\\/regarde-nous\\\/la-technologie\\\/#primaryimage\"},\"thumbnailUrl\":\"https:\\\/\\\/www.flyspot.com\\\/wp-content\\\/uploads\\\/2020\\\/08\\\/technologia.jpg\",\"datePublished\":\"2020-08-18T12:02:50+00:00\",\"dateModified\":\"2024-09-27T14:31:19+00:00\",\"breadcrumb\":{\"@id\":\"https:\\\/\\\/www.flyspot.com\\\/fr\\\/regarde-nous\\\/la-technologie\\\/#breadcrumb\"},\"inLanguage\":\"fr-FR\",\"potentialAction\":[{\"@type\":\"ReadAction\",\"target\":[\"https:\\\/\\\/www.flyspot.com\\\/fr\\\/regarde-nous\\\/la-technologie\\\/\"]}]},{\"@type\":\"ImageObject\",\"inLanguage\":\"fr-FR\",\"@id\":\"https:\\\/\\\/www.flyspot.com\\\/fr\\\/regarde-nous\\\/la-technologie\\\/#primaryimage\",\"url\":\"https:\\\/\\\/www.flyspot.com\\\/wp-content\\\/uploads\\\/2020\\\/08\\\/technologia.jpg\",\"contentUrl\":\"https:\\\/\\\/www.flyspot.com\\\/wp-content\\\/uploads\\\/2020\\\/08\\\/technologia.jpg\"},{\"@type\":\"BreadcrumbList\",\"@id\":\"https:\\\/\\\/www.flyspot.com\\\/fr\\\/regarde-nous\\\/la-technologie\\\/#breadcrumb\",\"itemListElement\":[{\"@type\":\"ListItem\",\"position\":1,\"name\":\"Strona g\u0142\u00f3wna\",\"item\":\"https:\\\/\\\/www.flyspot.com\\\/fr\\\/\"},{\"@type\":\"ListItem\",\"position\":2,\"name\":\"Comment nous proc\u00e9dons\",\"item\":\"https:\\\/\\\/www.flyspot.com\\\/fr\\\/regarde-nous\\\/\"},{\"@type\":\"ListItem\",\"position\":3,\"name\":\"Technologie\"}]},{\"@type\":\"WebSite\",\"@id\":\"https:\\\/\\\/www.flyspot.com\\\/pl\\\/#website\",\"url\":\"https:\\\/\\\/www.flyspot.com\\\/pl\\\/\",\"name\":\"Flyspot - Make it Happen\",\"description\":\"soufflerie, simulateur Boeing 737, r\u00e9alisez vos r\u00eaves de vol\",\"potentialAction\":[{\"@type\":\"SearchAction\",\"target\":{\"@type\":\"EntryPoint\",\"urlTemplate\":\"https:\\\/\\\/www.flyspot.com\\\/pl\\\/?s={search_term_string}\"},\"query-input\":{\"@type\":\"PropertyValueSpecification\",\"valueRequired\":true,\"valueName\":\"search_term_string\"}}],\"inLanguage\":\"fr-FR\"}]}<\/script>\n<!-- \/ Yoast SEO plugin. -->","yoast_head_json":{"title":"Technologie - Flyspot - Make it Happen","robots":{"index":"index","follow":"follow","max-snippet":"max-snippet:-1","max-image-preview":"max-image-preview:large","max-video-preview":"max-video-preview:-1"},"canonical":"https:\/\/www.flyspot.com\/fr\/regarde-nous\/la-technologie\/","og_locale":"fr_FR","og_type":"article","og_title":"Technologie - Flyspot - Make it Happen","og_url":"https:\/\/www.flyspot.com\/fr\/regarde-nous\/la-technologie\/","og_site_name":"Flyspot - Make it Happen","article_modified_time":"2024-09-27T14:31:19+00:00","og_image":[{"width":850,"height":586,"url":"https:\/\/www.flyspot.com\/wp-content\/uploads\/2020\/08\/technologia.jpg","type":"image\/jpeg"}],"twitter_card":"summary_large_image","schema":{"@context":"https:\/\/schema.org","@graph":[{"@type":"WebPage","@id":"https:\/\/www.flyspot.com\/fr\/regarde-nous\/la-technologie\/","url":"https:\/\/www.flyspot.com\/fr\/regarde-nous\/la-technologie\/","name":"Technologie - Flyspot - Make it Happen","isPartOf":{"@id":"https:\/\/www.flyspot.com\/pl\/#website"},"primaryImageOfPage":{"@id":"https:\/\/www.flyspot.com\/fr\/regarde-nous\/la-technologie\/#primaryimage"},"image":{"@id":"https:\/\/www.flyspot.com\/fr\/regarde-nous\/la-technologie\/#primaryimage"},"thumbnailUrl":"https:\/\/www.flyspot.com\/wp-content\/uploads\/2020\/08\/technologia.jpg","datePublished":"2020-08-18T12:02:50+00:00","dateModified":"2024-09-27T14:31:19+00:00","breadcrumb":{"@id":"https:\/\/www.flyspot.com\/fr\/regarde-nous\/la-technologie\/#breadcrumb"},"inLanguage":"fr-FR","potentialAction":[{"@type":"ReadAction","target":["https:\/\/www.flyspot.com\/fr\/regarde-nous\/la-technologie\/"]}]},{"@type":"ImageObject","inLanguage":"fr-FR","@id":"https:\/\/www.flyspot.com\/fr\/regarde-nous\/la-technologie\/#primaryimage","url":"https:\/\/www.flyspot.com\/wp-content\/uploads\/2020\/08\/technologia.jpg","contentUrl":"https:\/\/www.flyspot.com\/wp-content\/uploads\/2020\/08\/technologia.jpg"},{"@type":"BreadcrumbList","@id":"https:\/\/www.flyspot.com\/fr\/regarde-nous\/la-technologie\/#breadcrumb","itemListElement":[{"@type":"ListItem","position":1,"name":"Strona g\u0142\u00f3wna","item":"https:\/\/www.flyspot.com\/fr\/"},{"@type":"ListItem","position":2,"name":"Comment nous proc\u00e9dons","item":"https:\/\/www.flyspot.com\/fr\/regarde-nous\/"},{"@type":"ListItem","position":3,"name":"Technologie"}]},{"@type":"WebSite","@id":"https:\/\/www.flyspot.com\/pl\/#website","url":"https:\/\/www.flyspot.com\/pl\/","name":"Flyspot - Make it Happen","description":"soufflerie, simulateur Boeing 737, r\u00e9alisez vos r\u00eaves de vol","potentialAction":[{"@type":"SearchAction","target":{"@type":"EntryPoint","urlTemplate":"https:\/\/www.flyspot.com\/pl\/?s={search_term_string}"},"query-input":{"@type":"PropertyValueSpecification","valueRequired":true,"valueName":"search_term_string"}}],"inLanguage":"fr-FR"}]}},"_links":{"self":[{"href":"https:\/\/www.flyspot.com\/fr\/wp-json\/wp\/v2\/pages\/14696","targetHints":{"allow":["GET"]}}],"collection":[{"href":"https:\/\/www.flyspot.com\/fr\/wp-json\/wp\/v2\/pages"}],"about":[{"href":"https:\/\/www.flyspot.com\/fr\/wp-json\/wp\/v2\/types\/page"}],"author":[{"embeddable":true,"href":"https:\/\/www.flyspot.com\/fr\/wp-json\/wp\/v2\/users\/1"}],"replies":[{"embeddable":true,"href":"https:\/\/www.flyspot.com\/fr\/wp-json\/wp\/v2\/comments?post=14696"}],"version-history":[{"count":15,"href":"https:\/\/www.flyspot.com\/fr\/wp-json\/wp\/v2\/pages\/14696\/revisions"}],"predecessor-version":[{"id":39308,"href":"https:\/\/www.flyspot.com\/fr\/wp-json\/wp\/v2\/pages\/14696\/revisions\/39308"}],"up":[{"embeddable":true,"href":"https:\/\/www.flyspot.com\/fr\/wp-json\/wp\/v2\/pages\/14928"}],"wp:attachment":[{"href":"https:\/\/www.flyspot.com\/fr\/wp-json\/wp\/v2\/media?parent=14696"}],"curies":[{"name":"wp","href":"https:\/\/api.w.org\/{rel}","templated":true}]}}