{"id":14653,"date":"2020-09-15T13:51:03","date_gmt":"2020-09-15T11:51:03","guid":{"rendered":"https:\/\/www.flyspot.com\/nos-attraits\/tunnel-flyspot\/formation-de-parachutisme-en-salle\/formation-debutant\/"},"modified":"2024-09-27T16:28:44","modified_gmt":"2024-09-27T14:28:44","slug":"formation-debutant","status":"publish","type":"page","link":"https:\/\/www.flyspot.com\/fr\/nos-attraits\/tunnel-flyspot\/offre-pour-les-debutants\/formation-debutant\/","title":{"rendered":"Formation pour d\u00e9butants"},"content":{"rendered":"<div id=\"hero-block_32dbb8be99f39cb9062e19063b6544f2\" class=\"hero-block\">\r\n  <div class=\"row outer-container\">\r\n    <div>\r\n      <img decoding=\"async\" lazy src=\"data:image\/gif;base64,R0lGODlhAQABAAD\/ACwAAAAAAQABAAACADs%3D\" data-src=\"https:\/\/www.flyspot.com\/wp-content\/uploads\/2020\/09\/intro3.png\" alt=\"\">\r\n          <\/div>\r\n    <div>\r\n      <h2>Formation pour d\u00e9butants<\/h2><p>Essayez une offre que vous n&#8217;avez jamais eue auparavant.\nPaquets de 10 min, 15 min ou 20 min avec accompagnement individuel par un instructeur.\nCommencez \u00e0 voler professionnellement chez Flyspot.<\/p>    <\/div>\r\n  <\/div>\r\n<\/div><!-- block -->\r\n<div id=\"product-details-block_0e2077a29f82eee0a060392dc5517a13\" class=\"product-details-block\">\r\n  <div class=\"row container\">\r\n    <div>\r\n      <h2 class=\"title\">D\u00e9tails du produit<\/h2>      <p class=\"desc\">POURQUOI CELA VAUT-IL LA PEINE ?<br>\n&#8211; vous commencerez \u00e0 vous entra\u00eener \u00e0 l&#8217;un des sports les plus passionnants au monde<br>\n&#8211; en collaboration avec votre instructeur, \u00e9laborer votre programme d&#8217;entra\u00eenement individuel en soufflerie, adapt\u00e9 \u00e0 vos objectifs<br>\n&#8211; vol en formation plate, freefly, vol dynamique<br>\nvous pouvez apprendre tout cela en commen\u00e7ant votre formation au pilotage \u00e0 partir de z\u00e9ro<br>\n<br>\nQUE FEREZ-VOUS ?<br>\n&#8211; Pendant la formation, vous apprendrez les signes de communication dans la soufflerie, les bases du vol en s\u00e9curit\u00e9, l&#8217;entr\u00e9e et la sortie de la soufflerie.  <br>\n&#8211; Vous apprendrez &#8211; d&#8217;abord les bases, puis des techniques de vol de plus en plus avanc\u00e9es  <br>\n&#8211; Au cours des 5 \u00e0 6 premi\u00e8res s\u00e9ances d&#8217;entra\u00eenement, vous acquerrez les comp\u00e9tences n\u00e9cessaires pour vous d\u00e9placer en toute s\u00e9curit\u00e9 dans le tunnel en adoptant la silhouette de base du &#8220;vol ventral&#8221;, en contr\u00f4lant l&#8217;ex\u00e9cution et la d\u00e9c\u00e9l\u00e9ration de la rotation, l&#8217;ascension et la descente.  <br>\n<br>\nQUELLE EST LA FR\u00c9QUENCE DES SESSIONS DE FORMATION ?<br>\n&#8211; Il s&#8217;agit d&#8217;une question tr\u00e8s personnelle qui d\u00e9pend enti\u00e8rement de vous. Vous pouvez venir \u00e0 l&#8217;entra\u00eenement une ou deux fois par semaine, ou vous entra\u00eener une ou deux fois par mois. Certains de nos \u00e9l\u00e8ves sont tellement avides de progr\u00e8s qu&#8217;ils fr\u00e9quentent le tunnel m\u00eame tous les jours\ud83d\ude0a Faites confiance \u00e0 nos instructeurs, qui vous aideront id\u00e9alement \u00e0 adapter la fr\u00e9quence des vols dans le tunnel \u00e0 vos objectifs et \u00e0 vos capacit\u00e9s.<br>\n&#8211; Notre priorit\u00e9 est non seulement votre confort, mais aussi votre s\u00e9curit\u00e9. En volant avec nous, vous avez la garantie que votre formation se d\u00e9roulera \u00e0 un rythme qui vous convient : pas trop rapide pour ne pas vous stresser, mais pas trop lent non plus, car nous veillons \u00e0 ce que vous utilisiez efficacement chaque seconde pass\u00e9e dans le tunnel.  <br>\n&#8211; Nos instructeurs utilisent une m\u00e9thodologie de formation qui a \u00e9t\u00e9 test\u00e9e sur des milliers de personnes volant. Ils transmettent les connaissances de mani\u00e8re simple et conviviale. Ils connaissent les erreurs typiques (et atypiques) et savent comment y rem\u00e9dier. Non seulement vous apprendrez \u00e0 faire tous les exercices correctement, mais vous ferez des progr\u00e8s consid\u00e9rables en un temps \u00e9tonnamment court. Et vous ne saurez m\u00eame pas quand<\/p>      <ul>            <li>\r\n              <p>Prix en pln<\/p>\r\n              <strong>\u00e0 partir de 693 pln<\/strong>\r\n            <\/li>\r\n                      <li>\r\n              <p>dur\u00e9e de la session<\/p>\r\n              <strong>10, 15 ou 20 minutes<\/strong>\r\n            <\/li>\r\n                      <li>\r\n              <p>Emportez avec vous :<\/p>\r\n              <strong>v\u00eatements confortables, chaussures attach\u00e9es<\/strong>\r\n            <\/li>\r\n                      <li>\r\n              <p>Equipement Flyspot inclus :<\/p>\r\n              <strong>combinaison, lunettes, bouchons d&#8217;oreille, casque<\/strong>\r\n            <\/li>\r\n                      <li>\r\n              <p>Inclus<\/p>\r\n              <strong>Programme de formation individuel<\/strong>\r\n            <\/li>\r\n                      <li>\r\n              <p><\/p>\r\n              <strong>Briefing avant la formation<\/strong>\r\n            <\/li>\r\n                      <li>\r\n              <p><\/p>\r\n              <strong>Entra\u00eenement en tunnel<\/strong>\r\n            <\/li>\r\n                      <li>\r\n              <p><\/p>\r\n              <strong>D\u00e9briefing apr\u00e8s la formation<\/strong>\r\n            <\/li>\r\n          <\/ul>      <div class=\"button-list-wrap\"><div class=\"button-list button-type-basic\"><div><a class=\"css-default\" href=\"https:\/\/sklep.flyspot.com\/produkty\/vouchery\/trening-indywidualny\" target=\"_self\"><img decoding=\"async\" lazy src=\"data:image\/gif;base64,R0lGODlhAQABAAD\/ACwAAAAAAQABAAACADs%3D\" data-src=\"https:\/\/www.flyspot.com\/wp-content\/uploads\/2020\/08\/Group_4.png\" alt=\"\"><strong>Bon de commande<\/strong><\/a><\/div><div><a class=\"css-default\" href=\"https:\/\/cs.flyspot.com\/offer?steps=flyspot_training\" target=\"_self\"><img decoding=\"async\" lazy src=\"data:image\/gif;base64,R0lGODlhAQABAAD\/ACwAAAAAAQABAAACADs%3D\" data-src=\"https:\/\/www.flyspot.com\/wp-content\/uploads\/2020\/09\/opening-times.png\" alt=\"\"><strong>Je r\u00e9serve<\/strong><\/a><\/div><\/div><\/div>    <\/div>\r\n  <\/div>\r\n<\/div><!-- block -->\r\n<div id=\"step-guide-icons-block_8704e666f9a383538559d193a7b6d7c7\" class=\"step-guide-icons-block\">\r\n  <div class=\"row container\">\r\n    <div>\r\n      <div class=\"title\">Programme journalier<\/div>      <ul>            <li data-count=\"01\">\r\n              <div class=\"icon-wrap\"><img decoding=\"async\" lazy src=\"data:image\/gif;base64,R0lGODlhAQABAAD\/ACwAAAAAAQABAAACADs%3D\" data-src=\"https:\/\/www.flyspot.com\/wp-content\/uploads\/2020\/08\/time-3.png\" alt=\"\"><\/div>\r\n              <p>Arrivez 60 minutes avant l&#8217;heure de la r\u00e9servation.<\/p>\r\n                          <\/li>\r\n                      <li data-count=\"02\">\r\n              <div class=\"icon-wrap\"><img decoding=\"async\" lazy src=\"data:image\/gif;base64,R0lGODlhAQABAAD\/ACwAAAAAAQABAAACADs%3D\" data-src=\"https:\/\/www.flyspot.com\/wp-content\/uploads\/2020\/08\/puzzle.png\" alt=\"\"><\/div>\r\n              <p>Inscrivez-vous \u00e0 la r\u00e9ception et remplissez les formalit\u00e9s<\/p>\r\n                          <\/li>\r\n                      <li data-count=\"03\">\r\n              <div class=\"icon-wrap\"><img decoding=\"async\" lazy src=\"data:image\/gif;base64,R0lGODlhAQABAAD\/ACwAAAAAAQABAAACADs%3D\" data-src=\"https:\/\/www.flyspot.com\/wp-content\/uploads\/2020\/08\/multiple-11.png\" alt=\"\"><\/div>\r\n              <p>Discutez de vos besoins et de la formation \u00e0 venir avec votre instructeur.<\/p>\r\n                          <\/li>\r\n                      <li data-count=\"04\">\r\n              <div class=\"icon-wrap\"><img decoding=\"async\" lazy src=\"data:image\/gif;base64,R0lGODlhAQABAAD\/ACwAAAAAAQABAAACADs%3D\" data-src=\"https:\/\/www.flyspot.com\/wp-content\/uploads\/2020\/08\/flip-up.png\" alt=\"\"><\/div>\r\n              <p>Choisissez votre \u00e9quipement avec l&#8217;aide de votre instructeur.<br \/>\n<\/p>\r\n                          <\/li>\r\n                      <li data-count=\"05\">\r\n              <div class=\"icon-wrap\"><img decoding=\"async\" lazy src=\"data:image\/gif;base64,R0lGODlhAQABAAD\/ACwAAAAAAQABAAACADs%3D\" data-src=\"https:\/\/www.flyspot.com\/wp-content\/uploads\/2020\/08\/send.png\" alt=\"\"><\/div>\r\n              <p>Il est temps de s&#8217;entra\u00eener !<br><br \/>\nSelon la formule choisie, votre formation se limitera \u00e0 une ou deux s\u00e9ances de 30 minutes au cours desquelles vous effectuerez les exercices pr\u00e9vus en entrant \u00e0 tour de r\u00f4le dans le tunnel avec les autres participants de votre groupe.<br \/>\n<br \/>\n<\/p>\r\n                          <\/li>\r\n                      <li data-count=\"06\">\r\n              <div class=\"icon-wrap\"><img decoding=\"async\" lazy src=\"data:image\/gif;base64,R0lGODlhAQABAAD\/ACwAAAAAAQABAAACADs%3D\" data-src=\"https:\/\/www.flyspot.com\/wp-content\/uploads\/2020\/08\/puzzle.png\" alt=\"\"><\/div>\r\n              <p>A la fin de votre formation ou entre les sessions, votre instructeur discutera des exercices que vous avez faits et de votre formation globale, et vous sugg\u00e9rera les prochaines \u00e9tapes de votre parcours pour devenir un parachutiste professionnel en salle.<\/p>\r\n                          <\/li>\r\n          <\/ul>    <\/div>\r\n  <\/div>\r\n<\/div><!-- block -->\r\n<div id=\"download-block_1bc8322b1f77b92792058d13ca22730e\" class=\"download-block\">\r\n  <div class=\"row container\">\r\n    <div>\r\n      <h2 class=\"title\">documents compl\u00e9mentaires<\/h2>      <ul>            <li>\r\n              <a href=\"\" download>\r\n                <div>\r\n                  <img decoding=\"async\" lazy src=\"data:image\/gif;base64,R0lGODlhAQABAAD\/ACwAAAAAAQABAAACADs%3D\" data-src=\"https:\/\/www.flyspot.com\/wp-content\/themes\/deepspotflyspotWPML\/images\/dots-download.svg\">\r\n                  <p>D\u00e9claration de l&#8217;utilisateur de la soufflerie<\/p>\r\n                <\/div>\r\n              <\/a>\r\n            <\/li>\r\n          <\/ul>    <\/div>\r\n  <\/div>\r\n<\/div><!-- block -->\r\n","protected":false},"excerpt":{"rendered":"","protected":false},"author":1,"featured_media":8322,"parent":14744,"menu_order":7,"comment_status":"closed","ping_status":"closed","template":"","meta":{"_acf_changed":false,"footnotes":""},"class_list":["post-14653","page","type-page","status-publish","has-post-thumbnail","hentry"],"acf":[],"yoast_head":"<!-- This site is optimized with the Yoast SEO plugin v27.3 - https:\/\/yoast.com\/product\/yoast-seo-wordpress\/ -->\n<title>Formation pour d\u00e9butants - Flyspot - Make it Happen<\/title>\n<meta name=\"robots\" content=\"index, follow, max-snippet:-1, max-image-preview:large, max-video-preview:-1\" \/>\n<link rel=\"canonical\" href=\"https:\/\/www.flyspot.com\/fr\/nos-attraits\/tunnel-flyspot\/offre-pour-les-debutants\/formation-debutant\/\" \/>\n<meta property=\"og:locale\" content=\"fr_FR\" \/>\n<meta property=\"og:type\" content=\"article\" \/>\n<meta property=\"og:title\" content=\"Formation pour d\u00e9butants - Flyspot - Make it Happen\" \/>\n<meta property=\"og:url\" content=\"https:\/\/www.flyspot.com\/fr\/nos-attraits\/tunnel-flyspot\/offre-pour-les-debutants\/formation-debutant\/\" \/>\n<meta property=\"og:site_name\" content=\"Flyspot - Make it Happen\" \/>\n<meta property=\"article:modified_time\" content=\"2024-09-27T14:28:44+00:00\" \/>\n<meta property=\"og:image\" content=\"https:\/\/www.flyspot.com\/wp-content\/uploads\/2020\/09\/intro3.png\" \/>\n\t<meta property=\"og:image:width\" content=\"1263\" \/>\n\t<meta property=\"og:image:height\" content=\"601\" \/>\n\t<meta property=\"og:image:type\" content=\"image\/png\" \/>\n<meta name=\"twitter:card\" content=\"summary_large_image\" \/>\n<script type=\"application\/ld+json\" class=\"yoast-schema-graph\">{\"@context\":\"https:\\\/\\\/schema.org\",\"@graph\":[{\"@type\":\"WebPage\",\"@id\":\"https:\\\/\\\/www.flyspot.com\\\/fr\\\/nos-attraits\\\/tunnel-flyspot\\\/offre-pour-les-debutants\\\/formation-debutant\\\/\",\"url\":\"https:\\\/\\\/www.flyspot.com\\\/fr\\\/nos-attraits\\\/tunnel-flyspot\\\/offre-pour-les-debutants\\\/formation-debutant\\\/\",\"name\":\"Formation pour d\u00e9butants - Flyspot - Make it Happen\",\"isPartOf\":{\"@id\":\"https:\\\/\\\/www.flyspot.com\\\/pl\\\/#website\"},\"primaryImageOfPage\":{\"@id\":\"https:\\\/\\\/www.flyspot.com\\\/fr\\\/nos-attraits\\\/tunnel-flyspot\\\/offre-pour-les-debutants\\\/formation-debutant\\\/#primaryimage\"},\"image\":{\"@id\":\"https:\\\/\\\/www.flyspot.com\\\/fr\\\/nos-attraits\\\/tunnel-flyspot\\\/offre-pour-les-debutants\\\/formation-debutant\\\/#primaryimage\"},\"thumbnailUrl\":\"https:\\\/\\\/www.flyspot.com\\\/wp-content\\\/uploads\\\/2020\\\/09\\\/intro3.png\",\"datePublished\":\"2020-09-15T11:51:03+00:00\",\"dateModified\":\"2024-09-27T14:28:44+00:00\",\"breadcrumb\":{\"@id\":\"https:\\\/\\\/www.flyspot.com\\\/fr\\\/nos-attraits\\\/tunnel-flyspot\\\/offre-pour-les-debutants\\\/formation-debutant\\\/#breadcrumb\"},\"inLanguage\":\"fr-FR\",\"potentialAction\":[{\"@type\":\"ReadAction\",\"target\":[\"https:\\\/\\\/www.flyspot.com\\\/fr\\\/nos-attraits\\\/tunnel-flyspot\\\/offre-pour-les-debutants\\\/formation-debutant\\\/\"]}]},{\"@type\":\"ImageObject\",\"inLanguage\":\"fr-FR\",\"@id\":\"https:\\\/\\\/www.flyspot.com\\\/fr\\\/nos-attraits\\\/tunnel-flyspot\\\/offre-pour-les-debutants\\\/formation-debutant\\\/#primaryimage\",\"url\":\"https:\\\/\\\/www.flyspot.com\\\/wp-content\\\/uploads\\\/2020\\\/09\\\/intro3.png\",\"contentUrl\":\"https:\\\/\\\/www.flyspot.com\\\/wp-content\\\/uploads\\\/2020\\\/09\\\/intro3.png\",\"width\":1263,\"height\":601},{\"@type\":\"BreadcrumbList\",\"@id\":\"https:\\\/\\\/www.flyspot.com\\\/fr\\\/nos-attraits\\\/tunnel-flyspot\\\/offre-pour-les-debutants\\\/formation-debutant\\\/#breadcrumb\",\"itemListElement\":[{\"@type\":\"ListItem\",\"position\":1,\"name\":\"Strona g\u0142\u00f3wna\",\"item\":\"https:\\\/\\\/www.flyspot.com\\\/fr\\\/\"},{\"@type\":\"ListItem\",\"position\":2,\"name\":\"Nos attractions\",\"item\":\"https:\\\/\\\/www.flyspot.com\\\/fr\\\/nos-attraits\\\/\"},{\"@type\":\"ListItem\",\"position\":3,\"name\":\"Tunnel Flyspot\",\"item\":\"https:\\\/\\\/www.flyspot.com\\\/fr\\\/nos-attraits\\\/tunnel-flyspot\\\/\"},{\"@type\":\"ListItem\",\"position\":4,\"name\":\"Offre pour les d\u00e9butants\",\"item\":\"https:\\\/\\\/www.flyspot.com\\\/fr\\\/nos-attraits\\\/tunnel-flyspot\\\/offre-pour-les-debutants\\\/\"},{\"@type\":\"ListItem\",\"position\":5,\"name\":\"Formation pour d\u00e9butants\"}]},{\"@type\":\"WebSite\",\"@id\":\"https:\\\/\\\/www.flyspot.com\\\/pl\\\/#website\",\"url\":\"https:\\\/\\\/www.flyspot.com\\\/pl\\\/\",\"name\":\"Flyspot - Make it Happen\",\"description\":\"soufflerie, simulateur Boeing 737, r\u00e9alisez vos r\u00eaves de vol\",\"potentialAction\":[{\"@type\":\"SearchAction\",\"target\":{\"@type\":\"EntryPoint\",\"urlTemplate\":\"https:\\\/\\\/www.flyspot.com\\\/pl\\\/?s={search_term_string}\"},\"query-input\":{\"@type\":\"PropertyValueSpecification\",\"valueRequired\":true,\"valueName\":\"search_term_string\"}}],\"inLanguage\":\"fr-FR\"}]}<\/script>\n<!-- \/ Yoast SEO plugin. -->","yoast_head_json":{"title":"Formation pour d\u00e9butants - Flyspot - Make it Happen","robots":{"index":"index","follow":"follow","max-snippet":"max-snippet:-1","max-image-preview":"max-image-preview:large","max-video-preview":"max-video-preview:-1"},"canonical":"https:\/\/www.flyspot.com\/fr\/nos-attraits\/tunnel-flyspot\/offre-pour-les-debutants\/formation-debutant\/","og_locale":"fr_FR","og_type":"article","og_title":"Formation pour d\u00e9butants - Flyspot - Make it Happen","og_url":"https:\/\/www.flyspot.com\/fr\/nos-attraits\/tunnel-flyspot\/offre-pour-les-debutants\/formation-debutant\/","og_site_name":"Flyspot - Make it Happen","article_modified_time":"2024-09-27T14:28:44+00:00","og_image":[{"width":1263,"height":601,"url":"https:\/\/www.flyspot.com\/wp-content\/uploads\/2020\/09\/intro3.png","type":"image\/png"}],"twitter_card":"summary_large_image","schema":{"@context":"https:\/\/schema.org","@graph":[{"@type":"WebPage","@id":"https:\/\/www.flyspot.com\/fr\/nos-attraits\/tunnel-flyspot\/offre-pour-les-debutants\/formation-debutant\/","url":"https:\/\/www.flyspot.com\/fr\/nos-attraits\/tunnel-flyspot\/offre-pour-les-debutants\/formation-debutant\/","name":"Formation pour d\u00e9butants - Flyspot - Make it Happen","isPartOf":{"@id":"https:\/\/www.flyspot.com\/pl\/#website"},"primaryImageOfPage":{"@id":"https:\/\/www.flyspot.com\/fr\/nos-attraits\/tunnel-flyspot\/offre-pour-les-debutants\/formation-debutant\/#primaryimage"},"image":{"@id":"https:\/\/www.flyspot.com\/fr\/nos-attraits\/tunnel-flyspot\/offre-pour-les-debutants\/formation-debutant\/#primaryimage"},"thumbnailUrl":"https:\/\/www.flyspot.com\/wp-content\/uploads\/2020\/09\/intro3.png","datePublished":"2020-09-15T11:51:03+00:00","dateModified":"2024-09-27T14:28:44+00:00","breadcrumb":{"@id":"https:\/\/www.flyspot.com\/fr\/nos-attraits\/tunnel-flyspot\/offre-pour-les-debutants\/formation-debutant\/#breadcrumb"},"inLanguage":"fr-FR","potentialAction":[{"@type":"ReadAction","target":["https:\/\/www.flyspot.com\/fr\/nos-attraits\/tunnel-flyspot\/offre-pour-les-debutants\/formation-debutant\/"]}]},{"@type":"ImageObject","inLanguage":"fr-FR","@id":"https:\/\/www.flyspot.com\/fr\/nos-attraits\/tunnel-flyspot\/offre-pour-les-debutants\/formation-debutant\/#primaryimage","url":"https:\/\/www.flyspot.com\/wp-content\/uploads\/2020\/09\/intro3.png","contentUrl":"https:\/\/www.flyspot.com\/wp-content\/uploads\/2020\/09\/intro3.png","width":1263,"height":601},{"@type":"BreadcrumbList","@id":"https:\/\/www.flyspot.com\/fr\/nos-attraits\/tunnel-flyspot\/offre-pour-les-debutants\/formation-debutant\/#breadcrumb","itemListElement":[{"@type":"ListItem","position":1,"name":"Strona g\u0142\u00f3wna","item":"https:\/\/www.flyspot.com\/fr\/"},{"@type":"ListItem","position":2,"name":"Nos attractions","item":"https:\/\/www.flyspot.com\/fr\/nos-attraits\/"},{"@type":"ListItem","position":3,"name":"Tunnel Flyspot","item":"https:\/\/www.flyspot.com\/fr\/nos-attraits\/tunnel-flyspot\/"},{"@type":"ListItem","position":4,"name":"Offre pour les d\u00e9butants","item":"https:\/\/www.flyspot.com\/fr\/nos-attraits\/tunnel-flyspot\/offre-pour-les-debutants\/"},{"@type":"ListItem","position":5,"name":"Formation pour d\u00e9butants"}]},{"@type":"WebSite","@id":"https:\/\/www.flyspot.com\/pl\/#website","url":"https:\/\/www.flyspot.com\/pl\/","name":"Flyspot - Make it Happen","description":"soufflerie, simulateur Boeing 737, r\u00e9alisez vos r\u00eaves de vol","potentialAction":[{"@type":"SearchAction","target":{"@type":"EntryPoint","urlTemplate":"https:\/\/www.flyspot.com\/pl\/?s={search_term_string}"},"query-input":{"@type":"PropertyValueSpecification","valueRequired":true,"valueName":"search_term_string"}}],"inLanguage":"fr-FR"}]}},"_links":{"self":[{"href":"https:\/\/www.flyspot.com\/fr\/wp-json\/wp\/v2\/pages\/14653","targetHints":{"allow":["GET"]}}],"collection":[{"href":"https:\/\/www.flyspot.com\/fr\/wp-json\/wp\/v2\/pages"}],"about":[{"href":"https:\/\/www.flyspot.com\/fr\/wp-json\/wp\/v2\/types\/page"}],"author":[{"embeddable":true,"href":"https:\/\/www.flyspot.com\/fr\/wp-json\/wp\/v2\/users\/1"}],"replies":[{"embeddable":true,"href":"https:\/\/www.flyspot.com\/fr\/wp-json\/wp\/v2\/comments?post=14653"}],"version-history":[{"count":21,"href":"https:\/\/www.flyspot.com\/fr\/wp-json\/wp\/v2\/pages\/14653\/revisions"}],"predecessor-version":[{"id":39204,"href":"https:\/\/www.flyspot.com\/fr\/wp-json\/wp\/v2\/pages\/14653\/revisions\/39204"}],"up":[{"embeddable":true,"href":"https:\/\/www.flyspot.com\/fr\/wp-json\/wp\/v2\/pages\/14744"}],"wp:featuredmedia":[{"embeddable":true,"href":"https:\/\/www.flyspot.com\/fr\/wp-json\/wp\/v2\/media\/8322"}],"wp:attachment":[{"href":"https:\/\/www.flyspot.com\/fr\/wp-json\/wp\/v2\/media?parent=14653"}],"curies":[{"name":"wp","href":"https:\/\/api.w.org\/{rel}","templated":true}]}}