{"id":34685,"date":"2024-03-14T11:20:50","date_gmt":"2024-03-14T10:20:50","guid":{"rendered":"https:\/\/www.flyspot.com\/lp\/tu-i-teraz\/"},"modified":"2024-09-27T16:29:28","modified_gmt":"2024-09-27T14:29:28","slug":"tu-i-teraz","status":"publish","type":"page","link":"https:\/\/www.flyspot.com\/es\/lp\/tu-i-teraz\/","title":{"rendered":"Aqu\u00ed y ahora"},"content":{"rendered":"\n<h2 class=\"wp-block-heading\"><font color=\"#ffffff\">  .  <\/font><\/h2>\n\n<p><\/p>\n<div id=\"hero-block_fb2d16a7538d9770288f2c7e55d5d8e4\" class=\"hero-block hero-block-noimg\">\r\n  <div class=\"row outer-container\">\r\n    <div>\r\n      <img decoding=\"async\" lazy src=\"data:image\/gif;base64,R0lGODlhAQABAAD\/ACwAAAAAAQABAAACADs%3D\" data-src=\"https:\/\/www.flyspot.com\/wp-content\/uploads\/2024\/03\/Tu-i-teraz.jpg\" alt=\"\">\r\n          <\/div>\r\n    <div>\r\n      <h2>\u00a1-15% EN TODAS LAS RESERVAS!<\/h2><p>\u00bfSue\u00f1as con volar? \u00a1Ahora puedes hacer realidad ese sue\u00f1o! Reserva un vuelo en el t\u00fanel de viento Flyspot y deja que fluya la emoci\u00f3n. S\u00f3lo ahora damos un -15% en todas las reservas de lunes a viernes. \u00a1La promoci\u00f3n se aplica tanto al t\u00fanel de viento como al simulador de Boeing 737 y al simulador de salto en paraca\u00eddas!<\/p>    <\/div>\r\n  <\/div>\r\n<\/div><!-- block -->\r\n<div id=\"hero-block_e8fb71068a1cc2129b29aa626a8e8ecf\" class=\"hero-block\">\r\n  <div class=\"row outer-container\">\r\n    <div>\r\n      <img decoding=\"async\" lazy src=\"data:image\/gif;base64,R0lGODlhAQABAAD\/ACwAAAAAAQABAAACADs%3D\" data-src=\"https:\/\/www.flyspot.com\/wp-content\/uploads\/2024\/03\/1440x550.jpg\" alt=\"\">\r\n          <\/div>\r\n    <div>\r\n      <h2>\u00bfPOR QU\u00c9 MERECE LA PENA?<\/h2><p>Volar en el t\u00fanel de viento es una sensaci\u00f3n fant\u00e1stica y, normalmente, despu\u00e9s de la sesi\u00f3n te entran ganas de volver all\u00ed. Ver\u00e1s que te encontrar\u00e1s mucho m\u00e1s a gusto en la segunda ascensi\u00f3n. \u00bfTe gustar\u00eda cumplir otro sue\u00f1o de volar? \u00a1Ponte a los mandos de un avi\u00f3n en nuestro simulador Boeing 737 o si\u00e9ntete como un paracaidista en el simulador de paracaidismo Flyspot!<\/p>    <\/div>\r\n  <\/div>\r\n<\/div><!-- block -->\r\n\n<figure class=\"wp-block-gallery has-nested-images columns-default is-cropped wp-block-gallery-1 is-layout-flex wp-block-gallery-is-layout-flex\">\n<figure class=\"wp-block-image size-large\"><img decoding=\"async\" width=\"1024\" height=\"683\" data-id=\"34270\" src=\"https:\/\/www.flyspot.com\/wp-content\/uploads\/2024\/03\/2022.06.26-flyspot-symulator-13-Duzy-1620x1080-1-1024x683.jpg\" alt=\"\" class=\"wp-image-34270\" srcset=\"https:\/\/www.flyspot.com\/wp-content\/uploads\/2024\/03\/2022.06.26-flyspot-symulator-13-Duzy-1620x1080-1-1024x683.jpg 1024w, https:\/\/www.flyspot.com\/wp-content\/uploads\/2024\/03\/2022.06.26-flyspot-symulator-13-Duzy-1620x1080-1-300x200.jpg 300w, https:\/\/www.flyspot.com\/wp-content\/uploads\/2024\/03\/2022.06.26-flyspot-symulator-13-Duzy-1620x1080-1-150x100.jpg 150w, https:\/\/www.flyspot.com\/wp-content\/uploads\/2024\/03\/2022.06.26-flyspot-symulator-13-Duzy-1620x1080-1-768x512.jpg 768w, https:\/\/www.flyspot.com\/wp-content\/uploads\/2024\/03\/2022.06.26-flyspot-symulator-13-Duzy-1620x1080-1-1536x1024.jpg 1536w, https:\/\/www.flyspot.com\/wp-content\/uploads\/2024\/03\/2022.06.26-flyspot-symulator-13-Duzy-1620x1080-1.jpg 1620w\" sizes=\"(max-width: 1024px) 100vw, 1024px\" \/><\/figure>\n\n\n\n<figure class=\"wp-block-image size-large\"><img decoding=\"async\" width=\"1024\" height=\"720\" data-id=\"34275\" src=\"https:\/\/www.flyspot.com\/wp-content\/uploads\/2024\/03\/Family_KATO_2021_part6-6105-Duzy-1537x1080-1-1024x720.jpg\" alt=\"\" class=\"wp-image-34275\" srcset=\"https:\/\/www.flyspot.com\/wp-content\/uploads\/2024\/03\/Family_KATO_2021_part6-6105-Duzy-1537x1080-1-1024x720.jpg 1024w, https:\/\/www.flyspot.com\/wp-content\/uploads\/2024\/03\/Family_KATO_2021_part6-6105-Duzy-1537x1080-1-300x211.jpg 300w, https:\/\/www.flyspot.com\/wp-content\/uploads\/2024\/03\/Family_KATO_2021_part6-6105-Duzy-1537x1080-1-150x105.jpg 150w, https:\/\/www.flyspot.com\/wp-content\/uploads\/2024\/03\/Family_KATO_2021_part6-6105-Duzy-1537x1080-1-768x540.jpg 768w, https:\/\/www.flyspot.com\/wp-content\/uploads\/2024\/03\/Family_KATO_2021_part6-6105-Duzy-1537x1080-1.jpg 1537w\" sizes=\"(max-width: 1024px) 100vw, 1024px\" \/><\/figure>\n\n\n\n<figure class=\"wp-block-image size-large\"><img decoding=\"async\" width=\"1024\" height=\"683\" data-id=\"34280\" src=\"https:\/\/www.flyspot.com\/wp-content\/uploads\/2024\/03\/OTCF_4F-event-1687-Duzy-1620x1080-1-1024x683.jpg\" alt=\"\" class=\"wp-image-34280\" srcset=\"https:\/\/www.flyspot.com\/wp-content\/uploads\/2024\/03\/OTCF_4F-event-1687-Duzy-1620x1080-1-1024x683.jpg 1024w, https:\/\/www.flyspot.com\/wp-content\/uploads\/2024\/03\/OTCF_4F-event-1687-Duzy-1620x1080-1-300x200.jpg 300w, https:\/\/www.flyspot.com\/wp-content\/uploads\/2024\/03\/OTCF_4F-event-1687-Duzy-1620x1080-1-150x100.jpg 150w, https:\/\/www.flyspot.com\/wp-content\/uploads\/2024\/03\/OTCF_4F-event-1687-Duzy-1620x1080-1-768x512.jpg 768w, https:\/\/www.flyspot.com\/wp-content\/uploads\/2024\/03\/OTCF_4F-event-1687-Duzy-1620x1080-1-1536x1024.jpg 1536w, https:\/\/www.flyspot.com\/wp-content\/uploads\/2024\/03\/OTCF_4F-event-1687-Duzy-1620x1080-1.jpg 1620w\" sizes=\"(max-width: 1024px) 100vw, 1024px\" \/><\/figure>\n\n\n\n<figure class=\"wp-block-image size-large\"><img decoding=\"async\" width=\"1024\" height=\"683\" data-id=\"34290\" src=\"https:\/\/www.flyspot.com\/wp-content\/uploads\/2024\/03\/SYMULATOR_skydive_WAWA_Feb_2024-4581-Duzy-1620x1080-1-1024x683.jpg\" alt=\"\" class=\"wp-image-34290\" srcset=\"https:\/\/www.flyspot.com\/wp-content\/uploads\/2024\/03\/SYMULATOR_skydive_WAWA_Feb_2024-4581-Duzy-1620x1080-1-1024x683.jpg 1024w, https:\/\/www.flyspot.com\/wp-content\/uploads\/2024\/03\/SYMULATOR_skydive_WAWA_Feb_2024-4581-Duzy-1620x1080-1-300x200.jpg 300w, https:\/\/www.flyspot.com\/wp-content\/uploads\/2024\/03\/SYMULATOR_skydive_WAWA_Feb_2024-4581-Duzy-1620x1080-1-150x100.jpg 150w, https:\/\/www.flyspot.com\/wp-content\/uploads\/2024\/03\/SYMULATOR_skydive_WAWA_Feb_2024-4581-Duzy-1620x1080-1-768x512.jpg 768w, https:\/\/www.flyspot.com\/wp-content\/uploads\/2024\/03\/SYMULATOR_skydive_WAWA_Feb_2024-4581-Duzy-1620x1080-1-1536x1024.jpg 1536w, https:\/\/www.flyspot.com\/wp-content\/uploads\/2024\/03\/SYMULATOR_skydive_WAWA_Feb_2024-4581-Duzy-1620x1080-1.jpg 1620w\" sizes=\"(max-width: 1024px) 100vw, 1024px\" \/><\/figure>\n\n\n\n<figure class=\"wp-block-image size-large\"><img decoding=\"async\" width=\"1024\" height=\"683\" data-id=\"34116\" src=\"https:\/\/www.flyspot.com\/wp-content\/uploads\/2024\/03\/3V9A8473-HDR-kopia-Duzy-1620x1080-1-1024x683.jpg\" alt=\"\" class=\"wp-image-34116\" srcset=\"https:\/\/www.flyspot.com\/wp-content\/uploads\/2024\/03\/3V9A8473-HDR-kopia-Duzy-1620x1080-1-1024x683.jpg 1024w, https:\/\/www.flyspot.com\/wp-content\/uploads\/2024\/03\/3V9A8473-HDR-kopia-Duzy-1620x1080-1-300x200.jpg 300w, https:\/\/www.flyspot.com\/wp-content\/uploads\/2024\/03\/3V9A8473-HDR-kopia-Duzy-1620x1080-1-150x100.jpg 150w, https:\/\/www.flyspot.com\/wp-content\/uploads\/2024\/03\/3V9A8473-HDR-kopia-Duzy-1620x1080-1-768x512.jpg 768w, https:\/\/www.flyspot.com\/wp-content\/uploads\/2024\/03\/3V9A8473-HDR-kopia-Duzy-1620x1080-1-1536x1024.jpg 1536w, https:\/\/www.flyspot.com\/wp-content\/uploads\/2024\/03\/3V9A8473-HDR-kopia-Duzy-1620x1080-1.jpg 1620w\" sizes=\"(max-width: 1024px) 100vw, 1024px\" \/><\/figure>\n\n\n\n<figure class=\"wp-block-image size-large\"><img decoding=\"async\" width=\"1024\" height=\"577\" data-id=\"34285\" src=\"https:\/\/www.flyspot.com\/wp-content\/uploads\/2024\/03\/OTCF_4F-event-5803-1-Duzy-1918x1080-1-1024x577.jpg\" alt=\"\" class=\"wp-image-34285\" srcset=\"https:\/\/www.flyspot.com\/wp-content\/uploads\/2024\/03\/OTCF_4F-event-5803-1-Duzy-1918x1080-1-1024x577.jpg 1024w, https:\/\/www.flyspot.com\/wp-content\/uploads\/2024\/03\/OTCF_4F-event-5803-1-Duzy-1918x1080-1-300x169.jpg 300w, https:\/\/www.flyspot.com\/wp-content\/uploads\/2024\/03\/OTCF_4F-event-5803-1-Duzy-1918x1080-1-150x84.jpg 150w, https:\/\/www.flyspot.com\/wp-content\/uploads\/2024\/03\/OTCF_4F-event-5803-1-Duzy-1918x1080-1-768x432.jpg 768w, https:\/\/www.flyspot.com\/wp-content\/uploads\/2024\/03\/OTCF_4F-event-5803-1-Duzy-1918x1080-1-1536x865.jpg 1536w, https:\/\/www.flyspot.com\/wp-content\/uploads\/2024\/03\/OTCF_4F-event-5803-1-Duzy-1918x1080-1.jpg 1918w\" sizes=\"(max-width: 1024px) 100vw, 1024px\" \/><\/figure>\n<\/figure>\n\n<p><\/p>\n\n<h1 class=\"wp-block-heading has-text-align-center\">\u00a1RESERVA EL PAQUETE M\u00c1S ADECUADO PARA TI!<\/h1>\n\n<p><\/p>\n\n<div class=\"wp-block-buttons has-custom-font-size has-small-font-size is-content-justification-center is-layout-flex wp-container-core-buttons-is-layout-16018d1d wp-block-buttons-is-layout-flex\">\n<div class=\"wp-block-button\"><a class=\"wp-block-button__link wp-element-button\" href=\"https:\/\/cs.flyspot.com\/offer?steps=flyspot_firsttime_firsttime-submit\">VUELOS PARA UN ADULTO<\/a><\/div>\n\n\n\n<div class=\"wp-block-button\"><a class=\"wp-block-button__link wp-element-button\" href=\"https:\/\/cs.flyspot.com\/offer?steps=flyspot_firsttime_firsttime-adult~0_firsttime-children~1_firsttime-submit\">VUELOS PARA MENORES DE 14 A\u00d1OS. UN A\u00d1O DE VIDA<\/a><\/div>\n\n\n\n<div class=\"wp-block-button\"><a class=\"wp-block-button__link wp-element-button\" href=\"https:\/\/cs.flyspot.com\/offer?steps=flyspot_training\">FORMACI\u00d3N INDIVIDUAL<\/a><\/div>\n\n\n\n<div class=\"wp-block-button\"><a class=\"wp-block-button__link wp-element-button\" href=\"https:\/\/cs.flyspot.com\/offer?steps=parachute-simulator_parachute-simulator-wawa\">SIMULADOR DE SALTO EN PARACA\u00cdDAS<\/a><\/div>\n\n\n\n<div class=\"wp-block-button\"><a class=\"wp-block-button__link wp-element-button\" href=\"https:\/\/cs.flyspot.com\/offer?steps=boeing_boeing-wawa\">SIMULADOR BOEING 737<\/a><\/div>\n<\/div>\n","protected":false},"excerpt":{"rendered":"<p>. \u00a1RESERVA EL PAQUETE M\u00c1S ADECUADO PARA TI!<\/p>\n","protected":false},"author":18,"featured_media":34263,"parent":21909,"menu_order":0,"comment_status":"closed","ping_status":"closed","template":"template-landing4.php","meta":{"_acf_changed":false,"footnotes":""},"class_list":["post-34685","page","type-page","status-publish","has-post-thumbnail","hentry"],"acf":[],"yoast_head":"<!-- This site is optimized with the Yoast SEO plugin v27.3 - https:\/\/yoast.com\/product\/yoast-seo-wordpress\/ -->\n<title>Aqu\u00ed y ahora - Flyspot - Make it Happen<\/title>\n<meta name=\"robots\" content=\"index, follow, max-snippet:-1, max-image-preview:large, max-video-preview:-1\" \/>\n<link rel=\"canonical\" href=\"https:\/\/www.flyspot.com\/pl\/lp\/tu-i-teraz\/\" \/>\n<meta property=\"og:locale\" content=\"es_ES\" \/>\n<meta property=\"og:type\" content=\"article\" \/>\n<meta property=\"og:title\" content=\"Aqu\u00ed y ahora - Flyspot - Make it Happen\" \/>\n<meta property=\"og:description\" content=\". \u00a1RESERVA EL PAQUETE M\u00c1S ADECUADO PARA TI!\" \/>\n<meta property=\"og:url\" content=\"https:\/\/www.flyspot.com\/pl\/lp\/tu-i-teraz\/\" \/>\n<meta property=\"og:site_name\" content=\"Flyspot - Make it Happen\" \/>\n<meta property=\"article:modified_time\" content=\"2024-09-27T14:29:28+00:00\" \/>\n<meta property=\"og:image\" content=\"https:\/\/www.flyspot.com\/wp-content\/uploads\/2024\/03\/Tu-i-teraz.jpg\" \/>\n\t<meta property=\"og:image:width\" content=\"1440\" \/>\n\t<meta property=\"og:image:height\" content=\"555\" \/>\n\t<meta property=\"og:image:type\" content=\"image\/jpeg\" \/>\n<meta name=\"twitter:card\" content=\"summary_large_image\" \/>\n<script type=\"application\/ld+json\" class=\"yoast-schema-graph\">{\"@context\":\"https:\\\/\\\/schema.org\",\"@graph\":[{\"@type\":\"WebPage\",\"@id\":\"https:\\\/\\\/www.flyspot.com\\\/pl\\\/lp\\\/tu-i-teraz\\\/\",\"url\":\"https:\\\/\\\/www.flyspot.com\\\/pl\\\/lp\\\/tu-i-teraz\\\/\",\"name\":\"Aqu\u00ed y ahora - Flyspot - Make it Happen\",\"isPartOf\":{\"@id\":\"https:\\\/\\\/www.flyspot.com\\\/pl\\\/#website\"},\"primaryImageOfPage\":{\"@id\":\"https:\\\/\\\/www.flyspot.com\\\/pl\\\/lp\\\/tu-i-teraz\\\/#primaryimage\"},\"image\":{\"@id\":\"https:\\\/\\\/www.flyspot.com\\\/pl\\\/lp\\\/tu-i-teraz\\\/#primaryimage\"},\"thumbnailUrl\":\"https:\\\/\\\/www.flyspot.com\\\/wp-content\\\/uploads\\\/2024\\\/03\\\/Tu-i-teraz.jpg\",\"datePublished\":\"2024-03-14T10:20:50+00:00\",\"dateModified\":\"2024-09-27T14:29:28+00:00\",\"breadcrumb\":{\"@id\":\"https:\\\/\\\/www.flyspot.com\\\/pl\\\/lp\\\/tu-i-teraz\\\/#breadcrumb\"},\"inLanguage\":\"es\",\"potentialAction\":[{\"@type\":\"ReadAction\",\"target\":[\"https:\\\/\\\/www.flyspot.com\\\/pl\\\/lp\\\/tu-i-teraz\\\/\"]}]},{\"@type\":\"ImageObject\",\"inLanguage\":\"es\",\"@id\":\"https:\\\/\\\/www.flyspot.com\\\/pl\\\/lp\\\/tu-i-teraz\\\/#primaryimage\",\"url\":\"https:\\\/\\\/www.flyspot.com\\\/wp-content\\\/uploads\\\/2024\\\/03\\\/Tu-i-teraz.jpg\",\"contentUrl\":\"https:\\\/\\\/www.flyspot.com\\\/wp-content\\\/uploads\\\/2024\\\/03\\\/Tu-i-teraz.jpg\",\"width\":1440,\"height\":555},{\"@type\":\"BreadcrumbList\",\"@id\":\"https:\\\/\\\/www.flyspot.com\\\/pl\\\/lp\\\/tu-i-teraz\\\/#breadcrumb\",\"itemListElement\":[{\"@type\":\"ListItem\",\"position\":1,\"name\":\"Strona g\u0142\u00f3wna\",\"item\":\"https:\\\/\\\/www.flyspot.com\\\/es\\\/\"},{\"@type\":\"ListItem\",\"position\":2,\"name\":\"N\",\"item\":\"https:\\\/\\\/www.flyspot.com\\\/es\\\/lp\\\/\"},{\"@type\":\"ListItem\",\"position\":3,\"name\":\"Aqu\u00ed y ahora\"}]},{\"@type\":\"WebSite\",\"@id\":\"https:\\\/\\\/www.flyspot.com\\\/pl\\\/#website\",\"url\":\"https:\\\/\\\/www.flyspot.com\\\/pl\\\/\",\"name\":\"Flyspot - Make it Happen\",\"description\":\"t\u00fanel de viento, simulador de Boeing 737, haz realidad tus sue\u00f1os de volar\",\"potentialAction\":[{\"@type\":\"SearchAction\",\"target\":{\"@type\":\"EntryPoint\",\"urlTemplate\":\"https:\\\/\\\/www.flyspot.com\\\/pl\\\/?s={search_term_string}\"},\"query-input\":{\"@type\":\"PropertyValueSpecification\",\"valueRequired\":true,\"valueName\":\"search_term_string\"}}],\"inLanguage\":\"es\"}]}<\/script>\n<!-- \/ Yoast SEO plugin. -->","yoast_head_json":{"title":"Aqu\u00ed y ahora - Flyspot - Make it Happen","robots":{"index":"index","follow":"follow","max-snippet":"max-snippet:-1","max-image-preview":"max-image-preview:large","max-video-preview":"max-video-preview:-1"},"canonical":"https:\/\/www.flyspot.com\/pl\/lp\/tu-i-teraz\/","og_locale":"es_ES","og_type":"article","og_title":"Aqu\u00ed y ahora - Flyspot - Make it Happen","og_description":". \u00a1RESERVA EL PAQUETE M\u00c1S ADECUADO PARA TI!","og_url":"https:\/\/www.flyspot.com\/pl\/lp\/tu-i-teraz\/","og_site_name":"Flyspot - Make it Happen","article_modified_time":"2024-09-27T14:29:28+00:00","og_image":[{"width":1440,"height":555,"url":"https:\/\/www.flyspot.com\/wp-content\/uploads\/2024\/03\/Tu-i-teraz.jpg","type":"image\/jpeg"}],"twitter_card":"summary_large_image","schema":{"@context":"https:\/\/schema.org","@graph":[{"@type":"WebPage","@id":"https:\/\/www.flyspot.com\/pl\/lp\/tu-i-teraz\/","url":"https:\/\/www.flyspot.com\/pl\/lp\/tu-i-teraz\/","name":"Aqu\u00ed y ahora - Flyspot - Make it Happen","isPartOf":{"@id":"https:\/\/www.flyspot.com\/pl\/#website"},"primaryImageOfPage":{"@id":"https:\/\/www.flyspot.com\/pl\/lp\/tu-i-teraz\/#primaryimage"},"image":{"@id":"https:\/\/www.flyspot.com\/pl\/lp\/tu-i-teraz\/#primaryimage"},"thumbnailUrl":"https:\/\/www.flyspot.com\/wp-content\/uploads\/2024\/03\/Tu-i-teraz.jpg","datePublished":"2024-03-14T10:20:50+00:00","dateModified":"2024-09-27T14:29:28+00:00","breadcrumb":{"@id":"https:\/\/www.flyspot.com\/pl\/lp\/tu-i-teraz\/#breadcrumb"},"inLanguage":"es","potentialAction":[{"@type":"ReadAction","target":["https:\/\/www.flyspot.com\/pl\/lp\/tu-i-teraz\/"]}]},{"@type":"ImageObject","inLanguage":"es","@id":"https:\/\/www.flyspot.com\/pl\/lp\/tu-i-teraz\/#primaryimage","url":"https:\/\/www.flyspot.com\/wp-content\/uploads\/2024\/03\/Tu-i-teraz.jpg","contentUrl":"https:\/\/www.flyspot.com\/wp-content\/uploads\/2024\/03\/Tu-i-teraz.jpg","width":1440,"height":555},{"@type":"BreadcrumbList","@id":"https:\/\/www.flyspot.com\/pl\/lp\/tu-i-teraz\/#breadcrumb","itemListElement":[{"@type":"ListItem","position":1,"name":"Strona g\u0142\u00f3wna","item":"https:\/\/www.flyspot.com\/es\/"},{"@type":"ListItem","position":2,"name":"N","item":"https:\/\/www.flyspot.com\/es\/lp\/"},{"@type":"ListItem","position":3,"name":"Aqu\u00ed y ahora"}]},{"@type":"WebSite","@id":"https:\/\/www.flyspot.com\/pl\/#website","url":"https:\/\/www.flyspot.com\/pl\/","name":"Flyspot - Make it Happen","description":"t\u00fanel de viento, simulador de Boeing 737, haz realidad tus sue\u00f1os de volar","potentialAction":[{"@type":"SearchAction","target":{"@type":"EntryPoint","urlTemplate":"https:\/\/www.flyspot.com\/pl\/?s={search_term_string}"},"query-input":{"@type":"PropertyValueSpecification","valueRequired":true,"valueName":"search_term_string"}}],"inLanguage":"es"}]}},"_links":{"self":[{"href":"https:\/\/www.flyspot.com\/es\/wp-json\/wp\/v2\/pages\/34685","targetHints":{"allow":["GET"]}}],"collection":[{"href":"https:\/\/www.flyspot.com\/es\/wp-json\/wp\/v2\/pages"}],"about":[{"href":"https:\/\/www.flyspot.com\/es\/wp-json\/wp\/v2\/types\/page"}],"author":[{"embeddable":true,"href":"https:\/\/www.flyspot.com\/es\/wp-json\/wp\/v2\/users\/18"}],"replies":[{"embeddable":true,"href":"https:\/\/www.flyspot.com\/es\/wp-json\/wp\/v2\/comments?post=34685"}],"version-history":[{"count":20,"href":"https:\/\/www.flyspot.com\/es\/wp-json\/wp\/v2\/pages\/34685\/revisions"}],"predecessor-version":[{"id":38943,"href":"https:\/\/www.flyspot.com\/es\/wp-json\/wp\/v2\/pages\/34685\/revisions\/38943"}],"up":[{"embeddable":true,"href":"https:\/\/www.flyspot.com\/es\/wp-json\/wp\/v2\/pages\/21909"}],"wp:featuredmedia":[{"embeddable":true,"href":"https:\/\/www.flyspot.com\/es\/wp-json\/wp\/v2\/media\/34263"}],"wp:attachment":[{"href":"https:\/\/www.flyspot.com\/es\/wp-json\/wp\/v2\/media?parent=34685"}],"curies":[{"name":"wp","href":"https:\/\/api.w.org\/{rel}","templated":true}]}}