{"id":32523,"date":"2024-02-01T10:44:43","date_gmt":"2024-02-01T09:44:43","guid":{"rendered":"https:\/\/www.flyspot.com\/prueba\/"},"modified":"2024-09-27T16:11:17","modified_gmt":"2024-09-27T14:11:17","slug":"simulador-de-salto","status":"publish","type":"page","link":"https:\/\/www.flyspot.com\/es\/lp\/simulador-de-salto\/","title":{"rendered":"Simulador de salto FLYSPOT"},"content":{"rendered":"\n<p><\/p>\n<div id=\"hero-block_b16e551bd496e0ba086d8d7163ef72a9\" class=\"hero-block hero-block-noimg\">\r\n  <div class=\"row outer-container\">\r\n    <div>\r\n      <img decoding=\"async\" lazy src=\"data:image\/gif;base64,R0lGODlhAQABAAD\/ACwAAAAAAQABAAACADs%3D\" data-src=\"https:\/\/www.flyspot.com\/wp-content\/uploads\/2024\/02\/Synmulator_skokow_Flyspot.jpg\" alt=\"\">\r\n          <\/div>\r\n    <div>\r\n      <h2>\u00a1Cumple tu sue\u00f1o de hacer paracaidismo!<\/h2><p>\u00bfTe has preguntado alguna vez c\u00f3mo ser\u00eda sentir la adrenalina del paracaidismo? El simulador de salto FLYSPOT ofrece una experiencia inolvidable, transportando a los participantes a un mundo virtual de ca\u00edda libre. Al controlar tu cuerpo en el simulador, puedes sentir el viento agit\u00e1ndote el pelo y la adrenalina corriendo por tus venas, \u00a1todo sin moverte del suelo!<\/p>    <\/div>\r\n  <\/div>\r\n<\/div><!-- block -->\r\n<div id=\"hero-block_9f9cebc11cd7f914eca7708f4683495c\" class=\"hero-block\">\r\n  <div class=\"row outer-container\">\r\n    <div>\r\n      <img decoding=\"async\" lazy src=\"data:image\/gif;base64,R0lGODlhAQABAAD\/ACwAAAAAAQABAAACADs%3D\" data-src=\"https:\/\/www.flyspot.com\/wp-content\/uploads\/2024\/02\/SYMULATOR_smaller-4461-Duzy-e1707906089621.jpg\" alt=\"\">\r\n              <span class=\"youtube-play\" data-youtube=\"https:\/\/www.youtube.com\/watch?v=pB_RclLn-Ic\">\r\n          <img decoding=\"async\" lazy src=\"data:image\/gif;base64,R0lGODlhAQABAAD\/ACwAAAAAAQABAAACADs%3D\" data-src=\"https:\/\/www.flyspot.com\/wp-content\/themes\/deepspotflyspotWPML\/images\/youtube-play.svg\" alt=\"play\">\r\n          <strong>ver el v\u00eddeo<\/strong>\r\n        <\/span>\r\n          <\/div>\r\n    <div>\r\n      <h2>Simulador de salto FLYSPOT<\/h2><p>Se trata del \u00fanico simulador de paracaidismo profesional de Polonia, situado en Flyspot Varsovia. Se ha desarrollado espec\u00edficamente para el entrenamiento integral y en varias etapas de todos los saltadores en paraca\u00eddas, desde principiantes hasta paracaidistas experimentados, incluidos los soldados de las fuerzas especiales.  <\/p>    <\/div>\r\n  <\/div>\r\n<\/div><!-- block -->\r\n<div id=\"features-block_c1ee84ae100d16d1c665f82c0ca96d1a\" class=\"features-block\">\r\n  <div class=\"row container\">\r\n    <div>\r\n      <strong>SIMULADOR DE SALTO EN PARACA\u00cdDAS FLYSPOT<\/strong>      <h2 class=\"title\">Caracter\u00edsticas principales del simulador de paracaidismo<\/h2>\r\n      <div>\r\n                    <div>\r\n              <div class=\"icon-wrap\">\r\n                <img decoding=\"async\" src=\"https:\/\/www.flyspot.com\/wp-content\/uploads\/2024\/01\/MODU\u253cuOWOS\u2560uC.png\" alt=\"\" src=\"\">\r\n              <\/div>\r\n              <strong>MODULARIDAD<\/strong>\r\n              <p>El dise\u00f1o modular y el robusto armaz\u00f3n de acero permiten a los saltadores entrenarse en cualquier lugar, como saltador individual, con un grupo de otros saltadores o con saltadores virtuales.<\/p>\r\n            <\/div>\r\n                      <div>\r\n              <div class=\"icon-wrap\">\r\n                <img decoding=\"async\" src=\"https:\/\/www.flyspot.com\/wp-content\/uploads\/2024\/01\/REALISTYCZNOS\u2560uC\u2560u-SKOKU.png\" alt=\"\" src=\"\">\r\n              <\/div>\r\n              <strong>TECNOLOG\u00cdA DE RV<\/strong>\r\n              <p>Utilizando tecnolog\u00eda de RV, el simulador SOKOL\u2122 ofrece una representaci\u00f3n realista del entorno y de los tipos de paraca\u00eddas para el practicante.<\/p>\r\n            <\/div>\r\n                      <div>\r\n              <div class=\"icon-wrap\">\r\n                <img decoding=\"async\" src=\"https:\/\/www.flyspot.com\/wp-content\/uploads\/2024\/01\/SKONCENTROWANY-NA-UZ\u2560cYTKOWNIKU.png\" alt=\"\" src=\"\">\r\n              <\/div>\r\n              <strong>ENFOQUE USUARIO<\/strong>\r\n              <p>Gracias a la tecnolog\u00eda avanzada, es posible entrenar en m\u00faltiples terrenos, a distintas horas y en diferentes condiciones meteorol\u00f3gicas.<\/p>\r\n            <\/div>\r\n                      <div>\r\n              <div class=\"icon-wrap\">\r\n                <img decoding=\"async\" src=\"https:\/\/www.flyspot.com\/wp-content\/uploads\/2024\/01\/BEZPIECZEN\u2560uSTWO.png\" alt=\"\" src=\"\">\r\n              <\/div>\r\n              <strong>SEGURIDAD<\/strong>\r\n              <p>El simulador permite al saltador ensayar situaciones de emergencia y de estr\u00e9s, lo que ayuda a desarrollar la confianza y la calma durante las literas.<\/p>\r\n            <\/div>\r\n                      <div>\r\n              <div class=\"icon-wrap\">\r\n                <img decoding=\"async\" src=\"https:\/\/www.flyspot.com\/wp-content\/uploads\/2024\/01\/MOZ\u2560cLIWOS\u2560uCI-TECHNICZNE-.png\" alt=\"\" src=\"\">\r\n              <\/div>\r\n              <strong>POSIBILIDADES T\u00c9CNICAS<\/strong>\r\n              <p>Simulaci\u00f3n de ca\u00edda libre\/salto con cuerda\/est\u00e1tica; capacidad de entrenamiento HALO\/HAHOHO; grabaci\u00f3n y reproducci\u00f3n de la simulaci\u00f3n para debatir y evaluar el salto son s\u00f3lo algunas de las numerosas posibilidades t\u00e9cnicas.<\/p>\r\n            <\/div>\r\n                      <div>\r\n              <div class=\"icon-wrap\">\r\n                <img decoding=\"async\" src=\"https:\/\/www.flyspot.com\/wp-content\/uploads\/2024\/01\/baza-danych.png\" alt=\"\" src=\"\">\r\n              <\/div>\r\n              <strong>BASE DE DATOS Y MODELOS 3D<\/strong>\r\n              <p>Una variedad de terreno fotorrealista, lugar de lanzamiento y zona de aterrizaje en 3D y una representaci\u00f3n realista de las condiciones meteorol\u00f3gicas y la hora del d\u00eda.  <\/p>\r\n            <\/div>\r\n                <\/div>\r\n          <\/div>\r\n  <\/div>\r\n<\/div><!-- block -->\r\n\n<figure class=\"wp-block-gallery has-nested-images columns-default is-cropped wp-block-gallery-1 is-layout-flex wp-block-gallery-is-layout-flex\">\n<figure class=\"wp-block-image size-large\"><img decoding=\"async\" width=\"1024\" height=\"673\" data-id=\"32925\" src=\"https:\/\/www.flyspot.com\/wp-content\/uploads\/2024\/02\/SYMULATOR_smaller-4419-Duzy-1024x673.jpg\" alt=\"\" class=\"wp-image-32925\" srcset=\"https:\/\/www.flyspot.com\/wp-content\/uploads\/2024\/02\/SYMULATOR_smaller-4419-Duzy-1024x673.jpg 1024w, https:\/\/www.flyspot.com\/wp-content\/uploads\/2024\/02\/SYMULATOR_smaller-4419-Duzy-300x197.jpg 300w, https:\/\/www.flyspot.com\/wp-content\/uploads\/2024\/02\/SYMULATOR_smaller-4419-Duzy-150x99.jpg 150w, https:\/\/www.flyspot.com\/wp-content\/uploads\/2024\/02\/SYMULATOR_smaller-4419-Duzy-768x505.jpg 768w, https:\/\/www.flyspot.com\/wp-content\/uploads\/2024\/02\/SYMULATOR_smaller-4419-Duzy-1536x1009.jpg 1536w, https:\/\/www.flyspot.com\/wp-content\/uploads\/2024\/02\/SYMULATOR_smaller-4419-Duzy.jpg 1644w\" sizes=\"(max-width: 1024px) 100vw, 1024px\" \/><\/figure>\n\n\n\n<figure class=\"wp-block-image size-large\"><img decoding=\"async\" width=\"1024\" height=\"683\" data-id=\"32941\" src=\"https:\/\/www.flyspot.com\/wp-content\/uploads\/2024\/02\/SYMULATOR_smaller-4483-Duzy-1024x683.jpg\" alt=\"\" class=\"wp-image-32941\" srcset=\"https:\/\/www.flyspot.com\/wp-content\/uploads\/2024\/02\/SYMULATOR_smaller-4483-Duzy-1024x683.jpg 1024w, https:\/\/www.flyspot.com\/wp-content\/uploads\/2024\/02\/SYMULATOR_smaller-4483-Duzy-300x200.jpg 300w, https:\/\/www.flyspot.com\/wp-content\/uploads\/2024\/02\/SYMULATOR_smaller-4483-Duzy-150x100.jpg 150w, https:\/\/www.flyspot.com\/wp-content\/uploads\/2024\/02\/SYMULATOR_smaller-4483-Duzy-768x512.jpg 768w, https:\/\/www.flyspot.com\/wp-content\/uploads\/2024\/02\/SYMULATOR_smaller-4483-Duzy-1536x1024.jpg 1536w, https:\/\/www.flyspot.com\/wp-content\/uploads\/2024\/02\/SYMULATOR_smaller-4483-Duzy.jpg 1620w\" sizes=\"(max-width: 1024px) 100vw, 1024px\" \/><\/figure>\n\n\n\n<figure class=\"wp-block-image size-large\"><img decoding=\"async\" width=\"1611\" height=\"621\" data-id=\"32936\" src=\"https:\/\/www.flyspot.com\/wp-content\/uploads\/2024\/02\/SYMULATOR_smaller-4461-Duzy-e1707906089621.jpg\" alt=\"\" class=\"wp-image-32936\" srcset=\"https:\/\/www.flyspot.com\/wp-content\/uploads\/2024\/02\/SYMULATOR_smaller-4461-Duzy-e1707906089621.jpg 1611w, https:\/\/www.flyspot.com\/wp-content\/uploads\/2024\/02\/SYMULATOR_smaller-4461-Duzy-e1707906089621-300x116.jpg 300w, https:\/\/www.flyspot.com\/wp-content\/uploads\/2024\/02\/SYMULATOR_smaller-4461-Duzy-e1707906089621-1024x395.jpg 1024w, https:\/\/www.flyspot.com\/wp-content\/uploads\/2024\/02\/SYMULATOR_smaller-4461-Duzy-e1707906089621-150x58.jpg 150w, https:\/\/www.flyspot.com\/wp-content\/uploads\/2024\/02\/SYMULATOR_smaller-4461-Duzy-e1707906089621-768x296.jpg 768w, https:\/\/www.flyspot.com\/wp-content\/uploads\/2024\/02\/SYMULATOR_smaller-4461-Duzy-e1707906089621-1536x592.jpg 1536w\" sizes=\"(max-width: 1611px) 100vw, 1611px\" \/><\/figure>\n\n\n\n<figure class=\"wp-block-image size-large\"><img decoding=\"async\" width=\"1024\" height=\"683\" data-id=\"32951\" src=\"https:\/\/www.flyspot.com\/wp-content\/uploads\/2024\/02\/SYMULATOR_smaller-4549-Duzy-1024x683.jpg\" alt=\"\" class=\"wp-image-32951\" srcset=\"https:\/\/www.flyspot.com\/wp-content\/uploads\/2024\/02\/SYMULATOR_smaller-4549-Duzy-1024x683.jpg 1024w, https:\/\/www.flyspot.com\/wp-content\/uploads\/2024\/02\/SYMULATOR_smaller-4549-Duzy-300x200.jpg 300w, https:\/\/www.flyspot.com\/wp-content\/uploads\/2024\/02\/SYMULATOR_smaller-4549-Duzy-150x100.jpg 150w, https:\/\/www.flyspot.com\/wp-content\/uploads\/2024\/02\/SYMULATOR_smaller-4549-Duzy-768x512.jpg 768w, https:\/\/www.flyspot.com\/wp-content\/uploads\/2024\/02\/SYMULATOR_smaller-4549-Duzy-1536x1024.jpg 1536w, https:\/\/www.flyspot.com\/wp-content\/uploads\/2024\/02\/SYMULATOR_smaller-4549-Duzy.jpg 1620w\" sizes=\"(max-width: 1024px) 100vw, 1024px\" \/><\/figure>\n\n\n\n<figure class=\"wp-block-image size-large\"><img decoding=\"async\" width=\"1024\" height=\"683\" data-id=\"32930\" src=\"https:\/\/www.flyspot.com\/wp-content\/uploads\/2024\/02\/SYMULATOR_smaller-4449-Duzy-1024x683.jpg\" alt=\"\" class=\"wp-image-32930\" srcset=\"https:\/\/www.flyspot.com\/wp-content\/uploads\/2024\/02\/SYMULATOR_smaller-4449-Duzy-1024x683.jpg 1024w, https:\/\/www.flyspot.com\/wp-content\/uploads\/2024\/02\/SYMULATOR_smaller-4449-Duzy-300x200.jpg 300w, https:\/\/www.flyspot.com\/wp-content\/uploads\/2024\/02\/SYMULATOR_smaller-4449-Duzy-150x100.jpg 150w, https:\/\/www.flyspot.com\/wp-content\/uploads\/2024\/02\/SYMULATOR_smaller-4449-Duzy-768x512.jpg 768w, https:\/\/www.flyspot.com\/wp-content\/uploads\/2024\/02\/SYMULATOR_smaller-4449-Duzy-1536x1024.jpg 1536w, https:\/\/www.flyspot.com\/wp-content\/uploads\/2024\/02\/SYMULATOR_smaller-4449-Duzy.jpg 1620w\" sizes=\"(max-width: 1024px) 100vw, 1024px\" \/><\/figure>\n\n\n\n<figure class=\"wp-block-image size-large\"><img decoding=\"async\" width=\"1024\" height=\"683\" data-id=\"32956\" src=\"https:\/\/www.flyspot.com\/wp-content\/uploads\/2024\/02\/SYMULATOR_smaller-4581-Duzy-1024x683.jpg\" alt=\"\" class=\"wp-image-32956\" srcset=\"https:\/\/www.flyspot.com\/wp-content\/uploads\/2024\/02\/SYMULATOR_smaller-4581-Duzy-1024x683.jpg 1024w, https:\/\/www.flyspot.com\/wp-content\/uploads\/2024\/02\/SYMULATOR_smaller-4581-Duzy-300x200.jpg 300w, https:\/\/www.flyspot.com\/wp-content\/uploads\/2024\/02\/SYMULATOR_smaller-4581-Duzy-150x100.jpg 150w, https:\/\/www.flyspot.com\/wp-content\/uploads\/2024\/02\/SYMULATOR_smaller-4581-Duzy-768x512.jpg 768w, https:\/\/www.flyspot.com\/wp-content\/uploads\/2024\/02\/SYMULATOR_smaller-4581-Duzy-1536x1024.jpg 1536w, https:\/\/www.flyspot.com\/wp-content\/uploads\/2024\/02\/SYMULATOR_smaller-4581-Duzy.jpg 1620w\" sizes=\"(max-width: 1024px) 100vw, 1024px\" \/><\/figure>\n<\/figure>\n<div id=\"button-block_53c345a70289b1d1209e0a1dcea5db1f\" class=\"button-block\">\r\n  <div class=\"row container\">\r\n    <div>\r\n      <h2 class=\"title\">\u00a1Reserva hoy mismo la aventura de tu vida!<\/h2>\r\n      <p>\u00a1Visita nuestro simulador y descubre qu\u00e9 se siente al saltar en paraca\u00eddas sin subir a un avi\u00f3n! Puedes controlar tu propio vuelo, desde el momento en que saltas hasta tu aterrizaje seguro. Tanto si es tu primera vez como si ya eres un saltador experimentado, te garantizamos una emoci\u00f3n inolvidable y una gran diversi\u00f3n. Qui\u00e9n sabe, \u00bfquiz\u00e1s despu\u00e9s de esta simulaci\u00f3n decidas continuar tu aventura de saltos? Emoci\u00f3n garantizada: \u00a1\u00fanete a nosotros y siente la emoci\u00f3n de la aventura!<\/p>\r\n      <div>\r\n                  <a href=\"http:\/\/cs.flyspot.com\/offer?steps=parachute-simulator_parachute-simulator-wawa\"><span>Reserva un salto  <\/span><\/a>\r\n                          <a href=\"https:\/\/sklep.flyspot.com\/produkty\/vouchery\/Symulator-skokow-spadochronowych\"><span>Comprar un vale<\/span><\/a>\r\n              <\/div>\r\n    <\/div>\r\n  <\/div>\r\n<\/div><!-- block -->\r\n","protected":false},"excerpt":{"rendered":"","protected":false},"author":1,"featured_media":33370,"parent":21909,"menu_order":0,"comment_status":"closed","ping_status":"closed","template":"template-landing4.php","meta":{"_acf_changed":false,"footnotes":""},"class_list":["post-32523","page","type-page","status-publish","has-post-thumbnail","hentry"],"acf":[],"yoast_head":"<!-- This site is optimized with the Yoast SEO plugin v27.3 - https:\/\/yoast.com\/product\/yoast-seo-wordpress\/ -->\n<title>Simulador de salto FLYSPOT - Flyspot - Make it Happen<\/title>\n<meta name=\"robots\" content=\"index, follow, max-snippet:-1, max-image-preview:large, max-video-preview:-1\" \/>\n<link rel=\"canonical\" href=\"https:\/\/www.flyspot.com\/es\/lp\/simulador-de-salto\/\" \/>\n<meta property=\"og:locale\" content=\"es_ES\" \/>\n<meta property=\"og:type\" content=\"article\" \/>\n<meta property=\"og:title\" content=\"Simulador de salto FLYSPOT - Flyspot - Make it Happen\" \/>\n<meta property=\"og:url\" content=\"https:\/\/www.flyspot.com\/es\/lp\/simulador-de-salto\/\" \/>\n<meta property=\"og:site_name\" content=\"Flyspot - Make it Happen\" \/>\n<meta property=\"article:modified_time\" content=\"2024-09-27T14:11:17+00:00\" \/>\n<meta property=\"og:image\" content=\"https:\/\/www.flyspot.com\/wp-content\/uploads\/2024\/02\/Synmulator_skokow_Flyspot.jpg\" \/>\n\t<meta property=\"og:image:width\" content=\"1200\" \/>\n\t<meta property=\"og:image:height\" content=\"630\" \/>\n\t<meta property=\"og:image:type\" content=\"image\/jpeg\" \/>\n<meta name=\"twitter:card\" content=\"summary_large_image\" \/>\n<script type=\"application\/ld+json\" class=\"yoast-schema-graph\">{\"@context\":\"https:\\\/\\\/schema.org\",\"@graph\":[{\"@type\":\"WebPage\",\"@id\":\"https:\\\/\\\/www.flyspot.com\\\/es\\\/lp\\\/simulador-de-salto\\\/\",\"url\":\"https:\\\/\\\/www.flyspot.com\\\/es\\\/lp\\\/simulador-de-salto\\\/\",\"name\":\"Simulador de salto FLYSPOT - Flyspot - Make it Happen\",\"isPartOf\":{\"@id\":\"https:\\\/\\\/www.flyspot.com\\\/pl\\\/#website\"},\"primaryImageOfPage\":{\"@id\":\"https:\\\/\\\/www.flyspot.com\\\/es\\\/lp\\\/simulador-de-salto\\\/#primaryimage\"},\"image\":{\"@id\":\"https:\\\/\\\/www.flyspot.com\\\/es\\\/lp\\\/simulador-de-salto\\\/#primaryimage\"},\"thumbnailUrl\":\"https:\\\/\\\/www.flyspot.com\\\/wp-content\\\/uploads\\\/2024\\\/02\\\/Synmulator_skokow_Flyspot.jpg\",\"datePublished\":\"2024-02-01T09:44:43+00:00\",\"dateModified\":\"2024-09-27T14:11:17+00:00\",\"breadcrumb\":{\"@id\":\"https:\\\/\\\/www.flyspot.com\\\/es\\\/lp\\\/simulador-de-salto\\\/#breadcrumb\"},\"inLanguage\":\"es\",\"potentialAction\":[{\"@type\":\"ReadAction\",\"target\":[\"https:\\\/\\\/www.flyspot.com\\\/es\\\/lp\\\/simulador-de-salto\\\/\"]}]},{\"@type\":\"ImageObject\",\"inLanguage\":\"es\",\"@id\":\"https:\\\/\\\/www.flyspot.com\\\/es\\\/lp\\\/simulador-de-salto\\\/#primaryimage\",\"url\":\"https:\\\/\\\/www.flyspot.com\\\/wp-content\\\/uploads\\\/2024\\\/02\\\/Synmulator_skokow_Flyspot.jpg\",\"contentUrl\":\"https:\\\/\\\/www.flyspot.com\\\/wp-content\\\/uploads\\\/2024\\\/02\\\/Synmulator_skokow_Flyspot.jpg\",\"width\":1200,\"height\":630},{\"@type\":\"BreadcrumbList\",\"@id\":\"https:\\\/\\\/www.flyspot.com\\\/es\\\/lp\\\/simulador-de-salto\\\/#breadcrumb\",\"itemListElement\":[{\"@type\":\"ListItem\",\"position\":1,\"name\":\"Strona g\u0142\u00f3wna\",\"item\":\"https:\\\/\\\/www.flyspot.com\\\/es\\\/\"},{\"@type\":\"ListItem\",\"position\":2,\"name\":\"N\",\"item\":\"https:\\\/\\\/www.flyspot.com\\\/es\\\/lp\\\/\"},{\"@type\":\"ListItem\",\"position\":3,\"name\":\"Simulador de salto FLYSPOT\"}]},{\"@type\":\"WebSite\",\"@id\":\"https:\\\/\\\/www.flyspot.com\\\/pl\\\/#website\",\"url\":\"https:\\\/\\\/www.flyspot.com\\\/pl\\\/\",\"name\":\"Flyspot - Make it Happen\",\"description\":\"t\u00fanel de viento, simulador de Boeing 737, haz realidad tus sue\u00f1os de volar\",\"potentialAction\":[{\"@type\":\"SearchAction\",\"target\":{\"@type\":\"EntryPoint\",\"urlTemplate\":\"https:\\\/\\\/www.flyspot.com\\\/pl\\\/?s={search_term_string}\"},\"query-input\":{\"@type\":\"PropertyValueSpecification\",\"valueRequired\":true,\"valueName\":\"search_term_string\"}}],\"inLanguage\":\"es\"}]}<\/script>\n<!-- \/ Yoast SEO plugin. -->","yoast_head_json":{"title":"Simulador de salto FLYSPOT - Flyspot - Make it Happen","robots":{"index":"index","follow":"follow","max-snippet":"max-snippet:-1","max-image-preview":"max-image-preview:large","max-video-preview":"max-video-preview:-1"},"canonical":"https:\/\/www.flyspot.com\/es\/lp\/simulador-de-salto\/","og_locale":"es_ES","og_type":"article","og_title":"Simulador de salto FLYSPOT - Flyspot - Make it Happen","og_url":"https:\/\/www.flyspot.com\/es\/lp\/simulador-de-salto\/","og_site_name":"Flyspot - Make it Happen","article_modified_time":"2024-09-27T14:11:17+00:00","og_image":[{"width":1200,"height":630,"url":"https:\/\/www.flyspot.com\/wp-content\/uploads\/2024\/02\/Synmulator_skokow_Flyspot.jpg","type":"image\/jpeg"}],"twitter_card":"summary_large_image","schema":{"@context":"https:\/\/schema.org","@graph":[{"@type":"WebPage","@id":"https:\/\/www.flyspot.com\/es\/lp\/simulador-de-salto\/","url":"https:\/\/www.flyspot.com\/es\/lp\/simulador-de-salto\/","name":"Simulador de salto FLYSPOT - Flyspot - Make it Happen","isPartOf":{"@id":"https:\/\/www.flyspot.com\/pl\/#website"},"primaryImageOfPage":{"@id":"https:\/\/www.flyspot.com\/es\/lp\/simulador-de-salto\/#primaryimage"},"image":{"@id":"https:\/\/www.flyspot.com\/es\/lp\/simulador-de-salto\/#primaryimage"},"thumbnailUrl":"https:\/\/www.flyspot.com\/wp-content\/uploads\/2024\/02\/Synmulator_skokow_Flyspot.jpg","datePublished":"2024-02-01T09:44:43+00:00","dateModified":"2024-09-27T14:11:17+00:00","breadcrumb":{"@id":"https:\/\/www.flyspot.com\/es\/lp\/simulador-de-salto\/#breadcrumb"},"inLanguage":"es","potentialAction":[{"@type":"ReadAction","target":["https:\/\/www.flyspot.com\/es\/lp\/simulador-de-salto\/"]}]},{"@type":"ImageObject","inLanguage":"es","@id":"https:\/\/www.flyspot.com\/es\/lp\/simulador-de-salto\/#primaryimage","url":"https:\/\/www.flyspot.com\/wp-content\/uploads\/2024\/02\/Synmulator_skokow_Flyspot.jpg","contentUrl":"https:\/\/www.flyspot.com\/wp-content\/uploads\/2024\/02\/Synmulator_skokow_Flyspot.jpg","width":1200,"height":630},{"@type":"BreadcrumbList","@id":"https:\/\/www.flyspot.com\/es\/lp\/simulador-de-salto\/#breadcrumb","itemListElement":[{"@type":"ListItem","position":1,"name":"Strona g\u0142\u00f3wna","item":"https:\/\/www.flyspot.com\/es\/"},{"@type":"ListItem","position":2,"name":"N","item":"https:\/\/www.flyspot.com\/es\/lp\/"},{"@type":"ListItem","position":3,"name":"Simulador de salto FLYSPOT"}]},{"@type":"WebSite","@id":"https:\/\/www.flyspot.com\/pl\/#website","url":"https:\/\/www.flyspot.com\/pl\/","name":"Flyspot - Make it Happen","description":"t\u00fanel de viento, simulador de Boeing 737, haz realidad tus sue\u00f1os de volar","potentialAction":[{"@type":"SearchAction","target":{"@type":"EntryPoint","urlTemplate":"https:\/\/www.flyspot.com\/pl\/?s={search_term_string}"},"query-input":{"@type":"PropertyValueSpecification","valueRequired":true,"valueName":"search_term_string"}}],"inLanguage":"es"}]}},"_links":{"self":[{"href":"https:\/\/www.flyspot.com\/es\/wp-json\/wp\/v2\/pages\/32523","targetHints":{"allow":["GET"]}}],"collection":[{"href":"https:\/\/www.flyspot.com\/es\/wp-json\/wp\/v2\/pages"}],"about":[{"href":"https:\/\/www.flyspot.com\/es\/wp-json\/wp\/v2\/types\/page"}],"author":[{"embeddable":true,"href":"https:\/\/www.flyspot.com\/es\/wp-json\/wp\/v2\/users\/1"}],"replies":[{"embeddable":true,"href":"https:\/\/www.flyspot.com\/es\/wp-json\/wp\/v2\/comments?post=32523"}],"version-history":[{"count":69,"href":"https:\/\/www.flyspot.com\/es\/wp-json\/wp\/v2\/pages\/32523\/revisions"}],"predecessor-version":[{"id":38879,"href":"https:\/\/www.flyspot.com\/es\/wp-json\/wp\/v2\/pages\/32523\/revisions\/38879"}],"up":[{"embeddable":true,"href":"https:\/\/www.flyspot.com\/es\/wp-json\/wp\/v2\/pages\/21909"}],"wp:featuredmedia":[{"embeddable":true,"href":"https:\/\/www.flyspot.com\/es\/wp-json\/wp\/v2\/media\/33370"}],"wp:attachment":[{"href":"https:\/\/www.flyspot.com\/es\/wp-json\/wp\/v2\/media?parent=32523"}],"curies":[{"name":"wp","href":"https:\/\/api.w.org\/{rel}","templated":true}]}}