{"id":20452,"date":"2022-09-19T12:28:45","date_gmt":"2022-09-19T10:28:45","guid":{"rendered":"https:\/\/www.flyspot.com\/?page_id=20452"},"modified":"2024-09-27T16:17:07","modified_gmt":"2024-09-27T14:17:07","slug":"flyspot-para-ninos","status":"publish","type":"page","link":"https:\/\/www.flyspot.com\/es\/nuestras-atracciones\/tunel-flyspot\/flyspot-para-ninos\/","title":{"rendered":"Flyspot para ni\u00f1os"},"content":{"rendered":"<div id=\"fancy-display-block_d8fb7625efc5e40db21a37e0ae5c8a3b\" class=\"fancy-display-block fancy-repeater-block\">\r\n  <div class=\"row container\">\r\n          <div class=\"fancy-repeater-item\">\r\n        <div class=\"text-container with-subtitle\">\r\n          <h2 class=\"title\">PRIMEROS VUELOS PARA NI\u00d1OS<\/h2>\r\n          <strong class=\"subtitle\">\u00a1Regala a tu hijo momentos que nunca olvidar\u00e1!<\/strong>          <p>Los sue\u00f1os de volar est\u00e1n muy a menudo en la mente de nuestros hijos. Al fin y al cabo, los personajes de los cuentos de hadas y los superh\u00e9roes vuelan, y el anhelo de volar es uno de los sue\u00f1os m\u00e1s antiguos de la humanidad.  \nFlyspot se cre\u00f3 para hacer realidad este sue\u00f1o.  \nEn Flyspot, los ni\u00f1os pueden empezar a volar. Vestidos con un traje especial, gafas y casco, tras una breve sesi\u00f3n de entrenamiento a cargo de un instructor experimentado, \u00a1pueden entrar en el t\u00fanel y hacer realidad su sue\u00f1o! Y si se enamoran de volar (lo cual es muy real), \u00a1les invitamos a entrenamientos y clases especiales para ni\u00f1os!\n<\/p>\r\n          <div class=\"buttons\"><a class=\"btn\" href=\"https:\/\/cs.flyspot.com\/offer?steps=flyspot_firsttime_firsttime-adult~0_firsttime-children~1\" target=\"_self\">RESERVAR VUELOS<\/a><a href=\"https:\/\/sklep.flyspot.com\/produkty\/vouchery\/dla-dzieci\" target=\"_self\">Comprar un vale<\/a><\/div>        <\/div>\r\n        <div>\r\n          <img decoding=\"async\" lazy src=\"data:image\/gif;base64,R0lGODlhAQABAAD\/ACwAAAAAAQABAAACADs%3D\" data-src=\"https:\/\/www.flyspot.com\/wp-content\/uploads\/2022\/10\/Family_KATO_2021_part7_canon-9690-1.jpg\" alt=\"\">\r\n        <\/div>\r\n      <\/div>\r\n          <div class=\"fancy-repeater-item\">\r\n        <div class=\"text-container with-subtitle\">\r\n          <h2 class=\"title\">ENTRENAMIENTO DEPORTIVO PARA NI\u00d1OS<\/h2>\r\n          <strong class=\"subtitle\">Para peque\u00f1os atletas<\/strong>          <p>\u00bfTu hijo ya ha volado y sigue so\u00f1ando con volver a meterse en el t\u00fanel? \u00a1Hazle feliz y reserva una sesi\u00f3n de entrenamiento profesional! Elige entre opciones de 10, 15 o 20 minutos cada una. Reserva cuando te venga bien y tan a menudo como quieras. La supervisi\u00f3n del instructor est\u00e1 incluida en el precio de la formaci\u00f3n. Tu hijo no s\u00f3lo aprender\u00e1 nuevas habilidades y empezar\u00e1 a entrenarse para uno de los deportes m\u00e1s bonitos del mundo, sino que, sobre todo, \u00a1estar\u00e1 encantado!<\/p>\r\n          <div class=\"buttons\"><a class=\"btn\" href=\"https:\/\/www.flyspot.com\/pl\/treningi-dla-dzieci-we-flyspot\/\" target=\"_self\">DESCUBRE M\u00c1S<\/a><a href=\"https:\/\/sklep.flyspot.com\/produkty\/vouchery\/trening-indywidualny\" target=\"_self\">Comprar un vale<\/a><\/div>        <\/div>\r\n        <div>\r\n          <img decoding=\"async\" lazy src=\"data:image\/gif;base64,R0lGODlhAQABAAD\/ACwAAAAAAQABAAACADs%3D\" data-src=\"https:\/\/www.flyspot.com\/wp-content\/uploads\/2022\/10\/Alicja-Karasek_Playground_KATO_Mar_2019-8114.jpg\" alt=\"\">\r\n        <\/div>\r\n      <\/div>\r\n          <div class=\"fancy-repeater-item\">\r\n        <div class=\"text-container with-subtitle\">\r\n          <h2 class=\"title\">PAQUETES DE JUEGOS PARA NI\u00d1OS<\/h2>\r\n          <strong class=\"subtitle\">Para peque\u00f1os profesionales<\/strong>          <p>Para los ni\u00f1os que ya vuelan con regularidad y se han convertido en peque\u00f1os profesionales de este deporte, hemos preparado un paquete de ofertas. Est\u00e1n dise\u00f1ados para ni\u00f1os de 6 a 12 a\u00f1os, con la opci\u00f3n de un paquete de 1 hora o paquetes m\u00e1s grandes: 5 y 10 horas. Nuestros instructores estar\u00e1n encantados de responder a cualquier pregunta sobre los paquetes:)<\/p>\r\n          <div class=\"buttons\"><a class=\"btn\" href=\" \nhttps:\/\/cs.flyspot.com\/offer?steps=flyspot_pro_pro-package_pro-package-playground\" target=\"_self\">COMPRAR UN PAQUETE<\/a><\/div>        <\/div>\r\n        <div>\r\n          <img decoding=\"async\" lazy src=\"data:image\/gif;base64,R0lGODlhAQABAAD\/ACwAAAAAAQABAAACADs%3D\" data-src=\"https:\/\/www.flyspot.com\/wp-content\/uploads\/2022\/10\/Playground-Challenge_KATO_June_2019_Sony-1179.jpg\" alt=\"\">\r\n        <\/div>\r\n      <\/div>\r\n          <div class=\"fancy-repeater-item\">\r\n        <div class=\"text-container with-subtitle\">\r\n          <h2 class=\"title\">ACTIVIDADES L\u00daDICAS PARA LOS M\u00c1S PEQUE\u00d1OS<\/h2>\r\n          <strong class=\"subtitle\">Regularmente una vez al mes<\/strong>          <p>Flyspot Playground es una actividad de vuelo en t\u00fanel de viento especialmente dise\u00f1ada para ni\u00f1os. Se organizan una vez al mes en Flyspot Varsovia y Flyspot Katowice.\n\u00bfQui\u00e9n puede participar en las actividades?\n<br><br>\n&#8211; ni\u00f1os de 6 a 12 a\u00f1os\n&#8211; aptitudes m\u00ednimas para participar: vuelo libre en posici\u00f3n horizontal (boca abajo)\nDuraci\u00f3n de la clase: 1 hora.\nCoste de las clases: 349 \u00a3 por persona<br>\nNotas:  \n<br><br>\nFlyspot Varsovia: Kasia Bereska, tel.501 697 660  \n<br><br>\nFlyspot Katowice: Recepci\u00f3n Katowice, katowice@flyspot.com<\/p>\r\n                  <\/div>\r\n        <div>\r\n          <img decoding=\"async\" lazy src=\"data:image\/gif;base64,R0lGODlhAQABAAD\/ACwAAAAAAQABAAACADs%3D\" data-src=\"https:\/\/www.flyspot.com\/wp-content\/uploads\/2022\/10\/Kolonia_KATO_sierpien\u0301_2020-7997-1.jpg\" alt=\"\">\r\n        <\/div>\r\n      <\/div>\r\n      <\/div>\r\n<\/div><!-- block -->\r\n\n<p><\/p>\n","protected":false},"excerpt":{"rendered":"","protected":false},"author":1,"featured_media":7931,"parent":12411,"menu_order":2,"comment_status":"closed","ping_status":"closed","template":"","meta":{"_acf_changed":false,"footnotes":""},"class_list":["post-20452","page","type-page","status-publish","has-post-thumbnail","hentry"],"acf":[],"yoast_head":"<!-- This site is optimized with the Yoast SEO plugin v27.3 - https:\/\/yoast.com\/product\/yoast-seo-wordpress\/ -->\n<title>Flyspot para ni\u00f1os - Flyspot - Make it Happen<\/title>\n<meta name=\"robots\" content=\"index, follow, max-snippet:-1, max-image-preview:large, max-video-preview:-1\" \/>\n<link rel=\"canonical\" href=\"https:\/\/www.flyspot.com\/es\/nuestras-atracciones\/tunel-flyspot\/flyspot-para-ninos\/\" \/>\n<meta property=\"og:locale\" content=\"es_ES\" \/>\n<meta property=\"og:type\" content=\"article\" \/>\n<meta property=\"og:title\" content=\"Flyspot para ni\u00f1os - Flyspot - Make it Happen\" \/>\n<meta property=\"og:url\" content=\"https:\/\/www.flyspot.com\/es\/nuestras-atracciones\/tunel-flyspot\/flyspot-para-ninos\/\" \/>\n<meta property=\"og:site_name\" content=\"Flyspot - Make it Happen\" \/>\n<meta property=\"article:modified_time\" content=\"2024-09-27T14:17:07+00:00\" \/>\n<meta property=\"og:image\" content=\"https:\/\/www.flyspot.com\/wp-content\/uploads\/2020\/08\/indoor.jpg\" \/>\n\t<meta property=\"og:image:width\" content=\"705\" \/>\n\t<meta property=\"og:image:height\" content=\"470\" \/>\n\t<meta property=\"og:image:type\" content=\"image\/jpeg\" \/>\n<meta name=\"twitter:card\" content=\"summary_large_image\" \/>\n<script type=\"application\/ld+json\" class=\"yoast-schema-graph\">{\"@context\":\"https:\\\/\\\/schema.org\",\"@graph\":[{\"@type\":\"WebPage\",\"@id\":\"https:\\\/\\\/www.flyspot.com\\\/es\\\/nuestras-atracciones\\\/tunel-flyspot\\\/flyspot-para-ninos\\\/\",\"url\":\"https:\\\/\\\/www.flyspot.com\\\/es\\\/nuestras-atracciones\\\/tunel-flyspot\\\/flyspot-para-ninos\\\/\",\"name\":\"Flyspot para ni\u00f1os - Flyspot - Make it Happen\",\"isPartOf\":{\"@id\":\"https:\\\/\\\/www.flyspot.com\\\/pl\\\/#website\"},\"primaryImageOfPage\":{\"@id\":\"https:\\\/\\\/www.flyspot.com\\\/es\\\/nuestras-atracciones\\\/tunel-flyspot\\\/flyspot-para-ninos\\\/#primaryimage\"},\"image\":{\"@id\":\"https:\\\/\\\/www.flyspot.com\\\/es\\\/nuestras-atracciones\\\/tunel-flyspot\\\/flyspot-para-ninos\\\/#primaryimage\"},\"thumbnailUrl\":\"https:\\\/\\\/www.flyspot.com\\\/wp-content\\\/uploads\\\/2020\\\/08\\\/indoor.jpg\",\"datePublished\":\"2022-09-19T10:28:45+00:00\",\"dateModified\":\"2024-09-27T14:17:07+00:00\",\"breadcrumb\":{\"@id\":\"https:\\\/\\\/www.flyspot.com\\\/es\\\/nuestras-atracciones\\\/tunel-flyspot\\\/flyspot-para-ninos\\\/#breadcrumb\"},\"inLanguage\":\"es\",\"potentialAction\":[{\"@type\":\"ReadAction\",\"target\":[\"https:\\\/\\\/www.flyspot.com\\\/es\\\/nuestras-atracciones\\\/tunel-flyspot\\\/flyspot-para-ninos\\\/\"]}]},{\"@type\":\"ImageObject\",\"inLanguage\":\"es\",\"@id\":\"https:\\\/\\\/www.flyspot.com\\\/es\\\/nuestras-atracciones\\\/tunel-flyspot\\\/flyspot-para-ninos\\\/#primaryimage\",\"url\":\"https:\\\/\\\/www.flyspot.com\\\/wp-content\\\/uploads\\\/2020\\\/08\\\/indoor.jpg\",\"contentUrl\":\"https:\\\/\\\/www.flyspot.com\\\/wp-content\\\/uploads\\\/2020\\\/08\\\/indoor.jpg\",\"width\":705,\"height\":470},{\"@type\":\"BreadcrumbList\",\"@id\":\"https:\\\/\\\/www.flyspot.com\\\/es\\\/nuestras-atracciones\\\/tunel-flyspot\\\/flyspot-para-ninos\\\/#breadcrumb\",\"itemListElement\":[{\"@type\":\"ListItem\",\"position\":1,\"name\":\"Strona g\u0142\u00f3wna\",\"item\":\"https:\\\/\\\/www.flyspot.com\\\/es\\\/\"},{\"@type\":\"ListItem\",\"position\":2,\"name\":\"Nuestras atracciones\",\"item\":\"https:\\\/\\\/www.flyspot.com\\\/es\\\/nuestras-atracciones\\\/\"},{\"@type\":\"ListItem\",\"position\":3,\"name\":\"T\u00fanel Flyspot\",\"item\":\"https:\\\/\\\/www.flyspot.com\\\/es\\\/nuestras-atracciones\\\/tunel-flyspot\\\/\"},{\"@type\":\"ListItem\",\"position\":4,\"name\":\"Flyspot para ni\u00f1os\"}]},{\"@type\":\"WebSite\",\"@id\":\"https:\\\/\\\/www.flyspot.com\\\/pl\\\/#website\",\"url\":\"https:\\\/\\\/www.flyspot.com\\\/pl\\\/\",\"name\":\"Flyspot - Make it Happen\",\"description\":\"t\u00fanel de viento, simulador de Boeing 737, haz realidad tus sue\u00f1os de volar\",\"potentialAction\":[{\"@type\":\"SearchAction\",\"target\":{\"@type\":\"EntryPoint\",\"urlTemplate\":\"https:\\\/\\\/www.flyspot.com\\\/pl\\\/?s={search_term_string}\"},\"query-input\":{\"@type\":\"PropertyValueSpecification\",\"valueRequired\":true,\"valueName\":\"search_term_string\"}}],\"inLanguage\":\"es\"}]}<\/script>\n<!-- \/ Yoast SEO plugin. -->","yoast_head_json":{"title":"Flyspot para ni\u00f1os - Flyspot - Make it Happen","robots":{"index":"index","follow":"follow","max-snippet":"max-snippet:-1","max-image-preview":"max-image-preview:large","max-video-preview":"max-video-preview:-1"},"canonical":"https:\/\/www.flyspot.com\/es\/nuestras-atracciones\/tunel-flyspot\/flyspot-para-ninos\/","og_locale":"es_ES","og_type":"article","og_title":"Flyspot para ni\u00f1os - Flyspot - Make it Happen","og_url":"https:\/\/www.flyspot.com\/es\/nuestras-atracciones\/tunel-flyspot\/flyspot-para-ninos\/","og_site_name":"Flyspot - Make it Happen","article_modified_time":"2024-09-27T14:17:07+00:00","og_image":[{"width":705,"height":470,"url":"https:\/\/www.flyspot.com\/wp-content\/uploads\/2020\/08\/indoor.jpg","type":"image\/jpeg"}],"twitter_card":"summary_large_image","schema":{"@context":"https:\/\/schema.org","@graph":[{"@type":"WebPage","@id":"https:\/\/www.flyspot.com\/es\/nuestras-atracciones\/tunel-flyspot\/flyspot-para-ninos\/","url":"https:\/\/www.flyspot.com\/es\/nuestras-atracciones\/tunel-flyspot\/flyspot-para-ninos\/","name":"Flyspot para ni\u00f1os - Flyspot - Make it Happen","isPartOf":{"@id":"https:\/\/www.flyspot.com\/pl\/#website"},"primaryImageOfPage":{"@id":"https:\/\/www.flyspot.com\/es\/nuestras-atracciones\/tunel-flyspot\/flyspot-para-ninos\/#primaryimage"},"image":{"@id":"https:\/\/www.flyspot.com\/es\/nuestras-atracciones\/tunel-flyspot\/flyspot-para-ninos\/#primaryimage"},"thumbnailUrl":"https:\/\/www.flyspot.com\/wp-content\/uploads\/2020\/08\/indoor.jpg","datePublished":"2022-09-19T10:28:45+00:00","dateModified":"2024-09-27T14:17:07+00:00","breadcrumb":{"@id":"https:\/\/www.flyspot.com\/es\/nuestras-atracciones\/tunel-flyspot\/flyspot-para-ninos\/#breadcrumb"},"inLanguage":"es","potentialAction":[{"@type":"ReadAction","target":["https:\/\/www.flyspot.com\/es\/nuestras-atracciones\/tunel-flyspot\/flyspot-para-ninos\/"]}]},{"@type":"ImageObject","inLanguage":"es","@id":"https:\/\/www.flyspot.com\/es\/nuestras-atracciones\/tunel-flyspot\/flyspot-para-ninos\/#primaryimage","url":"https:\/\/www.flyspot.com\/wp-content\/uploads\/2020\/08\/indoor.jpg","contentUrl":"https:\/\/www.flyspot.com\/wp-content\/uploads\/2020\/08\/indoor.jpg","width":705,"height":470},{"@type":"BreadcrumbList","@id":"https:\/\/www.flyspot.com\/es\/nuestras-atracciones\/tunel-flyspot\/flyspot-para-ninos\/#breadcrumb","itemListElement":[{"@type":"ListItem","position":1,"name":"Strona g\u0142\u00f3wna","item":"https:\/\/www.flyspot.com\/es\/"},{"@type":"ListItem","position":2,"name":"Nuestras atracciones","item":"https:\/\/www.flyspot.com\/es\/nuestras-atracciones\/"},{"@type":"ListItem","position":3,"name":"T\u00fanel Flyspot","item":"https:\/\/www.flyspot.com\/es\/nuestras-atracciones\/tunel-flyspot\/"},{"@type":"ListItem","position":4,"name":"Flyspot para ni\u00f1os"}]},{"@type":"WebSite","@id":"https:\/\/www.flyspot.com\/pl\/#website","url":"https:\/\/www.flyspot.com\/pl\/","name":"Flyspot - Make it Happen","description":"t\u00fanel de viento, simulador de Boeing 737, haz realidad tus sue\u00f1os de volar","potentialAction":[{"@type":"SearchAction","target":{"@type":"EntryPoint","urlTemplate":"https:\/\/www.flyspot.com\/pl\/?s={search_term_string}"},"query-input":{"@type":"PropertyValueSpecification","valueRequired":true,"valueName":"search_term_string"}}],"inLanguage":"es"}]}},"_links":{"self":[{"href":"https:\/\/www.flyspot.com\/es\/wp-json\/wp\/v2\/pages\/20452","targetHints":{"allow":["GET"]}}],"collection":[{"href":"https:\/\/www.flyspot.com\/es\/wp-json\/wp\/v2\/pages"}],"about":[{"href":"https:\/\/www.flyspot.com\/es\/wp-json\/wp\/v2\/types\/page"}],"author":[{"embeddable":true,"href":"https:\/\/www.flyspot.com\/es\/wp-json\/wp\/v2\/users\/1"}],"replies":[{"embeddable":true,"href":"https:\/\/www.flyspot.com\/es\/wp-json\/wp\/v2\/comments?post=20452"}],"version-history":[{"count":14,"href":"https:\/\/www.flyspot.com\/es\/wp-json\/wp\/v2\/pages\/20452\/revisions"}],"predecessor-version":[{"id":38254,"href":"https:\/\/www.flyspot.com\/es\/wp-json\/wp\/v2\/pages\/20452\/revisions\/38254"}],"up":[{"embeddable":true,"href":"https:\/\/www.flyspot.com\/es\/wp-json\/wp\/v2\/pages\/12411"}],"wp:featuredmedia":[{"embeddable":true,"href":"https:\/\/www.flyspot.com\/es\/wp-json\/wp\/v2\/media\/7931"}],"wp:attachment":[{"href":"https:\/\/www.flyspot.com\/es\/wp-json\/wp\/v2\/media?parent=20452"}],"curies":[{"name":"wp","href":"https:\/\/api.w.org\/{rel}","templated":true}]}}