{"id":14948,"date":"2020-09-16T12:56:47","date_gmt":"2020-09-16T10:56:47","guid":{"rendered":"https:\/\/www.flyspot.com\/nuestras-atracciones\/tunel-flyspot\/flyspot-para-ninos\/flyspot-para-ninos-preguntas-frecuentes\/"},"modified":"2024-09-26T14:51:57","modified_gmt":"2024-09-26T12:51:57","slug":"flyspot-para-ninos-preguntas-frecuentes","status":"publish","type":"page","link":"https:\/\/www.flyspot.com\/es\/trabajando\/flyspot-para-ninos-2\/flyspot-para-ninos-preguntas-frecuentes\/","title":{"rendered":"Flyspot para ni\u00f1os &#8211; preguntas frecuentes"},"content":{"rendered":"\n<p>Aqu\u00ed encontrar\u00e1s respuestas a las preguntas m\u00e1s frecuentes relacionadas con las visitas de los ni\u00f1os a Flyspot<\/p>\n","protected":false},"excerpt":{"rendered":"<p>Aqu\u00ed encontrar\u00e1s respuestas a las preguntas m\u00e1s frecuentes relacionadas con las visitas de los ni\u00f1os a Flyspot<\/p>\n","protected":false},"author":1,"featured_media":0,"parent":14880,"menu_order":5,"comment_status":"closed","ping_status":"closed","template":"template-faq.php","meta":{"_acf_changed":false,"footnotes":""},"class_list":["post-14948","page","type-page","status-publish","hentry"],"acf":[],"yoast_head":"<!-- This site is optimized with the Yoast SEO plugin v27.3 - https:\/\/yoast.com\/product\/yoast-seo-wordpress\/ -->\n<title>Flyspot para ni\u00f1os - preguntas frecuentes - Flyspot - Make it Happen<\/title>\n<meta name=\"robots\" content=\"index, follow, max-snippet:-1, max-image-preview:large, max-video-preview:-1\" \/>\n<link rel=\"canonical\" href=\"https:\/\/www.flyspot.com\/pl\/?page_id=2812\" \/>\n<meta property=\"og:locale\" content=\"es_ES\" \/>\n<meta property=\"og:type\" content=\"article\" \/>\n<meta property=\"og:title\" content=\"Flyspot para ni\u00f1os - preguntas frecuentes - Flyspot - Make it Happen\" \/>\n<meta property=\"og:description\" content=\"Aqu\u00ed encontrar\u00e1s respuestas a las preguntas m\u00e1s frecuentes relacionadas con las visitas de los ni\u00f1os a Flyspot\" \/>\n<meta property=\"og:url\" content=\"https:\/\/www.flyspot.com\/pl\/?page_id=2812\" \/>\n<meta property=\"og:site_name\" content=\"Flyspot - Make it Happen\" \/>\n<meta property=\"article:modified_time\" content=\"2024-09-26T12:51:57+00:00\" \/>\n<meta name=\"twitter:card\" content=\"summary_large_image\" \/>\n<script type=\"application\/ld+json\" class=\"yoast-schema-graph\">{\"@context\":\"https:\\\/\\\/schema.org\",\"@graph\":[{\"@type\":\"WebPage\",\"@id\":\"https:\\\/\\\/www.flyspot.com\\\/pl\\\/?page_id=2812\",\"url\":\"https:\\\/\\\/www.flyspot.com\\\/pl\\\/?page_id=2812\",\"name\":\"Flyspot para ni\u00f1os - preguntas frecuentes - Flyspot - Make it Happen\",\"isPartOf\":{\"@id\":\"https:\\\/\\\/www.flyspot.com\\\/pl\\\/#website\"},\"datePublished\":\"2020-09-16T10:56:47+00:00\",\"dateModified\":\"2024-09-26T12:51:57+00:00\",\"breadcrumb\":{\"@id\":\"https:\\\/\\\/www.flyspot.com\\\/pl\\\/?page_id=2812#breadcrumb\"},\"inLanguage\":\"es\",\"potentialAction\":[{\"@type\":\"ReadAction\",\"target\":[\"https:\\\/\\\/www.flyspot.com\\\/pl\\\/?page_id=2812\"]}]},{\"@type\":\"BreadcrumbList\",\"@id\":\"https:\\\/\\\/www.flyspot.com\\\/pl\\\/?page_id=2812#breadcrumb\",\"itemListElement\":[{\"@type\":\"ListItem\",\"position\":1,\"name\":\"Strona g\u0142\u00f3wna\",\"item\":\"https:\\\/\\\/www.flyspot.com\\\/es\\\/\"},{\"@type\":\"ListItem\",\"position\":2,\"name\":\"trabajando\",\"item\":\"https:\\\/\\\/www.flyspot.com\\\/es\\\/trabajando\\\/\"},{\"@type\":\"ListItem\",\"position\":3,\"name\":\"Flyspot para ni\u00f1os\",\"item\":\"https:\\\/\\\/www.flyspot.com\\\/es\\\/trabajando\\\/flyspot-para-ninos-2\\\/\"},{\"@type\":\"ListItem\",\"position\":4,\"name\":\"Flyspot para ni\u00f1os &#8211; preguntas frecuentes\"}]},{\"@type\":\"WebSite\",\"@id\":\"https:\\\/\\\/www.flyspot.com\\\/pl\\\/#website\",\"url\":\"https:\\\/\\\/www.flyspot.com\\\/pl\\\/\",\"name\":\"Flyspot - Make it Happen\",\"description\":\"t\u00fanel de viento, simulador de Boeing 737, haz realidad tus sue\u00f1os de volar\",\"potentialAction\":[{\"@type\":\"SearchAction\",\"target\":{\"@type\":\"EntryPoint\",\"urlTemplate\":\"https:\\\/\\\/www.flyspot.com\\\/pl\\\/?s={search_term_string}\"},\"query-input\":{\"@type\":\"PropertyValueSpecification\",\"valueRequired\":true,\"valueName\":\"search_term_string\"}}],\"inLanguage\":\"es\"}]}<\/script>\n<!-- \/ Yoast SEO plugin. -->","yoast_head_json":{"title":"Flyspot para ni\u00f1os - preguntas frecuentes - Flyspot - Make it Happen","robots":{"index":"index","follow":"follow","max-snippet":"max-snippet:-1","max-image-preview":"max-image-preview:large","max-video-preview":"max-video-preview:-1"},"canonical":"https:\/\/www.flyspot.com\/pl\/?page_id=2812","og_locale":"es_ES","og_type":"article","og_title":"Flyspot para ni\u00f1os - preguntas frecuentes - Flyspot - Make it Happen","og_description":"Aqu\u00ed encontrar\u00e1s respuestas a las preguntas m\u00e1s frecuentes relacionadas con las visitas de los ni\u00f1os a Flyspot","og_url":"https:\/\/www.flyspot.com\/pl\/?page_id=2812","og_site_name":"Flyspot - Make it Happen","article_modified_time":"2024-09-26T12:51:57+00:00","twitter_card":"summary_large_image","schema":{"@context":"https:\/\/schema.org","@graph":[{"@type":"WebPage","@id":"https:\/\/www.flyspot.com\/pl\/?page_id=2812","url":"https:\/\/www.flyspot.com\/pl\/?page_id=2812","name":"Flyspot para ni\u00f1os - preguntas frecuentes - Flyspot - Make it Happen","isPartOf":{"@id":"https:\/\/www.flyspot.com\/pl\/#website"},"datePublished":"2020-09-16T10:56:47+00:00","dateModified":"2024-09-26T12:51:57+00:00","breadcrumb":{"@id":"https:\/\/www.flyspot.com\/pl\/?page_id=2812#breadcrumb"},"inLanguage":"es","potentialAction":[{"@type":"ReadAction","target":["https:\/\/www.flyspot.com\/pl\/?page_id=2812"]}]},{"@type":"BreadcrumbList","@id":"https:\/\/www.flyspot.com\/pl\/?page_id=2812#breadcrumb","itemListElement":[{"@type":"ListItem","position":1,"name":"Strona g\u0142\u00f3wna","item":"https:\/\/www.flyspot.com\/es\/"},{"@type":"ListItem","position":2,"name":"trabajando","item":"https:\/\/www.flyspot.com\/es\/trabajando\/"},{"@type":"ListItem","position":3,"name":"Flyspot para ni\u00f1os","item":"https:\/\/www.flyspot.com\/es\/trabajando\/flyspot-para-ninos-2\/"},{"@type":"ListItem","position":4,"name":"Flyspot para ni\u00f1os &#8211; preguntas frecuentes"}]},{"@type":"WebSite","@id":"https:\/\/www.flyspot.com\/pl\/#website","url":"https:\/\/www.flyspot.com\/pl\/","name":"Flyspot - Make it Happen","description":"t\u00fanel de viento, simulador de Boeing 737, haz realidad tus sue\u00f1os de volar","potentialAction":[{"@type":"SearchAction","target":{"@type":"EntryPoint","urlTemplate":"https:\/\/www.flyspot.com\/pl\/?s={search_term_string}"},"query-input":{"@type":"PropertyValueSpecification","valueRequired":true,"valueName":"search_term_string"}}],"inLanguage":"es"}]}},"_links":{"self":[{"href":"https:\/\/www.flyspot.com\/es\/wp-json\/wp\/v2\/pages\/14948","targetHints":{"allow":["GET"]}}],"collection":[{"href":"https:\/\/www.flyspot.com\/es\/wp-json\/wp\/v2\/pages"}],"about":[{"href":"https:\/\/www.flyspot.com\/es\/wp-json\/wp\/v2\/types\/page"}],"author":[{"embeddable":true,"href":"https:\/\/www.flyspot.com\/es\/wp-json\/wp\/v2\/users\/1"}],"replies":[{"embeddable":true,"href":"https:\/\/www.flyspot.com\/es\/wp-json\/wp\/v2\/comments?post=14948"}],"version-history":[{"count":4,"href":"https:\/\/www.flyspot.com\/es\/wp-json\/wp\/v2\/pages\/14948\/revisions"}],"predecessor-version":[{"id":38527,"href":"https:\/\/www.flyspot.com\/es\/wp-json\/wp\/v2\/pages\/14948\/revisions\/38527"}],"up":[{"embeddable":true,"href":"https:\/\/www.flyspot.com\/es\/wp-json\/wp\/v2\/pages\/14880"}],"wp:attachment":[{"href":"https:\/\/www.flyspot.com\/es\/wp-json\/wp\/v2\/media?parent=14948"}],"curies":[{"name":"wp","href":"https:\/\/api.w.org\/{rel}","templated":true}]}}