{"id":14732,"date":"2020-09-15T09:19:58","date_gmt":"2020-09-15T07:19:58","guid":{"rendered":"https:\/\/www.flyspot.com\/boeing-737-paquetes\/40-minutos-en-el-simulador-de-boeing-737\/"},"modified":"2024-09-27T16:28:40","modified_gmt":"2024-09-27T14:28:40","slug":"40-minutos-en-el-simulador-de-boeing-737","status":"publish","type":"page","link":"https:\/\/www.flyspot.com\/es\/nuestras-atracciones\/simulador-de-boeing-737\/boeing-737-paquetes\/40-minutos-en-el-simulador-de-boeing-737\/","title":{"rendered":"40 minutos en un simulador de Boeing 737"},"content":{"rendered":"<div id=\"hero-block_f00dfdb25c41758d7a3e6477470b11a1\" class=\"hero-block\">\r\n  <div class=\"row outer-container\">\r\n    <div>\r\n      <img decoding=\"async\" lazy src=\"data:image\/gif;base64,R0lGODlhAQABAAD\/ACwAAAAAAQABAAACADs%3D\" data-src=\"https:\/\/www.flyspot.com\/wp-content\/uploads\/2020\/09\/Layer-2-1.jpg\" alt=\"\">\r\n          <\/div>\r\n    <div>\r\n      <h2>40 minutos en un simulador de Boeing 737<\/h2><p>Toma el control de un avi\u00f3n de pasajeros de 80 toneladas.  <br>\nMira c\u00f3mo es la tripulaci\u00f3n de un gran avi\u00f3n de pasajeros<\/p>    <\/div>\r\n  <\/div>\r\n<\/div><!-- block -->\r\n<div id=\"product-details-block_25544848c9fd0f803a8dfbb519558197\" class=\"product-details-block\">\r\n  <div class=\"row container\">\r\n    <div>\r\n      <h2 class=\"title\">Detalles del producto<\/h2>      <p class=\"desc\">El vuelo en el simulador va precedido de una breve introducci\u00f3n te\u00f3rica, en la que un instructor experimentado introducir\u00e1 al participante en los principios m\u00e1s importantes del pilotaje y explicar\u00e1 las funciones b\u00e1sicas de los instrumentos e indicadores necesarios. Todo lo que ocurra durante el vuelo ser\u00e1 &#8220;marcado&#8221; por el instructor de forma continua, en funci\u00f3n de las habilidades y la experiencia del participante.  \n\nLa sesi\u00f3n de simulador comienza en la pista. Bajo la direcci\u00f3n de un instructor, el participante configura la aeronave para la salida y luego realiza un rodaje y despegue de la pista. Durante el vuelo, el participante manejar\u00e1 los mandos de la aeronave durante el vuelo manual y las funciones del piloto autom\u00e1tico. La sesi\u00f3n termina con un aterrizaje satisfactorio en el aeropuerto de destino. En 40 minutos, el participante puede realizar de 2 a 3 despegues y aterrizajes en diferentes aer\u00f3dromos y en distintas condiciones meteorol\u00f3gicas.\n\nEl lanzamiento tiene lugar con buen tiempo y sin restricciones de visibilidad por debajo de 1 km de altitud.\n\nSi el participante lo solicita, podemos programar el tiempo actual en el aeropuerto en cuesti\u00f3n.<\/p>      <ul>            <li>\r\n              <p>Precio en pln<\/p>\r\n              <strong>desde 549 pln<\/strong>\r\n            <\/li>\r\n                      <li>\r\n              <p>N\u00famero de personas<\/p>\r\n              <strong>1-2<\/strong>\r\n            <\/li>\r\n                      <li>\r\n              <p>Duraci\u00f3n de la sesi\u00f3n<\/p>\r\n              <strong>40 minutos<\/strong>\r\n            <\/li>\r\n                      <li>\r\n              <p>Edad m\u00ednima<\/p>\r\n              <strong>6 a\u00f1os<\/strong>\r\n            <\/li>\r\n                      <li>\r\n              <p>Incluye<\/p>\r\n              <strong>Breve formaci\u00f3n introductoria<\/strong>\r\n            <\/li>\r\n                      <li>\r\n              <p><\/p>\r\n              <strong>Cuidado del instructor<\/strong>\r\n            <\/li>\r\n                      <li>\r\n              <p><\/p>\r\n              <strong>Certificado<\/strong>\r\n            <\/li>\r\n                      <li>\r\n              <p>Ubicaci\u00f3n<\/p>\r\n              <strong>Flyspot Varsovia<\/strong>\r\n            <\/li>\r\n          <\/ul>      <div class=\"button-list-wrap\"><div class=\"button-list button-type-basic\"><div><a class=\"css-default\" href=\"https:\/\/sklep.flyspot.com\/produkty\/vouchery\/40-minut-w-symulatorze-boeing-737\" target=\"_self\"><img decoding=\"async\" lazy src=\"data:image\/gif;base64,R0lGODlhAQABAAD\/ACwAAAAAAQABAAACADs%3D\" data-src=\"https:\/\/www.flyspot.com\/wp-content\/uploads\/2020\/08\/Group_4.png\" alt=\"\"><strong>Vales de pedido<\/strong><\/a><\/div><div><a class=\"css-default\" href=\"https:\/\/cs.flyspot.com\/offer?steps=boeing\" target=\"_self\"><img decoding=\"async\" lazy src=\"data:image\/gif;base64,R0lGODlhAQABAAD\/ACwAAAAAAQABAAACADs%3D\" data-src=\"https:\/\/www.flyspot.com\/wp-content\/uploads\/2020\/09\/opening-times.png\" alt=\"\"><strong>Me reservo<\/strong><\/a><\/div><\/div><\/div>    <\/div>\r\n  <\/div>\r\n<\/div><!-- block -->\r\n<div id=\"step-guide-icons-block_e5cb1ea5cf9b6146e96e615771bfe9a2\" class=\"step-guide-icons-block\">\r\n  <div class=\"row container\">\r\n    <div>\r\n      <div class=\"title\">Programa diario<\/div>      <ul>            <li data-count=\"01\">\r\n              <div class=\"icon-wrap\"><img decoding=\"async\" lazy src=\"data:image\/gif;base64,R0lGODlhAQABAAD\/ACwAAAAAAQABAAACADs%3D\" data-src=\"https:\/\/www.flyspot.com\/wp-content\/uploads\/2020\/08\/time-3.png\" alt=\"\"><\/div>\r\n              <p>Ven a Flyspot min. 10 min antes de la hora de reserva.<\/p>\r\n                          <\/li>\r\n                      <li data-count=\"02\">\r\n              <div class=\"icon-wrap\"><img decoding=\"async\" lazy src=\"data:image\/gif;base64,R0lGODlhAQABAAD\/ACwAAAAAAQABAAACADs%3D\" data-src=\"https:\/\/www.flyspot.com\/wp-content\/uploads\/2020\/08\/puzzle.png\" alt=\"\"><\/div>\r\n              <p>Solicitar ser Instructor de Simulador<\/p>\r\n                          <\/li>\r\n                      <li data-count=\"03\">\r\n              <div class=\"icon-wrap\"><img decoding=\"async\" lazy src=\"data:image\/gif;base64,R0lGODlhAQABAAD\/ACwAAAAAAQABAAACADs%3D\" data-src=\"https:\/\/www.flyspot.com\/wp-content\/uploads\/2020\/08\/plane-1.png\" alt=\"\"><\/div>\r\n              <p>\u00a1Ocupa los asientos de la tripulaci\u00f3n de un Boeing 737-800 y vive la aventura de tu vida!<\/p>\r\n                          <\/li>\r\n          <\/ul>    <\/div>\r\n  <\/div>\r\n<\/div><!-- block -->\r\n<div id=\"download-block_7afe07787cf08e6fd813432789b63fa8\" class=\"download-block\">\r\n  <div class=\"row container\">\r\n    <div>\r\n      <h2 class=\"title\">documentos adicionales<\/h2>      <ul>            <li>\r\n              <a href=\"https:\/\/www.flyspot.com\/wp-content\/uploads\/2020\/09\/737-poster-Niestandardowy.jpg\" download>\r\n                <div>\r\n                  <img decoding=\"async\" lazy src=\"data:image\/gif;base64,R0lGODlhAQABAAD\/ACwAAAAAAQABAAACADs%3D\" data-src=\"https:\/\/www.flyspot.com\/wp-content\/themes\/deepspotflyspotWPML\/images\/dots-download.svg\">\r\n                  <p>Configuraci\u00f3n de la cabina del simulador<\/p>\r\n                <\/div>\r\n              <\/a>\r\n            <\/li>\r\n          <\/ul>    <\/div>\r\n  <\/div>\r\n<\/div><!-- block -->\r\n","protected":false},"excerpt":{"rendered":"","protected":false},"author":1,"featured_media":8155,"parent":14706,"menu_order":2,"comment_status":"closed","ping_status":"closed","template":"","meta":{"_acf_changed":false,"footnotes":""},"class_list":["post-14732","page","type-page","status-publish","has-post-thumbnail","hentry"],"acf":[],"yoast_head":"<!-- This site is optimized with the Yoast SEO plugin v27.3 - https:\/\/yoast.com\/product\/yoast-seo-wordpress\/ -->\n<title>40 minutos en un simulador de Boeing 737 - Flyspot - Make it Happen<\/title>\n<meta name=\"robots\" content=\"index, follow, max-snippet:-1, max-image-preview:large, max-video-preview:-1\" \/>\n<link rel=\"canonical\" href=\"https:\/\/www.flyspot.com\/es\/nuestras-atracciones\/simulador-de-boeing-737\/boeing-737-paquetes\/40-minutos-en-el-simulador-de-boeing-737\/\" \/>\n<meta property=\"og:locale\" content=\"es_ES\" \/>\n<meta property=\"og:type\" content=\"article\" \/>\n<meta property=\"og:title\" content=\"40 minutos en un simulador de Boeing 737 - Flyspot - Make it Happen\" \/>\n<meta property=\"og:url\" content=\"https:\/\/www.flyspot.com\/es\/nuestras-atracciones\/simulador-de-boeing-737\/boeing-737-paquetes\/40-minutos-en-el-simulador-de-boeing-737\/\" \/>\n<meta property=\"og:site_name\" content=\"Flyspot - Make it Happen\" \/>\n<meta property=\"article:modified_time\" content=\"2024-09-27T14:28:40+00:00\" \/>\n<meta property=\"og:image\" content=\"https:\/\/www.flyspot.com\/wp-content\/uploads\/2020\/09\/symulator_3.jpg\" \/>\n\t<meta property=\"og:image:width\" content=\"1070\" \/>\n\t<meta property=\"og:image:height\" content=\"600\" \/>\n\t<meta property=\"og:image:type\" content=\"image\/jpeg\" \/>\n<meta name=\"twitter:card\" content=\"summary_large_image\" \/>\n<script type=\"application\/ld+json\" class=\"yoast-schema-graph\">{\"@context\":\"https:\\\/\\\/schema.org\",\"@graph\":[{\"@type\":\"WebPage\",\"@id\":\"https:\\\/\\\/www.flyspot.com\\\/es\\\/nuestras-atracciones\\\/simulador-de-boeing-737\\\/boeing-737-paquetes\\\/40-minutos-en-el-simulador-de-boeing-737\\\/\",\"url\":\"https:\\\/\\\/www.flyspot.com\\\/es\\\/nuestras-atracciones\\\/simulador-de-boeing-737\\\/boeing-737-paquetes\\\/40-minutos-en-el-simulador-de-boeing-737\\\/\",\"name\":\"40 minutos en un simulador de Boeing 737 - Flyspot - Make it Happen\",\"isPartOf\":{\"@id\":\"https:\\\/\\\/www.flyspot.com\\\/pl\\\/#website\"},\"primaryImageOfPage\":{\"@id\":\"https:\\\/\\\/www.flyspot.com\\\/es\\\/nuestras-atracciones\\\/simulador-de-boeing-737\\\/boeing-737-paquetes\\\/40-minutos-en-el-simulador-de-boeing-737\\\/#primaryimage\"},\"image\":{\"@id\":\"https:\\\/\\\/www.flyspot.com\\\/es\\\/nuestras-atracciones\\\/simulador-de-boeing-737\\\/boeing-737-paquetes\\\/40-minutos-en-el-simulador-de-boeing-737\\\/#primaryimage\"},\"thumbnailUrl\":\"https:\\\/\\\/www.flyspot.com\\\/wp-content\\\/uploads\\\/2020\\\/09\\\/symulator_3.jpg\",\"datePublished\":\"2020-09-15T07:19:58+00:00\",\"dateModified\":\"2024-09-27T14:28:40+00:00\",\"breadcrumb\":{\"@id\":\"https:\\\/\\\/www.flyspot.com\\\/es\\\/nuestras-atracciones\\\/simulador-de-boeing-737\\\/boeing-737-paquetes\\\/40-minutos-en-el-simulador-de-boeing-737\\\/#breadcrumb\"},\"inLanguage\":\"es\",\"potentialAction\":[{\"@type\":\"ReadAction\",\"target\":[\"https:\\\/\\\/www.flyspot.com\\\/es\\\/nuestras-atracciones\\\/simulador-de-boeing-737\\\/boeing-737-paquetes\\\/40-minutos-en-el-simulador-de-boeing-737\\\/\"]}]},{\"@type\":\"ImageObject\",\"inLanguage\":\"es\",\"@id\":\"https:\\\/\\\/www.flyspot.com\\\/es\\\/nuestras-atracciones\\\/simulador-de-boeing-737\\\/boeing-737-paquetes\\\/40-minutos-en-el-simulador-de-boeing-737\\\/#primaryimage\",\"url\":\"https:\\\/\\\/www.flyspot.com\\\/wp-content\\\/uploads\\\/2020\\\/09\\\/symulator_3.jpg\",\"contentUrl\":\"https:\\\/\\\/www.flyspot.com\\\/wp-content\\\/uploads\\\/2020\\\/09\\\/symulator_3.jpg\",\"width\":1070,\"height\":600},{\"@type\":\"BreadcrumbList\",\"@id\":\"https:\\\/\\\/www.flyspot.com\\\/es\\\/nuestras-atracciones\\\/simulador-de-boeing-737\\\/boeing-737-paquetes\\\/40-minutos-en-el-simulador-de-boeing-737\\\/#breadcrumb\",\"itemListElement\":[{\"@type\":\"ListItem\",\"position\":1,\"name\":\"Strona g\u0142\u00f3wna\",\"item\":\"https:\\\/\\\/www.flyspot.com\\\/es\\\/\"},{\"@type\":\"ListItem\",\"position\":2,\"name\":\"Nuestras atracciones\",\"item\":\"https:\\\/\\\/www.flyspot.com\\\/es\\\/nuestras-atracciones\\\/\"},{\"@type\":\"ListItem\",\"position\":3,\"name\":\"Simulador Boeing 737\",\"item\":\"https:\\\/\\\/www.flyspot.com\\\/es\\\/nuestras-atracciones\\\/simulador-de-boeing-737\\\/\"},{\"@type\":\"ListItem\",\"position\":4,\"name\":\"Boeing 737 &#8211; paquetes\",\"item\":\"https:\\\/\\\/www.flyspot.com\\\/es\\\/nuestras-atracciones\\\/simulador-de-boeing-737\\\/boeing-737-paquetes\\\/\"},{\"@type\":\"ListItem\",\"position\":5,\"name\":\"40 minutos en un simulador de Boeing 737\"}]},{\"@type\":\"WebSite\",\"@id\":\"https:\\\/\\\/www.flyspot.com\\\/pl\\\/#website\",\"url\":\"https:\\\/\\\/www.flyspot.com\\\/pl\\\/\",\"name\":\"Flyspot - Make it Happen\",\"description\":\"t\u00fanel de viento, simulador de Boeing 737, haz realidad tus sue\u00f1os de volar\",\"potentialAction\":[{\"@type\":\"SearchAction\",\"target\":{\"@type\":\"EntryPoint\",\"urlTemplate\":\"https:\\\/\\\/www.flyspot.com\\\/pl\\\/?s={search_term_string}\"},\"query-input\":{\"@type\":\"PropertyValueSpecification\",\"valueRequired\":true,\"valueName\":\"search_term_string\"}}],\"inLanguage\":\"es\"}]}<\/script>\n<!-- \/ Yoast SEO plugin. -->","yoast_head_json":{"title":"40 minutos en un simulador de Boeing 737 - Flyspot - Make it Happen","robots":{"index":"index","follow":"follow","max-snippet":"max-snippet:-1","max-image-preview":"max-image-preview:large","max-video-preview":"max-video-preview:-1"},"canonical":"https:\/\/www.flyspot.com\/es\/nuestras-atracciones\/simulador-de-boeing-737\/boeing-737-paquetes\/40-minutos-en-el-simulador-de-boeing-737\/","og_locale":"es_ES","og_type":"article","og_title":"40 minutos en un simulador de Boeing 737 - Flyspot - Make it Happen","og_url":"https:\/\/www.flyspot.com\/es\/nuestras-atracciones\/simulador-de-boeing-737\/boeing-737-paquetes\/40-minutos-en-el-simulador-de-boeing-737\/","og_site_name":"Flyspot - Make it Happen","article_modified_time":"2024-09-27T14:28:40+00:00","og_image":[{"width":1070,"height":600,"url":"https:\/\/www.flyspot.com\/wp-content\/uploads\/2020\/09\/symulator_3.jpg","type":"image\/jpeg"}],"twitter_card":"summary_large_image","schema":{"@context":"https:\/\/schema.org","@graph":[{"@type":"WebPage","@id":"https:\/\/www.flyspot.com\/es\/nuestras-atracciones\/simulador-de-boeing-737\/boeing-737-paquetes\/40-minutos-en-el-simulador-de-boeing-737\/","url":"https:\/\/www.flyspot.com\/es\/nuestras-atracciones\/simulador-de-boeing-737\/boeing-737-paquetes\/40-minutos-en-el-simulador-de-boeing-737\/","name":"40 minutos en un simulador de Boeing 737 - Flyspot - Make it Happen","isPartOf":{"@id":"https:\/\/www.flyspot.com\/pl\/#website"},"primaryImageOfPage":{"@id":"https:\/\/www.flyspot.com\/es\/nuestras-atracciones\/simulador-de-boeing-737\/boeing-737-paquetes\/40-minutos-en-el-simulador-de-boeing-737\/#primaryimage"},"image":{"@id":"https:\/\/www.flyspot.com\/es\/nuestras-atracciones\/simulador-de-boeing-737\/boeing-737-paquetes\/40-minutos-en-el-simulador-de-boeing-737\/#primaryimage"},"thumbnailUrl":"https:\/\/www.flyspot.com\/wp-content\/uploads\/2020\/09\/symulator_3.jpg","datePublished":"2020-09-15T07:19:58+00:00","dateModified":"2024-09-27T14:28:40+00:00","breadcrumb":{"@id":"https:\/\/www.flyspot.com\/es\/nuestras-atracciones\/simulador-de-boeing-737\/boeing-737-paquetes\/40-minutos-en-el-simulador-de-boeing-737\/#breadcrumb"},"inLanguage":"es","potentialAction":[{"@type":"ReadAction","target":["https:\/\/www.flyspot.com\/es\/nuestras-atracciones\/simulador-de-boeing-737\/boeing-737-paquetes\/40-minutos-en-el-simulador-de-boeing-737\/"]}]},{"@type":"ImageObject","inLanguage":"es","@id":"https:\/\/www.flyspot.com\/es\/nuestras-atracciones\/simulador-de-boeing-737\/boeing-737-paquetes\/40-minutos-en-el-simulador-de-boeing-737\/#primaryimage","url":"https:\/\/www.flyspot.com\/wp-content\/uploads\/2020\/09\/symulator_3.jpg","contentUrl":"https:\/\/www.flyspot.com\/wp-content\/uploads\/2020\/09\/symulator_3.jpg","width":1070,"height":600},{"@type":"BreadcrumbList","@id":"https:\/\/www.flyspot.com\/es\/nuestras-atracciones\/simulador-de-boeing-737\/boeing-737-paquetes\/40-minutos-en-el-simulador-de-boeing-737\/#breadcrumb","itemListElement":[{"@type":"ListItem","position":1,"name":"Strona g\u0142\u00f3wna","item":"https:\/\/www.flyspot.com\/es\/"},{"@type":"ListItem","position":2,"name":"Nuestras atracciones","item":"https:\/\/www.flyspot.com\/es\/nuestras-atracciones\/"},{"@type":"ListItem","position":3,"name":"Simulador Boeing 737","item":"https:\/\/www.flyspot.com\/es\/nuestras-atracciones\/simulador-de-boeing-737\/"},{"@type":"ListItem","position":4,"name":"Boeing 737 &#8211; paquetes","item":"https:\/\/www.flyspot.com\/es\/nuestras-atracciones\/simulador-de-boeing-737\/boeing-737-paquetes\/"},{"@type":"ListItem","position":5,"name":"40 minutos en un simulador de Boeing 737"}]},{"@type":"WebSite","@id":"https:\/\/www.flyspot.com\/pl\/#website","url":"https:\/\/www.flyspot.com\/pl\/","name":"Flyspot - Make it Happen","description":"t\u00fanel de viento, simulador de Boeing 737, haz realidad tus sue\u00f1os de volar","potentialAction":[{"@type":"SearchAction","target":{"@type":"EntryPoint","urlTemplate":"https:\/\/www.flyspot.com\/pl\/?s={search_term_string}"},"query-input":{"@type":"PropertyValueSpecification","valueRequired":true,"valueName":"search_term_string"}}],"inLanguage":"es"}]}},"_links":{"self":[{"href":"https:\/\/www.flyspot.com\/es\/wp-json\/wp\/v2\/pages\/14732","targetHints":{"allow":["GET"]}}],"collection":[{"href":"https:\/\/www.flyspot.com\/es\/wp-json\/wp\/v2\/pages"}],"about":[{"href":"https:\/\/www.flyspot.com\/es\/wp-json\/wp\/v2\/types\/page"}],"author":[{"embeddable":true,"href":"https:\/\/www.flyspot.com\/es\/wp-json\/wp\/v2\/users\/1"}],"replies":[{"embeddable":true,"href":"https:\/\/www.flyspot.com\/es\/wp-json\/wp\/v2\/comments?post=14732"}],"version-history":[{"count":12,"href":"https:\/\/www.flyspot.com\/es\/wp-json\/wp\/v2\/pages\/14732\/revisions"}],"predecessor-version":[{"id":39191,"href":"https:\/\/www.flyspot.com\/es\/wp-json\/wp\/v2\/pages\/14732\/revisions\/39191"}],"up":[{"embeddable":true,"href":"https:\/\/www.flyspot.com\/es\/wp-json\/wp\/v2\/pages\/14706"}],"wp:featuredmedia":[{"embeddable":true,"href":"https:\/\/www.flyspot.com\/es\/wp-json\/wp\/v2\/media\/8155"}],"wp:attachment":[{"href":"https:\/\/www.flyspot.com\/es\/wp-json\/wp\/v2\/media?parent=14732"}],"curies":[{"name":"wp","href":"https:\/\/api.w.org\/{rel}","templated":true}]}}