{"id":14718,"date":"2020-09-15T10:09:32","date_gmt":"2020-09-15T08:09:32","guid":{"rendered":"https:\/\/www.flyspot.com\/boeing-737-paquetes\/pilot-assessment\/"},"modified":"2024-09-27T16:29:21","modified_gmt":"2024-09-27T14:29:21","slug":"pilot-assessment","status":"publish","type":"page","link":"https:\/\/www.flyspot.com\/es\/nuestras-atracciones\/simulador-de-boeing-737\/boeing-737-paquetes\/pilot-assessment\/","title":{"rendered":"Evaluaci\u00f3n piloto"},"content":{"rendered":"<div id=\"hero-block_5f32490b77998\" class=\"hero-block\">\r\n  <div class=\"row outer-container\">\r\n    <div>\r\n      <img decoding=\"async\" lazy src=\"data:image\/gif;base64,R0lGODlhAQABAAD\/ACwAAAAAAQABAAACADs%3D\" data-src=\"https:\/\/www.flyspot.com\/wp-content\/uploads\/2020\/09\/Layer-2.jpg\" alt=\"\">\r\n          <\/div>\r\n    <div>\r\n      <h2>EVALUACI\u00d3N PILOTO<\/h2><p>Instructores experimentados, el mejor simulador de avi\u00f3n Boeing 737-800  <br>El mejor lugar para desarrollar tus habilidades profesionales.<\/p>    <\/div>\r\n  <\/div>\r\n<\/div><!-- block -->\r\n<div id=\"product-details-block_5f325b7d0e130\" class=\"product-details-block\">\r\n  <div class=\"row container\">\r\n    <div>\r\n      <h2 class=\"title\">Detalles del producto<\/h2>      <p class=\"desc\">Las condiciones de la sesi\u00f3n de simulador se acuerdan individualmente con el instructor. Es posible adquirir sesiones fuera del horario de funcionamiento del simulador.\n\nDurante la sesi\u00f3n de simulador, adaptamos el rendimiento de la aeronave, las condiciones meteorol\u00f3gicas y los fallos a las caracter\u00edsticas de los ejercicios que se van a realizar.  \n\nUn equipo de pilotos instructores experimentados te ayudar\u00e1 a mejorar y optimizar tu trabajo en cabina y prestar\u00e1 especial atenci\u00f3n a los puntos d\u00e9biles y fuertes de los ejercicios que realices.<\/p>      <ul>            <li>\r\n              <p>Precio en pln<\/p>\r\n              <strong>acordado individualmente<\/strong>\r\n            <\/li>\r\n                      <li>\r\n              <p>N\u00famero de personas<\/p>\r\n              <strong>m\u00e1x. 2 os\/h<\/strong>\r\n            <\/li>\r\n                      <li>\r\n              <p>Duraci\u00f3n de la sesi\u00f3n<\/p>\r\n              <strong>por determinar (m\u00edn. 1 h)<\/strong>\r\n            <\/li>\r\n                      <li>\r\n              <p>Para qui\u00e9n<\/p>\r\n              <strong>Pilotos con licencia en vigor (m\u00edn. PPL(A)) que se preparan para:<\/strong>\r\n            <\/li>\r\n                      <li>\r\n              <p><\/p>\r\n              <strong>&#8211; control para aviones B737<\/strong>\r\n            <\/li>\r\n                      <li>\r\n              <p><\/p>\r\n              <strong>&#8211; tipo de calificaci\u00f3n<\/strong>\r\n            <\/li>\r\n                      <li>\r\n              <p><\/p>\r\n              <strong>&#8211; renovaci\u00f3n de licencias<\/strong>\r\n            <\/li>\r\n                      <li>\r\n              <p><\/p>\r\n              <strong>&#8211; formaci\u00f3n en l\u00ednea<\/strong>\r\n            <\/li>\r\n                      <li>\r\n              <p>Incluye<\/p>\r\n              <strong>Presencia y asistencia de un instructor experimentado<\/strong>\r\n            <\/li>\r\n                      <li>\r\n              <p><\/p>\r\n              <strong>Acceso a:<\/strong>\r\n            <\/li>\r\n                      <li>\r\n              <p><\/p>\r\n              <strong>&#8211; Pack Asalto<\/strong>\r\n            <\/li>\r\n                      <li>\r\n              <p><\/p>\r\n              <strong>&#8211; Paquete informativo<\/strong>\r\n            <\/li>\r\n                      <li>\r\n              <p><\/p>\r\n              <strong>&#8211; lista de control<\/strong>\r\n            <\/li>\r\n                      <li>\r\n              <p><\/p>\r\n              <strong>&#8211; tarjetas de navegaci\u00f3n<\/strong>\r\n            <\/li>\r\n                      <li>\r\n              <p><\/p>\r\n              <strong>&#8211; procedimientos con QRH<\/strong>\r\n            <\/li>\r\n                      <li>\r\n              <p>Ubicaci\u00f3n<\/p>\r\n              <strong>Flyspot Varsovia<\/strong>\r\n            <\/li>\r\n          <\/ul>      <div class=\"button-list-wrap\"><div class=\"button-list button-type-basic\"><div><a class=\"css-default\" href=\"mailto:737@flyspot.com?subject=Pilot%20Assessment\" target=\"_self\"><img decoding=\"async\" lazy src=\"data:image\/gif;base64,R0lGODlhAQABAAD\/ACwAAAAAAQABAAACADs%3D\" data-src=\"https:\/\/www.flyspot.com\/wp-content\/uploads\/2020\/09\/opening-times.png\" alt=\"\"><strong>Escr\u00edbenos<\/strong><\/a><\/div><\/div><\/div>    <\/div>\r\n  <\/div>\r\n<\/div><!-- block -->\r\n<div id=\"step-guide-icons-block_5f3250b54b5ff\" class=\"step-guide-icons-block\">\r\n  <div class=\"row container\">\r\n    <div>\r\n      <div class=\"title\">Programa diario<\/div>      <ul>            <li data-count=\"01\">\r\n              <div class=\"icon-wrap\"><img decoding=\"async\" lazy src=\"data:image\/gif;base64,R0lGODlhAQABAAD\/ACwAAAAAAQABAAACADs%3D\" data-src=\"https:\/\/www.flyspot.com\/wp-content\/uploads\/2020\/08\/puzzle.png\" alt=\"\"><\/div>\r\n              <p>Ponte en contacto con el instructor del simulador y discute los objetivos de la formaci\u00f3n. Esto te permitir\u00e1 preparar una sesi\u00f3n que responda exactamente a tus necesidades<\/p>\r\n                          <\/li>\r\n                      <li data-count=\"02\">\r\n              <div class=\"icon-wrap\"><img decoding=\"async\" lazy src=\"data:image\/gif;base64,R0lGODlhAQABAAD\/ACwAAAAAAQABAAACADs%3D\" data-src=\"https:\/\/www.flyspot.com\/wp-content\/uploads\/2020\/08\/time-3.png\" alt=\"\"><\/div>\r\n              <p>Ven a Flyspot min. 10 min antes de la hora de reserva.<\/p>\r\n                          <\/li>\r\n                      <li data-count=\"03\">\r\n              <div class=\"icon-wrap\"><img decoding=\"async\" lazy src=\"data:image\/gif;base64,R0lGODlhAQABAAD\/ACwAAAAAAQABAAACADs%3D\" data-src=\"https:\/\/www.flyspot.com\/wp-content\/uploads\/2020\/08\/plane-1.png\" alt=\"\"><\/div>\r\n              <p>Toma asiento como tripulante de un Boeing 737-800 y comienza tu formaci\u00f3n programada<\/p>\r\n                          <\/li>\r\n          <\/ul>    <\/div>\r\n  <\/div>\r\n<\/div><!-- block -->\r\n<div id=\"download-block_5f3254c9ad32a\" class=\"download-block\">\r\n  <div class=\"row container\">\r\n    <div>\r\n      <h2 class=\"title\">documentos adicionales<\/h2>      <ul>            <li>\r\n              <a href=\"https:\/\/www.flyspot.com\/wp-content\/uploads\/2020\/09\/737-poster-Niestandardowy.jpg\" download>\r\n                <div>\r\n                  <img decoding=\"async\" lazy src=\"data:image\/gif;base64,R0lGODlhAQABAAD\/ACwAAAAAAQABAAACADs%3D\" data-src=\"https:\/\/www.flyspot.com\/wp-content\/themes\/deepspotflyspotWPML\/images\/dots-download.svg\">\r\n                  <p>Configuraci\u00f3n de la cabina del simulador<\/p>\r\n                <\/div>\r\n              <\/a>\r\n            <\/li>\r\n          <\/ul>    <\/div>\r\n  <\/div>\r\n<\/div><!-- block -->\r\n","protected":false},"excerpt":{"rendered":"","protected":false},"author":1,"featured_media":8159,"parent":14706,"menu_order":4,"comment_status":"closed","ping_status":"closed","template":"","meta":{"_acf_changed":false,"footnotes":""},"class_list":["post-14718","page","type-page","status-publish","has-post-thumbnail","hentry"],"acf":[],"yoast_head":"<!-- This site is optimized with the Yoast SEO plugin v27.3 - https:\/\/yoast.com\/product\/yoast-seo-wordpress\/ -->\n<title>Evaluaci\u00f3n piloto - Flyspot - Make it Happen<\/title>\n<meta name=\"robots\" content=\"index, follow, max-snippet:-1, max-image-preview:large, max-video-preview:-1\" \/>\n<link rel=\"canonical\" href=\"https:\/\/www.flyspot.com\/es\/nuestras-atracciones\/simulador-de-boeing-737\/boeing-737-paquetes\/pilot-assessment\/\" \/>\n<meta property=\"og:locale\" content=\"es_ES\" \/>\n<meta property=\"og:type\" content=\"article\" \/>\n<meta property=\"og:title\" content=\"Evaluaci\u00f3n piloto - Flyspot - Make it Happen\" \/>\n<meta property=\"og:url\" content=\"https:\/\/www.flyspot.com\/es\/nuestras-atracciones\/simulador-de-boeing-737\/boeing-737-paquetes\/pilot-assessment\/\" \/>\n<meta property=\"og:site_name\" content=\"Flyspot - Make it Happen\" \/>\n<meta property=\"article:modified_time\" content=\"2024-09-27T14:29:21+00:00\" \/>\n<meta property=\"og:image\" content=\"https:\/\/www.flyspot.com\/wp-content\/uploads\/2020\/09\/symulator_4.jpg\" \/>\n\t<meta property=\"og:image:width\" content=\"1070\" \/>\n\t<meta property=\"og:image:height\" content=\"600\" \/>\n\t<meta property=\"og:image:type\" content=\"image\/jpeg\" \/>\n<meta name=\"twitter:card\" content=\"summary_large_image\" \/>\n<script type=\"application\/ld+json\" class=\"yoast-schema-graph\">{\"@context\":\"https:\\\/\\\/schema.org\",\"@graph\":[{\"@type\":\"WebPage\",\"@id\":\"https:\\\/\\\/www.flyspot.com\\\/es\\\/nuestras-atracciones\\\/simulador-de-boeing-737\\\/boeing-737-paquetes\\\/pilot-assessment\\\/\",\"url\":\"https:\\\/\\\/www.flyspot.com\\\/es\\\/nuestras-atracciones\\\/simulador-de-boeing-737\\\/boeing-737-paquetes\\\/pilot-assessment\\\/\",\"name\":\"Evaluaci\u00f3n piloto - Flyspot - Make it Happen\",\"isPartOf\":{\"@id\":\"https:\\\/\\\/www.flyspot.com\\\/pl\\\/#website\"},\"primaryImageOfPage\":{\"@id\":\"https:\\\/\\\/www.flyspot.com\\\/es\\\/nuestras-atracciones\\\/simulador-de-boeing-737\\\/boeing-737-paquetes\\\/pilot-assessment\\\/#primaryimage\"},\"image\":{\"@id\":\"https:\\\/\\\/www.flyspot.com\\\/es\\\/nuestras-atracciones\\\/simulador-de-boeing-737\\\/boeing-737-paquetes\\\/pilot-assessment\\\/#primaryimage\"},\"thumbnailUrl\":\"https:\\\/\\\/www.flyspot.com\\\/wp-content\\\/uploads\\\/2020\\\/09\\\/symulator_4.jpg\",\"datePublished\":\"2020-09-15T08:09:32+00:00\",\"dateModified\":\"2024-09-27T14:29:21+00:00\",\"breadcrumb\":{\"@id\":\"https:\\\/\\\/www.flyspot.com\\\/es\\\/nuestras-atracciones\\\/simulador-de-boeing-737\\\/boeing-737-paquetes\\\/pilot-assessment\\\/#breadcrumb\"},\"inLanguage\":\"es\",\"potentialAction\":[{\"@type\":\"ReadAction\",\"target\":[\"https:\\\/\\\/www.flyspot.com\\\/es\\\/nuestras-atracciones\\\/simulador-de-boeing-737\\\/boeing-737-paquetes\\\/pilot-assessment\\\/\"]}]},{\"@type\":\"ImageObject\",\"inLanguage\":\"es\",\"@id\":\"https:\\\/\\\/www.flyspot.com\\\/es\\\/nuestras-atracciones\\\/simulador-de-boeing-737\\\/boeing-737-paquetes\\\/pilot-assessment\\\/#primaryimage\",\"url\":\"https:\\\/\\\/www.flyspot.com\\\/wp-content\\\/uploads\\\/2020\\\/09\\\/symulator_4.jpg\",\"contentUrl\":\"https:\\\/\\\/www.flyspot.com\\\/wp-content\\\/uploads\\\/2020\\\/09\\\/symulator_4.jpg\",\"width\":1070,\"height\":600},{\"@type\":\"BreadcrumbList\",\"@id\":\"https:\\\/\\\/www.flyspot.com\\\/es\\\/nuestras-atracciones\\\/simulador-de-boeing-737\\\/boeing-737-paquetes\\\/pilot-assessment\\\/#breadcrumb\",\"itemListElement\":[{\"@type\":\"ListItem\",\"position\":1,\"name\":\"Strona g\u0142\u00f3wna\",\"item\":\"https:\\\/\\\/www.flyspot.com\\\/es\\\/\"},{\"@type\":\"ListItem\",\"position\":2,\"name\":\"Nuestras atracciones\",\"item\":\"https:\\\/\\\/www.flyspot.com\\\/es\\\/nuestras-atracciones\\\/\"},{\"@type\":\"ListItem\",\"position\":3,\"name\":\"Simulador Boeing 737\",\"item\":\"https:\\\/\\\/www.flyspot.com\\\/es\\\/nuestras-atracciones\\\/simulador-de-boeing-737\\\/\"},{\"@type\":\"ListItem\",\"position\":4,\"name\":\"Boeing 737 &#8211; paquetes\",\"item\":\"https:\\\/\\\/www.flyspot.com\\\/es\\\/nuestras-atracciones\\\/simulador-de-boeing-737\\\/boeing-737-paquetes\\\/\"},{\"@type\":\"ListItem\",\"position\":5,\"name\":\"Evaluaci\u00f3n piloto\"}]},{\"@type\":\"WebSite\",\"@id\":\"https:\\\/\\\/www.flyspot.com\\\/pl\\\/#website\",\"url\":\"https:\\\/\\\/www.flyspot.com\\\/pl\\\/\",\"name\":\"Flyspot - Make it Happen\",\"description\":\"t\u00fanel de viento, simulador de Boeing 737, haz realidad tus sue\u00f1os de volar\",\"potentialAction\":[{\"@type\":\"SearchAction\",\"target\":{\"@type\":\"EntryPoint\",\"urlTemplate\":\"https:\\\/\\\/www.flyspot.com\\\/pl\\\/?s={search_term_string}\"},\"query-input\":{\"@type\":\"PropertyValueSpecification\",\"valueRequired\":true,\"valueName\":\"search_term_string\"}}],\"inLanguage\":\"es\"}]}<\/script>\n<!-- \/ Yoast SEO plugin. -->","yoast_head_json":{"title":"Evaluaci\u00f3n piloto - Flyspot - Make it Happen","robots":{"index":"index","follow":"follow","max-snippet":"max-snippet:-1","max-image-preview":"max-image-preview:large","max-video-preview":"max-video-preview:-1"},"canonical":"https:\/\/www.flyspot.com\/es\/nuestras-atracciones\/simulador-de-boeing-737\/boeing-737-paquetes\/pilot-assessment\/","og_locale":"es_ES","og_type":"article","og_title":"Evaluaci\u00f3n piloto - Flyspot - Make it Happen","og_url":"https:\/\/www.flyspot.com\/es\/nuestras-atracciones\/simulador-de-boeing-737\/boeing-737-paquetes\/pilot-assessment\/","og_site_name":"Flyspot - Make it Happen","article_modified_time":"2024-09-27T14:29:21+00:00","og_image":[{"width":1070,"height":600,"url":"https:\/\/www.flyspot.com\/wp-content\/uploads\/2020\/09\/symulator_4.jpg","type":"image\/jpeg"}],"twitter_card":"summary_large_image","schema":{"@context":"https:\/\/schema.org","@graph":[{"@type":"WebPage","@id":"https:\/\/www.flyspot.com\/es\/nuestras-atracciones\/simulador-de-boeing-737\/boeing-737-paquetes\/pilot-assessment\/","url":"https:\/\/www.flyspot.com\/es\/nuestras-atracciones\/simulador-de-boeing-737\/boeing-737-paquetes\/pilot-assessment\/","name":"Evaluaci\u00f3n piloto - Flyspot - Make it Happen","isPartOf":{"@id":"https:\/\/www.flyspot.com\/pl\/#website"},"primaryImageOfPage":{"@id":"https:\/\/www.flyspot.com\/es\/nuestras-atracciones\/simulador-de-boeing-737\/boeing-737-paquetes\/pilot-assessment\/#primaryimage"},"image":{"@id":"https:\/\/www.flyspot.com\/es\/nuestras-atracciones\/simulador-de-boeing-737\/boeing-737-paquetes\/pilot-assessment\/#primaryimage"},"thumbnailUrl":"https:\/\/www.flyspot.com\/wp-content\/uploads\/2020\/09\/symulator_4.jpg","datePublished":"2020-09-15T08:09:32+00:00","dateModified":"2024-09-27T14:29:21+00:00","breadcrumb":{"@id":"https:\/\/www.flyspot.com\/es\/nuestras-atracciones\/simulador-de-boeing-737\/boeing-737-paquetes\/pilot-assessment\/#breadcrumb"},"inLanguage":"es","potentialAction":[{"@type":"ReadAction","target":["https:\/\/www.flyspot.com\/es\/nuestras-atracciones\/simulador-de-boeing-737\/boeing-737-paquetes\/pilot-assessment\/"]}]},{"@type":"ImageObject","inLanguage":"es","@id":"https:\/\/www.flyspot.com\/es\/nuestras-atracciones\/simulador-de-boeing-737\/boeing-737-paquetes\/pilot-assessment\/#primaryimage","url":"https:\/\/www.flyspot.com\/wp-content\/uploads\/2020\/09\/symulator_4.jpg","contentUrl":"https:\/\/www.flyspot.com\/wp-content\/uploads\/2020\/09\/symulator_4.jpg","width":1070,"height":600},{"@type":"BreadcrumbList","@id":"https:\/\/www.flyspot.com\/es\/nuestras-atracciones\/simulador-de-boeing-737\/boeing-737-paquetes\/pilot-assessment\/#breadcrumb","itemListElement":[{"@type":"ListItem","position":1,"name":"Strona g\u0142\u00f3wna","item":"https:\/\/www.flyspot.com\/es\/"},{"@type":"ListItem","position":2,"name":"Nuestras atracciones","item":"https:\/\/www.flyspot.com\/es\/nuestras-atracciones\/"},{"@type":"ListItem","position":3,"name":"Simulador Boeing 737","item":"https:\/\/www.flyspot.com\/es\/nuestras-atracciones\/simulador-de-boeing-737\/"},{"@type":"ListItem","position":4,"name":"Boeing 737 &#8211; paquetes","item":"https:\/\/www.flyspot.com\/es\/nuestras-atracciones\/simulador-de-boeing-737\/boeing-737-paquetes\/"},{"@type":"ListItem","position":5,"name":"Evaluaci\u00f3n piloto"}]},{"@type":"WebSite","@id":"https:\/\/www.flyspot.com\/pl\/#website","url":"https:\/\/www.flyspot.com\/pl\/","name":"Flyspot - Make it Happen","description":"t\u00fanel de viento, simulador de Boeing 737, haz realidad tus sue\u00f1os de volar","potentialAction":[{"@type":"SearchAction","target":{"@type":"EntryPoint","urlTemplate":"https:\/\/www.flyspot.com\/pl\/?s={search_term_string}"},"query-input":{"@type":"PropertyValueSpecification","valueRequired":true,"valueName":"search_term_string"}}],"inLanguage":"es"}]}},"_links":{"self":[{"href":"https:\/\/www.flyspot.com\/es\/wp-json\/wp\/v2\/pages\/14718","targetHints":{"allow":["GET"]}}],"collection":[{"href":"https:\/\/www.flyspot.com\/es\/wp-json\/wp\/v2\/pages"}],"about":[{"href":"https:\/\/www.flyspot.com\/es\/wp-json\/wp\/v2\/types\/page"}],"author":[{"embeddable":true,"href":"https:\/\/www.flyspot.com\/es\/wp-json\/wp\/v2\/users\/1"}],"replies":[{"embeddable":true,"href":"https:\/\/www.flyspot.com\/es\/wp-json\/wp\/v2\/comments?post=14718"}],"version-history":[{"count":10,"href":"https:\/\/www.flyspot.com\/es\/wp-json\/wp\/v2\/pages\/14718\/revisions"}],"predecessor-version":[{"id":39253,"href":"https:\/\/www.flyspot.com\/es\/wp-json\/wp\/v2\/pages\/14718\/revisions\/39253"}],"up":[{"embeddable":true,"href":"https:\/\/www.flyspot.com\/es\/wp-json\/wp\/v2\/pages\/14706"}],"wp:featuredmedia":[{"embeddable":true,"href":"https:\/\/www.flyspot.com\/es\/wp-json\/wp\/v2\/media\/8159"}],"wp:attachment":[{"href":"https:\/\/www.flyspot.com\/es\/wp-json\/wp\/v2\/media?parent=14718"}],"curies":[{"name":"wp","href":"https:\/\/api.w.org\/{rel}","templated":true}]}}