{"id":14669,"date":"2020-09-19T08:25:20","date_gmt":"2020-09-19T06:25:20","guid":{"rendered":"https:\/\/www.flyspot.com\/flyspot-warszawa\/"},"modified":"2024-09-27T16:29:16","modified_gmt":"2024-09-27T14:29:16","slug":"flyspot-warszawa","status":"publish","type":"page","link":"https:\/\/www.flyspot.com\/es\/ubicaciones\/flyspot-warszawa\/","title":{"rendered":"Flyspot en Varsovia"},"content":{"rendered":"<div id=\"hero-block_1c345076f1a41908f55b75ac7cd83b4d\" class=\"hero-block\">\r\n  <div class=\"row outer-container\">\r\n    <div>\r\n      <img decoding=\"async\" lazy src=\"data:image\/gif;base64,R0lGODlhAQABAAD\/ACwAAAAAAQABAAACADs%3D\" data-src=\"https:\/\/www.flyspot.com\/wp-content\/uploads\/2020\/09\/wawa.jpg\" alt=\"\">\r\n              <span class=\"youtube-play\" data-youtube=\"https:\/\/www.youtube.com\/watch?v=GOQqe0NUeUI\">\r\n          <img decoding=\"async\" lazy src=\"data:image\/gif;base64,R0lGODlhAQABAAD\/ACwAAAAAAQABAAACADs%3D\" data-src=\"https:\/\/www.flyspot.com\/wp-content\/themes\/deepspotflyspotWPML\/images\/youtube-play.svg\" alt=\"play\">\r\n          <strong>ver el v\u00eddeo<\/strong>\r\n        <\/span>\r\n          <\/div>\r\n    <div>\r\n      <h2>Flyspot Varsovia<\/h2><p><p>Flyspot, en Varsovia, es el t\u00fanel de viento m\u00e1s moderno de Europa. Utilizando tecnolog\u00eda innovadora, conocimientos y experiencia, hemos creado un lugar donde volar se ha convertido en algo completamente seguro y lo m\u00e1s accesible posible. \u00bfNunca has volado? \u00a1Hazlo en Flyspot Varsovia!<\/p>\n<\/p>    <\/div>\r\n  <\/div>\r\n<\/div><!-- block -->\r\n<div id=\"product-details-block_6476c89d949b054da67099bac04e136a\" class=\"product-details-block\">\r\n  <div class=\"row container\">\r\n    <div>\r\n      <h2 class=\"title\">PRIMER T\u00daNEL DE VIENTO EN POLONIA<\/h2>      <p class=\"desc\"><p>\u00bfTe interesa un vuelo en t\u00fanel de viento? Varsovia es un buen lugar para comenzar tu aventura con esta actividad que proporciona emociones extremas. Cerca de la capital se encuentra <strong>uno de los t\u00faneles de viento m\u00e1s modernos de Europa<\/strong>, que desde 2014 entretiene ininterrumpidamente a los amantes de las emociones fuertes. Averigua m\u00e1s sobre \u00e9l y c\u00f3mpralo para ti o para un <a href=\"https:\/\/sklep.flyspot.com\/prezenty\"><u>regalo<\/u><\/a> \u00a1para alguien especial!  <\/p>\n<h2>\u00bfDeportes extremos? \u00a1Varsovia vive r\u00e1pida e intensamente!<\/h2>\n<p>Varsovia no es s\u00f3lo la capital de Polonia y la ciudad m\u00e1s grande de nuestro pa\u00eds. Tambi\u00e9n es un lugar de gran diversidad social. Adem\u00e1s de a los nativos de Varsovia, atrae a personas que desean satisfacer diversas necesidades: encontrar el amor, realizarse en el trabajo, pero tambi\u00e9n divertirse y tener una afici\u00f3n que d\u00e9 sentido a la vida.  <\/p>\n<p>Las dos \u00faltimas necesidades quedar\u00e1n satisfechas si pruebas una nueva forma de entretenimiento: <strong>volar en un aerot\u00fanel<\/strong>. Varsovia es una ciudad donde puedes encontrar f\u00e1cilmente el lugar adecuado. Esta es <strong>la sede de Flyspot<\/strong> en Mory, cerca de Varsovia, que cuenta con un t\u00fanel de 12 metros de altura en el que el <strong>aire acelera hasta 300 km\/h<\/strong>.  <\/p>\n<h2>  T\u00fanel de viento &#8211; Varsovia y alrededores<\/h2>\n<p>Este entretenimiento es para todos, incluso si nunca antes han experimentado nada parecido. Antes de entrar en el t\u00fanel, se celebrar\u00e1 <strong>una sesi\u00f3n de formaci\u00f3n<\/strong> en la que se explicar\u00e1n las normas b\u00e1sicas para garantizar la seguridad y la diversi\u00f3n. Tampoco hace falta ropa protectora ni accesorios, ya que todo est\u00e1 <strong>disponible in situ<\/strong>. S\u00f3lo tienes que reservar tu vuelo, llegar a tu direcci\u00f3n y centrarte en pasarlo en grande. <strong>Tambi\u00e9n te regalaremos un v\u00eddeo<\/strong> para que recuerdes este acontecimiento especial durante mucho tiempo.  <\/p>\n<h2>\u00bfD\u00f3nde encontrar el aerot\u00fanel m\u00e1s cercano? \u00a1Varsovia es la direcci\u00f3n correcta!<\/h2>\n<p>\u00bfCrees que es un pasatiempo de dif\u00edcil acceso que no todo el mundo puede permitirse por la dificultad de llegar a \u00e9l? Llegar\u00e1s al vuelo del t\u00fanel de viento sin problemas. Varsovia es una ciudad f\u00e1cilmente accesible tanto en transporte propio como en transporte p\u00fablico. Nuestra sede central, a su vez, est\u00e1 en <strong>Mory, justo en la frontera occidental de la capital<\/strong>. Llegar hasta all\u00ed no deber\u00eda causarte ning\u00fan problema.  <\/p>\n<p>Consulta toda la <a href=\"https:\/\/sklep.flyspot.com\/Sklep\"><u>oferta Flyspot<\/u><\/a> \u00a1y encuentra la opci\u00f3n para ti! \u00bf2 \u00f3 4 vuelos? T\u00fa decides c\u00f3mo ser\u00e1 tu visita a la sede de Flyspot en Varsovia.  <\/p>\n<br><\/br>\n\n<iframe loading=\"lazy\" width=\"853\" height=\"480\" src=\"https:\/\/my.matterport.com\/show\/?m=133ZMbXTC3Y\" frameborder=\"0\" allowfullscreen=\"\" allow=\"xr-spatial-tracking\"><\/iframe>\n\n<br><\/br>\n\n<\/p>      <ul>            <li>\r\n              <p>Konstrukcja tunelu<\/p>\r\n              <strong>Hormig\u00f3n armado<\/strong>\r\n            <\/li>\r\n                      <li>\r\n              <p>Technologia<\/p>\r\n              <strong>Paracaidismo Indoor Alemania<\/strong>\r\n            <\/li>\r\n                      <li>\r\n              <p>\u015arednica komory lot\u00f3w<\/p>\r\n              <strong>4,2 metros<\/strong>\r\n            <\/li>\r\n                      <li>\r\n              <p>Wysoko\u015b\u0107 komory lot\u00f3w<\/p>\r\n              <strong>12 metros<\/strong>\r\n            <\/li>\r\n                      <li>\r\n              <p>Maksymalna pr\u0119dko\u015b\u0107 wiatru<\/p>\r\n              <strong>330 km\/h<\/strong>\r\n            <\/li>\r\n          <\/ul>      <div class=\"button-list-wrap\"><div class=\"button-list button-type-basic\"><div><a class=\"css-default\" href=\"https:\/\/sklep.flyspot.com\/produkty\/vouchery\" target=\"_self\"><img decoding=\"async\" lazy src=\"data:image\/gif;base64,R0lGODlhAQABAAD\/ACwAAAAAAQABAAACADs%3D\" data-src=\"https:\/\/www.flyspot.com\/wp-content\/uploads\/2020\/08\/Group_4.png\" alt=\"\"><strong>Zamawiam Voucher<\/strong><\/a><\/div><div><a class=\"css-default\" href=\"https:\/\/cs.flyspot.com\/offer?steps=flyspot&#038;language=1\" target=\"_self\"><img decoding=\"async\" lazy src=\"data:image\/gif;base64,R0lGODlhAQABAAD\/ACwAAAAAAQABAAACADs%3D\" data-src=\"https:\/\/www.flyspot.com\/wp-content\/uploads\/2020\/09\/opening-times.png\" alt=\"\"><strong>Rezerwuj\u0119 lot w tunelu<\/strong><\/a><\/div><div><a class=\"css-default\" href=\"https:\/\/cs.flyspot.com\/offer?steps=boeing&#038;language=1\" target=\"_self\"><img decoding=\"async\" lazy src=\"data:image\/gif;base64,R0lGODlhAQABAAD\/ACwAAAAAAQABAAACADs%3D\" data-src=\"https:\/\/www.flyspot.com\/wp-content\/uploads\/2020\/08\/plane-17.png\" alt=\"\"><strong>Rezerwuj\u0119 lot w Symulatorze<\/strong><\/a><\/div><\/div><\/div>    <\/div>\r\n  <\/div>\r\n<\/div><!-- block -->\r\n<div id=\"step-guide-icons-block_06ec6e63c3534d7f5794e503b9f1755d\" class=\"step-guide-icons-block\">\r\n  <div class=\"row container\">\r\n    <div>\r\n      <div class=\"title\">Servicios disponibles en el centro<\/div>      <ul>            <li data-count=\"01\">\r\n              <div class=\"icon-wrap\"><img decoding=\"async\" lazy src=\"data:image\/gif;base64,R0lGODlhAQABAAD\/ACwAAAAAAQABAAACADs%3D\" data-src=\"https:\/\/www.flyspot.com\/wp-content\/uploads\/2020\/08\/helm.png\" alt=\"\"><\/div>\r\n              <p>Vuelos en t\u00fanel de viento<\/p>\r\n              <a href=\"https:\/\/www.flyspot.com\/pl\/nasze-atrakcje\/tunel-flyspot\/\" target=\"_self\">M\u00e1s informaci\u00f3n<\/a>            <\/li>\r\n                      <li data-count=\"02\">\r\n              <div class=\"icon-wrap\"><img decoding=\"async\" lazy src=\"data:image\/gif;base64,R0lGODlhAQABAAD\/ACwAAAAAAQABAAACADs%3D\" data-src=\"https:\/\/www.flyspot.com\/wp-content\/uploads\/2020\/08\/plane-17.png\" alt=\"\"><\/div>\r\n              <p>Simulador de vuelo Boeing 737-800<\/p>\r\n              <a href=\"https:\/\/www.flyspot.com\/pl\/nasze-atrakcje\/symulator\/\" target=\"_self\">M\u00e1s informaci\u00f3n<\/a>            <\/li>\r\n                      <li data-count=\"03\">\r\n              <div class=\"icon-wrap\"><img decoding=\"async\" lazy src=\"data:image\/gif;base64,R0lGODlhAQABAAD\/ACwAAAAAAQABAAACADs%3D\" data-src=\"\" alt=\"\"><\/div>\r\n              <p>Tienda Flyspot<\/p>\r\n              <a href=\"https:\/\/sklep.flyspot.com\" target=\"_self\">Visita la tienda online<\/a>            <\/li>\r\n          <\/ul>    <\/div>\r\n  <\/div>\r\n<\/div><!-- block -->\r\n<div id=\"download-block_01b04c4576fb9d47e762bcb1bd6e753d\" class=\"download-block\">\r\n  <div class=\"row container\">\r\n    <div>\r\n                <\/div>\r\n  <\/div>\r\n<\/div><!-- block -->\r\n","protected":false},"excerpt":{"rendered":"","protected":false},"author":1,"featured_media":8859,"parent":30536,"menu_order":12,"comment_status":"closed","ping_status":"closed","template":"","meta":{"_acf_changed":false,"footnotes":""},"class_list":["post-14669","page","type-page","status-publish","has-post-thumbnail","hentry"],"acf":[],"_links":{"self":[{"href":"https:\/\/www.flyspot.com\/es\/wp-json\/wp\/v2\/pages\/14669","targetHints":{"allow":["GET"]}}],"collection":[{"href":"https:\/\/www.flyspot.com\/es\/wp-json\/wp\/v2\/pages"}],"about":[{"href":"https:\/\/www.flyspot.com\/es\/wp-json\/wp\/v2\/types\/page"}],"author":[{"embeddable":true,"href":"https:\/\/www.flyspot.com\/es\/wp-json\/wp\/v2\/users\/1"}],"replies":[{"embeddable":true,"href":"https:\/\/www.flyspot.com\/es\/wp-json\/wp\/v2\/comments?post=14669"}],"version-history":[{"count":29,"href":"https:\/\/www.flyspot.com\/es\/wp-json\/wp\/v2\/pages\/14669\/revisions"}],"predecessor-version":[{"id":39238,"href":"https:\/\/www.flyspot.com\/es\/wp-json\/wp\/v2\/pages\/14669\/revisions\/39238"}],"up":[{"embeddable":true,"href":"https:\/\/www.flyspot.com\/es\/wp-json\/wp\/v2\/pages\/30536"}],"wp:featuredmedia":[{"embeddable":true,"href":"https:\/\/www.flyspot.com\/es\/wp-json\/wp\/v2\/media\/8859"}],"wp:attachment":[{"href":"https:\/\/www.flyspot.com\/es\/wp-json\/wp\/v2\/media?parent=14669"}],"curies":[{"name":"wp","href":"https:\/\/api.w.org\/{rel}","templated":true}]}}