{"id":14663,"date":"2020-09-19T08:52:12","date_gmt":"2020-09-19T06:52:12","guid":{"rendered":"https:\/\/www.flyspot.com\/flyspot-katowice\/"},"modified":"2024-09-27T16:29:18","modified_gmt":"2024-09-27T14:29:18","slug":"flyspot-katowice","status":"publish","type":"page","link":"https:\/\/www.flyspot.com\/es\/ubicaciones\/flyspot-katowice\/","title":{"rendered":"Flyspot en Katowice"},"content":{"rendered":"<div id=\"hero-block_132b713a6d908ee72ab56058d7dd4609\" class=\"hero-block\">\r\n  <div class=\"row outer-container\">\r\n    <div>\r\n      <img decoding=\"async\" lazy src=\"data:image\/gif;base64,R0lGODlhAQABAAD\/ACwAAAAAAQABAAACADs%3D\" data-src=\"https:\/\/www.flyspot.com\/wp-content\/uploads\/2020\/09\/Kato.jpg\" alt=\"\">\r\n              <span class=\"youtube-play\" data-youtube=\"https:\/\/www.youtube.com\/watch?v=a3he2_Op4r0\">\r\n          <img decoding=\"async\" lazy src=\"data:image\/gif;base64,R0lGODlhAQABAAD\/ACwAAAAAAQABAAACADs%3D\" data-src=\"https:\/\/www.flyspot.com\/wp-content\/themes\/deepspotflyspotWPML\/images\/youtube-play.svg\" alt=\"play\">\r\n          <strong>ver el v\u00eddeo<\/strong>\r\n        <\/span>\r\n          <\/div>\r\n    <div>\r\n      <h2>Flyspot Katowice<\/h2><p>El Centro de la Ciudad de Silesia es un lugar donde se cruzan las principales v\u00edas de tr\u00e1fico de Silesia, gracias a lo cual a veces se le denomina el coraz\u00f3n de la regi\u00f3n. No debe sorprender, por tanto, que \u00e9ste fuera el lugar que elegimos para abrir otro Flyspot, que lleva funcionando ininterrumpidamente desde 2017. Comprueba con qu\u00e9 puede sorprenderte este lugar \u00fanico en el mapa de Katowice.<\/p>    <\/div>\r\n  <\/div>\r\n<\/div><!-- block -->\r\n<div id=\"product-details-block_4637eaaa57c18cbefb8fbe65d7a08b8d\" class=\"product-details-block\">\r\n  <div class=\"row container\">\r\n    <div>\r\n      <h2 class=\"title\">\u00bfEntretenimiento inolvidable? Katowice es una ciudad en la que es dif\u00edcil aburrirse.<\/h2>      <p class=\"desc\"><p>Un innovador t\u00fanel de viento, hecho de hormig\u00f3n armado y con tecnolog\u00eda <strong>Indoor Skydiving Germany<\/strong>, espera a los que se atrevan. 12 metros de altura y 4,2 metros de di\u00e1metro proporcionan una libertad \u00f3ptima para realizar acrobacias en un chorro de aire que se precipita a velocidades de <strong>hasta 330 km\/h<\/strong>. Tambi\u00e9n hay una tienda con bonos de vuelo y regalos para los fans de Flyspot. Encontrar\u00e1s <a href=\"https:\/\/sklep.flyspot.com\/prezenty\"><u>un regalo para cada uno<\/u><\/a>.\n<h2>Flyspot Katowice: una oferta \u00fanica no s\u00f3lo para los residentes del sur de Polonia<\/h2>\n<p>No se puede negar que Katowice est\u00e1 considerada el lugar m\u00e1s divertido de toda Silesia. Al colocar otra instalaci\u00f3n de Flyspot en este lugar, quer\u00edamos ofrecer a los silesianos, as\u00ed como a los habitantes de todo el sur de Polonia y a los visitantes, <strong>una alternativa a las actividades cl\u00e1sicas disponibles en un entorno urbano<\/strong>.<\/p>\n<p>Todo lo que necesitas para aprovechar la oferta de Flyspot es una actitud positiva y una pizca de curiosidad. Tendr\u00e1s todo lo dem\u00e1s <strong>-traje de neopreno, accesorios y apoyo del instructor-<\/strong> in situ. Puedes elegir entre paquetes de vuelo que pueden <strong>completarse individualmente o combinarse<\/strong> para ampliar <strong>tu<\/strong> tiempo en el tubo a\u00e9reo. Es una gran opci\u00f3n para los que tienen mucho tiempo libre o se preparan para competiciones profesionales de paracaidismo indoor.<\/p>\n<h2>Las m\u00faltiples caras de Katowice: diversi\u00f3n para parejas, grupos grandes y ni\u00f1os<\/h2>\n<p>Contrariamente a lo que pueda parecer, volar en un t\u00fanel de viento no es una actividad dirigida s\u00f3lo a quienes buscan emociones extremas y un subid\u00f3n repentino de adrenalina. Tambi\u00e9n hay algo para quienes nunca se han enfrentado a algo as\u00ed y, sin embargo, no temen los nuevos retos. Oferta <a href=\"https:\/\/sklep.flyspot.com\/Sklep\"><u>Flyspot<\/u><\/a> est\u00e1 dirigido a cualquier persona que quiera <strong>sentir algo especial y crear recuerdos que no se desvanezcan con el tiempo<\/strong>. Tanto los solteros como las parejas que est\u00e1n reuniendo sus primeras experiencias en el camino de la vida en com\u00fan est\u00e1n invitados a unirse a la diversi\u00f3n en los cielos.<\/p>\n<h2>\u00bfUn vuelo en el t\u00fanel de viento? \u00a1Katowice es otro Flyspot en el mapa de Polonia!<\/h2>\n<p>Las instalaciones de Katowice no s\u00f3lo se distinguen por su innovadora construcci\u00f3n del t\u00fanel de viento. Destaca la gran amplitud del edificio, perfecto para grupos grandes y organizados que visitan Flyspot para <strong>una<\/strong> reuni\u00f3n de <strong>empresa o familiar<\/strong>. Pregunta por una oferta de grupo; estamos abiertos a acuerdos individuales.<\/p>\n<p>Tampoco tienes que ser mayor de edad para hacer tu primer (y probablemente no \u00faltimo) vuelo en un t\u00fanel de viento. Tambi\u00e9n se puede entrar en la c\u00e1mara aerodin\u00e1mica mediante  <strong>ni\u00f1os a partir de 3 a\u00f1os. a\u00f1o de edad<\/strong>que sean lo suficientemente valientes y curiosos como para intentar volar. Los m\u00e1s peque\u00f1os recibir\u00e1n cuidados especiales in situ. La velocidad del aire se ajustar\u00e1 a su capacidad y <strong>la seguridad ser\u00e1 supervisada por un instructor cualificado<\/strong>.<\/p>\n<p>\u00bfQu\u00e9 hacer en Katowice cuando no hace buen tiempo o quieres probar algo nuevo? Echa un vistazo a la oferta de Flyspot y \u00a1encuentra algo adecuado para ti!<\/p>\n<br><\/br>\n\n<iframe loading=\"lazy\" width=\"853\" height=\"480\" src=\"https:\/\/my.matterport.com\/show\/?m=GkaFhNjDprA\" frameborder=\"0\" allowfullscreen=\"\" allow=\"xr-spatial-tracking\"><\/iframe>\n\n<br><\/br><\/p>      <ul>            <li>\r\n              <p>Konstrukcja tunelu<\/p>\r\n              <strong>Hormig\u00f3n armado<\/strong>\r\n            <\/li>\r\n                      <li>\r\n              <p>Technologia<\/p>\r\n              <strong>Paracaidismo Indoor Alemania<\/strong>\r\n            <\/li>\r\n                      <li>\r\n              <p>\u015arednica komory lot\u00f3w<\/p>\r\n              <strong>4,2 metros<\/strong>\r\n            <\/li>\r\n                      <li>\r\n              <p>Wysoko\u015b\u0107 komory lot\u00f3w<\/p>\r\n              <strong>12 metros<\/strong>\r\n            <\/li>\r\n                      <li>\r\n              <p>Maksymalna pr\u0119dko\u015b\u0107 wiatru<\/p>\r\n              <strong>330 km\/h<\/strong>\r\n            <\/li>\r\n          <\/ul>      <div class=\"button-list-wrap\"><div class=\"button-list button-type-basic\"><div><a class=\"css-default\" href=\"https:\/\/sklep.flyspot.com\/produkty\/vouchery\" target=\"_self\"><img decoding=\"async\" lazy src=\"data:image\/gif;base64,R0lGODlhAQABAAD\/ACwAAAAAAQABAAACADs%3D\" data-src=\"https:\/\/www.flyspot.com\/wp-content\/uploads\/2020\/08\/Group_4.png\" alt=\"\"><strong>Zamawiam Voucher<\/strong><\/a><\/div><div><a class=\"css-default\" href=\"https:\/\/cs.flyspot.com\/offer?steps=flyspot&#038;language=1\" target=\"_self\"><img decoding=\"async\" lazy src=\"data:image\/gif;base64,R0lGODlhAQABAAD\/ACwAAAAAAQABAAACADs%3D\" data-src=\"https:\/\/www.flyspot.com\/wp-content\/uploads\/2020\/09\/opening-times.png\" alt=\"\"><strong>Rezerwuj\u0119 lot w tunelu<\/strong><\/a><\/div><div><a class=\"css-default\" href=\"https:\/\/cs.flyspot.com\/offer?steps=boeing&#038;language=1\" target=\"_self\"><img decoding=\"async\" lazy src=\"data:image\/gif;base64,R0lGODlhAQABAAD\/ACwAAAAAAQABAAACADs%3D\" data-src=\"https:\/\/www.flyspot.com\/wp-content\/uploads\/2020\/08\/plane-17.png\" alt=\"\"><strong>Rezerwuj\u0119 lot w Symulatorze<\/strong><\/a><\/div><\/div><\/div>    <\/div>\r\n  <\/div>\r\n<\/div><!-- block -->\r\n<div id=\"step-guide-icons-block_5bf71a62150f08c082522e2d64169f71\" class=\"step-guide-icons-block\">\r\n  <div class=\"row container\">\r\n    <div>\r\n      <div class=\"title\">Servicios disponibles en el centro<\/div>      <ul>            <li data-count=\"01\">\r\n              <div class=\"icon-wrap\"><img decoding=\"async\" lazy src=\"data:image\/gif;base64,R0lGODlhAQABAAD\/ACwAAAAAAQABAAACADs%3D\" data-src=\"https:\/\/www.flyspot.com\/wp-content\/uploads\/2020\/08\/helm.png\" alt=\"\"><\/div>\r\n              <p>Vuelos en t\u00fanel de viento<\/p>\r\n              <a href=\"https:\/\/www.flyspot.com\/pl\/nasze-atrakcje\/tunel-flyspot\/\" target=\"_self\">M\u00e1s informaci\u00f3n<\/a>            <\/li>\r\n                      <li data-count=\"02\">\r\n              <div class=\"icon-wrap\"><img decoding=\"async\" lazy src=\"data:image\/gif;base64,R0lGODlhAQABAAD\/ACwAAAAAAQABAAACADs%3D\" data-src=\"\" alt=\"\"><\/div>\r\n              <p>Tienda Flyspot<\/p>\r\n              <a href=\"https:\/\/sklep.flyspot.com\" target=\"_self\">Visita la tienda online<\/a>            <\/li>\r\n          <\/ul>    <\/div>\r\n  <\/div>\r\n<\/div><!-- block -->\r\n<div id=\"download-block_b4298ea7f4aef22faa4905ca01152723\" class=\"download-block\">\r\n  <div class=\"row container\">\r\n    <div>\r\n                <\/div>\r\n  <\/div>\r\n<\/div><!-- block -->\r\n","protected":false},"excerpt":{"rendered":"","protected":false},"author":1,"featured_media":8855,"parent":30536,"menu_order":14,"comment_status":"closed","ping_status":"closed","template":"","meta":{"_acf_changed":false,"footnotes":""},"class_list":["post-14663","page","type-page","status-publish","has-post-thumbnail","hentry"],"acf":[],"_links":{"self":[{"href":"https:\/\/www.flyspot.com\/es\/wp-json\/wp\/v2\/pages\/14663","targetHints":{"allow":["GET"]}}],"collection":[{"href":"https:\/\/www.flyspot.com\/es\/wp-json\/wp\/v2\/pages"}],"about":[{"href":"https:\/\/www.flyspot.com\/es\/wp-json\/wp\/v2\/types\/page"}],"author":[{"embeddable":true,"href":"https:\/\/www.flyspot.com\/es\/wp-json\/wp\/v2\/users\/1"}],"replies":[{"embeddable":true,"href":"https:\/\/www.flyspot.com\/es\/wp-json\/wp\/v2\/comments?post=14663"}],"version-history":[{"count":21,"href":"https:\/\/www.flyspot.com\/es\/wp-json\/wp\/v2\/pages\/14663\/revisions"}],"predecessor-version":[{"id":39241,"href":"https:\/\/www.flyspot.com\/es\/wp-json\/wp\/v2\/pages\/14663\/revisions\/39241"}],"up":[{"embeddable":true,"href":"https:\/\/www.flyspot.com\/es\/wp-json\/wp\/v2\/pages\/30536"}],"wp:featuredmedia":[{"embeddable":true,"href":"https:\/\/www.flyspot.com\/es\/wp-json\/wp\/v2\/media\/8855"}],"wp:attachment":[{"href":"https:\/\/www.flyspot.com\/es\/wp-json\/wp\/v2\/media?parent=14663"}],"curies":[{"name":"wp","href":"https:\/\/api.w.org\/{rel}","templated":true}]}}