{"id":14655,"date":"2020-09-15T13:51:03","date_gmt":"2020-09-15T11:51:03","guid":{"rendered":"https:\/\/www.flyspot.com\/entrenamiento-para-principiantes\/"},"modified":"2024-09-27T16:28:44","modified_gmt":"2024-09-27T14:28:44","slug":"entrenamiento-para-principiantes","status":"publish","type":"page","link":"https:\/\/www.flyspot.com\/es\/nuestras-atracciones\/tunel-flyspot\/oferta-para-principiantes\/entrenamiento-para-principiantes\/","title":{"rendered":"Entrenamiento para principiantes"},"content":{"rendered":"<div id=\"hero-block_e83953428d692a193d338e5065458a56\" class=\"hero-block\">\r\n  <div class=\"row outer-container\">\r\n    <div>\r\n      <img decoding=\"async\" lazy src=\"data:image\/gif;base64,R0lGODlhAQABAAD\/ACwAAAAAAQABAAACADs%3D\" data-src=\"https:\/\/www.flyspot.com\/wp-content\/uploads\/2020\/09\/intro3.png\" alt=\"\">\r\n          <\/div>\r\n    <div>\r\n      <h2>Entrenamiento para principiantes<\/h2><p>Prueba una oferta que no hayas tenido antes.\nPaquetes de 10 min, 15 min o 20 min con entrenamiento individual del instructor.\nEmpieza a volar profesionalmente en Flyspot.<\/p>    <\/div>\r\n  <\/div>\r\n<\/div><!-- block -->\r\n<div id=\"product-details-block_cfda16afd9d10153c9d8470ed50e8423\" class=\"product-details-block\">\r\n  <div class=\"row container\">\r\n    <div>\r\n      <h2 class=\"title\">Detalles del producto<\/h2>      <p class=\"desc\">\u00bfPOR QU\u00c9 MERECE LA PENA?<br>\n&#8211; empezar\u00e1s a entrenarte para uno de los deportes m\u00e1s apasionantes del mundo<br>\n&#8211; junto con tu instructor, dise\u00f1a tu programa individual de entrenamiento en el t\u00fanel de viento, adaptado a tus objetivos<br>\n&#8211; vuelo en formaci\u00f3n plana, freefly, vuelo din\u00e1mico<br>\npuedes aprender todo esto empezando tu formaci\u00f3n de vuelo desde cero<br>\n<br>\n\u00bfQU\u00c9 VAS A HACER?<br>\n&#8211; Durante la formaci\u00f3n aprender\u00e1s las se\u00f1ales para comunicarte en el t\u00fanel de viento, aprender\u00e1s los principios b\u00e1sicos para volar con seguridad, entrar y salir del t\u00fanel  <br>\n&#8211; Aprender\u00e1s t\u00e9cnicas de vuelo, primero b\u00e1sicas y luego cada vez m\u00e1s avanzadas  <br>\n&#8211; Durante las primeras 5 \u00f3 6 sesiones de entrenamiento, adquirir\u00e1s la destreza necesaria para desplazarte con seguridad por el t\u00fanel en la silueta b\u00e1sica de &#8220;vuelo de vientre&#8221;, ejecuci\u00f3n controlada y desaceleraci\u00f3n de la rotaci\u00f3n, ascenso y descenso  <br>\n<br>\n\u00bfCON QU\u00c9 FRECUENCIA TIENEN LUGAR LAS SESIONES DE FORMACI\u00d3N?<br>\n&#8211; Se trata de una cuesti\u00f3n muy individual y depende totalmente de ti. Puedes venir a entrenar una o dos veces por semana, o puedes entrenar una o dos veces al mes. Algunos de nuestros alumnos est\u00e1n tan hambrientos de progreso que visitan el t\u00fanel incluso todos los d\u00edas\ud83d\ude0a Conf\u00eda en nuestros instructores, que te ayudar\u00e1n idealmente a adecuar la frecuencia de vuelo en el t\u00fanel a tus objetivos y capacidades.<br>\n&#8211; Nuestra prioridad no es s\u00f3lo tu comodidad, sino tambi\u00e9n tu seguridad. Volando con nosotros, tienes la garant\u00eda de que tu entrenamiento ser\u00e1 a un ritmo que se adapte a ti: no demasiado r\u00e1pido para que no tengas que estresarte, pero tampoco demasiado lento, porque nos aseguramos de que utilices eficazmente cada segundo que pases en el t\u00fanel.  <br>\n&#8211; Nuestros instructores utilizan una metodolog\u00eda de entrenamiento que ha sido probada en miles de personas volando. Imparten conocimientos de forma sencilla y amistosa. Conocen los errores t\u00edpicos (y at\u00edpicos) y c\u00f3mo remediarlos. No s\u00f3lo aprender\u00e1s a hacer todos los ejercicios correctamente, sino que har\u00e1s progresos realmente buenos en un tiempo sorprendentemente corto. Y ni siquiera sabr\u00e1s cu\u00e1ndo<\/p>      <ul>            <li>\r\n              <p>Precio en pln<\/p>\r\n              <strong>desde 693 pln<\/strong>\r\n            <\/li>\r\n                      <li>\r\n              <p>duraci\u00f3n de la sesi\u00f3n<\/p>\r\n              <strong>10, 15 \u00f3 20 minutos<\/strong>\r\n            <\/li>\r\n                      <li>\r\n              <p>Ll\u00e9vatelo contigo:<\/p>\r\n              <strong>ropa c\u00f3moda, zapatos atados<\/strong>\r\n            <\/li>\r\n                      <li>\r\n              <p>Equipo Flyspot incluido:<\/p>\r\n              <strong>mono, gafas, tapones para los o\u00eddos, casco<\/strong>\r\n            <\/li>\r\n                      <li>\r\n              <p>Incluye<\/p>\r\n              <strong>Programa de formaci\u00f3n individual<\/strong>\r\n            <\/li>\r\n                      <li>\r\n              <p><\/p>\r\n              <strong>Reuni\u00f3n informativa antes del entrenamiento<\/strong>\r\n            <\/li>\r\n                      <li>\r\n              <p><\/p>\r\n              <strong>Entrenamiento en t\u00faneles<\/strong>\r\n            <\/li>\r\n                      <li>\r\n              <p><\/p>\r\n              <strong>Debriefing despu\u00e9s de la formaci\u00f3n<\/strong>\r\n            <\/li>\r\n          <\/ul>      <div class=\"button-list-wrap\"><div class=\"button-list button-type-basic\"><div><a class=\"css-default\" href=\"https:\/\/sklep.flyspot.com\/produkty\/vouchery\/trening-indywidualny\" target=\"_self\"><img decoding=\"async\" lazy src=\"data:image\/gif;base64,R0lGODlhAQABAAD\/ACwAAAAAAQABAAACADs%3D\" data-src=\"https:\/\/www.flyspot.com\/wp-content\/uploads\/2020\/08\/Group_4.png\" alt=\"\"><strong>Vales de pedido<\/strong><\/a><\/div><div><a class=\"css-default\" href=\"https:\/\/cs.flyspot.com\/offer?steps=flyspot_training\" target=\"_self\"><img decoding=\"async\" lazy src=\"data:image\/gif;base64,R0lGODlhAQABAAD\/ACwAAAAAAQABAAACADs%3D\" data-src=\"https:\/\/www.flyspot.com\/wp-content\/uploads\/2020\/09\/opening-times.png\" alt=\"\"><strong>Me reservo<\/strong><\/a><\/div><\/div><\/div>    <\/div>\r\n  <\/div>\r\n<\/div><!-- block -->\r\n<div id=\"step-guide-icons-block_3337da0f3c92144a1f13dce0fe3be086\" class=\"step-guide-icons-block\">\r\n  <div class=\"row container\">\r\n    <div>\r\n      <div class=\"title\">Programa diario<\/div>      <ul>            <li data-count=\"01\">\r\n              <div class=\"icon-wrap\"><img decoding=\"async\" lazy src=\"data:image\/gif;base64,R0lGODlhAQABAAD\/ACwAAAAAAQABAAACADs%3D\" data-src=\"https:\/\/www.flyspot.com\/wp-content\/uploads\/2020\/08\/time-3.png\" alt=\"\"><\/div>\r\n              <p>Llega 60 minutos antes de la hora de reserva.<\/p>\r\n                          <\/li>\r\n                      <li data-count=\"02\">\r\n              <div class=\"icon-wrap\"><img decoding=\"async\" lazy src=\"data:image\/gif;base64,R0lGODlhAQABAAD\/ACwAAAAAAQABAAACADs%3D\" data-src=\"https:\/\/www.flyspot.com\/wp-content\/uploads\/2020\/08\/puzzle.png\" alt=\"\"><\/div>\r\n              <p>Reg\u00edstrate en recepci\u00f3n y realiza los tr\u00e1mites<\/p>\r\n                          <\/li>\r\n                      <li data-count=\"03\">\r\n              <div class=\"icon-wrap\"><img decoding=\"async\" lazy src=\"data:image\/gif;base64,R0lGODlhAQABAAD\/ACwAAAAAAQABAAACADs%3D\" data-src=\"https:\/\/www.flyspot.com\/wp-content\/uploads\/2020\/08\/multiple-11.png\" alt=\"\"><\/div>\r\n              <p>Discute tus necesidades y la pr\u00f3xima formaci\u00f3n con tu instructor<\/p>\r\n                          <\/li>\r\n                      <li data-count=\"04\">\r\n              <div class=\"icon-wrap\"><img decoding=\"async\" lazy src=\"data:image\/gif;base64,R0lGODlhAQABAAD\/ACwAAAAAAQABAAACADs%3D\" data-src=\"https:\/\/www.flyspot.com\/wp-content\/uploads\/2020\/08\/flip-up.png\" alt=\"\"><\/div>\r\n              <p>Elige tu equipo con la ayuda de tu instructor.<br \/>\n<\/p>\r\n                          <\/li>\r\n                      <li data-count=\"05\">\r\n              <div class=\"icon-wrap\"><img decoding=\"async\" lazy src=\"data:image\/gif;base64,R0lGODlhAQABAAD\/ACwAAAAAAQABAAACADs%3D\" data-src=\"https:\/\/www.flyspot.com\/wp-content\/uploads\/2020\/08\/send.png\" alt=\"\"><\/div>\r\n              <p>\u00a1Hora de entrenar!<br><br \/>\nSeg\u00fan el paquete que elijas, tu entrenamiento se limitar\u00e1 a una o dos sesiones de 30 minutos en las que realizar\u00e1s los ejercicios previstos entrando por turnos en el t\u00fanel con otros participantes de tu grupo.<br \/>\n<br \/>\n<\/p>\r\n                          <\/li>\r\n                      <li data-count=\"06\">\r\n              <div class=\"icon-wrap\"><img decoding=\"async\" lazy src=\"data:image\/gif;base64,R0lGODlhAQABAAD\/ACwAAAAAAQABAAACADs%3D\" data-src=\"https:\/\/www.flyspot.com\/wp-content\/uploads\/2020\/08\/puzzle.png\" alt=\"\"><\/div>\r\n              <p>Al final de tu entrenamiento o entre sesiones, tu instructor hablar\u00e1 de los ejercicios que has hecho y de tu entrenamiento en general, y te sugerir\u00e1 los siguientes pasos en tu camino para convertirte en un paracaidista profesional de interior<\/p>\r\n                          <\/li>\r\n          <\/ul>    <\/div>\r\n  <\/div>\r\n<\/div><!-- block -->\r\n<div id=\"download-block_ed46e1a479243449440c2db681ad0adb\" class=\"download-block\">\r\n  <div class=\"row container\">\r\n    <div>\r\n      <h2 class=\"title\">documentos adicionales<\/h2>      <ul>            <li>\r\n              <a href=\"\" download>\r\n                <div>\r\n                  <img decoding=\"async\" lazy src=\"data:image\/gif;base64,R0lGODlhAQABAAD\/ACwAAAAAAQABAAACADs%3D\" data-src=\"https:\/\/www.flyspot.com\/wp-content\/themes\/deepspotflyspotWPML\/images\/dots-download.svg\">\r\n                  <p>Declaraci\u00f3n del usuario del t\u00fanel de viento<\/p>\r\n                <\/div>\r\n              <\/a>\r\n            <\/li>\r\n          <\/ul>    <\/div>\r\n  <\/div>\r\n<\/div><!-- block -->\r\n","protected":false},"excerpt":{"rendered":"","protected":false},"author":1,"featured_media":8323,"parent":14746,"menu_order":7,"comment_status":"closed","ping_status":"closed","template":"","meta":{"_acf_changed":false,"footnotes":""},"class_list":["post-14655","page","type-page","status-publish","has-post-thumbnail","hentry"],"acf":[],"yoast_head":"<!-- This site is optimized with the Yoast SEO plugin v27.3 - https:\/\/yoast.com\/product\/yoast-seo-wordpress\/ -->\n<title>Entrenamiento para principiantes - Flyspot - Make it Happen<\/title>\n<meta name=\"robots\" content=\"index, follow, max-snippet:-1, max-image-preview:large, max-video-preview:-1\" \/>\n<link rel=\"canonical\" href=\"https:\/\/www.flyspot.com\/es\/nuestras-atracciones\/tunel-flyspot\/oferta-para-principiantes\/entrenamiento-para-principiantes\/\" \/>\n<meta property=\"og:locale\" content=\"es_ES\" \/>\n<meta property=\"og:type\" content=\"article\" \/>\n<meta property=\"og:title\" content=\"Entrenamiento para principiantes - Flyspot - Make it Happen\" \/>\n<meta property=\"og:url\" content=\"https:\/\/www.flyspot.com\/es\/nuestras-atracciones\/tunel-flyspot\/oferta-para-principiantes\/entrenamiento-para-principiantes\/\" \/>\n<meta property=\"og:site_name\" content=\"Flyspot - Make it Happen\" \/>\n<meta property=\"article:modified_time\" content=\"2024-09-27T14:28:44+00:00\" \/>\n<meta property=\"og:image\" content=\"https:\/\/www.flyspot.com\/wp-content\/uploads\/2020\/09\/intro3.png\" \/>\n\t<meta property=\"og:image:width\" content=\"1263\" \/>\n\t<meta property=\"og:image:height\" content=\"601\" \/>\n\t<meta property=\"og:image:type\" content=\"image\/png\" \/>\n<meta name=\"twitter:card\" content=\"summary_large_image\" \/>\n<script type=\"application\/ld+json\" class=\"yoast-schema-graph\">{\"@context\":\"https:\\\/\\\/schema.org\",\"@graph\":[{\"@type\":\"WebPage\",\"@id\":\"https:\\\/\\\/www.flyspot.com\\\/es\\\/nuestras-atracciones\\\/tunel-flyspot\\\/oferta-para-principiantes\\\/entrenamiento-para-principiantes\\\/\",\"url\":\"https:\\\/\\\/www.flyspot.com\\\/es\\\/nuestras-atracciones\\\/tunel-flyspot\\\/oferta-para-principiantes\\\/entrenamiento-para-principiantes\\\/\",\"name\":\"Entrenamiento para principiantes - Flyspot - Make it Happen\",\"isPartOf\":{\"@id\":\"https:\\\/\\\/www.flyspot.com\\\/pl\\\/#website\"},\"primaryImageOfPage\":{\"@id\":\"https:\\\/\\\/www.flyspot.com\\\/es\\\/nuestras-atracciones\\\/tunel-flyspot\\\/oferta-para-principiantes\\\/entrenamiento-para-principiantes\\\/#primaryimage\"},\"image\":{\"@id\":\"https:\\\/\\\/www.flyspot.com\\\/es\\\/nuestras-atracciones\\\/tunel-flyspot\\\/oferta-para-principiantes\\\/entrenamiento-para-principiantes\\\/#primaryimage\"},\"thumbnailUrl\":\"https:\\\/\\\/www.flyspot.com\\\/wp-content\\\/uploads\\\/2020\\\/09\\\/intro3.png\",\"datePublished\":\"2020-09-15T11:51:03+00:00\",\"dateModified\":\"2024-09-27T14:28:44+00:00\",\"breadcrumb\":{\"@id\":\"https:\\\/\\\/www.flyspot.com\\\/es\\\/nuestras-atracciones\\\/tunel-flyspot\\\/oferta-para-principiantes\\\/entrenamiento-para-principiantes\\\/#breadcrumb\"},\"inLanguage\":\"es\",\"potentialAction\":[{\"@type\":\"ReadAction\",\"target\":[\"https:\\\/\\\/www.flyspot.com\\\/es\\\/nuestras-atracciones\\\/tunel-flyspot\\\/oferta-para-principiantes\\\/entrenamiento-para-principiantes\\\/\"]}]},{\"@type\":\"ImageObject\",\"inLanguage\":\"es\",\"@id\":\"https:\\\/\\\/www.flyspot.com\\\/es\\\/nuestras-atracciones\\\/tunel-flyspot\\\/oferta-para-principiantes\\\/entrenamiento-para-principiantes\\\/#primaryimage\",\"url\":\"https:\\\/\\\/www.flyspot.com\\\/wp-content\\\/uploads\\\/2020\\\/09\\\/intro3.png\",\"contentUrl\":\"https:\\\/\\\/www.flyspot.com\\\/wp-content\\\/uploads\\\/2020\\\/09\\\/intro3.png\",\"width\":1263,\"height\":601},{\"@type\":\"BreadcrumbList\",\"@id\":\"https:\\\/\\\/www.flyspot.com\\\/es\\\/nuestras-atracciones\\\/tunel-flyspot\\\/oferta-para-principiantes\\\/entrenamiento-para-principiantes\\\/#breadcrumb\",\"itemListElement\":[{\"@type\":\"ListItem\",\"position\":1,\"name\":\"Strona g\u0142\u00f3wna\",\"item\":\"https:\\\/\\\/www.flyspot.com\\\/es\\\/\"},{\"@type\":\"ListItem\",\"position\":2,\"name\":\"Nuestras atracciones\",\"item\":\"https:\\\/\\\/www.flyspot.com\\\/es\\\/nuestras-atracciones\\\/\"},{\"@type\":\"ListItem\",\"position\":3,\"name\":\"T\u00fanel Flyspot\",\"item\":\"https:\\\/\\\/www.flyspot.com\\\/es\\\/nuestras-atracciones\\\/tunel-flyspot\\\/\"},{\"@type\":\"ListItem\",\"position\":4,\"name\":\"Oferta para principiantes\",\"item\":\"https:\\\/\\\/www.flyspot.com\\\/es\\\/nuestras-atracciones\\\/tunel-flyspot\\\/oferta-para-principiantes\\\/\"},{\"@type\":\"ListItem\",\"position\":5,\"name\":\"Entrenamiento para principiantes\"}]},{\"@type\":\"WebSite\",\"@id\":\"https:\\\/\\\/www.flyspot.com\\\/pl\\\/#website\",\"url\":\"https:\\\/\\\/www.flyspot.com\\\/pl\\\/\",\"name\":\"Flyspot - Make it Happen\",\"description\":\"t\u00fanel de viento, simulador de Boeing 737, haz realidad tus sue\u00f1os de volar\",\"potentialAction\":[{\"@type\":\"SearchAction\",\"target\":{\"@type\":\"EntryPoint\",\"urlTemplate\":\"https:\\\/\\\/www.flyspot.com\\\/pl\\\/?s={search_term_string}\"},\"query-input\":{\"@type\":\"PropertyValueSpecification\",\"valueRequired\":true,\"valueName\":\"search_term_string\"}}],\"inLanguage\":\"es\"}]}<\/script>\n<!-- \/ Yoast SEO plugin. -->","yoast_head_json":{"title":"Entrenamiento para principiantes - Flyspot - Make it Happen","robots":{"index":"index","follow":"follow","max-snippet":"max-snippet:-1","max-image-preview":"max-image-preview:large","max-video-preview":"max-video-preview:-1"},"canonical":"https:\/\/www.flyspot.com\/es\/nuestras-atracciones\/tunel-flyspot\/oferta-para-principiantes\/entrenamiento-para-principiantes\/","og_locale":"es_ES","og_type":"article","og_title":"Entrenamiento para principiantes - Flyspot - Make it Happen","og_url":"https:\/\/www.flyspot.com\/es\/nuestras-atracciones\/tunel-flyspot\/oferta-para-principiantes\/entrenamiento-para-principiantes\/","og_site_name":"Flyspot - Make it Happen","article_modified_time":"2024-09-27T14:28:44+00:00","og_image":[{"width":1263,"height":601,"url":"https:\/\/www.flyspot.com\/wp-content\/uploads\/2020\/09\/intro3.png","type":"image\/png"}],"twitter_card":"summary_large_image","schema":{"@context":"https:\/\/schema.org","@graph":[{"@type":"WebPage","@id":"https:\/\/www.flyspot.com\/es\/nuestras-atracciones\/tunel-flyspot\/oferta-para-principiantes\/entrenamiento-para-principiantes\/","url":"https:\/\/www.flyspot.com\/es\/nuestras-atracciones\/tunel-flyspot\/oferta-para-principiantes\/entrenamiento-para-principiantes\/","name":"Entrenamiento para principiantes - Flyspot - Make it Happen","isPartOf":{"@id":"https:\/\/www.flyspot.com\/pl\/#website"},"primaryImageOfPage":{"@id":"https:\/\/www.flyspot.com\/es\/nuestras-atracciones\/tunel-flyspot\/oferta-para-principiantes\/entrenamiento-para-principiantes\/#primaryimage"},"image":{"@id":"https:\/\/www.flyspot.com\/es\/nuestras-atracciones\/tunel-flyspot\/oferta-para-principiantes\/entrenamiento-para-principiantes\/#primaryimage"},"thumbnailUrl":"https:\/\/www.flyspot.com\/wp-content\/uploads\/2020\/09\/intro3.png","datePublished":"2020-09-15T11:51:03+00:00","dateModified":"2024-09-27T14:28:44+00:00","breadcrumb":{"@id":"https:\/\/www.flyspot.com\/es\/nuestras-atracciones\/tunel-flyspot\/oferta-para-principiantes\/entrenamiento-para-principiantes\/#breadcrumb"},"inLanguage":"es","potentialAction":[{"@type":"ReadAction","target":["https:\/\/www.flyspot.com\/es\/nuestras-atracciones\/tunel-flyspot\/oferta-para-principiantes\/entrenamiento-para-principiantes\/"]}]},{"@type":"ImageObject","inLanguage":"es","@id":"https:\/\/www.flyspot.com\/es\/nuestras-atracciones\/tunel-flyspot\/oferta-para-principiantes\/entrenamiento-para-principiantes\/#primaryimage","url":"https:\/\/www.flyspot.com\/wp-content\/uploads\/2020\/09\/intro3.png","contentUrl":"https:\/\/www.flyspot.com\/wp-content\/uploads\/2020\/09\/intro3.png","width":1263,"height":601},{"@type":"BreadcrumbList","@id":"https:\/\/www.flyspot.com\/es\/nuestras-atracciones\/tunel-flyspot\/oferta-para-principiantes\/entrenamiento-para-principiantes\/#breadcrumb","itemListElement":[{"@type":"ListItem","position":1,"name":"Strona g\u0142\u00f3wna","item":"https:\/\/www.flyspot.com\/es\/"},{"@type":"ListItem","position":2,"name":"Nuestras atracciones","item":"https:\/\/www.flyspot.com\/es\/nuestras-atracciones\/"},{"@type":"ListItem","position":3,"name":"T\u00fanel Flyspot","item":"https:\/\/www.flyspot.com\/es\/nuestras-atracciones\/tunel-flyspot\/"},{"@type":"ListItem","position":4,"name":"Oferta para principiantes","item":"https:\/\/www.flyspot.com\/es\/nuestras-atracciones\/tunel-flyspot\/oferta-para-principiantes\/"},{"@type":"ListItem","position":5,"name":"Entrenamiento para principiantes"}]},{"@type":"WebSite","@id":"https:\/\/www.flyspot.com\/pl\/#website","url":"https:\/\/www.flyspot.com\/pl\/","name":"Flyspot - Make it Happen","description":"t\u00fanel de viento, simulador de Boeing 737, haz realidad tus sue\u00f1os de volar","potentialAction":[{"@type":"SearchAction","target":{"@type":"EntryPoint","urlTemplate":"https:\/\/www.flyspot.com\/pl\/?s={search_term_string}"},"query-input":{"@type":"PropertyValueSpecification","valueRequired":true,"valueName":"search_term_string"}}],"inLanguage":"es"}]}},"_links":{"self":[{"href":"https:\/\/www.flyspot.com\/es\/wp-json\/wp\/v2\/pages\/14655","targetHints":{"allow":["GET"]}}],"collection":[{"href":"https:\/\/www.flyspot.com\/es\/wp-json\/wp\/v2\/pages"}],"about":[{"href":"https:\/\/www.flyspot.com\/es\/wp-json\/wp\/v2\/types\/page"}],"author":[{"embeddable":true,"href":"https:\/\/www.flyspot.com\/es\/wp-json\/wp\/v2\/users\/1"}],"replies":[{"embeddable":true,"href":"https:\/\/www.flyspot.com\/es\/wp-json\/wp\/v2\/comments?post=14655"}],"version-history":[{"count":22,"href":"https:\/\/www.flyspot.com\/es\/wp-json\/wp\/v2\/pages\/14655\/revisions"}],"predecessor-version":[{"id":39203,"href":"https:\/\/www.flyspot.com\/es\/wp-json\/wp\/v2\/pages\/14655\/revisions\/39203"}],"up":[{"embeddable":true,"href":"https:\/\/www.flyspot.com\/es\/wp-json\/wp\/v2\/pages\/14746"}],"wp:featuredmedia":[{"embeddable":true,"href":"https:\/\/www.flyspot.com\/es\/wp-json\/wp\/v2\/media\/8323"}],"wp:attachment":[{"href":"https:\/\/www.flyspot.com\/es\/wp-json\/wp\/v2\/media?parent=14655"}],"curies":[{"name":"wp","href":"https:\/\/api.w.org\/{rel}","templated":true}]}}