{"id":14651,"date":"2020-09-14T14:59:37","date_gmt":"2020-09-14T12:59:37","guid":{"rendered":"https:\/\/www.flyspot.com\/2-vuelos-para-1-adulto\/"},"modified":"2024-09-27T16:32:46","modified_gmt":"2024-09-27T14:32:46","slug":"2-vuelos-para-1-adulto","status":"publish","type":"page","link":"https:\/\/www.flyspot.com\/es\/trabajando\/entrenamiento-de-paracaidismo-en-interiores\/2-vuelos-para-1-adulto\/","title":{"rendered":"2 vuelos para 1 adulto"},"content":{"rendered":"<div id=\"hero-block_00fc3238d43b5d8aec7e158898ca07b0\" class=\"hero-block\">\r\n  <div class=\"row outer-container\">\r\n    <div>\r\n      <img decoding=\"async\" lazy src=\"data:image\/gif;base64,R0lGODlhAQABAAD\/ACwAAAAAAQABAAACADs%3D\" data-src=\"https:\/\/www.flyspot.com\/wp-content\/uploads\/2020\/09\/Adult_FTsuits_MARKETING_Kato_Paz\u0301_2019-16-of-95.jpg\" alt=\"\">\r\n          <\/div>\r\n    <div>\r\n      <h2>Paquete de 2 vuelos para una persona<\/h2><p>El paquete de 2 vuelos es la mejor manera de empezar tu aventura en el t\u00fanel de viento: superando la gravedad y volando libremente, sin obst\u00e1culos. \u00a1Experimenta la euforia de flotar en el aire!  <\/p>    <\/div>\r\n  <\/div>\r\n<\/div><!-- block -->\r\n<div id=\"product-details-block_d63b9ef57ebd6e2bbc909f3d9052c8a0\" class=\"product-details-block\">\r\n  <div class=\"row container\">\r\n    <div>\r\n      <h2 class=\"title\">Szczeg\u00f3\u0142y produktu<\/h2>      <p class=\"desc\">Este paquete est\u00e1 dise\u00f1ado para una persona e incluye: formaci\u00f3n introductoria, alquiler del equipo necesario para utilizar nuestros servicios, as\u00ed como la supervisi\u00f3n de un instructor durante toda tu estancia en Flyspot y 2 vuelos en el t\u00fanel de viento. 1 vuelo equivale a un salto en paraca\u00eddas en t\u00e1ndem tradicional desde una altura de 4.000 metros. Tambi\u00e9n recibir\u00e1s una pel\u00edcula conmemorativa y un certificado.<\/p>      <ul>            <li>\r\n              <p>Cena w pln:<\/p>\r\n              <strong>a partir de 319 pln<\/strong>\r\n            <\/li>\r\n                      <li>\r\n              <p>Zabierz ze sob\u0105:<\/p>\r\n              <strong>ropa c\u00f3moda, zapatos atados<\/strong>\r\n            <\/li>\r\n                      <li>\r\n              <p>Sprz\u0119t Flyspot w cenie:<\/p>\r\n              <strong>mono, gafas, tapones para los o\u00eddos, casco<\/strong>\r\n            <\/li>\r\n                      <li>\r\n              <p>Czas wizyty we Flyspot:<\/p>\r\n              <strong>90 min<\/strong>\r\n            <\/li>\r\n                      <li>\r\n              <p>Po zako\u0144czeniu zaj\u0119\u0107 dostaniesz:<\/p>\r\n              <strong>Un certificado conmemorativo y un v\u00eddeo de tu vuelo<\/strong>\r\n            <\/li>\r\n          <\/ul>      <div class=\"button-list-wrap\"><div class=\"button-list button-type-basic\"><div><a class=\"css-default\" href=\"https:\/\/sklep.flyspot.com\/produkty\/vouchery\/2-loty-dla-1-osoby\" target=\"_self\"><img decoding=\"async\" lazy src=\"data:image\/gif;base64,R0lGODlhAQABAAD\/ACwAAAAAAQABAAACADs%3D\" data-src=\"https:\/\/www.flyspot.com\/wp-content\/uploads\/2020\/08\/Group_4.png\" alt=\"\"><strong>Zamawiam Voucher<\/strong><\/a><\/div><div><a class=\"css-default\" href=\"https:\/\/cs.flyspot.com\/offer?steps=flyspot_firsttime\" target=\"_self\"><img decoding=\"async\" lazy src=\"data:image\/gif;base64,R0lGODlhAQABAAD\/ACwAAAAAAQABAAACADs%3D\" data-src=\"https:\/\/www.flyspot.com\/wp-content\/uploads\/2020\/09\/opening-times.png\" alt=\"\"><strong>Rezerwuj\u0119<\/strong><\/a><\/div><\/div><\/div>    <\/div>\r\n  <\/div>\r\n<\/div><!-- block -->\r\n<div id=\"step-guide-icons-block_9f6f19e676b6c3caab873c6e133c73a1\" class=\"step-guide-icons-block\">\r\n  <div class=\"row container\">\r\n    <div>\r\n      <div class=\"title\">Programa diario<\/div>      <ul>            <li data-count=\"01\">\r\n              <div class=\"icon-wrap\"><img decoding=\"async\" lazy src=\"data:image\/gif;base64,R0lGODlhAQABAAD\/ACwAAAAAAQABAAACADs%3D\" data-src=\"https:\/\/www.flyspot.com\/wp-content\/uploads\/2020\/08\/time-3.png\" alt=\"\"><\/div>\r\n              <p>Llega 30 minutos antes de la hora de reserva.<\/p>\r\n                          <\/li>\r\n                      <li data-count=\"02\">\r\n              <div class=\"icon-wrap\"><img decoding=\"async\" lazy src=\"data:image\/gif;base64,R0lGODlhAQABAAD\/ACwAAAAAAQABAAACADs%3D\" data-src=\"https:\/\/www.flyspot.com\/wp-content\/uploads\/2020\/08\/puzzle.png\" alt=\"\"><\/div>\r\n              <p>Reg\u00edstrate en recepci\u00f3n y realiza los tr\u00e1mites<\/p>\r\n                          <\/li>\r\n                      <li data-count=\"03\">\r\n              <div class=\"icon-wrap\"><img decoding=\"async\" lazy src=\"data:image\/gif;base64,R0lGODlhAQABAAD\/ACwAAAAAAQABAAACADs%3D\" data-src=\"https:\/\/www.flyspot.com\/wp-content\/uploads\/2020\/08\/multiple-11.png\" alt=\"\"><\/div>\r\n              <p>Participa en un curso de formaci\u00f3n dirigido por nuestro instructor.<\/p>\r\n                          <\/li>\r\n                      <li data-count=\"04\">\r\n              <div class=\"icon-wrap\"><img decoding=\"async\" lazy src=\"data:image\/gif;base64,R0lGODlhAQABAAD\/ACwAAAAAAQABAAACADs%3D\" data-src=\"https:\/\/www.flyspot.com\/wp-content\/uploads\/2020\/08\/flip-up.png\" alt=\"\"><\/div>\r\n              <p>Elige tu equipo con la ayuda de tu instructor.<br \/>\n<\/p>\r\n                          <\/li>\r\n                      <li data-count=\"05\">\r\n              <div class=\"icon-wrap\"><img decoding=\"async\" lazy src=\"data:image\/gif;base64,R0lGODlhAQABAAD\/ACwAAAAAAQABAAACADs%3D\" data-src=\"https:\/\/www.flyspot.com\/wp-content\/uploads\/2020\/08\/send.png\" alt=\"\"><\/div>\r\n              <p>\u00a1Hora de volar! La sesi\u00f3n completa en el t\u00fanel durar\u00e1 unos 30 minutos. Te turnar\u00e1s para volar en el t\u00fanel con otros miembros de tu grupo.<br \/>\n<br \/>\n<\/p>\r\n                          <\/li>\r\n                      <li data-count=\"06\">\r\n              <div class=\"icon-wrap\"><img decoding=\"async\" lazy src=\"data:image\/gif;base64,R0lGODlhAQABAAD\/ACwAAAAAAQABAAACADs%3D\" data-src=\"https:\/\/www.flyspot.com\/wp-content\/uploads\/2020\/08\/cake-100.png\" alt=\"\"><\/div>\r\n              <p>Rel\u00e1jate despu\u00e9s de tus vuelos en nuestro restaurante Recoge tu certificado en recepci\u00f3n y utiliza el quiosco de v\u00eddeo para enviarte un v\u00eddeo de tu vuelo.<\/p>\r\n                          <\/li>\r\n          <\/ul>    <\/div>\r\n  <\/div>\r\n<\/div><!-- block -->\r\n\n<div class=\"wp-block-buttons is-content-justification-center is-layout-flex wp-container-core-buttons-is-layout-16018d1d wp-block-buttons-is-layout-flex\"><\/div>\n","protected":false},"excerpt":{"rendered":"","protected":false},"author":1,"featured_media":8523,"parent":14839,"menu_order":1,"comment_status":"closed","ping_status":"closed","template":"","meta":{"_acf_changed":false,"footnotes":""},"class_list":["post-14651","page","type-page","status-publish","has-post-thumbnail","hentry"],"acf":[],"yoast_head":"<!-- This site is optimized with the Yoast SEO plugin v27.3 - https:\/\/yoast.com\/product\/yoast-seo-wordpress\/ -->\n<title>2 vuelos para 1 adulto - Flyspot - Make it Happen<\/title>\n<meta name=\"robots\" content=\"index, follow, max-snippet:-1, max-image-preview:large, max-video-preview:-1\" \/>\n<link rel=\"canonical\" href=\"https:\/\/www.flyspot.com\/es\/trabajando\/entrenamiento-de-paracaidismo-en-interiores\/2-vuelos-para-1-adulto\/\" \/>\n<meta property=\"og:locale\" content=\"es_ES\" \/>\n<meta property=\"og:type\" content=\"article\" \/>\n<meta property=\"og:title\" content=\"2 vuelos para 1 adulto - Flyspot - Make it Happen\" \/>\n<meta property=\"og:url\" content=\"https:\/\/www.flyspot.com\/es\/trabajando\/entrenamiento-de-paracaidismo-en-interiores\/2-vuelos-para-1-adulto\/\" \/>\n<meta property=\"og:site_name\" content=\"Flyspot - Make it Happen\" \/>\n<meta property=\"article:modified_time\" content=\"2024-09-27T14:32:46+00:00\" \/>\n<meta property=\"og:image\" content=\"https:\/\/www.flyspot.com\/wp-content\/uploads\/2020\/09\/Adult_FTsuits_MARKETING_Kato_Paz\u0301_2019-16-of-95-1.jpg\" \/>\n\t<meta property=\"og:image:width\" content=\"1070\" \/>\n\t<meta property=\"og:image:height\" content=\"600\" \/>\n\t<meta property=\"og:image:type\" content=\"image\/jpeg\" \/>\n<meta name=\"twitter:card\" content=\"summary_large_image\" \/>\n<script type=\"application\/ld+json\" class=\"yoast-schema-graph\">{\"@context\":\"https:\\\/\\\/schema.org\",\"@graph\":[{\"@type\":\"WebPage\",\"@id\":\"https:\\\/\\\/www.flyspot.com\\\/es\\\/trabajando\\\/entrenamiento-de-paracaidismo-en-interiores\\\/2-vuelos-para-1-adulto\\\/\",\"url\":\"https:\\\/\\\/www.flyspot.com\\\/es\\\/trabajando\\\/entrenamiento-de-paracaidismo-en-interiores\\\/2-vuelos-para-1-adulto\\\/\",\"name\":\"2 vuelos para 1 adulto - Flyspot - Make it Happen\",\"isPartOf\":{\"@id\":\"https:\\\/\\\/www.flyspot.com\\\/pl\\\/#website\"},\"primaryImageOfPage\":{\"@id\":\"https:\\\/\\\/www.flyspot.com\\\/es\\\/trabajando\\\/entrenamiento-de-paracaidismo-en-interiores\\\/2-vuelos-para-1-adulto\\\/#primaryimage\"},\"image\":{\"@id\":\"https:\\\/\\\/www.flyspot.com\\\/es\\\/trabajando\\\/entrenamiento-de-paracaidismo-en-interiores\\\/2-vuelos-para-1-adulto\\\/#primaryimage\"},\"thumbnailUrl\":\"https:\\\/\\\/www.flyspot.com\\\/wp-content\\\/uploads\\\/2020\\\/09\\\/Adult_FTsuits_MARKETING_Kato_Paz\u0301_2019-16-of-95-1.jpg\",\"datePublished\":\"2020-09-14T12:59:37+00:00\",\"dateModified\":\"2024-09-27T14:32:46+00:00\",\"breadcrumb\":{\"@id\":\"https:\\\/\\\/www.flyspot.com\\\/es\\\/trabajando\\\/entrenamiento-de-paracaidismo-en-interiores\\\/2-vuelos-para-1-adulto\\\/#breadcrumb\"},\"inLanguage\":\"es\",\"potentialAction\":[{\"@type\":\"ReadAction\",\"target\":[\"https:\\\/\\\/www.flyspot.com\\\/es\\\/trabajando\\\/entrenamiento-de-paracaidismo-en-interiores\\\/2-vuelos-para-1-adulto\\\/\"]}]},{\"@type\":\"ImageObject\",\"inLanguage\":\"es\",\"@id\":\"https:\\\/\\\/www.flyspot.com\\\/es\\\/trabajando\\\/entrenamiento-de-paracaidismo-en-interiores\\\/2-vuelos-para-1-adulto\\\/#primaryimage\",\"url\":\"https:\\\/\\\/www.flyspot.com\\\/wp-content\\\/uploads\\\/2020\\\/09\\\/Adult_FTsuits_MARKETING_Kato_Paz\u0301_2019-16-of-95-1.jpg\",\"contentUrl\":\"https:\\\/\\\/www.flyspot.com\\\/wp-content\\\/uploads\\\/2020\\\/09\\\/Adult_FTsuits_MARKETING_Kato_Paz\u0301_2019-16-of-95-1.jpg\",\"width\":1070,\"height\":600},{\"@type\":\"BreadcrumbList\",\"@id\":\"https:\\\/\\\/www.flyspot.com\\\/es\\\/trabajando\\\/entrenamiento-de-paracaidismo-en-interiores\\\/2-vuelos-para-1-adulto\\\/#breadcrumb\",\"itemListElement\":[{\"@type\":\"ListItem\",\"position\":1,\"name\":\"Strona g\u0142\u00f3wna\",\"item\":\"https:\\\/\\\/www.flyspot.com\\\/es\\\/\"},{\"@type\":\"ListItem\",\"position\":2,\"name\":\"trabajando\",\"item\":\"https:\\\/\\\/www.flyspot.com\\\/es\\\/trabajando\\\/\"},{\"@type\":\"ListItem\",\"position\":3,\"name\":\"Entrenamiento de paracaidismo indoor\",\"item\":\"https:\\\/\\\/www.flyspot.com\\\/es\\\/trabajando\\\/entrenamiento-de-paracaidismo-en-interiores\\\/\"},{\"@type\":\"ListItem\",\"position\":4,\"name\":\"2 vuelos para 1 adulto\"}]},{\"@type\":\"WebSite\",\"@id\":\"https:\\\/\\\/www.flyspot.com\\\/pl\\\/#website\",\"url\":\"https:\\\/\\\/www.flyspot.com\\\/pl\\\/\",\"name\":\"Flyspot - Make it Happen\",\"description\":\"t\u00fanel de viento, simulador de Boeing 737, haz realidad tus sue\u00f1os de volar\",\"potentialAction\":[{\"@type\":\"SearchAction\",\"target\":{\"@type\":\"EntryPoint\",\"urlTemplate\":\"https:\\\/\\\/www.flyspot.com\\\/pl\\\/?s={search_term_string}\"},\"query-input\":{\"@type\":\"PropertyValueSpecification\",\"valueRequired\":true,\"valueName\":\"search_term_string\"}}],\"inLanguage\":\"es\"}]}<\/script>\n<!-- \/ Yoast SEO plugin. -->","yoast_head_json":{"title":"2 vuelos para 1 adulto - Flyspot - Make it Happen","robots":{"index":"index","follow":"follow","max-snippet":"max-snippet:-1","max-image-preview":"max-image-preview:large","max-video-preview":"max-video-preview:-1"},"canonical":"https:\/\/www.flyspot.com\/es\/trabajando\/entrenamiento-de-paracaidismo-en-interiores\/2-vuelos-para-1-adulto\/","og_locale":"es_ES","og_type":"article","og_title":"2 vuelos para 1 adulto - Flyspot - Make it Happen","og_url":"https:\/\/www.flyspot.com\/es\/trabajando\/entrenamiento-de-paracaidismo-en-interiores\/2-vuelos-para-1-adulto\/","og_site_name":"Flyspot - Make it Happen","article_modified_time":"2024-09-27T14:32:46+00:00","og_image":[{"width":1070,"height":600,"url":"https:\/\/www.flyspot.com\/wp-content\/uploads\/2020\/09\/Adult_FTsuits_MARKETING_Kato_Paz\u0301_2019-16-of-95-1.jpg","type":"image\/jpeg"}],"twitter_card":"summary_large_image","schema":{"@context":"https:\/\/schema.org","@graph":[{"@type":"WebPage","@id":"https:\/\/www.flyspot.com\/es\/trabajando\/entrenamiento-de-paracaidismo-en-interiores\/2-vuelos-para-1-adulto\/","url":"https:\/\/www.flyspot.com\/es\/trabajando\/entrenamiento-de-paracaidismo-en-interiores\/2-vuelos-para-1-adulto\/","name":"2 vuelos para 1 adulto - Flyspot - Make it Happen","isPartOf":{"@id":"https:\/\/www.flyspot.com\/pl\/#website"},"primaryImageOfPage":{"@id":"https:\/\/www.flyspot.com\/es\/trabajando\/entrenamiento-de-paracaidismo-en-interiores\/2-vuelos-para-1-adulto\/#primaryimage"},"image":{"@id":"https:\/\/www.flyspot.com\/es\/trabajando\/entrenamiento-de-paracaidismo-en-interiores\/2-vuelos-para-1-adulto\/#primaryimage"},"thumbnailUrl":"https:\/\/www.flyspot.com\/wp-content\/uploads\/2020\/09\/Adult_FTsuits_MARKETING_Kato_Paz\u0301_2019-16-of-95-1.jpg","datePublished":"2020-09-14T12:59:37+00:00","dateModified":"2024-09-27T14:32:46+00:00","breadcrumb":{"@id":"https:\/\/www.flyspot.com\/es\/trabajando\/entrenamiento-de-paracaidismo-en-interiores\/2-vuelos-para-1-adulto\/#breadcrumb"},"inLanguage":"es","potentialAction":[{"@type":"ReadAction","target":["https:\/\/www.flyspot.com\/es\/trabajando\/entrenamiento-de-paracaidismo-en-interiores\/2-vuelos-para-1-adulto\/"]}]},{"@type":"ImageObject","inLanguage":"es","@id":"https:\/\/www.flyspot.com\/es\/trabajando\/entrenamiento-de-paracaidismo-en-interiores\/2-vuelos-para-1-adulto\/#primaryimage","url":"https:\/\/www.flyspot.com\/wp-content\/uploads\/2020\/09\/Adult_FTsuits_MARKETING_Kato_Paz\u0301_2019-16-of-95-1.jpg","contentUrl":"https:\/\/www.flyspot.com\/wp-content\/uploads\/2020\/09\/Adult_FTsuits_MARKETING_Kato_Paz\u0301_2019-16-of-95-1.jpg","width":1070,"height":600},{"@type":"BreadcrumbList","@id":"https:\/\/www.flyspot.com\/es\/trabajando\/entrenamiento-de-paracaidismo-en-interiores\/2-vuelos-para-1-adulto\/#breadcrumb","itemListElement":[{"@type":"ListItem","position":1,"name":"Strona g\u0142\u00f3wna","item":"https:\/\/www.flyspot.com\/es\/"},{"@type":"ListItem","position":2,"name":"trabajando","item":"https:\/\/www.flyspot.com\/es\/trabajando\/"},{"@type":"ListItem","position":3,"name":"Entrenamiento de paracaidismo indoor","item":"https:\/\/www.flyspot.com\/es\/trabajando\/entrenamiento-de-paracaidismo-en-interiores\/"},{"@type":"ListItem","position":4,"name":"2 vuelos para 1 adulto"}]},{"@type":"WebSite","@id":"https:\/\/www.flyspot.com\/pl\/#website","url":"https:\/\/www.flyspot.com\/pl\/","name":"Flyspot - Make it Happen","description":"t\u00fanel de viento, simulador de Boeing 737, haz realidad tus sue\u00f1os de volar","potentialAction":[{"@type":"SearchAction","target":{"@type":"EntryPoint","urlTemplate":"https:\/\/www.flyspot.com\/pl\/?s={search_term_string}"},"query-input":{"@type":"PropertyValueSpecification","valueRequired":true,"valueName":"search_term_string"}}],"inLanguage":"es"}]}},"_links":{"self":[{"href":"https:\/\/www.flyspot.com\/es\/wp-json\/wp\/v2\/pages\/14651","targetHints":{"allow":["GET"]}}],"collection":[{"href":"https:\/\/www.flyspot.com\/es\/wp-json\/wp\/v2\/pages"}],"about":[{"href":"https:\/\/www.flyspot.com\/es\/wp-json\/wp\/v2\/types\/page"}],"author":[{"embeddable":true,"href":"https:\/\/www.flyspot.com\/es\/wp-json\/wp\/v2\/users\/1"}],"replies":[{"embeddable":true,"href":"https:\/\/www.flyspot.com\/es\/wp-json\/wp\/v2\/comments?post=14651"}],"version-history":[{"count":18,"href":"https:\/\/www.flyspot.com\/es\/wp-json\/wp\/v2\/pages\/14651\/revisions"}],"predecessor-version":[{"id":39327,"href":"https:\/\/www.flyspot.com\/es\/wp-json\/wp\/v2\/pages\/14651\/revisions\/39327"}],"up":[{"embeddable":true,"href":"https:\/\/www.flyspot.com\/es\/wp-json\/wp\/v2\/pages\/14839"}],"wp:featuredmedia":[{"embeddable":true,"href":"https:\/\/www.flyspot.com\/es\/wp-json\/wp\/v2\/media\/8523"}],"wp:attachment":[{"href":"https:\/\/www.flyspot.com\/es\/wp-json\/wp\/v2\/media?parent=14651"}],"curies":[{"name":"wp","href":"https:\/\/api.w.org\/{rel}","templated":true}]}}