{"id":12531,"date":"2020-09-19T22:01:47","date_gmt":"2020-09-19T20:01:47","guid":{"rendered":"https:\/\/www.flyspot.com\/entrega-y-pago\/"},"modified":"2024-09-27T16:22:32","modified_gmt":"2024-09-27T14:22:32","slug":"entrega-y-pago","status":"publish","type":"page","link":"https:\/\/www.flyspot.com\/es\/entrega-y-pago\/","title":{"rendered":"Entrega y pago"},"content":{"rendered":"\n<p>Los productos FLYSPOT se entregan de forma r\u00e1pida y segura directamente en tu puerta. Haces el pedido, lo pagas y nosotros empaquetamos \u00e1gilmente tus productos y se los entregamos a un amable mensajero de DPD o InPost. El paquete inicia un viaje rel\u00e1mpago pero lo m\u00e1s seguro posible<\/p>\n\n<h2 class=\"has-text-align-center wp-block-heading\">\u00bfCu\u00e1l es el plazo de entrega?<\/h2>\n\n<p>Lo m\u00e1s r\u00e1pido posible: un m\u00e1ximo de 5 d\u00edas laborables desde la contabilizaci\u00f3n de tu pago. Los vales electr\u00f3nicos te llegar\u00e1n en un abrir y cerrar de ojos. Los encontrar\u00e1s en tu buz\u00f3n en un plazo m\u00e1ximo. 20 minutos<\/p>\n\n<h2 class=\"has-text-align-center wp-block-heading\">\u00a1Cuatro formas de entrega!<\/h2>\n\n<p>Estamos comprometidos con <strong>tu satisfacci\u00f3n<\/strong>.<br\/>Ya hemos probado varias opciones y, al final, nuestras pruebas a fondo han <strong>sido<\/strong> superadas <strong>por el servicio de mensajer\u00eda DPD<\/strong>, <strong>Parcel Post <\/strong>y el<strong> servicio de mensajer\u00eda INPOST<\/strong>.<br\/>\u00bfQu\u00e9 probamos? Rapidez de entrega, cuidado del paquete, comodidad y nivel de atenci\u00f3n al cliente.<br\/>Te entregaremos los vales electr\u00f3nicos a\u00fan m\u00e1s r\u00e1pido: los encontrar\u00e1s en tu correo electr\u00f3nico a los pocos minutos de hacer tu pedido, sin importar la hora del d\u00eda o de la noche.<br\/>\u00a1Elige el m\u00e9todo de entrega que m\u00e1s te convenga!<\/p>\n\n<h2 class=\"has-text-align-center wp-block-heading\">\u00bfC\u00f3mo pago mi pedido?<\/h2>\n\n<p>Cuando pagues tus compras con nosotros, imagina que vas a tener productos c\u00f3modos y elegantes con el logotipo de Flyspot. Inmediatamente, el pago se hace m\u00e1s agradable.\nTambi\u00e9n en este caso queremos pon\u00e9rtelo f\u00e1cil, por eso hemos empezado a trabajar con DotPay, un sistema que garantiza transacciones seguras y r\u00e1pidas. Sin estr\u00e9s, sin rellenar tediosos formularios, con unos pocos clics y \u00a1listo! \u00a1\u00a1\u00a1Tan genial como nuestro servicio de atenci\u00f3n al cliente!!!<\/p>\n\n<p>Y hablando de atenci\u00f3n al cliente, estamos siempre a tu servicio y encantados de responder a cualquier pregunta o duda que puedas tener. Siempre que surjan, ll\u00e1manos o escr\u00edbenos y r\u00e1pidamente te ayudaremos, aconsejaremos o solucionaremos cualquier problema que puedas tener.<br\/>  Si prefieres llamarnos, llama al <a href=\"tel:698626500\">698 626 500<\/a>.<br\/>  Por otra parte, si quieres escribirnos, env\u00edanos un correo electr\u00f3nico a: <a href=\"mailto:sklep@flyspot.com\">sklep@flyspot.com<\/a><br\/>  Adem\u00e1s, tambi\u00e9n puedes utilizar el chat en l\u00ednea, que se encuentra en la esquina inferior derecha, o solicitar una llamada utilizando la opci\u00f3n de la esquina inferior izquierda.<\/p>\n","protected":false},"excerpt":{"rendered":"<p>Los productos FLYSPOT se entregan de forma r\u00e1pida y segura directamente en tu puerta. Haces el pedido, lo pagas y nosotros empaquetamos \u00e1gilmente tus productos y se los entregamos a un amable mensajero de DPD o InPost. El paquete inicia un viaje rel\u00e1mpago pero lo m\u00e1s seguro posible \u00bfCu\u00e1l es el plazo de entrega? Lo [&hellip;]<\/p>\n","protected":false},"author":1,"featured_media":0,"parent":0,"menu_order":14,"comment_status":"closed","ping_status":"closed","template":"","meta":{"_acf_changed":false,"footnotes":""},"class_list":["post-12531","page","type-page","status-publish","hentry"],"acf":[],"_links":{"self":[{"href":"https:\/\/www.flyspot.com\/es\/wp-json\/wp\/v2\/pages\/12531","targetHints":{"allow":["GET"]}}],"collection":[{"href":"https:\/\/www.flyspot.com\/es\/wp-json\/wp\/v2\/pages"}],"about":[{"href":"https:\/\/www.flyspot.com\/es\/wp-json\/wp\/v2\/types\/page"}],"author":[{"embeddable":true,"href":"https:\/\/www.flyspot.com\/es\/wp-json\/wp\/v2\/users\/1"}],"replies":[{"embeddable":true,"href":"https:\/\/www.flyspot.com\/es\/wp-json\/wp\/v2\/comments?post=12531"}],"version-history":[{"count":7,"href":"https:\/\/www.flyspot.com\/es\/wp-json\/wp\/v2\/pages\/12531\/revisions"}],"predecessor-version":[{"id":38587,"href":"https:\/\/www.flyspot.com\/es\/wp-json\/wp\/v2\/pages\/12531\/revisions\/38587"}],"wp:attachment":[{"href":"https:\/\/www.flyspot.com\/es\/wp-json\/wp\/v2\/media?parent=12531"}],"curies":[{"name":"wp","href":"https:\/\/api.w.org\/{rel}","templated":true}]}}