{"id":12524,"date":"2020-09-30T10:03:28","date_gmt":"2020-09-30T08:03:28","guid":{"rendered":"https:\/\/www.flyspot.com\/eventos-de-flyspot\/"},"modified":"2024-09-27T16:22:35","modified_gmt":"2024-09-27T14:22:35","slug":"eventos-de-flyspot","status":"publish","type":"page","link":"https:\/\/www.flyspot.com\/es\/eventos-de-flyspot\/","title":{"rendered":"Eventos Flyspot"},"content":{"rendered":"\n<p>T\u00fa sue\u00f1as y creas, nosotros hacemos realidad tus sue\u00f1os e ideas. En Flyspot creemos en el deporte y apoyamos a los deportistas y su desarrollo organizando competiciones deportivas y campamentos en los que pueden entrenarse bajo la direcci\u00f3n de los mejores instructores de todo el mundo.<\/p>\n<div id=\"fold-block_5f743fac34443\" class=\"fold-block\">\r\n  <div class=\"row container\">\r\n    <div>\r\n      <strong class=\"fold-title\">Zawody sportowe we Flyspot<\/strong>    <\/div>\r\n  <\/div>\r\n<\/div><!-- block -->\r\n<div id=\"fancy-display-block_5f743fa334442\" class=\"fancy-display-block\">\r\n  <div class=\"row container\">\r\n    <div>\r\n      <div class=\"text-container with-subtitle\">\r\n                  <h2 class=\"title\">Concursos regulares en Flyspot<\/h2>\r\n          <strong class=\"subtitle\">comienza tu aventura deportiva en Flyspot<\/strong>                <p>Tanto si eres muy avanzado como si acabas de empezar, hay algo para ti en el deporte de vuelo en t\u00fanel.\nNi siquiera tienes que tener tu propio equipo, \u00fanete a Scrambla donde conocer\u00e1s a voladores apasionados como t\u00fa.\n\u00bfYa tienes tu propio equipo y quieres competir regularmente? Elige la Flyspot Champions League y compite contra los mejores&#8230;<\/p>\r\n        <div class=\"buttons\"><a class=\"btn\" href=\"https:\/\/www.flyspot.com\/pl\/nasze-atrakcje\/tunel-flyspot\/oferta-dla-profesjonalistow\/zawody-we-flyspot\/\" target=\"_self\">Competici\u00f3n ciclista en Flyspot<\/a><\/div>      <\/div>\r\n      <div>\r\n        <img decoding=\"async\" lazy src=\"data:image\/gif;base64,R0lGODlhAQABAAD\/ACwAAAAAAQABAAACADs%3D\" data-src=\"https:\/\/www.flyspot.com\/wp-content\/uploads\/2020\/08\/atrakcje1.jpg\" alt=\"\">\r\n      <\/div>\r\n    <\/div>\r\n    <div>\r\n      <div>\r\n        <img decoding=\"async\" lazy src=\"data:image\/gif;base64,R0lGODlhAQABAAD\/ACwAAAAAAQABAAACADs%3D\" data-src=\"https:\/\/www.flyspot.com\/wp-content\/uploads\/2020\/09\/IMG_0443-e1601457189191.jpg\" alt=\"wydarzenia flyspot\">\r\n      <\/div>\r\n              <div class=\"text-container\">\r\n          <h2 class=\"title\">Flyspot Open de Polonia &#8211; Campeonatos de Polonia de Paracaidismo Indoor<\/h2>\r\n                    <p>Competici\u00f3n de categor\u00eda mundial con atletas de todo el mundo.\n\u00danete a ellos y compite por el t\u00edtulo de Campe\u00f3n Polaco de Paracaidismo Indoor.<\/p>\r\n          <div class=\"buttons\"><a class=\"btn\" href=\"https:\/\/flyspotpolishopen.com\" target=\"_self\">Ir a Flyspot Polish Open<\/a><\/div>        <\/div>\r\n          <\/div>\r\n  <\/div>\r\n<\/div><!-- block -->\r\n<div id=\"fold-block_5f74400134444\" class=\"fold-block\">\r\n  <div class=\"row container\">\r\n    <div>\r\n      <strong class=\"fold-title\">Campy we Flyspot<\/strong>    <\/div>\r\n  <\/div>\r\n<\/div><!-- block -->\r\n<div id=\"fancy-display-block_5f74401234445\" class=\"fancy-display-block\">\r\n  <div class=\"row container\">\r\n    <div>\r\n      <div class=\"text-container with-subtitle\">\r\n                  <h2 class=\"title\">Lugar de progresi\u00f3n<\/h2>\r\n          <strong class=\"subtitle\">flyspot es un lugar \u00fanico<\/strong>                <p>Flyspot es donde se re\u00fanen los profesionales, aprendiendo cada vez m\u00e1s. Aqu\u00ed, todo el mundo descubre que los l\u00edmites de nuestras posibilidades pueden sobrepasarse a voluntad y que lo imposible no existe.\nDescubre los campamentos en Flyspot: \u00a1explora a un nuevo nivel de vuelo!<\/p>\r\n        <div class=\"buttons\"><a class=\"btn\" href=\"https:\/\/www.flyspot.com\/pl\/nasze-atrakcje\/tunel-flyspot\/oferta-dla-profesjonalistow\/campy-we-flyspot\/\" target=\"_self\">M\u00e1s informaci\u00f3n<\/a><\/div>      <\/div>\r\n      <div>\r\n        <img decoding=\"async\" lazy src=\"data:image\/gif;base64,R0lGODlhAQABAAD\/ACwAAAAAAQABAAACADs%3D\" data-src=\"https:\/\/www.flyspot.com\/wp-content\/uploads\/2020\/09\/MasonKeith_CAMP_KATO_2018_june-71-1-e1601457423577.jpg\" alt=\"wydarzenia flyspot\">\r\n      <\/div>\r\n    <\/div>\r\n    <div>\r\n      <div>\r\n        <img decoding=\"async\" lazy src=\"data:image\/gif;base64,R0lGODlhAQABAAD\/ACwAAAAAAQABAAACADs%3D\" data-src=\"https:\/\/www.flyspot.com\/wp-content\/uploads\/2020\/09\/Columbia_all-inclusive_2018-116-1-e1601457534695.jpg\" alt=\"eventos de flyspot\">\r\n      <\/div>\r\n              <div class=\"text-container\">\r\n          <h2 class=\"title\">Gran entrenamiento con amigos<\/h2>\r\n                    <p>Los mejores instructores de todo el mundo, el mejor t\u00fanel, una gran organizaci\u00f3n integral act\u00faan como un im\u00e1n.\nConsulta nuestro calendario, elige a tu instructor y comprueba por ti mismo por qu\u00e9 los campamentos Flyspot son tan especiales.<\/p>\r\n          <div class=\"buttons\"><a class=\"btn\" href=\"https:\/\/www.flyspot.com\/pl\/nasze-atrakcje\/tunel-flyspot\/oferta-dla-profesjonalistow\/campy-we-flyspot\/kalendarz\/\" target=\"_self\">Consulta nuestro calendario<\/a><\/div>        <\/div>\r\n          <\/div>\r\n  <\/div>\r\n<\/div><!-- block -->\r\n\n<p><\/p>\n","protected":false},"excerpt":{"rendered":"<p>T\u00fa sue\u00f1as y creas, nosotros hacemos realidad tus sue\u00f1os e ideas. En Flyspot creemos en el deporte y apoyamos a los deportistas y su desarrollo organizando competiciones deportivas y campamentos en los que pueden entrenarse bajo la direcci\u00f3n de los mejores instructores de todo el mundo.<\/p>\n","protected":false},"author":2,"featured_media":0,"parent":0,"menu_order":6,"comment_status":"closed","ping_status":"closed","template":"","meta":{"_acf_changed":false,"footnotes":""},"class_list":["post-12524","page","type-page","status-publish","hentry"],"acf":[],"yoast_head":"<!-- This site is optimized with the Yoast SEO plugin v27.3 - https:\/\/yoast.com\/product\/yoast-seo-wordpress\/ -->\n<title>Eventos Flyspot - Flyspot - Make it Happen<\/title>\n<meta name=\"robots\" content=\"index, follow, max-snippet:-1, max-image-preview:large, max-video-preview:-1\" \/>\n<link rel=\"canonical\" href=\"https:\/\/www.flyspot.com\/es\/eventos-de-flyspot\/\" \/>\n<meta property=\"og:locale\" content=\"es_ES\" \/>\n<meta property=\"og:type\" content=\"article\" \/>\n<meta property=\"og:title\" content=\"Eventos Flyspot - Flyspot - Make it Happen\" \/>\n<meta property=\"og:description\" content=\"T\u00fa sue\u00f1as y creas, nosotros hacemos realidad tus sue\u00f1os e ideas. En Flyspot creemos en el deporte y apoyamos a los deportistas y su desarrollo organizando competiciones deportivas y campamentos en los que pueden entrenarse bajo la direcci\u00f3n de los mejores instructores de todo el mundo.\" \/>\n<meta property=\"og:url\" content=\"https:\/\/www.flyspot.com\/es\/eventos-de-flyspot\/\" \/>\n<meta property=\"og:site_name\" content=\"Flyspot - Make it Happen\" \/>\n<meta property=\"article:modified_time\" content=\"2024-09-27T14:22:35+00:00\" \/>\n<meta name=\"twitter:card\" content=\"summary_large_image\" \/>\n<script type=\"application\/ld+json\" class=\"yoast-schema-graph\">{\"@context\":\"https:\\\/\\\/schema.org\",\"@graph\":[{\"@type\":\"WebPage\",\"@id\":\"https:\\\/\\\/www.flyspot.com\\\/es\\\/eventos-de-flyspot\\\/\",\"url\":\"https:\\\/\\\/www.flyspot.com\\\/es\\\/eventos-de-flyspot\\\/\",\"name\":\"Eventos Flyspot - Flyspot - Make it Happen\",\"isPartOf\":{\"@id\":\"https:\\\/\\\/www.flyspot.com\\\/pl\\\/#website\"},\"datePublished\":\"2020-09-30T08:03:28+00:00\",\"dateModified\":\"2024-09-27T14:22:35+00:00\",\"breadcrumb\":{\"@id\":\"https:\\\/\\\/www.flyspot.com\\\/es\\\/eventos-de-flyspot\\\/#breadcrumb\"},\"inLanguage\":\"es\",\"potentialAction\":[{\"@type\":\"ReadAction\",\"target\":[\"https:\\\/\\\/www.flyspot.com\\\/es\\\/eventos-de-flyspot\\\/\"]}]},{\"@type\":\"BreadcrumbList\",\"@id\":\"https:\\\/\\\/www.flyspot.com\\\/es\\\/eventos-de-flyspot\\\/#breadcrumb\",\"itemListElement\":[{\"@type\":\"ListItem\",\"position\":1,\"name\":\"Strona g\u0142\u00f3wna\",\"item\":\"https:\\\/\\\/www.flyspot.com\\\/es\\\/\"},{\"@type\":\"ListItem\",\"position\":2,\"name\":\"Eventos Flyspot\"}]},{\"@type\":\"WebSite\",\"@id\":\"https:\\\/\\\/www.flyspot.com\\\/pl\\\/#website\",\"url\":\"https:\\\/\\\/www.flyspot.com\\\/pl\\\/\",\"name\":\"Flyspot - Make it Happen\",\"description\":\"t\u00fanel de viento, simulador de Boeing 737, haz realidad tus sue\u00f1os de volar\",\"potentialAction\":[{\"@type\":\"SearchAction\",\"target\":{\"@type\":\"EntryPoint\",\"urlTemplate\":\"https:\\\/\\\/www.flyspot.com\\\/pl\\\/?s={search_term_string}\"},\"query-input\":{\"@type\":\"PropertyValueSpecification\",\"valueRequired\":true,\"valueName\":\"search_term_string\"}}],\"inLanguage\":\"es\"}]}<\/script>\n<!-- \/ Yoast SEO plugin. -->","yoast_head_json":{"title":"Eventos Flyspot - Flyspot - Make it Happen","robots":{"index":"index","follow":"follow","max-snippet":"max-snippet:-1","max-image-preview":"max-image-preview:large","max-video-preview":"max-video-preview:-1"},"canonical":"https:\/\/www.flyspot.com\/es\/eventos-de-flyspot\/","og_locale":"es_ES","og_type":"article","og_title":"Eventos Flyspot - Flyspot - Make it Happen","og_description":"T\u00fa sue\u00f1as y creas, nosotros hacemos realidad tus sue\u00f1os e ideas. En Flyspot creemos en el deporte y apoyamos a los deportistas y su desarrollo organizando competiciones deportivas y campamentos en los que pueden entrenarse bajo la direcci\u00f3n de los mejores instructores de todo el mundo.","og_url":"https:\/\/www.flyspot.com\/es\/eventos-de-flyspot\/","og_site_name":"Flyspot - Make it Happen","article_modified_time":"2024-09-27T14:22:35+00:00","twitter_card":"summary_large_image","schema":{"@context":"https:\/\/schema.org","@graph":[{"@type":"WebPage","@id":"https:\/\/www.flyspot.com\/es\/eventos-de-flyspot\/","url":"https:\/\/www.flyspot.com\/es\/eventos-de-flyspot\/","name":"Eventos Flyspot - Flyspot - Make it Happen","isPartOf":{"@id":"https:\/\/www.flyspot.com\/pl\/#website"},"datePublished":"2020-09-30T08:03:28+00:00","dateModified":"2024-09-27T14:22:35+00:00","breadcrumb":{"@id":"https:\/\/www.flyspot.com\/es\/eventos-de-flyspot\/#breadcrumb"},"inLanguage":"es","potentialAction":[{"@type":"ReadAction","target":["https:\/\/www.flyspot.com\/es\/eventos-de-flyspot\/"]}]},{"@type":"BreadcrumbList","@id":"https:\/\/www.flyspot.com\/es\/eventos-de-flyspot\/#breadcrumb","itemListElement":[{"@type":"ListItem","position":1,"name":"Strona g\u0142\u00f3wna","item":"https:\/\/www.flyspot.com\/es\/"},{"@type":"ListItem","position":2,"name":"Eventos Flyspot"}]},{"@type":"WebSite","@id":"https:\/\/www.flyspot.com\/pl\/#website","url":"https:\/\/www.flyspot.com\/pl\/","name":"Flyspot - Make it Happen","description":"t\u00fanel de viento, simulador de Boeing 737, haz realidad tus sue\u00f1os de volar","potentialAction":[{"@type":"SearchAction","target":{"@type":"EntryPoint","urlTemplate":"https:\/\/www.flyspot.com\/pl\/?s={search_term_string}"},"query-input":{"@type":"PropertyValueSpecification","valueRequired":true,"valueName":"search_term_string"}}],"inLanguage":"es"}]}},"_links":{"self":[{"href":"https:\/\/www.flyspot.com\/es\/wp-json\/wp\/v2\/pages\/12524","targetHints":{"allow":["GET"]}}],"collection":[{"href":"https:\/\/www.flyspot.com\/es\/wp-json\/wp\/v2\/pages"}],"about":[{"href":"https:\/\/www.flyspot.com\/es\/wp-json\/wp\/v2\/types\/page"}],"author":[{"embeddable":true,"href":"https:\/\/www.flyspot.com\/es\/wp-json\/wp\/v2\/users\/2"}],"replies":[{"embeddable":true,"href":"https:\/\/www.flyspot.com\/es\/wp-json\/wp\/v2\/comments?post=12524"}],"version-history":[{"count":7,"href":"https:\/\/www.flyspot.com\/es\/wp-json\/wp\/v2\/pages\/12524\/revisions"}],"predecessor-version":[{"id":39054,"href":"https:\/\/www.flyspot.com\/es\/wp-json\/wp\/v2\/pages\/12524\/revisions\/39054"}],"wp:attachment":[{"href":"https:\/\/www.flyspot.com\/es\/wp-json\/wp\/v2\/media?parent=12524"}],"curies":[{"name":"wp","href":"https:\/\/api.w.org\/{rel}","templated":true}]}}