{"id":4850,"date":"2020-09-19T08:52:36","date_gmt":"2020-09-19T06:52:36","guid":{"rendered":"https:\/\/www.flyspot.com\/flyspot-wroclaw\/"},"modified":"2024-09-27T16:29:57","modified_gmt":"2024-09-27T14:29:57","slug":"flyspot-wroclaw","status":"publish","type":"page","link":"https:\/\/www.flyspot.com\/en\/locations\/flyspot-wroclaw\/","title":{"rendered":"Flyspot in Wroclaw"},"content":{"rendered":"<div id=\"hero-block_f0f2116ec24c377087547306db617ae3\" class=\"hero-block\">\r\n  <div class=\"row outer-container\">\r\n    <div>\r\n      <img decoding=\"async\" lazy src=\"data:image\/gif;base64,R0lGODlhAQABAAD\/ACwAAAAAAQABAAACADs%3D\" data-src=\"https:\/\/www.flyspot.com\/wp-content\/uploads\/2020\/09\/wro2.jpg\" alt=\"\">\r\n              <span class=\"youtube-play\" data-youtube=\"https:\/\/www.youtube.com\/watch?v=9Px_5pjQJ-E\">\r\n          <img decoding=\"async\" lazy src=\"data:image\/gif;base64,R0lGODlhAQABAAD\/ACwAAAAAAQABAAACADs%3D\" data-src=\"https:\/\/www.flyspot.com\/wp-content\/themes\/deepspotflyspotWPML\/images\/youtube-play.svg\" alt=\"play\">\r\n          <strong>watch video<\/strong>\r\n        <\/span>\r\n          <\/div>\r\n    <div>\r\n      <h2>What to do in Wroclaw? Adventure awaits just outside the city!<\/h2><p>Are you tired of spending your evenings at home? Are you dreaming of an unforgettable entertainment experience? Although Wroclaw is full of interesting attractions for residents and tourists, few of them can compare with a flight in the wind tunnel, which can be performed in a specially adapted chamber located just outside the city border &#8211; in Miroslawice. See what you can gain by choosing to purchase a voucher for yourself or someone you want to give a special surprise to.<\/p>    <\/div>\r\n  <\/div>\r\n<\/div><!-- block -->\r\n<div id=\"product-details-block_1a7890f479fe41e9c600a0555794410e\" class=\"product-details-block\">\r\n  <div class=\"row container\">\r\n    <div>\r\n      <h2 class=\"title\">Wind tunnel &#8211; Wroclaw with an offer for adrenaline lovers<\/h2>      <p class=\"desc\"><p>The wind tunnel is not just an activity in the physical sense of the word. It&#8217;s also a shot of powerful emotions that provide an amazing experience during the flight itself, as well as later when you recall this moment from your life. <strong>The free video of your own flight<\/strong>, which you will receive afterwards, will help refresh your memories, moreover.\nTo have a great time while floating freely in the air, you <strong>don&#8217;t need basically anything &#8211; not even above-average physical fitness<\/strong>. You will be provided with a suitable suit and accessories, as well as an accelerated course in moving in the aerodynamic chamber, which will be conducted by our instructor.<\/p>\n<h2>Innovative wind tunnel &#8211; Wroclaw a unique point on the map of Poland<\/h2>\nThe Wroclaw branch, which opened in 2019, features the largest diameter flight chamber of all facilities <a href=\"\/\/sklep.flyspot.com\/Sklep\"><u>Flyspot<\/u><\/a>, which is 4.3 meters. Made with <strong>Stroina Litvinov technology and air rushing at speeds of up to 290 km\/h<\/strong>, the wind tunnel will work well for both beginners and professional users.\nOn site, there is more than just the tunnel itself waiting for adventure lovers to take flight. There is also a company store with an attractive assortment of products. The offer ranges from vouchers for services to be redeemed at all Flyspot locations to a wide selection of apparel &#8211; designed for use in the aerodynamic chamber or for everyday wear. This is a good place to look for <a href=\"https:\/\/sklep.flyspot.com\/produkty\/vouchery\"><u>original gifts<\/u><\/a> for yourself or someone close to you.<\/p>\n<h2>Flyspot Wroclaw &#8211; phenomenal entertainment for children and adults<\/h2>\n<p>Flight in the <a href=\"\/\/www.flyspot.com\/pl\/nasze-atrakcje\/tunel-flyspot\"><u>wind tunnel<\/u><\/a> is undeniably an activity that causes a large adrenaline rush and is thus considered extreme. Thus, it should come as no surprise that it tends to be associated with something intended for adults, who are generally more aware of their own bodies. However, it turns out that this facility&#8217;s offerings are much broader and include entertainment for children. Thus, Wroclaw is a good place to familiarize the youngest with <strong>creative options for active recreation<\/strong>.  \nWe apply special procedures to children to ensure their special safety. Thanks to them  <strong>The tunnel can be used by little ones as young as 3. year old<\/strong>. Toddlers can fly in a stream of air rushing slower than standard. In addition, they are watched vigilantly at all times by an instructor who will instantly step in if necessary.<\/p>\n<p>How many minutes do you want to spend in the wind tunnel? The decision is yours. Check our offer and choose the best option.<\/p>\n<br><\/br>\n\n<iframe loading=\"lazy\" width=\"853\" height=\"480\" src=\"https:\/\/my.matterport.com\/show\/?m=Koy7fPTM5Ht\" frameborder=\"0\" allowfullscreen=\"\" allow=\"xr-spatial-tracking\"><\/iframe>\n\n<br><\/br><\/p>      <ul>            <li>\r\n              <p>Technologia<\/p>\r\n              <strong>Stroina Litvinov<\/strong>\r\n            <\/li>\r\n                      <li>\r\n              <p>\u015arednica komory lot\u00f3w<\/p>\r\n              <strong>4.3 meters<\/strong>\r\n            <\/li>\r\n                      <li>\r\n              <p>Wysoko\u015b\u0107 komory lot\u00f3w<\/p>\r\n              <strong>xxx meters<\/strong>\r\n            <\/li>\r\n                      <li>\r\n              <p>Maksymalna pr\u0119dko\u015b\u0107 wiatru<\/p>\r\n              <strong>290 km\/h<\/strong>\r\n            <\/li>\r\n          <\/ul>      <div class=\"button-list-wrap\"><div class=\"button-list button-type-basic\"><div><a class=\"css-default\" href=\"https:\/\/sklep.flyspot.com\/produkty\/vouchery\" target=\"_self\"><img decoding=\"async\" lazy src=\"data:image\/gif;base64,R0lGODlhAQABAAD\/ACwAAAAAAQABAAACADs%3D\" data-src=\"https:\/\/www.flyspot.com\/wp-content\/uploads\/2020\/08\/Group_4.png\" alt=\"\"><strong>Zamawiam Voucher<\/strong><\/a><\/div><div><a class=\"css-default\" href=\"https:\/\/cs.flyspot.com\/offer?steps=flyspot\" target=\"_self\"><img decoding=\"async\" lazy src=\"data:image\/gif;base64,R0lGODlhAQABAAD\/ACwAAAAAAQABAAACADs%3D\" data-src=\"https:\/\/www.flyspot.com\/wp-content\/uploads\/2020\/09\/opening-times.png\" alt=\"\"><strong>Rezerwuj\u0119 lot w tunelu<\/strong><\/a><\/div><\/div><\/div>    <\/div>\r\n  <\/div>\r\n<\/div><!-- block -->\r\n<div id=\"step-guide-icons-block_92941599a9a6c79c63f0e2f4310ca312\" class=\"step-guide-icons-block\">\r\n  <div class=\"row container\">\r\n    <div>\r\n      <div class=\"title\">Services available at the facility<\/div>      <ul>            <li data-count=\"01\">\r\n              <div class=\"icon-wrap\"><img decoding=\"async\" lazy src=\"data:image\/gif;base64,R0lGODlhAQABAAD\/ACwAAAAAAQABAAACADs%3D\" data-src=\"https:\/\/www.flyspot.com\/wp-content\/uploads\/2020\/08\/helm.png\" alt=\"\"><\/div>\r\n              <p>Flying in the wind tunnel<\/p>\r\n              <a href=\"https:\/\/www.flyspot.com\/pl\/nasze-atrakcje\/tunel-flyspot\/\" target=\"_self\">Learn more!<\/a>            <\/li>\r\n                      <li data-count=\"02\">\r\n              <div class=\"icon-wrap\"><img decoding=\"async\" lazy src=\"data:image\/gif;base64,R0lGODlhAQABAAD\/ACwAAAAAAQABAAACADs%3D\" data-src=\"\" alt=\"\"><\/div>\r\n              <p>Flyspot Shop<\/p>\r\n              <a href=\"https:\/\/sklep.flyspot.com\" target=\"_self\">Visit the online store<\/a>            <\/li>\r\n          <\/ul>    <\/div>\r\n  <\/div>\r\n<\/div><!-- block -->\r\n<div id=\"download-block_c1267dd5d6f110b9ae9bc996dbf0dfdd\" class=\"download-block\">\r\n  <div class=\"row container\">\r\n    <div>\r\n                <\/div>\r\n  <\/div>\r\n<\/div><!-- block -->\r\n","protected":false},"excerpt":{"rendered":"","protected":false},"author":1,"featured_media":1556,"parent":30535,"menu_order":12,"comment_status":"closed","ping_status":"closed","template":"","meta":{"_acf_changed":false,"footnotes":""},"class_list":["post-4850","page","type-page","status-publish","has-post-thumbnail","hentry"],"acf":[],"yoast_head":"<!-- This site is optimized with the Yoast SEO plugin v27.4 - https:\/\/yoast.com\/product\/yoast-seo-wordpress\/ -->\n<title>Flyspot in Wroclaw - Flyspot - Make it Happen<\/title>\n<meta name=\"robots\" content=\"index, follow, max-snippet:-1, max-image-preview:large, max-video-preview:-1\" \/>\n<link rel=\"canonical\" href=\"https:\/\/www.flyspot.com\/en\/locations\/flyspot-wroclaw\/\" \/>\n<meta property=\"og:locale\" content=\"en_US\" \/>\n<meta property=\"og:type\" content=\"article\" \/>\n<meta property=\"og:title\" content=\"Flyspot in Wroclaw - Flyspot - Make it Happen\" \/>\n<meta property=\"og:url\" content=\"https:\/\/www.flyspot.com\/en\/locations\/flyspot-wroclaw\/\" \/>\n<meta property=\"og:site_name\" content=\"Flyspot - Make it Happen\" \/>\n<meta property=\"article:modified_time\" content=\"2024-09-27T14:29:57+00:00\" \/>\n<meta property=\"og:image\" content=\"https:\/\/www.flyspot.com\/wp-content\/uploads\/2020\/09\/Flyspot-Wroclaw_exterior_WRO_2019-6.jpg\" \/>\n\t<meta property=\"og:image:width\" content=\"640\" \/>\n\t<meta property=\"og:image:height\" content=\"640\" \/>\n\t<meta property=\"og:image:type\" content=\"image\/jpeg\" \/>\n<meta name=\"twitter:card\" content=\"summary_large_image\" \/>\n<script type=\"application\/ld+json\" class=\"yoast-schema-graph\">{\"@context\":\"https:\\\/\\\/schema.org\",\"@graph\":[{\"@type\":\"WebPage\",\"@id\":\"https:\\\/\\\/www.flyspot.com\\\/en\\\/locations\\\/flyspot-wroclaw\\\/\",\"url\":\"https:\\\/\\\/www.flyspot.com\\\/en\\\/locations\\\/flyspot-wroclaw\\\/\",\"name\":\"Flyspot in Wroclaw - Flyspot - Make it Happen\",\"isPartOf\":{\"@id\":\"https:\\\/\\\/www.flyspot.com\\\/pl\\\/#website\"},\"primaryImageOfPage\":{\"@id\":\"https:\\\/\\\/www.flyspot.com\\\/en\\\/locations\\\/flyspot-wroclaw\\\/#primaryimage\"},\"image\":{\"@id\":\"https:\\\/\\\/www.flyspot.com\\\/en\\\/locations\\\/flyspot-wroclaw\\\/#primaryimage\"},\"thumbnailUrl\":\"https:\\\/\\\/www.flyspot.com\\\/wp-content\\\/uploads\\\/2020\\\/09\\\/Flyspot-Wroclaw_exterior_WRO_2019-6.jpg\",\"datePublished\":\"2020-09-19T06:52:36+00:00\",\"dateModified\":\"2024-09-27T14:29:57+00:00\",\"breadcrumb\":{\"@id\":\"https:\\\/\\\/www.flyspot.com\\\/en\\\/locations\\\/flyspot-wroclaw\\\/#breadcrumb\"},\"inLanguage\":\"en-US\",\"potentialAction\":[{\"@type\":\"ReadAction\",\"target\":[\"https:\\\/\\\/www.flyspot.com\\\/en\\\/locations\\\/flyspot-wroclaw\\\/\"]}]},{\"@type\":\"ImageObject\",\"inLanguage\":\"en-US\",\"@id\":\"https:\\\/\\\/www.flyspot.com\\\/en\\\/locations\\\/flyspot-wroclaw\\\/#primaryimage\",\"url\":\"https:\\\/\\\/www.flyspot.com\\\/wp-content\\\/uploads\\\/2020\\\/09\\\/Flyspot-Wroclaw_exterior_WRO_2019-6.jpg\",\"contentUrl\":\"https:\\\/\\\/www.flyspot.com\\\/wp-content\\\/uploads\\\/2020\\\/09\\\/Flyspot-Wroclaw_exterior_WRO_2019-6.jpg\",\"width\":640,\"height\":640},{\"@type\":\"BreadcrumbList\",\"@id\":\"https:\\\/\\\/www.flyspot.com\\\/en\\\/locations\\\/flyspot-wroclaw\\\/#breadcrumb\",\"itemListElement\":[{\"@type\":\"ListItem\",\"position\":1,\"name\":\"Strona g\u0142\u00f3wna\",\"item\":\"https:\\\/\\\/www.flyspot.com\\\/en\\\/\"},{\"@type\":\"ListItem\",\"position\":2,\"name\":\"Locations\",\"item\":\"https:\\\/\\\/www.flyspot.com\\\/en\\\/locations\\\/\"},{\"@type\":\"ListItem\",\"position\":3,\"name\":\"Flyspot in Wroclaw\"}]},{\"@type\":\"WebSite\",\"@id\":\"https:\\\/\\\/www.flyspot.com\\\/pl\\\/#website\",\"url\":\"https:\\\/\\\/www.flyspot.com\\\/pl\\\/\",\"name\":\"Flyspot - Make it Happen\",\"description\":\"Place where you can fullfill your dreams of flying\",\"potentialAction\":[{\"@type\":\"SearchAction\",\"target\":{\"@type\":\"EntryPoint\",\"urlTemplate\":\"https:\\\/\\\/www.flyspot.com\\\/pl\\\/?s={search_term_string}\"},\"query-input\":{\"@type\":\"PropertyValueSpecification\",\"valueRequired\":true,\"valueName\":\"search_term_string\"}}],\"inLanguage\":\"en-US\"}]}<\/script>\n<!-- \/ Yoast SEO plugin. -->","yoast_head_json":{"title":"Flyspot in Wroclaw - Flyspot - Make it Happen","robots":{"index":"index","follow":"follow","max-snippet":"max-snippet:-1","max-image-preview":"max-image-preview:large","max-video-preview":"max-video-preview:-1"},"canonical":"https:\/\/www.flyspot.com\/en\/locations\/flyspot-wroclaw\/","og_locale":"en_US","og_type":"article","og_title":"Flyspot in Wroclaw - Flyspot - Make it Happen","og_url":"https:\/\/www.flyspot.com\/en\/locations\/flyspot-wroclaw\/","og_site_name":"Flyspot - Make it Happen","article_modified_time":"2024-09-27T14:29:57+00:00","og_image":[{"width":640,"height":640,"url":"https:\/\/www.flyspot.com\/wp-content\/uploads\/2020\/09\/Flyspot-Wroclaw_exterior_WRO_2019-6.jpg","type":"image\/jpeg"}],"twitter_card":"summary_large_image","schema":{"@context":"https:\/\/schema.org","@graph":[{"@type":"WebPage","@id":"https:\/\/www.flyspot.com\/en\/locations\/flyspot-wroclaw\/","url":"https:\/\/www.flyspot.com\/en\/locations\/flyspot-wroclaw\/","name":"Flyspot in Wroclaw - Flyspot - Make it Happen","isPartOf":{"@id":"https:\/\/www.flyspot.com\/pl\/#website"},"primaryImageOfPage":{"@id":"https:\/\/www.flyspot.com\/en\/locations\/flyspot-wroclaw\/#primaryimage"},"image":{"@id":"https:\/\/www.flyspot.com\/en\/locations\/flyspot-wroclaw\/#primaryimage"},"thumbnailUrl":"https:\/\/www.flyspot.com\/wp-content\/uploads\/2020\/09\/Flyspot-Wroclaw_exterior_WRO_2019-6.jpg","datePublished":"2020-09-19T06:52:36+00:00","dateModified":"2024-09-27T14:29:57+00:00","breadcrumb":{"@id":"https:\/\/www.flyspot.com\/en\/locations\/flyspot-wroclaw\/#breadcrumb"},"inLanguage":"en-US","potentialAction":[{"@type":"ReadAction","target":["https:\/\/www.flyspot.com\/en\/locations\/flyspot-wroclaw\/"]}]},{"@type":"ImageObject","inLanguage":"en-US","@id":"https:\/\/www.flyspot.com\/en\/locations\/flyspot-wroclaw\/#primaryimage","url":"https:\/\/www.flyspot.com\/wp-content\/uploads\/2020\/09\/Flyspot-Wroclaw_exterior_WRO_2019-6.jpg","contentUrl":"https:\/\/www.flyspot.com\/wp-content\/uploads\/2020\/09\/Flyspot-Wroclaw_exterior_WRO_2019-6.jpg","width":640,"height":640},{"@type":"BreadcrumbList","@id":"https:\/\/www.flyspot.com\/en\/locations\/flyspot-wroclaw\/#breadcrumb","itemListElement":[{"@type":"ListItem","position":1,"name":"Strona g\u0142\u00f3wna","item":"https:\/\/www.flyspot.com\/en\/"},{"@type":"ListItem","position":2,"name":"Locations","item":"https:\/\/www.flyspot.com\/en\/locations\/"},{"@type":"ListItem","position":3,"name":"Flyspot in Wroclaw"}]},{"@type":"WebSite","@id":"https:\/\/www.flyspot.com\/pl\/#website","url":"https:\/\/www.flyspot.com\/pl\/","name":"Flyspot - Make it Happen","description":"Place where you can fullfill your dreams of flying","potentialAction":[{"@type":"SearchAction","target":{"@type":"EntryPoint","urlTemplate":"https:\/\/www.flyspot.com\/pl\/?s={search_term_string}"},"query-input":{"@type":"PropertyValueSpecification","valueRequired":true,"valueName":"search_term_string"}}],"inLanguage":"en-US"}]}},"_links":{"self":[{"href":"https:\/\/www.flyspot.com\/en\/wp-json\/wp\/v2\/pages\/4850","targetHints":{"allow":["GET"]}}],"collection":[{"href":"https:\/\/www.flyspot.com\/en\/wp-json\/wp\/v2\/pages"}],"about":[{"href":"https:\/\/www.flyspot.com\/en\/wp-json\/wp\/v2\/types\/page"}],"author":[{"embeddable":true,"href":"https:\/\/www.flyspot.com\/en\/wp-json\/wp\/v2\/users\/1"}],"replies":[{"embeddable":true,"href":"https:\/\/www.flyspot.com\/en\/wp-json\/wp\/v2\/comments?post=4850"}],"version-history":[{"count":31,"href":"https:\/\/www.flyspot.com\/en\/wp-json\/wp\/v2\/pages\/4850\/revisions"}],"predecessor-version":[{"id":39281,"href":"https:\/\/www.flyspot.com\/en\/wp-json\/wp\/v2\/pages\/4850\/revisions\/39281"}],"up":[{"embeddable":true,"href":"https:\/\/www.flyspot.com\/en\/wp-json\/wp\/v2\/pages\/30535"}],"wp:featuredmedia":[{"embeddable":true,"href":"https:\/\/www.flyspot.com\/en\/wp-json\/wp\/v2\/media\/1556"}],"wp:attachment":[{"href":"https:\/\/www.flyspot.com\/en\/wp-json\/wp\/v2\/media?parent=4850"}],"curies":[{"name":"wp","href":"https:\/\/api.w.org\/{rel}","templated":true}]}}