{"id":25645,"date":"2023-09-08T13:22:38","date_gmt":"2023-09-08T11:22:38","guid":{"rendered":"https:\/\/www.flyspot.com\/flyspot-wind-tunnel-in-gdansk-poland\/"},"modified":"2024-09-27T16:30:07","modified_gmt":"2024-09-27T14:30:07","slug":"flyspot-wind-tunnel-in-gdansk-poland","status":"publish","type":"page","link":"https:\/\/www.flyspot.com\/en\/locations\/flyspot-wind-tunnel-in-gdansk-poland\/","title":{"rendered":"Flyspot in Gdansk"},"content":{"rendered":"<div class=\"outer-container special-outer-overflow\">\r\n  <div id=\"fancy-display-2-block_589e52cb3d4cef6bd53a8aeed36f8e73\" class=\"fancy-display-2-block\">\r\n    <div class=\"row container\">\r\n      <div>\r\n        <h2 class=\"title\">Celebrate with us the official opening of the new Flyspot facility in Gdansk!<\/h2>\r\n        <p>On this occasion we have for you a promotion we have never done: -20% discount on bookings. The number of places is limited so hurry up to not miss the opportunity!<\/p>\r\n      <\/div>\r\n    <\/div>\r\n    <img decoding=\"async\" lazy src=\"data:image\/gif;base64,R0lGODlhAQABAAD\/ACwAAAAAAQABAAACADs%3D\" data-src=\"https:\/\/www.flyspot.com\/wp-content\/uploads\/2024\/03\/flyspot_galeria-14.jpg\" alt=\"\">\r\n  <\/div><!-- block -->\r\n<\/div>\r\n<div class=\"outer-container special-outer-overflow\">\r\n  <div id=\"fancy-display-2-block_a25c829ef6336da8718e4d51d2c0f269\" class=\"fancy-display-2-block\">\r\n    <div class=\"row container\">\r\n      <div>\r\n        <h2 class=\"title\">Flyspot wind tunnel in Gdansk, Poland<\/h2>\r\n        <p>What to do in Gdansk? We have something special for you &#8211; an experience that is sure to stay in your memory for years to come! Meet Flyspot &#8211; a wind tunnel where dreams of flying become reality \ud83d\ude09.<br \/>\n<br \/>\nYou can book your flights at Flyspot Gdansk right now!<\/p>\r\n      <\/div>\r\n    <\/div>\r\n    <img decoding=\"async\" lazy src=\"data:image\/gif;base64,R0lGODlhAQABAAD\/ACwAAAAAAQABAAACADs%3D\" data-src=\"https:\/\/www.flyspot.com\/wp-content\/uploads\/2020\/09\/GrandOpening_KATO_2017-7415.jpg\" alt=\"tunel flyspot\">\r\n  <\/div><!-- block -->\r\n<\/div>\r\n\n<div class=\"wp-block-columns is-layout-flex wp-container-core-columns-is-layout-9d6595d7 wp-block-columns-is-layout-flex\">\n<div class=\"wp-block-column is-layout-flow wp-block-column-is-layout-flow\" style=\"flex-basis:25%\"><\/div>\n\n\n\n<div class=\"wp-block-column is-layout-flow wp-block-column-is-layout-flow\" style=\"flex-basis:50%\">\n<figure class=\"wp-block-gallery has-nested-images columns-default is-cropped wp-block-gallery-1 is-layout-flex wp-block-gallery-is-layout-flex\">\n<figure class=\"wp-block-image size-large\"><img decoding=\"async\" width=\"724\" height=\"724\" data-id=\"25163\" src=\"https:\/\/www.flyspot.com\/wp-content\/uploads\/2023\/09\/pro.jpg\" alt=\"\" class=\"wp-image-25163\" srcset=\"https:\/\/www.flyspot.com\/wp-content\/uploads\/2023\/09\/pro.jpg 724w, https:\/\/www.flyspot.com\/wp-content\/uploads\/2023\/09\/pro-300x300.jpg 300w, https:\/\/www.flyspot.com\/wp-content\/uploads\/2023\/09\/pro-150x150.jpg 150w\" sizes=\"(max-width: 724px) 100vw, 724px\" \/><\/figure>\n\n\n\n<figure class=\"wp-block-image size-large\"><img decoding=\"async\" width=\"724\" height=\"724\" data-id=\"25158\" src=\"https:\/\/www.flyspot.com\/wp-content\/uploads\/2023\/09\/para.jpg\" alt=\"\" class=\"wp-image-25158\" srcset=\"https:\/\/www.flyspot.com\/wp-content\/uploads\/2023\/09\/para.jpg 724w, https:\/\/www.flyspot.com\/wp-content\/uploads\/2023\/09\/para-300x300.jpg 300w, https:\/\/www.flyspot.com\/wp-content\/uploads\/2023\/09\/para-150x150.jpg 150w\" sizes=\"(max-width: 724px) 100vw, 724px\" \/><\/figure>\n\n\n\n<figure class=\"wp-block-image size-large\"><img decoding=\"async\" width=\"724\" height=\"724\" data-id=\"25153\" src=\"https:\/\/www.flyspot.com\/wp-content\/uploads\/2023\/09\/kids.jpg\" alt=\"\" class=\"wp-image-25153\" srcset=\"https:\/\/www.flyspot.com\/wp-content\/uploads\/2023\/09\/kids.jpg 724w, https:\/\/www.flyspot.com\/wp-content\/uploads\/2023\/09\/kids-300x300.jpg 300w, https:\/\/www.flyspot.com\/wp-content\/uploads\/2023\/09\/kids-150x150.jpg 150w\" sizes=\"(max-width: 724px) 100vw, 724px\" \/><\/figure>\n\n\n\n<figure class=\"wp-block-image size-large\"><img decoding=\"async\" width=\"724\" height=\"724\" data-id=\"25148\" src=\"https:\/\/www.flyspot.com\/wp-content\/uploads\/2023\/09\/kazdy.jpg\" alt=\"\" class=\"wp-image-25148\" srcset=\"https:\/\/www.flyspot.com\/wp-content\/uploads\/2023\/09\/kazdy.jpg 724w, https:\/\/www.flyspot.com\/wp-content\/uploads\/2023\/09\/kazdy-300x300.jpg 300w, https:\/\/www.flyspot.com\/wp-content\/uploads\/2023\/09\/kazdy-150x150.jpg 150w\" sizes=\"(max-width: 724px) 100vw, 724px\" \/><\/figure>\n\n\n\n<figure class=\"wp-block-image size-large\"><img decoding=\"async\" width=\"724\" height=\"724\" data-id=\"25143\" src=\"https:\/\/www.flyspot.com\/wp-content\/uploads\/2023\/09\/grupa.jpg\" alt=\"\" class=\"wp-image-25143\" srcset=\"https:\/\/www.flyspot.com\/wp-content\/uploads\/2023\/09\/grupa.jpg 724w, https:\/\/www.flyspot.com\/wp-content\/uploads\/2023\/09\/grupa-300x300.jpg 300w, https:\/\/www.flyspot.com\/wp-content\/uploads\/2023\/09\/grupa-150x150.jpg 150w\" sizes=\"(max-width: 724px) 100vw, 724px\" \/><\/figure>\n\n\n\n<figure class=\"wp-block-image size-large\"><img decoding=\"async\" width=\"724\" height=\"724\" data-id=\"25138\" src=\"https:\/\/www.flyspot.com\/wp-content\/uploads\/2023\/09\/dziadek.jpg\" alt=\"\" class=\"wp-image-25138\" srcset=\"https:\/\/www.flyspot.com\/wp-content\/uploads\/2023\/09\/dziadek.jpg 724w, https:\/\/www.flyspot.com\/wp-content\/uploads\/2023\/09\/dziadek-300x300.jpg 300w, https:\/\/www.flyspot.com\/wp-content\/uploads\/2023\/09\/dziadek-150x150.jpg 150w\" sizes=\"(max-width: 724px) 100vw, 724px\" \/><\/figure>\n<\/figure>\n<\/div>\n\n\n\n<div class=\"wp-block-column is-layout-flow wp-block-column-is-layout-flow\" style=\"flex-basis:25%\"><\/div>\n<\/div>\n<div id=\"features-block_51e66400db0b02c0d6fc324c2c3cce6a\" class=\"features-block\">\r\n  <div class=\"row container\">\r\n    <div>\r\n      <strong>Do you want to fly?<\/strong>      <h2 class=\"title\">poznaj Flyspot<\/h2>\r\n      <div>\r\n                    <div>\r\n              <div class=\"icon-wrap\">\r\n                <img decoding=\"async\" src=\"https:\/\/www.flyspot.com\/wp-content\/uploads\/2020\/08\/24.png\" alt=\"\" src=\"\">\r\n              <\/div>\r\n              <strong>24\/7 access<\/strong>\r\n              <p>Our tunnels are open daily, on all days of the week. If necessary, even around the clock.  <\/p>\r\n            <\/div>\r\n                      <div>\r\n              <div class=\"icon-wrap\">\r\n                <img decoding=\"async\" src=\"https:\/\/www.flyspot.com\/wp-content\/uploads\/2020\/08\/multiple-11.png\" alt=\"\" src=\"\">\r\n              <\/div>\r\n              <strong>For beginners<\/strong>\r\n              <p>Have you never flown? That&#8217;s great! We will teach you everything from scratch.  <\/p>\r\n            <\/div>\r\n                      <div>\r\n              <div class=\"icon-wrap\">\r\n                <img decoding=\"async\" src=\"https:\/\/www.flyspot.com\/wp-content\/uploads\/2020\/08\/flip-up.png\" alt=\"\" src=\"\">\r\n              <\/div>\r\n              <strong>For professionals<\/strong>\r\n              <p>Are you a skydiver or have indoor skydiving experience? We have a specially tailored offer for you.<\/p>\r\n            <\/div>\r\n                      <div>\r\n              <div class=\"icon-wrap\">\r\n                <img decoding=\"async\" src=\"https:\/\/www.flyspot.com\/wp-content\/uploads\/2020\/08\/cake-100.png\" alt=\"\" src=\"\">\r\n              <\/div>\r\n              <strong>No age restrictions<\/strong>\r\n              <p>You can come to fly both with children (as young as 3 years old), but also with grandparents. Flying is a sport accessible to everyone.<\/p>\r\n            <\/div>\r\n                      <div>\r\n              <div class=\"icon-wrap\">\r\n                <img decoding=\"async\" src=\"https:\/\/www.flyspot.com\/wp-content\/uploads\/2020\/08\/parking.png\" alt=\"\" src=\"\">\r\n              <\/div>\r\n              <strong>free parking<\/strong>\r\n              <p>For your comfort, we have convenient and free parking right next to our facilities.<\/p>\r\n            <\/div>\r\n                      <div>\r\n              <div class=\"icon-wrap\">\r\n                <img decoding=\"async\" src=\"https:\/\/www.flyspot.com\/wp-content\/uploads\/2020\/08\/puzzle.png\" alt=\"\" src=\"\">\r\n              <\/div>\r\n              <strong>events<\/strong>\r\n              <p>We will immodestly say that Flyspot tunnels are some of the best places for a corporate or family event in the world:)  <\/p>\r\n            <\/div>\r\n                <\/div>\r\n          <\/div>\r\n  <\/div>\r\n<\/div><!-- block -->\r\n<div id=\"product-details-block_6c8f86a25ca113abafe9cb099dfe9d16\" class=\"product-details-block\">\r\n  <div class=\"row container\">\r\n    <div>\r\n      <h2 class=\"title\">Tunel aerodynamiczny Flyspot<\/h2>      <p class=\"desc\"><p>What does the flight look like? To begin with, you receive <strong>a short training session<\/strong> with our instructor. You will learn how to navigate the <a href=\"https:\/\/sklep.flyspot.com\/Sklep\"><u>wind tunnel<\/u><\/a> and you will learn the basic communication signs. Later, you will receive specialized equipment &#8211; <strong>a tailored suit, goggles, a helmet and earplugs<\/strong>. This will ensure that your flight is not only <strong>100% safe, but also as comfortable as possible<\/strong>. The next step is to enter the tunnel and&#8230; the <strong>fun begins<\/strong>!  \nWe can accelerate the air up to 330 km\/h, adjusting the speed to your abilities and skills, of course. You, meanwhile, will fly freely, feel light as a feather, and maybe even perform acrobatics? At the end you will receive <strong>a free edited video of the flight from<\/strong> us. Isn&#8217;t it the perfect keepsake for many years to come?<\/p>\n<h2>Extreme entertainment? Gdansk has a new attraction!<\/h2>\n<p>Get ready now for the best experience of your life. Anyone can fly with us &#8211; regardless of age, physical condition, previous experience (or lack thereof). Want to bring your little one to us or make a super gift for grandpa or grandma? Go ahead! In the Flyspot Gdansk tunnel  <strong>Children as young as 3 can fly. year old<\/strong>, as well as seniors or people who do not practice sports on a daily basis. This is an original and undoubtedly exciting attraction on the entertainment map of Gdansk. So the wind tunnel will be <strong>a great opportunity to try something new<\/strong>! And who knows, maybe the first flight will turn into another pastime or a passion \ud83d\ude09 \ud83d\ude09<\/p>\n<h2>Fly freely right at the airport!<\/h2>\n<p>The newest wind tunnel in Gdansk is located  <strong>Right next to the Tchaikovsky airport. Lech Walesa<\/strong>. It&#8217;s easy to get to us both by car and public transportation &#8211; or maybe even fly in from another country?\n<p>Our offerings include. <a href=\"https:\/\/sklep.flyspot.com\/produkty\/vouchery\"><u>gift vouchers<\/u><\/a> for 2 flights, designed for both children and adults. They can be redeemed within <strong>12 months from the date of purchase<\/strong>. You will purchase as well as receive the voucher <strong>conveniently online<\/strong> &#8211; we will send you the voucher via email within minutes. An interesting option is also <a href=\"https:\/\/sklep.flyspot.com\/zestawy-prezentowe\"><u>gift sets<\/u><\/a> and gadgets &#8211; bidons, soft mascots, T-shirts or professional suits just in time for indoor skydiving fans. And if you want to try what it&#8217;s like to fly in the wind tunnel yourself, <strong>book a date on our calendar<\/strong> &#8211; you&#8217;re welcome!<\/p>\n<p>But it doesn&#8217;t stop there. For families, groups of friends or companies, we have attractions ready! Special packages for children, birthdays in the tunnel, and even corporate events &#8211; aerotunnel Flyspot in Gdansk is a guarantee of great fun for everyone!<\/p>\n<br><\/br><\/p>      <ul>            <li>\r\n              <p>Konstrukcja tunelu<\/p>\r\n              <strong>Reinforced concrete<\/strong>\r\n            <\/li>\r\n                      <li>\r\n              <p>Technologia<\/p>\r\n              <strong>Indoor Skydiving Germany<\/strong>\r\n            <\/li>\r\n                      <li>\r\n              <p>\u015arednica komory lot\u00f3w<\/p>\r\n              <strong>4.2 meters<\/strong>\r\n            <\/li>\r\n                      <li>\r\n              <p>Wysoko\u015b\u0107 komory lot\u00f3w<\/p>\r\n              <strong>12 meters<\/strong>\r\n            <\/li>\r\n                      <li>\r\n              <p>Maksymalna pr\u0119dko\u015b\u0107 wiatru<\/p>\r\n              <strong>330 km\/h<\/strong>\r\n            <\/li>\r\n          <\/ul>          <\/div>\r\n  <\/div>\r\n<\/div><!-- block -->\r\n\n&lt;!&#8211;<div class=\"elfsight-app-6ab602f1-71c2-4f4c-a546-1e42b58bba4d\"><\/div>&#8211;&gt;\n<div id=\"step-guide-icons-block_3fd8a1f1c5b2dd7b85f3b9f2765b7d0d\" class=\"step-guide-icons-block\">\r\n  <div class=\"row container\">\r\n    <div>\r\n      <div class=\"title\">Services available at the facility<\/div>      <ul>            <li data-count=\"01\">\r\n              <div class=\"icon-wrap\"><img decoding=\"async\" lazy src=\"data:image\/gif;base64,R0lGODlhAQABAAD\/ACwAAAAAAQABAAACADs%3D\" data-src=\"https:\/\/www.flyspot.com\/wp-content\/uploads\/2020\/08\/helm.png\" alt=\"\"><\/div>\r\n              <p>Flying in the wind tunnel<\/p>\r\n              <a href=\"https:\/\/www.flyspot.com\/pl\/nasze-atrakcje\/tunel-flyspot\/\" target=\"_self\">Learn more!<\/a>            <\/li>\r\n                      <li data-count=\"02\">\r\n              <div class=\"icon-wrap\"><img decoding=\"async\" lazy src=\"data:image\/gif;base64,R0lGODlhAQABAAD\/ACwAAAAAAQABAAACADs%3D\" data-src=\"\" alt=\"\"><\/div>\r\n              <p>Flyspot Shop<\/p>\r\n              <a href=\"https:\/\/sklep.flyspot.com\" target=\"_self\">Visit the online store<\/a>            <\/li>\r\n          <\/ul>    <\/div>\r\n  <\/div>\r\n<\/div><!-- block -->\r\n<div id=\"additional-info-block_8c9b295063e91eff66c8c67f3c1b62e4\" class=\"additional-info-block\">\r\n  <div class=\"row container\">\r\n    <h2 class=\"title\"><\/h2>\r\n    <p><\/p>\r\n    <div>\r\n                <\/div>\r\n\r\n    <div class=\"gallery-popup\" data-state=\"not-loaded\" data-view=\"list\">\r\n          <\/div>\r\n\r\n  <\/div>\r\n<\/div><!-- block -->\r\n","protected":false},"excerpt":{"rendered":"","protected":false},"author":1,"featured_media":36763,"parent":30535,"menu_order":13,"comment_status":"closed","ping_status":"closed","template":"template-landing4.php","meta":{"_acf_changed":false,"footnotes":""},"class_list":["post-25645","page","type-page","status-publish","has-post-thumbnail","hentry"],"acf":[],"yoast_head":"<!-- This site is optimized with the Yoast SEO plugin v27.3 - https:\/\/yoast.com\/product\/yoast-seo-wordpress\/ -->\n<title>Flyspot in Gdansk - Flyspot - Make it Happen<\/title>\n<meta name=\"robots\" content=\"index, follow, max-snippet:-1, max-image-preview:large, max-video-preview:-1\" \/>\n<link rel=\"canonical\" href=\"https:\/\/www.flyspot.com\/en\/locations\/flyspot-wind-tunnel-in-gdansk-poland\/\" \/>\n<meta property=\"og:locale\" content=\"en_US\" \/>\n<meta property=\"og:type\" content=\"article\" \/>\n<meta property=\"og:title\" content=\"Flyspot in Gdansk - Flyspot - Make it Happen\" \/>\n<meta property=\"og:url\" content=\"https:\/\/www.flyspot.com\/en\/locations\/flyspot-wind-tunnel-in-gdansk-poland\/\" \/>\n<meta property=\"og:site_name\" content=\"Flyspot - Make it Happen\" \/>\n<meta property=\"article:modified_time\" content=\"2024-09-27T14:30:07+00:00\" \/>\n<meta property=\"og:image\" content=\"https:\/\/www.flyspot.com\/wp-content\/uploads\/2024\/06\/FLYSPOT_GDANSK-1920x1080-1.jpg\" \/>\n\t<meta property=\"og:image:width\" content=\"1920\" \/>\n\t<meta property=\"og:image:height\" content=\"1080\" \/>\n\t<meta property=\"og:image:type\" content=\"image\/jpeg\" \/>\n<meta name=\"twitter:card\" content=\"summary_large_image\" \/>\n<script type=\"application\/ld+json\" class=\"yoast-schema-graph\">{\"@context\":\"https:\\\/\\\/schema.org\",\"@graph\":[{\"@type\":\"WebPage\",\"@id\":\"https:\\\/\\\/www.flyspot.com\\\/en\\\/locations\\\/flyspot-wind-tunnel-in-gdansk-poland\\\/\",\"url\":\"https:\\\/\\\/www.flyspot.com\\\/en\\\/locations\\\/flyspot-wind-tunnel-in-gdansk-poland\\\/\",\"name\":\"Flyspot in Gdansk - Flyspot - Make it Happen\",\"isPartOf\":{\"@id\":\"https:\\\/\\\/www.flyspot.com\\\/pl\\\/#website\"},\"primaryImageOfPage\":{\"@id\":\"https:\\\/\\\/www.flyspot.com\\\/en\\\/locations\\\/flyspot-wind-tunnel-in-gdansk-poland\\\/#primaryimage\"},\"image\":{\"@id\":\"https:\\\/\\\/www.flyspot.com\\\/en\\\/locations\\\/flyspot-wind-tunnel-in-gdansk-poland\\\/#primaryimage\"},\"thumbnailUrl\":\"https:\\\/\\\/www.flyspot.com\\\/wp-content\\\/uploads\\\/2024\\\/06\\\/FLYSPOT_GDANSK-1920x1080-1.jpg\",\"datePublished\":\"2023-09-08T11:22:38+00:00\",\"dateModified\":\"2024-09-27T14:30:07+00:00\",\"breadcrumb\":{\"@id\":\"https:\\\/\\\/www.flyspot.com\\\/en\\\/locations\\\/flyspot-wind-tunnel-in-gdansk-poland\\\/#breadcrumb\"},\"inLanguage\":\"en-US\",\"potentialAction\":[{\"@type\":\"ReadAction\",\"target\":[\"https:\\\/\\\/www.flyspot.com\\\/en\\\/locations\\\/flyspot-wind-tunnel-in-gdansk-poland\\\/\"]}]},{\"@type\":\"ImageObject\",\"inLanguage\":\"en-US\",\"@id\":\"https:\\\/\\\/www.flyspot.com\\\/en\\\/locations\\\/flyspot-wind-tunnel-in-gdansk-poland\\\/#primaryimage\",\"url\":\"https:\\\/\\\/www.flyspot.com\\\/wp-content\\\/uploads\\\/2024\\\/06\\\/FLYSPOT_GDANSK-1920x1080-1.jpg\",\"contentUrl\":\"https:\\\/\\\/www.flyspot.com\\\/wp-content\\\/uploads\\\/2024\\\/06\\\/FLYSPOT_GDANSK-1920x1080-1.jpg\",\"width\":1920,\"height\":1080},{\"@type\":\"BreadcrumbList\",\"@id\":\"https:\\\/\\\/www.flyspot.com\\\/en\\\/locations\\\/flyspot-wind-tunnel-in-gdansk-poland\\\/#breadcrumb\",\"itemListElement\":[{\"@type\":\"ListItem\",\"position\":1,\"name\":\"Strona g\u0142\u00f3wna\",\"item\":\"https:\\\/\\\/www.flyspot.com\\\/en\\\/\"},{\"@type\":\"ListItem\",\"position\":2,\"name\":\"Locations\",\"item\":\"https:\\\/\\\/www.flyspot.com\\\/en\\\/locations\\\/\"},{\"@type\":\"ListItem\",\"position\":3,\"name\":\"Flyspot in Gdansk\"}]},{\"@type\":\"WebSite\",\"@id\":\"https:\\\/\\\/www.flyspot.com\\\/pl\\\/#website\",\"url\":\"https:\\\/\\\/www.flyspot.com\\\/pl\\\/\",\"name\":\"Flyspot - Make it Happen\",\"description\":\"Place where you can fullfill your dreams of flying\",\"potentialAction\":[{\"@type\":\"SearchAction\",\"target\":{\"@type\":\"EntryPoint\",\"urlTemplate\":\"https:\\\/\\\/www.flyspot.com\\\/pl\\\/?s={search_term_string}\"},\"query-input\":{\"@type\":\"PropertyValueSpecification\",\"valueRequired\":true,\"valueName\":\"search_term_string\"}}],\"inLanguage\":\"en-US\"}]}<\/script>\n<!-- \/ Yoast SEO plugin. -->","yoast_head_json":{"title":"Flyspot in Gdansk - Flyspot - Make it Happen","robots":{"index":"index","follow":"follow","max-snippet":"max-snippet:-1","max-image-preview":"max-image-preview:large","max-video-preview":"max-video-preview:-1"},"canonical":"https:\/\/www.flyspot.com\/en\/locations\/flyspot-wind-tunnel-in-gdansk-poland\/","og_locale":"en_US","og_type":"article","og_title":"Flyspot in Gdansk - Flyspot - Make it Happen","og_url":"https:\/\/www.flyspot.com\/en\/locations\/flyspot-wind-tunnel-in-gdansk-poland\/","og_site_name":"Flyspot - Make it Happen","article_modified_time":"2024-09-27T14:30:07+00:00","og_image":[{"width":1920,"height":1080,"url":"https:\/\/www.flyspot.com\/wp-content\/uploads\/2024\/06\/FLYSPOT_GDANSK-1920x1080-1.jpg","type":"image\/jpeg"}],"twitter_card":"summary_large_image","schema":{"@context":"https:\/\/schema.org","@graph":[{"@type":"WebPage","@id":"https:\/\/www.flyspot.com\/en\/locations\/flyspot-wind-tunnel-in-gdansk-poland\/","url":"https:\/\/www.flyspot.com\/en\/locations\/flyspot-wind-tunnel-in-gdansk-poland\/","name":"Flyspot in Gdansk - Flyspot - Make it Happen","isPartOf":{"@id":"https:\/\/www.flyspot.com\/pl\/#website"},"primaryImageOfPage":{"@id":"https:\/\/www.flyspot.com\/en\/locations\/flyspot-wind-tunnel-in-gdansk-poland\/#primaryimage"},"image":{"@id":"https:\/\/www.flyspot.com\/en\/locations\/flyspot-wind-tunnel-in-gdansk-poland\/#primaryimage"},"thumbnailUrl":"https:\/\/www.flyspot.com\/wp-content\/uploads\/2024\/06\/FLYSPOT_GDANSK-1920x1080-1.jpg","datePublished":"2023-09-08T11:22:38+00:00","dateModified":"2024-09-27T14:30:07+00:00","breadcrumb":{"@id":"https:\/\/www.flyspot.com\/en\/locations\/flyspot-wind-tunnel-in-gdansk-poland\/#breadcrumb"},"inLanguage":"en-US","potentialAction":[{"@type":"ReadAction","target":["https:\/\/www.flyspot.com\/en\/locations\/flyspot-wind-tunnel-in-gdansk-poland\/"]}]},{"@type":"ImageObject","inLanguage":"en-US","@id":"https:\/\/www.flyspot.com\/en\/locations\/flyspot-wind-tunnel-in-gdansk-poland\/#primaryimage","url":"https:\/\/www.flyspot.com\/wp-content\/uploads\/2024\/06\/FLYSPOT_GDANSK-1920x1080-1.jpg","contentUrl":"https:\/\/www.flyspot.com\/wp-content\/uploads\/2024\/06\/FLYSPOT_GDANSK-1920x1080-1.jpg","width":1920,"height":1080},{"@type":"BreadcrumbList","@id":"https:\/\/www.flyspot.com\/en\/locations\/flyspot-wind-tunnel-in-gdansk-poland\/#breadcrumb","itemListElement":[{"@type":"ListItem","position":1,"name":"Strona g\u0142\u00f3wna","item":"https:\/\/www.flyspot.com\/en\/"},{"@type":"ListItem","position":2,"name":"Locations","item":"https:\/\/www.flyspot.com\/en\/locations\/"},{"@type":"ListItem","position":3,"name":"Flyspot in Gdansk"}]},{"@type":"WebSite","@id":"https:\/\/www.flyspot.com\/pl\/#website","url":"https:\/\/www.flyspot.com\/pl\/","name":"Flyspot - Make it Happen","description":"Place where you can fullfill your dreams of flying","potentialAction":[{"@type":"SearchAction","target":{"@type":"EntryPoint","urlTemplate":"https:\/\/www.flyspot.com\/pl\/?s={search_term_string}"},"query-input":{"@type":"PropertyValueSpecification","valueRequired":true,"valueName":"search_term_string"}}],"inLanguage":"en-US"}]}},"_links":{"self":[{"href":"https:\/\/www.flyspot.com\/en\/wp-json\/wp\/v2\/pages\/25645","targetHints":{"allow":["GET"]}}],"collection":[{"href":"https:\/\/www.flyspot.com\/en\/wp-json\/wp\/v2\/pages"}],"about":[{"href":"https:\/\/www.flyspot.com\/en\/wp-json\/wp\/v2\/types\/page"}],"author":[{"embeddable":true,"href":"https:\/\/www.flyspot.com\/en\/wp-json\/wp\/v2\/users\/1"}],"replies":[{"embeddable":true,"href":"https:\/\/www.flyspot.com\/en\/wp-json\/wp\/v2\/comments?post=25645"}],"version-history":[{"count":49,"href":"https:\/\/www.flyspot.com\/en\/wp-json\/wp\/v2\/pages\/25645\/revisions"}],"predecessor-version":[{"id":39291,"href":"https:\/\/www.flyspot.com\/en\/wp-json\/wp\/v2\/pages\/25645\/revisions\/39291"}],"up":[{"embeddable":true,"href":"https:\/\/www.flyspot.com\/en\/wp-json\/wp\/v2\/pages\/30535"}],"wp:featuredmedia":[{"embeddable":true,"href":"https:\/\/www.flyspot.com\/en\/wp-json\/wp\/v2\/media\/36763"}],"wp:attachment":[{"href":"https:\/\/www.flyspot.com\/en\/wp-json\/wp\/v2\/media?parent=25645"}],"curies":[{"name":"wp","href":"https:\/\/api.w.org\/{rel}","templated":true}]}}