{"id":1791,"date":"2020-09-14T14:59:37","date_gmt":"2020-09-14T12:59:37","guid":{"rendered":"https:\/\/www.flyspot.com\/for-whom\/oferta-dla-poczatkujacych\/pakiet-dwoch-lotow-dla-jednej-osoby-doroslej\/"},"modified":"2024-09-27T16:30:45","modified_gmt":"2024-09-27T14:30:45","slug":"package-of-2-flights-for-adult","status":"publish","type":"page","link":"https:\/\/www.flyspot.com\/en\/robocze\/beginners-training\/package-of-2-flights-for-adult\/","title":{"rendered":"2 flights for 1 adult"},"content":{"rendered":"<div id=\"hero-block_59d7d83af23299bdda2dd55687da32a7\" class=\"hero-block\">\r\n  <div class=\"row outer-container\">\r\n    <div>\r\n      <img decoding=\"async\" lazy src=\"data:image\/gif;base64,R0lGODlhAQABAAD\/ACwAAAAAAQABAAACADs%3D\" data-src=\"https:\/\/www.flyspot.com\/wp-content\/uploads\/2020\/09\/Adult_FTsuits_MARKETING_Kato_Paz\u0301_2019-16-of-95.jpg\" alt=\"\">\r\n          <\/div>\r\n    <div>\r\n      <h2>Package of 2 flights for one person<\/h2><p>The 2-flight package is the best way to start your wind tunnel adventure &#8211; overcoming gravity and flying freely, unhindered. Experience the euphoria of floating in the air!  <\/p>    <\/div>\r\n  <\/div>\r\n<\/div><!-- block -->\r\n<div id=\"product-details-block_58a8ebbd35559414ea8ad3b1a61629d1\" class=\"product-details-block\">\r\n  <div class=\"row container\">\r\n    <div>\r\n      <h2 class=\"title\">Product details<\/h2>      <p class=\"desc\">This package is designed for one person and includes: introductory training, rental of equipment necessary to use our services, as well as instructor supervision during the entire stay at Flyspot and 2 flights in the wind tunnel. 1 flight is the equivalent of a traditional tandem parachute jump from an altitude of 4,000 meters. You will also receive a commemorative video and a certificate.<\/p>      <ul>            <li>\r\n              <p>Cena w pln:<\/p>\r\n              <strong>from 319 pln<\/strong>\r\n            <\/li>\r\n                      <li>\r\n              <p>Zabierz ze sob\u0105:<\/p>\r\n              <strong>comfortable outfit, tied shoes<\/strong>\r\n            <\/li>\r\n                      <li>\r\n              <p>Sprz\u0119t Flyspot w cenie:<\/p>\r\n              <strong>suit, goggles, earplugs, helmet<\/strong>\r\n            <\/li>\r\n                      <li>\r\n              <p>Czas wizyty we Flyspot:<\/p>\r\n              <strong>90 min<\/strong>\r\n            <\/li>\r\n                      <li>\r\n              <p>Po zako\u0144czeniu zaj\u0119\u0107 dostaniesz:<\/p>\r\n              <strong>A commemorative certificate and video of your flight<\/strong>\r\n            <\/li>\r\n          <\/ul>      <div class=\"button-list-wrap\"><div class=\"button-list button-type-basic\"><div><a class=\"css-default\" href=\"https:\/\/sklep.flyspot.com\/produkty\/vouchery\/2-loty-dla-1-osoby\" target=\"_self\"><img decoding=\"async\" lazy src=\"data:image\/gif;base64,R0lGODlhAQABAAD\/ACwAAAAAAQABAAACADs%3D\" data-src=\"https:\/\/www.flyspot.com\/wp-content\/uploads\/2020\/08\/Group_4.png\" alt=\"\"><strong>Zamawiam Voucher<\/strong><\/a><\/div><div><a class=\"css-default\" href=\"https:\/\/cs.flyspot.com\/offer?steps=flyspot_firsttime\" target=\"_self\"><img decoding=\"async\" lazy src=\"data:image\/gif;base64,R0lGODlhAQABAAD\/ACwAAAAAAQABAAACADs%3D\" data-src=\"https:\/\/www.flyspot.com\/wp-content\/uploads\/2020\/09\/opening-times.png\" alt=\"\"><strong>Rezerwuj\u0119<\/strong><\/a><\/div><\/div><\/div>    <\/div>\r\n  <\/div>\r\n<\/div><!-- block -->\r\n<div id=\"step-guide-icons-block_6bda3b4fea4f2421786769f9356bdabc\" class=\"step-guide-icons-block\">\r\n  <div class=\"row container\">\r\n    <div>\r\n      <div class=\"title\">Daily schedule<\/div>      <ul>            <li data-count=\"01\">\r\n              <div class=\"icon-wrap\"><img decoding=\"async\" lazy src=\"data:image\/gif;base64,R0lGODlhAQABAAD\/ACwAAAAAAQABAAACADs%3D\" data-src=\"https:\/\/www.flyspot.com\/wp-content\/uploads\/2020\/08\/time-3.png\" alt=\"\"><\/div>\r\n              <p>Arrive 30 min before the booking time.<\/p>\r\n                          <\/li>\r\n                      <li data-count=\"02\">\r\n              <div class=\"icon-wrap\"><img decoding=\"async\" lazy src=\"data:image\/gif;base64,R0lGODlhAQABAAD\/ACwAAAAAAQABAAACADs%3D\" data-src=\"https:\/\/www.flyspot.com\/wp-content\/uploads\/2020\/08\/puzzle.png\" alt=\"\"><\/div>\r\n              <p>Register at the front desk and complete the formalities<\/p>\r\n                          <\/li>\r\n                      <li data-count=\"03\">\r\n              <div class=\"icon-wrap\"><img decoding=\"async\" lazy src=\"data:image\/gif;base64,R0lGODlhAQABAAD\/ACwAAAAAAQABAAACADs%3D\" data-src=\"https:\/\/www.flyspot.com\/wp-content\/uploads\/2020\/08\/multiple-11.png\" alt=\"\"><\/div>\r\n              <p>Take part in a training course conducted by our instructor.<\/p>\r\n                          <\/li>\r\n                      <li data-count=\"04\">\r\n              <div class=\"icon-wrap\"><img decoding=\"async\" lazy src=\"data:image\/gif;base64,R0lGODlhAQABAAD\/ACwAAAAAAQABAAACADs%3D\" data-src=\"https:\/\/www.flyspot.com\/wp-content\/uploads\/2020\/08\/flip-up.png\" alt=\"\"><\/div>\r\n              <p>With the help of an instructor, select equipment.<br \/>\n<\/p>\r\n                          <\/li>\r\n                      <li data-count=\"05\">\r\n              <div class=\"icon-wrap\"><img decoding=\"async\" lazy src=\"data:image\/gif;base64,R0lGODlhAQABAAD\/ACwAAAAAAQABAAACADs%3D\" data-src=\"https:\/\/www.flyspot.com\/wp-content\/uploads\/2020\/08\/send.png\" alt=\"\"><\/div>\r\n              <p>Time to fly! The entire session in the tunnel will take about 30 minutes. You will take turns flying in the tunnel with other members of your group.<br \/>\n<br \/>\n<\/p>\r\n                          <\/li>\r\n                      <li data-count=\"06\">\r\n              <div class=\"icon-wrap\"><img decoding=\"async\" lazy src=\"data:image\/gif;base64,R0lGODlhAQABAAD\/ACwAAAAAAQABAAACADs%3D\" data-src=\"https:\/\/www.flyspot.com\/wp-content\/uploads\/2020\/08\/cake-100.png\" alt=\"\"><\/div>\r\n              <p>Relax after your flights at our restaurant! Pick up a certificate at the front desk and use the video kiosk to send yourself a video of your flight!<\/p>\r\n                          <\/li>\r\n          <\/ul>    <\/div>\r\n  <\/div>\r\n<\/div><!-- block -->\r\n\n<div class=\"wp-block-buttons is-content-justification-center is-layout-flex wp-container-core-buttons-is-layout-16018d1d wp-block-buttons-is-layout-flex\"><\/div>\n","protected":false},"excerpt":{"rendered":"","protected":false},"author":1,"featured_media":3684,"parent":9700,"menu_order":1,"comment_status":"closed","ping_status":"closed","template":"","meta":{"_acf_changed":false,"footnotes":""},"class_list":["post-1791","page","type-page","status-publish","has-post-thumbnail","hentry"],"acf":[],"yoast_head":"<!-- This site is optimized with the Yoast SEO plugin v27.3 - https:\/\/yoast.com\/product\/yoast-seo-wordpress\/ -->\n<title>2 flights for 1 adult - Flyspot - Make it Happen<\/title>\n<meta name=\"robots\" content=\"index, follow, max-snippet:-1, max-image-preview:large, max-video-preview:-1\" \/>\n<link rel=\"canonical\" href=\"https:\/\/www.flyspot.com\/en\/robocze\/beginners-training\/package-of-2-flights-for-adult\/\" \/>\n<meta property=\"og:locale\" content=\"en_US\" \/>\n<meta property=\"og:type\" content=\"article\" \/>\n<meta property=\"og:title\" content=\"2 flights for 1 adult - Flyspot - Make it Happen\" \/>\n<meta property=\"og:url\" content=\"https:\/\/www.flyspot.com\/en\/robocze\/beginners-training\/package-of-2-flights-for-adult\/\" \/>\n<meta property=\"og:site_name\" content=\"Flyspot - Make it Happen\" \/>\n<meta property=\"article:modified_time\" content=\"2024-09-27T14:30:45+00:00\" \/>\n<meta property=\"og:image\" content=\"https:\/\/www.flyspot.com\/wp-content\/uploads\/2020\/09\/Adult_FTsuits_MARKETING_Kato_Paz\u0301_2019-16-of-95-1.jpg\" \/>\n\t<meta property=\"og:image:width\" content=\"1070\" \/>\n\t<meta property=\"og:image:height\" content=\"600\" \/>\n\t<meta property=\"og:image:type\" content=\"image\/jpeg\" \/>\n<meta name=\"twitter:card\" content=\"summary_large_image\" \/>\n<script type=\"application\/ld+json\" class=\"yoast-schema-graph\">{\"@context\":\"https:\\\/\\\/schema.org\",\"@graph\":[{\"@type\":\"WebPage\",\"@id\":\"https:\\\/\\\/www.flyspot.com\\\/en\\\/robocze\\\/beginners-training\\\/package-of-2-flights-for-adult\\\/\",\"url\":\"https:\\\/\\\/www.flyspot.com\\\/en\\\/robocze\\\/beginners-training\\\/package-of-2-flights-for-adult\\\/\",\"name\":\"2 flights for 1 adult - Flyspot - Make it Happen\",\"isPartOf\":{\"@id\":\"https:\\\/\\\/www.flyspot.com\\\/pl\\\/#website\"},\"primaryImageOfPage\":{\"@id\":\"https:\\\/\\\/www.flyspot.com\\\/en\\\/robocze\\\/beginners-training\\\/package-of-2-flights-for-adult\\\/#primaryimage\"},\"image\":{\"@id\":\"https:\\\/\\\/www.flyspot.com\\\/en\\\/robocze\\\/beginners-training\\\/package-of-2-flights-for-adult\\\/#primaryimage\"},\"thumbnailUrl\":\"https:\\\/\\\/www.flyspot.com\\\/wp-content\\\/uploads\\\/2020\\\/09\\\/Adult_FTsuits_MARKETING_Kato_Paz\u0301_2019-16-of-95-1.jpg\",\"datePublished\":\"2020-09-14T12:59:37+00:00\",\"dateModified\":\"2024-09-27T14:30:45+00:00\",\"breadcrumb\":{\"@id\":\"https:\\\/\\\/www.flyspot.com\\\/en\\\/robocze\\\/beginners-training\\\/package-of-2-flights-for-adult\\\/#breadcrumb\"},\"inLanguage\":\"en-US\",\"potentialAction\":[{\"@type\":\"ReadAction\",\"target\":[\"https:\\\/\\\/www.flyspot.com\\\/en\\\/robocze\\\/beginners-training\\\/package-of-2-flights-for-adult\\\/\"]}]},{\"@type\":\"ImageObject\",\"inLanguage\":\"en-US\",\"@id\":\"https:\\\/\\\/www.flyspot.com\\\/en\\\/robocze\\\/beginners-training\\\/package-of-2-flights-for-adult\\\/#primaryimage\",\"url\":\"https:\\\/\\\/www.flyspot.com\\\/wp-content\\\/uploads\\\/2020\\\/09\\\/Adult_FTsuits_MARKETING_Kato_Paz\u0301_2019-16-of-95-1.jpg\",\"contentUrl\":\"https:\\\/\\\/www.flyspot.com\\\/wp-content\\\/uploads\\\/2020\\\/09\\\/Adult_FTsuits_MARKETING_Kato_Paz\u0301_2019-16-of-95-1.jpg\",\"width\":1070,\"height\":600},{\"@type\":\"BreadcrumbList\",\"@id\":\"https:\\\/\\\/www.flyspot.com\\\/en\\\/robocze\\\/beginners-training\\\/package-of-2-flights-for-adult\\\/#breadcrumb\",\"itemListElement\":[{\"@type\":\"ListItem\",\"position\":1,\"name\":\"Strona g\u0142\u00f3wna\",\"item\":\"https:\\\/\\\/www.flyspot.com\\\/en\\\/\"},{\"@type\":\"ListItem\",\"position\":2,\"name\":\"working\",\"item\":\"https:\\\/\\\/www.flyspot.com\\\/en\\\/robocze\\\/\"},{\"@type\":\"ListItem\",\"position\":3,\"name\":\"Indoor skydiving training\",\"item\":\"https:\\\/\\\/www.flyspot.com\\\/en\\\/robocze\\\/beginners-training\\\/\"},{\"@type\":\"ListItem\",\"position\":4,\"name\":\"2 flights for 1 adult\"}]},{\"@type\":\"WebSite\",\"@id\":\"https:\\\/\\\/www.flyspot.com\\\/pl\\\/#website\",\"url\":\"https:\\\/\\\/www.flyspot.com\\\/pl\\\/\",\"name\":\"Flyspot - Make it Happen\",\"description\":\"Place where you can fullfill your dreams of flying\",\"potentialAction\":[{\"@type\":\"SearchAction\",\"target\":{\"@type\":\"EntryPoint\",\"urlTemplate\":\"https:\\\/\\\/www.flyspot.com\\\/pl\\\/?s={search_term_string}\"},\"query-input\":{\"@type\":\"PropertyValueSpecification\",\"valueRequired\":true,\"valueName\":\"search_term_string\"}}],\"inLanguage\":\"en-US\"}]}<\/script>\n<!-- \/ Yoast SEO plugin. -->","yoast_head_json":{"title":"2 flights for 1 adult - Flyspot - Make it Happen","robots":{"index":"index","follow":"follow","max-snippet":"max-snippet:-1","max-image-preview":"max-image-preview:large","max-video-preview":"max-video-preview:-1"},"canonical":"https:\/\/www.flyspot.com\/en\/robocze\/beginners-training\/package-of-2-flights-for-adult\/","og_locale":"en_US","og_type":"article","og_title":"2 flights for 1 adult - Flyspot - Make it Happen","og_url":"https:\/\/www.flyspot.com\/en\/robocze\/beginners-training\/package-of-2-flights-for-adult\/","og_site_name":"Flyspot - Make it Happen","article_modified_time":"2024-09-27T14:30:45+00:00","og_image":[{"width":1070,"height":600,"url":"https:\/\/www.flyspot.com\/wp-content\/uploads\/2020\/09\/Adult_FTsuits_MARKETING_Kato_Paz\u0301_2019-16-of-95-1.jpg","type":"image\/jpeg"}],"twitter_card":"summary_large_image","schema":{"@context":"https:\/\/schema.org","@graph":[{"@type":"WebPage","@id":"https:\/\/www.flyspot.com\/en\/robocze\/beginners-training\/package-of-2-flights-for-adult\/","url":"https:\/\/www.flyspot.com\/en\/robocze\/beginners-training\/package-of-2-flights-for-adult\/","name":"2 flights for 1 adult - Flyspot - Make it Happen","isPartOf":{"@id":"https:\/\/www.flyspot.com\/pl\/#website"},"primaryImageOfPage":{"@id":"https:\/\/www.flyspot.com\/en\/robocze\/beginners-training\/package-of-2-flights-for-adult\/#primaryimage"},"image":{"@id":"https:\/\/www.flyspot.com\/en\/robocze\/beginners-training\/package-of-2-flights-for-adult\/#primaryimage"},"thumbnailUrl":"https:\/\/www.flyspot.com\/wp-content\/uploads\/2020\/09\/Adult_FTsuits_MARKETING_Kato_Paz\u0301_2019-16-of-95-1.jpg","datePublished":"2020-09-14T12:59:37+00:00","dateModified":"2024-09-27T14:30:45+00:00","breadcrumb":{"@id":"https:\/\/www.flyspot.com\/en\/robocze\/beginners-training\/package-of-2-flights-for-adult\/#breadcrumb"},"inLanguage":"en-US","potentialAction":[{"@type":"ReadAction","target":["https:\/\/www.flyspot.com\/en\/robocze\/beginners-training\/package-of-2-flights-for-adult\/"]}]},{"@type":"ImageObject","inLanguage":"en-US","@id":"https:\/\/www.flyspot.com\/en\/robocze\/beginners-training\/package-of-2-flights-for-adult\/#primaryimage","url":"https:\/\/www.flyspot.com\/wp-content\/uploads\/2020\/09\/Adult_FTsuits_MARKETING_Kato_Paz\u0301_2019-16-of-95-1.jpg","contentUrl":"https:\/\/www.flyspot.com\/wp-content\/uploads\/2020\/09\/Adult_FTsuits_MARKETING_Kato_Paz\u0301_2019-16-of-95-1.jpg","width":1070,"height":600},{"@type":"BreadcrumbList","@id":"https:\/\/www.flyspot.com\/en\/robocze\/beginners-training\/package-of-2-flights-for-adult\/#breadcrumb","itemListElement":[{"@type":"ListItem","position":1,"name":"Strona g\u0142\u00f3wna","item":"https:\/\/www.flyspot.com\/en\/"},{"@type":"ListItem","position":2,"name":"working","item":"https:\/\/www.flyspot.com\/en\/robocze\/"},{"@type":"ListItem","position":3,"name":"Indoor skydiving training","item":"https:\/\/www.flyspot.com\/en\/robocze\/beginners-training\/"},{"@type":"ListItem","position":4,"name":"2 flights for 1 adult"}]},{"@type":"WebSite","@id":"https:\/\/www.flyspot.com\/pl\/#website","url":"https:\/\/www.flyspot.com\/pl\/","name":"Flyspot - Make it Happen","description":"Place where you can fullfill your dreams of flying","potentialAction":[{"@type":"SearchAction","target":{"@type":"EntryPoint","urlTemplate":"https:\/\/www.flyspot.com\/pl\/?s={search_term_string}"},"query-input":{"@type":"PropertyValueSpecification","valueRequired":true,"valueName":"search_term_string"}}],"inLanguage":"en-US"}]}},"_links":{"self":[{"href":"https:\/\/www.flyspot.com\/en\/wp-json\/wp\/v2\/pages\/1791","targetHints":{"allow":["GET"]}}],"collection":[{"href":"https:\/\/www.flyspot.com\/en\/wp-json\/wp\/v2\/pages"}],"about":[{"href":"https:\/\/www.flyspot.com\/en\/wp-json\/wp\/v2\/types\/page"}],"author":[{"embeddable":true,"href":"https:\/\/www.flyspot.com\/en\/wp-json\/wp\/v2\/users\/1"}],"replies":[{"embeddable":true,"href":"https:\/\/www.flyspot.com\/en\/wp-json\/wp\/v2\/comments?post=1791"}],"version-history":[{"count":59,"href":"https:\/\/www.flyspot.com\/en\/wp-json\/wp\/v2\/pages\/1791\/revisions"}],"predecessor-version":[{"id":39302,"href":"https:\/\/www.flyspot.com\/en\/wp-json\/wp\/v2\/pages\/1791\/revisions\/39302"}],"up":[{"embeddable":true,"href":"https:\/\/www.flyspot.com\/en\/wp-json\/wp\/v2\/pages\/9700"}],"wp:featuredmedia":[{"embeddable":true,"href":"https:\/\/www.flyspot.com\/en\/wp-json\/wp\/v2\/media\/3684"}],"wp:attachment":[{"href":"https:\/\/www.flyspot.com\/en\/wp-json\/wp\/v2\/media?parent=1791"}],"curies":[{"name":"wp","href":"https:\/\/api.w.org\/{rel}","templated":true}]}}